{"id":4734,"date":"2021-05-26T14:33:33","date_gmt":"2021-05-26T14:33:33","guid":{"rendered":"https:\/\/e9k1paaxhk.onrocket.site\/?post_type=product&#038;p=4734"},"modified":"2023-01-05T20:24:52","modified_gmt":"2023-01-05T20:24:52","slug":"creme-antirides-bio","status":"publish","type":"product","link":"https:\/\/abilia.eu\/fr\/produit\/creme-antirides-bio\/","title":{"rendered":"Cr\u00e8me Anti-Rides BIO"},"content":{"rendered":"<div class=\"wpb-content-wrapper\"><p>[vc_row][vc_column][vc_column_text]<\/p>\n<h3><strong>Qu&rsquo;est-ce que la Cr\u00e8me Anti-Rides BIO ?<\/strong><\/h3>\n<p>La Cr\u00e8me Anti-Rides a une <strong>texture fine et soyeuse<\/strong>, formul\u00e9e sp\u00e9cialement pour \u00e9liminer les signes du vieillissement cutan\u00e9. Ses ingr\u00e9dients nourrissent et revitalisent l&rsquo;\u00e9piderme, <strong>lui<\/strong> <strong>permettant de r\u00e9cup\u00e9rer son teint de forme permanente<\/strong>. L&rsquo;aloe vera <strong>r\u00e9gule l&rsquo;hydratation de la peau<\/strong>. Sa formule naturelle a une faible teneur en eau, ce qui permet<strong> une forte concentration en actifs qui contiennent le vieillissement naturel et l&rsquo;action d&rsquo;oxydation journali\u00e8re<\/strong>.<\/p>\n<p>Elle contient de l&rsquo;acide f\u00e9rulique, un antioxydant naturel qui <strong>neutralise les radicaux libres<\/strong>, pr\u00e9vient leur apparition et favorise sa d\u00e9gradation enzymatique, tout en <strong>prot\u00e9geant le collag\u00e8ne et l&rsquo;\u00e9lastine<\/strong>. De plus, il pr\u00e9vient la formation de tache, favorise la circulation cutan\u00e9e et la <strong>r\u00e9g\u00e9n\u00e9ration de la peau.<\/strong> Son action se renforce <strong>gr\u00e2ce \u00e0 son ar\u00f4me naturel<\/strong> compos\u00e9 d&rsquo;huiles essentielles d&rsquo;ylang-ylang, de romarin et de mandarine rouge qui apportent du <strong>limon\u00e8ne et resveratrol, des antioxydants naturels<\/strong>.<\/p>\n<p>Les huiles d&rsquo;abricot, d&rsquo;avocat et de jojoba procurent \u00e0 la peau les <strong>om\u00e9gas 3,6 et 9<\/strong> et d&rsquo;autres acides gras, ainsi que des <strong>vitamines A,C et E <\/strong>et des min\u00e9raux. Ce sont des huiles \u00e0 absorption facile, qui <strong>p\u00e9n\u00e8trent facilement<\/strong> la peau, en \u00e9liminant les signes du vieillissement. Elles aident \u00e0<strong> r\u00e9cup\u00e9rer l&rsquo;\u00e9lasticit\u00e9 tout en intensifiant la luminosit\u00e9 et la vivacit\u00e9 de la peau<\/strong>. La peau recouvre son \u00e9piderme <strong>\u00e9l\u00e9gant, sain et avec moins de signes du vieillissement<\/strong>.<\/p>\n<p>Cette cr\u00e8me a un ar\u00f4me chaleureux et floral, \u00e9labor\u00e9 \u00e0 partir des huiles essentielles de mandarine, romarin et ylang-ylang d&rsquo;origine naturelle et biologique.<\/p>\n<h3 class=\"ARIAL\"><strong>Comment utiliser la Cr\u00e8me Anti-Rides BIO?<\/strong><\/h3>\n<p class=\"ARIAL\">Cette cr\u00e8me de jour peut s&rsquo;appliquer \u00e0 toute heure de la journ\u00e9e. Il est recommand\u00e9 de nettoyer le visage avec un savon exfoliant ou de l&rsquo;eau avant application. La quantit\u00e9 n\u00e9cessaire de cr\u00e8me doit \u00eatre \u00e9tendue sur toute la superficie. Il suffit d&rsquo;appliquer la cr\u00e8me avec des mouvements circulaires de l&rsquo;int\u00e9rieur vers l&rsquo;ext\u00e9rieur et laisser la peau l&rsquo;absorber en totalit\u00e9. La meilleure strat\u00e9gie pour obtenir des r\u00e9sultats tangibles est d&rsquo;appliquer la cr\u00e8me quotidiennement et en continu.<\/p>\n<h3 class=\"ARIAL\"><strong>Conseil<\/strong><\/h3>\n<p class=\"ARIAL\">Pour un soin total de la peau, il est recommand\u00e9 l&rsquo;usage de cette cr\u00e8me en compl\u00e9ment de notre <a href=\"https:\/\/abilia.eu\/tienda\/9-crema-antiedad.html\">Cr\u00e8me Anti-Age. <\/a>\u00a0Il est aussi important de renforcer la soin des rides persistantes avec notre <a href=\"https:\/\/abilia.eu\/home\/23-serum-para-ojos-y-labios.html\">S\u00e9rum pour Yeux et L\u00e8vres<\/a>. Pour un meilleur nettoyage du visage, nous recommandons l&rsquo;utilisation d&rsquo;un Nettoyant Facial, de notre <a href=\"https:\/\/abilia.eu\/tienda\/24-jabon-exfoliante.html\">Savon Exfoliant<\/a> et de l&rsquo;<a href=\"https:\/\/abilia.eu\/home\/16-agua-de-rosas.html\">Eau de Roses<\/a>.<\/p>\n<h3 class=\"subcategoria\"><span lang=\"es-trad\" xml:lang=\"es-trad\">A base d&rsquo;ingr\u00e9dients biologiques certifi\u00e9s:\u00a0<\/span><\/h3>\n<p class=\"ARIAL\"><span lang=\"es-trad\" xml:lang=\"es-trad\">Notre formule originale s&rsquo;appuie sur des ingr\u00e9dients naturels provenant de l&rsquo;agriculture biologique certifi\u00e9e.<\/span><\/p>\n<p><a href=\"https:\/\/acenecertificacion.com\/certificacion-ecologica\/\">\u00bb Plus d&rsquo;information (ACENE)<\/a><\/p>\n<p><strong>INCI<\/strong><\/p>\n<p>Aloe barbadensis Leaf Juice*, Cetearyl Alcohol, Caprylic\/capric Triglyceride, Glycerin*, Glyceryl Stearate SE, Persea Gratissima oil*, Prunus Armeniaca Kernel Oil*, Simmondsia chinensis Seed Oil*, Cetearyl Glucoside, Ferulic Acid, Citrus reticulata Peel Oil, Rosmarinus officinalis Leaf Oil*, Cananga odorata Flower Oil*, Glyceryl Caprylate, Xanthan Gum, Tocopheryl Acetate, Glyceryl Undecylenate, Tocopherol, Aqua, Phytic Acid, Benzyl Alcohol, Limonene, Linalool, Benzyl Benzoate.<\/p>\n<p><strong>*Ingredients provenant de l&rsquo;agriculture biologique.<\/strong><\/p>\n<p><strong>Sans parab\u00e8nes, ni colorants. Non test\u00e9 sur les animaux. 50 ml<\/strong><\/p>\n<p class=\"ARIAL\"><a href=\"https:\/\/abilia.eu\/ingredients\/\">Voir plus d&rsquo;ingr\u00e9dients de cosm\u00e9tique naturelle<\/a><\/p>\n<p>[\/vc_column_text][\/vc_column][\/vc_row]<\/p>\n<\/div>","protected":false},"excerpt":{"rendered":"<p>La Cr\u00e8me Anti-Rides est un cr\u00e8me de jour <strong>traitant le vieillissement cutan\u00e9<\/strong>. Formul\u00e9e avec une f<strong>orte teneur en ingr\u00e9dients antioxydants et nutritifs<\/strong> qui revitalisent la peau. R\u00e9activant le teint et corrigeant les rides, <strong>elle nourrit\u00a0 et r\u00e9pare la peau<\/strong> en profondeur. Elle est aussi <strong>efficace contre les taches<\/strong>.<\/p>\n<p>Formulation \u00e0 base d&rsquo;huile d&rsquo;abricot, aloe vera, avocat, jojoba, mandarine et <strong>acide f\u00e9rulique.<\/strong><\/p>\n<p>Huiles essentielles de mandarine rouge, de romarin et d&rsquo;ylang-ylang. <strong>50 ml<\/strong><\/p>\n<p><img loading=\"lazy\" decoding=\"async\" class=\"alignnone size-full wp-image-3400\" src=\"https:\/\/abilia.eu\/wp-content\/uploads\/2016\/02\/sellos-productos-04.jpg\" alt=\"\" width=\"400\" height=\"80\" srcset=\"https:\/\/abilia.eu\/wp-content\/uploads\/2016\/02\/sellos-productos-04.jpg 400w, https:\/\/abilia.eu\/wp-content\/uploads\/2016\/02\/sellos-productos-04-300x60.jpg 300w\" sizes=\"auto, (max-width: 400px) 100vw, 400px\" \/><\/p>\n","protected":false},"featured_media":4740,"comment_status":"open","ping_status":"closed","template":"","meta":{"inline_featured_image":false},"product_brand":[],"product_cat":[113],"product_tag":[],"class_list":{"0":"post-4734","1":"product","2":"type-product","3":"status-publish","4":"has-post-thumbnail","6":"product_cat-anti-age","8":"first","9":"instock","10":"taxable","11":"shipping-taxable","12":"purchasable","13":"product-type-simple"},"yoast_head":"<!-- This site is optimized with the Yoast SEO plugin v27.5 - https:\/\/yoast.com\/product\/yoast-seo-wordpress\/ -->\n<title>Cr\u00e8me Anti-Rides BIO - ABILIA. Alta Cosm\u00e9tica Certificada<\/title>\n<meta name=\"description\" content=\"La Cr\u00e8me Anti-Rides est un cr\u00e8me de jour traitant le vieillissement cutan\u00e9. Formul\u00e9e avec une forte teneur en ingr\u00e9dients antioxydants...\" \/>\n<meta name=\"robots\" content=\"index, follow, max-snippet:-1, max-image-preview:large, max-video-preview:-1\" \/>\n<link rel=\"canonical\" href=\"https:\/\/abilia.eu\/fr\/produit\/creme-antirides-bio\/\" \/>\n<meta property=\"og:locale\" content=\"fr_FR\" \/>\n<meta property=\"og:type\" content=\"article\" \/>\n<meta property=\"og:title\" content=\"Cr\u00e8me Anti-Rides BIO - ABILIA. Alta Cosm\u00e9tica Certificada\" \/>\n<meta property=\"og:description\" content=\"La Cr\u00e8me Anti-Rides est un cr\u00e8me de jour traitant le vieillissement cutan\u00e9. Formul\u00e9e avec une forte teneur en ingr\u00e9dients antioxydants...\" \/>\n<meta property=\"og:url\" content=\"https:\/\/abilia.eu\/fr\/produit\/creme-antirides-bio\/\" \/>\n<meta property=\"og:site_name\" content=\"Abilia (LAB)\" \/>\n<meta property=\"article:publisher\" content=\"https:\/\/www.facebook.com\/AbiliaCosmeticaNatural\/\" \/>\n<meta property=\"article:modified_time\" content=\"2023-01-05T20:24:52+00:00\" \/>\n<meta property=\"og:image\" content=\"https:\/\/abilia.eu\/wp-content\/uploads\/2021\/05\/Crema-Antiarrugas-ABILIA-BIO-02.jpg\" \/>\n\t<meta property=\"og:image:width\" content=\"1200\" \/>\n\t<meta property=\"og:image:height\" content=\"1200\" \/>\n\t<meta property=\"og:image:type\" content=\"image\/jpeg\" \/>\n<meta name=\"twitter:card\" content=\"summary_large_image\" \/>\n<meta name=\"twitter:label1\" content=\"Dur\u00e9e de lecture estim\u00e9e\" \/>\n\t<meta name=\"twitter:data1\" content=\"3 minutes\" \/>\n<script type=\"application\/ld+json\" class=\"yoast-schema-graph\">{\"@context\":\"https:\\\/\\\/schema.org\",\"@graph\":[{\"@type\":\"WebPage\",\"@id\":\"https:\\\/\\\/abilia.eu\\\/fr\\\/produit\\\/creme-antirides-bio\\\/\",\"url\":\"https:\\\/\\\/abilia.eu\\\/fr\\\/produit\\\/creme-antirides-bio\\\/\",\"name\":\"Cr\u00e8me Anti-Rides BIO - ABILIA. Alta Cosm\u00e9tica Certificada\",\"isPartOf\":{\"@id\":\"https:\\\/\\\/abilia.eu\\\/fr\\\/#website\"},\"primaryImageOfPage\":{\"@id\":\"https:\\\/\\\/abilia.eu\\\/fr\\\/produit\\\/creme-antirides-bio\\\/#primaryimage\"},\"image\":{\"@id\":\"https:\\\/\\\/abilia.eu\\\/fr\\\/produit\\\/creme-antirides-bio\\\/#primaryimage\"},\"thumbnailUrl\":\"https:\\\/\\\/abilia.eu\\\/wp-content\\\/uploads\\\/2021\\\/05\\\/Crema-Antiarrugas-ABILIA-BIO-02.jpg\",\"datePublished\":\"2021-05-26T14:33:33+00:00\",\"dateModified\":\"2023-01-05T20:24:52+00:00\",\"description\":\"La Cr\u00e8me Anti-Rides est un cr\u00e8me de jour traitant le vieillissement cutan\u00e9. Formul\u00e9e avec une forte teneur en ingr\u00e9dients antioxydants...\",\"breadcrumb\":{\"@id\":\"https:\\\/\\\/abilia.eu\\\/fr\\\/produit\\\/creme-antirides-bio\\\/#breadcrumb\"},\"inLanguage\":\"fr-FR\",\"potentialAction\":[{\"@type\":\"ReadAction\",\"target\":[\"https:\\\/\\\/abilia.eu\\\/fr\\\/produit\\\/creme-antirides-bio\\\/\"]}]},{\"@type\":\"ImageObject\",\"inLanguage\":\"fr-FR\",\"@id\":\"https:\\\/\\\/abilia.eu\\\/fr\\\/produit\\\/creme-antirides-bio\\\/#primaryimage\",\"url\":\"https:\\\/\\\/abilia.eu\\\/wp-content\\\/uploads\\\/2021\\\/05\\\/Crema-Antiarrugas-ABILIA-BIO-02.jpg\",\"contentUrl\":\"https:\\\/\\\/abilia.eu\\\/wp-content\\\/uploads\\\/2021\\\/05\\\/Crema-Antiarrugas-ABILIA-BIO-02.jpg\",\"width\":1200,\"height\":1200,\"caption\":\"Crema Antiarrugas Ecol\u00f3gica Alta Cosm\u00e9tica ABILIA\"},{\"@type\":\"BreadcrumbList\",\"@id\":\"https:\\\/\\\/abilia.eu\\\/fr\\\/produit\\\/creme-antirides-bio\\\/#breadcrumb\",\"itemListElement\":[{\"@type\":\"ListItem\",\"position\":1,\"name\":\"Portada\",\"item\":\"https:\\\/\\\/abilia.eu\\\/fr\\\/\"},{\"@type\":\"ListItem\",\"position\":2,\"name\":\"Products\",\"item\":\"https:\\\/\\\/abilia.eu\\\/en\\\/shopkeeper-child-2\\\/\"},{\"@type\":\"ListItem\",\"position\":3,\"name\":\"Cr\u00e8me Anti-Rides BIO\"}]},{\"@type\":\"WebSite\",\"@id\":\"https:\\\/\\\/abilia.eu\\\/fr\\\/#website\",\"url\":\"https:\\\/\\\/abilia.eu\\\/fr\\\/\",\"name\":\"Abilia (LAB)\",\"description\":\"Cosm\u00e9tica natural\",\"publisher\":{\"@id\":\"https:\\\/\\\/abilia.eu\\\/fr\\\/#organization\"},\"potentialAction\":[{\"@type\":\"SearchAction\",\"target\":{\"@type\":\"EntryPoint\",\"urlTemplate\":\"https:\\\/\\\/abilia.eu\\\/fr\\\/?s={search_term_string}\"},\"query-input\":{\"@type\":\"PropertyValueSpecification\",\"valueRequired\":true,\"valueName\":\"search_term_string\"}}],\"inLanguage\":\"fr-FR\"},{\"@type\":\"Organization\",\"@id\":\"https:\\\/\\\/abilia.eu\\\/fr\\\/#organization\",\"name\":\"Abilia - Cosm\u00e9tica Natural\",\"url\":\"https:\\\/\\\/abilia.eu\\\/fr\\\/\",\"logo\":{\"@type\":\"ImageObject\",\"inLanguage\":\"fr-FR\",\"@id\":\"https:\\\/\\\/abilia.eu\\\/fr\\\/#\\\/schema\\\/logo\\\/image\\\/\",\"url\":\"https:\\\/\\\/abilia.eu\\\/wp-content\\\/uploads\\\/2020\\\/12\\\/abilia-logo.jpg\",\"contentUrl\":\"https:\\\/\\\/abilia.eu\\\/wp-content\\\/uploads\\\/2020\\\/12\\\/abilia-logo.jpg\",\"width\":300,\"height\":83,\"caption\":\"Abilia - Cosm\u00e9tica Natural\"},\"image\":{\"@id\":\"https:\\\/\\\/abilia.eu\\\/fr\\\/#\\\/schema\\\/logo\\\/image\\\/\"},\"sameAs\":[\"https:\\\/\\\/www.facebook.com\\\/AbiliaCosmeticaNatural\\\/\",\"https:\\\/\\\/www.instagram.com\\\/abilia.cosmetica\\\/\"]}]}<\/script>\n<!-- \/ Yoast SEO plugin. -->","yoast_head_json":{"title":"Cr\u00e8me Anti-Rides BIO - ABILIA. Alta Cosm\u00e9tica Certificada","description":"La Cr\u00e8me Anti-Rides est un cr\u00e8me de jour traitant le vieillissement cutan\u00e9. Formul\u00e9e avec une forte teneur en ingr\u00e9dients antioxydants...","robots":{"index":"index","follow":"follow","max-snippet":"max-snippet:-1","max-image-preview":"max-image-preview:large","max-video-preview":"max-video-preview:-1"},"canonical":"https:\/\/abilia.eu\/fr\/produit\/creme-antirides-bio\/","og_locale":"fr_FR","og_type":"article","og_title":"Cr\u00e8me Anti-Rides BIO - ABILIA. Alta Cosm\u00e9tica Certificada","og_description":"La Cr\u00e8me Anti-Rides est un cr\u00e8me de jour traitant le vieillissement cutan\u00e9. Formul\u00e9e avec une forte teneur en ingr\u00e9dients antioxydants...","og_url":"https:\/\/abilia.eu\/fr\/produit\/creme-antirides-bio\/","og_site_name":"Abilia (LAB)","article_publisher":"https:\/\/www.facebook.com\/AbiliaCosmeticaNatural\/","article_modified_time":"2023-01-05T20:24:52+00:00","og_image":[{"width":1200,"height":1200,"url":"https:\/\/abilia.eu\/wp-content\/uploads\/2021\/05\/Crema-Antiarrugas-ABILIA-BIO-02.jpg","type":"image\/jpeg"}],"twitter_card":"summary_large_image","twitter_misc":{"Dur\u00e9e de lecture estim\u00e9e":"3 minutes"},"schema":{"@context":"https:\/\/schema.org","@graph":[{"@type":"WebPage","@id":"https:\/\/abilia.eu\/fr\/produit\/creme-antirides-bio\/","url":"https:\/\/abilia.eu\/fr\/produit\/creme-antirides-bio\/","name":"Cr\u00e8me Anti-Rides BIO - ABILIA. Alta Cosm\u00e9tica Certificada","isPartOf":{"@id":"https:\/\/abilia.eu\/fr\/#website"},"primaryImageOfPage":{"@id":"https:\/\/abilia.eu\/fr\/produit\/creme-antirides-bio\/#primaryimage"},"image":{"@id":"https:\/\/abilia.eu\/fr\/produit\/creme-antirides-bio\/#primaryimage"},"thumbnailUrl":"https:\/\/abilia.eu\/wp-content\/uploads\/2021\/05\/Crema-Antiarrugas-ABILIA-BIO-02.jpg","datePublished":"2021-05-26T14:33:33+00:00","dateModified":"2023-01-05T20:24:52+00:00","description":"La Cr\u00e8me Anti-Rides est un cr\u00e8me de jour traitant le vieillissement cutan\u00e9. Formul\u00e9e avec une forte teneur en ingr\u00e9dients antioxydants...","breadcrumb":{"@id":"https:\/\/abilia.eu\/fr\/produit\/creme-antirides-bio\/#breadcrumb"},"inLanguage":"fr-FR","potentialAction":[{"@type":"ReadAction","target":["https:\/\/abilia.eu\/fr\/produit\/creme-antirides-bio\/"]}]},{"@type":"ImageObject","inLanguage":"fr-FR","@id":"https:\/\/abilia.eu\/fr\/produit\/creme-antirides-bio\/#primaryimage","url":"https:\/\/abilia.eu\/wp-content\/uploads\/2021\/05\/Crema-Antiarrugas-ABILIA-BIO-02.jpg","contentUrl":"https:\/\/abilia.eu\/wp-content\/uploads\/2021\/05\/Crema-Antiarrugas-ABILIA-BIO-02.jpg","width":1200,"height":1200,"caption":"Crema Antiarrugas Ecol\u00f3gica Alta Cosm\u00e9tica ABILIA"},{"@type":"BreadcrumbList","@id":"https:\/\/abilia.eu\/fr\/produit\/creme-antirides-bio\/#breadcrumb","itemListElement":[{"@type":"ListItem","position":1,"name":"Portada","item":"https:\/\/abilia.eu\/fr\/"},{"@type":"ListItem","position":2,"name":"Products","item":"https:\/\/abilia.eu\/en\/shopkeeper-child-2\/"},{"@type":"ListItem","position":3,"name":"Cr\u00e8me Anti-Rides BIO"}]},{"@type":"WebSite","@id":"https:\/\/abilia.eu\/fr\/#website","url":"https:\/\/abilia.eu\/fr\/","name":"Abilia (LAB)","description":"Cosm\u00e9tica natural","publisher":{"@id":"https:\/\/abilia.eu\/fr\/#organization"},"potentialAction":[{"@type":"SearchAction","target":{"@type":"EntryPoint","urlTemplate":"https:\/\/abilia.eu\/fr\/?s={search_term_string}"},"query-input":{"@type":"PropertyValueSpecification","valueRequired":true,"valueName":"search_term_string"}}],"inLanguage":"fr-FR"},{"@type":"Organization","@id":"https:\/\/abilia.eu\/fr\/#organization","name":"Abilia - Cosm\u00e9tica Natural","url":"https:\/\/abilia.eu\/fr\/","logo":{"@type":"ImageObject","inLanguage":"fr-FR","@id":"https:\/\/abilia.eu\/fr\/#\/schema\/logo\/image\/","url":"https:\/\/abilia.eu\/wp-content\/uploads\/2020\/12\/abilia-logo.jpg","contentUrl":"https:\/\/abilia.eu\/wp-content\/uploads\/2020\/12\/abilia-logo.jpg","width":300,"height":83,"caption":"Abilia - Cosm\u00e9tica Natural"},"image":{"@id":"https:\/\/abilia.eu\/fr\/#\/schema\/logo\/image\/"},"sameAs":["https:\/\/www.facebook.com\/AbiliaCosmeticaNatural\/","https:\/\/www.instagram.com\/abilia.cosmetica\/"]}]}},"_links":{"self":[{"href":"https:\/\/abilia.eu\/fr\/wp-json\/wp\/v2\/product\/4734","targetHints":{"allow":["GET"]}}],"collection":[{"href":"https:\/\/abilia.eu\/fr\/wp-json\/wp\/v2\/product"}],"about":[{"href":"https:\/\/abilia.eu\/fr\/wp-json\/wp\/v2\/types\/product"}],"replies":[{"embeddable":true,"href":"https:\/\/abilia.eu\/fr\/wp-json\/wp\/v2\/comments?post=4734"}],"wp:featuredmedia":[{"embeddable":true,"href":"https:\/\/abilia.eu\/fr\/wp-json\/wp\/v2\/media\/4740"}],"wp:attachment":[{"href":"https:\/\/abilia.eu\/fr\/wp-json\/wp\/v2\/media?parent=4734"}],"wp:term":[{"taxonomy":"product_brand","embeddable":true,"href":"https:\/\/abilia.eu\/fr\/wp-json\/wp\/v2\/product_brand?post=4734"},{"taxonomy":"product_cat","embeddable":true,"href":"https:\/\/abilia.eu\/fr\/wp-json\/wp\/v2\/product_cat?post=4734"},{"taxonomy":"product_tag","embeddable":true,"href":"https:\/\/abilia.eu\/fr\/wp-json\/wp\/v2\/product_tag?post=4734"}],"curies":[{"name":"wp","href":"https:\/\/api.w.org\/{rel}","templated":true}]}}