{"id":3675,"date":"2015-02-05T16:36:48","date_gmt":"2015-02-05T16:36:48","guid":{"rendered":"https:\/\/lab.abilia.eu\/producto\/serum-bio-para-ojos-labios\/"},"modified":"2023-01-05T21:23:39","modified_gmt":"2023-01-05T21:23:39","slug":"serum-organique-pour-les-yeux-et-les-levres","status":"publish","type":"product","link":"https:\/\/abilia.eu\/fr\/produit\/serum-organique-pour-les-yeux-et-les-levres\/","title":{"rendered":"S\u00e9rum organique pour les yeux et les l\u00e8vres"},"content":{"rendered":"<div class=\"wpb-content-wrapper\"><p>[vc_row][vc_column][vc_column_text]<\/p>\n<h3>S\u00e9rum pour les yeux et les l\u00e8vres, qu&rsquo;est-ce que c&rsquo;est ?<\/h3>\n<p>Le s\u00e9rum yeux et l\u00e8vres est indiqu\u00e9 pour traiter les rides et les lignes d&rsquo;expression form\u00e9es autour des yeux et des l\u00e8vres des peaux plus matures. Notre s\u00e9rum est un puissant <strong>ennemi des rides<\/strong> ; il contient de l&rsquo;euphrasie, du tilleul, <strong>r\u00e9duit les cernes et les poches<\/strong>.<\/p>\n<p>Le s\u00e9rum yeux et l\u00e8vres convient aux personnes ayant les yeux sensibles. Les hydrolats d&rsquo;\u00e9rythrone et de tilleul sont traditionnellement utilis\u00e9s pour d\u00e9congestionner la zone oculaire et traiter les yeux irrit\u00e9s. <strong>R\u00e9duire les cernes et les poches<\/strong>. Ils agissent en conjonction avec les autres ingr\u00e9dients pour \u00e9liminer les signes de fatigue et le stress oxydatif accumul\u00e9.<\/p>\n<p>L&rsquo;<a href=\"#\">huile de grenade<\/a> contient une <strong>forte teneur en antioxydant<\/strong>s et en acide punicique qui <strong>favorise la production de collag\u00e8ne et d&rsquo;\u00e9lastine<\/strong>, ralentissant ainsi le processus de maturation de la peau. Agissant en conjonction avec le karit\u00e9, le <a href=\"#\">jojoba<\/a>, l&rsquo;<a href=\"#\">aloe vera<\/a>, la <a href=\"#\">rose musqu\u00e9e<\/a>, l&rsquo;olive et le chanvre, il maintient l&rsquo;hydratation et <strong>r\u00e9g\u00e9n\u00e8re les couches externes du derme<\/strong>. Lissage des rides et des lignes d&rsquo;expression.\u00a0 Ils nourrissent les couches les plus profondes de la peau pour laisser une peau lisse, <strong>tonique et turgid<\/strong>.<\/p>\n<p>Apr\u00e8s les soins intensifs ; <strong>Revitalise<\/strong> les yeux fatigu\u00e9s. Adoucit les zones les plus s\u00e8ches du contour, en <strong>pr\u00e9venant les rides<\/strong> et les lignes d&rsquo;expression. Notre s\u00e9rum organique pour les yeux et les l\u00e8vres harmonise la peau et nous permet de profiter de notre beaut\u00e9 naturelle.<\/p>\n<h3>Comment utiliser le s\u00e9rum pour les yeux et les l\u00e8vres ?<\/h3>\n<p>Notre S\u00e9rum est appliqu\u00e9 sur le contour des yeux et des l\u00e8vres. Appliquer par petites touches et \u00e9taler avec pr\u00e9caution. Il peut \u00eatre utilis\u00e9 aussi bien la nuit que le jour. \u00c9vitez le contact direct avec les yeux. En cas d&rsquo;irritation, lavez la zone affect\u00e9e avec beaucoup d&rsquo;eau propre et n&rsquo;appliquez rien d&rsquo;autre. La meilleure strat\u00e9gie pour obtenir des <strong>r\u00e9sultats tangibles<\/strong> est d&rsquo;appliquer la cr\u00e8me quotidiennement et de fa\u00e7on continue.<\/p>\n<h3><strong>Conseil<\/strong><\/h3>\n<p>Pour un soin total de la peau, nous recommandons de l&rsquo;utiliser en association avec l&rsquo;une de nos <a href=\"#\">cr\u00e8mes de jour<\/a> (\u00e0 choisir en fonction du type de peau) et notre cr\u00e8me de nuit <a href=\"#\">Anti-\u00e2ge<\/a>.\u00a0Pour un nettoyage plus pouss\u00e9 du visage, nous vous recommandons d&rsquo;utiliser notre <a href=\"#\">Savon Exfoliant<\/a> et notre Tonique \u00e0 l&rsquo;<a href=\"#\">Eau de Rose<\/a>.<\/p>\n<h3 class=\"subcategoria\"><span lang=\"es-trad\" xml:lang=\"es-trad\">Avec des ingr\u00e9dients certifi\u00e9s biologiques:<\/span><\/h3>\n<p class=\"ARIAL\">Notre formule originale est bas\u00e9e sur des ingr\u00e9dients naturels issus de l&rsquo;agriculture biologique certifi\u00e9e.<\/p>\n<p><a href=\"https:\/\/acenecertificacion.com\/certificacion-ecologica\/\">\u00bb Plus d&rsquo;informations (ACENE)<\/a><\/p>\n<p><strong>INCI<\/strong><\/p>\n<p>Euphrasia officinalis Flower Water*, Aqua, Tilo cordata Extract, Aloe barbadensis Leaf Juice*, Glyceryl Stearate SE, Butyrospermum Parkii Butter*, Olea europaea Fruit Oil*, Glycerin*, Simmondsia chinensis Seed Oil*, Arachidyl Alcohol, Cetearyl Alcohol, Rosa canina Fruit Oil*, Squalane, Behenyl Alcohol, Hemp Seed Oil, Punica granatum Seed Oil, Hydrolyzed Jojoba Esters, Citrus aurantium Dulcis Peel Oil, Tocopheryl Acetate, Arachidyl Glucoside, Cetearyl Glucoside, Xanthan Gum, Glyceryl caprilate, Citric Acid, Lactic Acid, Phytic Acid, Benzyl Alcohol, Potassium Sorbate, Sodium Benzoate, Anisic Acid, Parfum**, Limonene, Linalool, Citral.<\/p>\n<p><span lang=\"es-trad\" xml:lang=\"es-trad\"><strong>*Ingr\u00e9dients issus de l&rsquo;agriculture biologique certifi\u00e9e. <\/strong><\/span><\/p>\n<p><span lang=\"es-trad\" xml:lang=\"es-trad\"><strong>**Huiles essentielles biologiques<\/strong><\/span><\/p>\n<p class=\"ARIAL\"><span lang=\"es-trad\" xml:lang=\"es-trad\"><strong>Pas de parabens. Pas de colorants. Non test\u00e9 sur les animaux.<\/strong>\u00a0 \u00a0<strong>\u00a0 \u00a015<\/strong><\/span><strong>\u00a0ml<\/strong><\/p>\n<p class=\"ARIAL\"><a href=\"https:\/\/abilia.eu\/ingredientes\/\">Voir plus d&rsquo;ingr\u00e9dients cosm\u00e9tiques naturels.<\/a><\/p>\n<p>[\/vc_column_text][\/vc_column][\/vc_row]<\/p>\n<\/div>","protected":false},"excerpt":{"rendered":"<p>Le s\u00e9rum yeux et l\u00e8vres est indiqu\u00e9 pour traiter les rides et les lignes d&rsquo;expression form\u00e9es autour des yeux et des l\u00e8vres des peaux plus matures. Ses ingr\u00e9dients \u00e9liminent les signes de fatigue tels que les cernes et les poches et lissent les rides les plus profondes.<\/p>\n<p>Formul\u00e9 avec de l&rsquo;hydrolat d&rsquo;Eeufrasia, de l&rsquo;hydrolat de Tilleul, de l&rsquo;Aloe Vera, du beurre de Karit\u00e9, de l&rsquo;huile de Jojoba, de l&rsquo;huile d&rsquo;olive, de l&rsquo;huile de grenade, de l&rsquo;huile d&rsquo;\u00e9glantier et de chanvre.<\/p>\n<p>Huile essentielle d&rsquo;orange. Contour des yeux et des l\u00e8vres. <strong>15 ml<\/strong><\/p>\n<p><img loading=\"lazy\" decoding=\"async\" class=\"alignnone size-full wp-image-3404\" src=\"https:\/\/abilia.eu\/wp-content\/uploads\/2015\/03\/sellos-productos-05.jpg\" alt=\"\" width=\"400\" height=\"80\" srcset=\"https:\/\/abilia.eu\/wp-content\/uploads\/2015\/03\/sellos-productos-05.jpg 400w, https:\/\/abilia.eu\/wp-content\/uploads\/2015\/03\/sellos-productos-05-300x60.jpg 300w\" sizes=\"auto, (max-width: 400px) 100vw, 400px\" \/><\/p>\n","protected":false},"featured_media":4955,"comment_status":"open","ping_status":"closed","template":"","meta":{"inline_featured_image":false},"product_brand":[],"product_cat":[113],"product_tag":[],"class_list":{"0":"post-3675","1":"product","2":"type-product","3":"status-publish","4":"has-post-thumbnail","6":"product_cat-anti-age","8":"first","9":"instock","10":"taxable","11":"shipping-taxable","12":"purchasable","13":"product-type-simple"},"yoast_head":"<!-- This site is optimized with the Yoast SEO plugin v27.4 - https:\/\/yoast.com\/product\/yoast-seo-wordpress\/ -->\n<title>S\u00e9rum organique pour les yeux et les l\u00e8vres - Abilia Cosm\u00e9tique Naturelle<\/title>\n<meta name=\"description\" content=\"Le s\u00e9rum yeux et l\u00e8vres est indiqu\u00e9 pour traiter les rides et les lignes d&#039;expression form\u00e9es autour des yeux et des l\u00e8vres des peaux plus matures.\" \/>\n<meta name=\"robots\" content=\"index, follow, max-snippet:-1, max-image-preview:large, max-video-preview:-1\" \/>\n<link rel=\"canonical\" href=\"https:\/\/abilia.eu\/fr\/produit\/serum-organique-pour-les-yeux-et-les-levres\/\" \/>\n<meta property=\"og:locale\" content=\"fr_FR\" \/>\n<meta property=\"og:type\" content=\"article\" \/>\n<meta property=\"og:title\" content=\"S\u00e9rum organique pour les yeux et les l\u00e8vres - Abilia Cosm\u00e9tique Naturelle\" \/>\n<meta property=\"og:description\" content=\"Le s\u00e9rum yeux et l\u00e8vres est indiqu\u00e9 pour traiter les rides et les lignes d&#039;expression form\u00e9es autour des yeux et des l\u00e8vres des peaux plus matures.\" \/>\n<meta property=\"og:url\" content=\"https:\/\/abilia.eu\/fr\/produit\/serum-organique-pour-les-yeux-et-les-levres\/\" \/>\n<meta property=\"og:site_name\" content=\"Abilia (LAB)\" \/>\n<meta property=\"article:publisher\" content=\"https:\/\/www.facebook.com\/AbiliaCosmeticaNatural\/\" \/>\n<meta property=\"article:modified_time\" content=\"2023-01-05T21:23:39+00:00\" \/>\n<meta property=\"og:image\" content=\"https:\/\/abilia.eu\/wp-content\/uploads\/2015\/02\/SERUM-OJOS-LABIOS-ABILIA-BIO-01.jpg\" \/>\n\t<meta property=\"og:image:width\" content=\"1200\" \/>\n\t<meta property=\"og:image:height\" content=\"1200\" \/>\n\t<meta property=\"og:image:type\" content=\"image\/jpeg\" \/>\n<meta name=\"twitter:card\" content=\"summary_large_image\" \/>\n<meta name=\"twitter:label1\" content=\"Dur\u00e9e de lecture estim\u00e9e\" \/>\n\t<meta name=\"twitter:data1\" content=\"3 minutes\" \/>\n<script type=\"application\/ld+json\" class=\"yoast-schema-graph\">{\"@context\":\"https:\\\/\\\/schema.org\",\"@graph\":[{\"@type\":\"WebPage\",\"@id\":\"https:\\\/\\\/abilia.eu\\\/fr\\\/produit\\\/serum-organique-pour-les-yeux-et-les-levres\\\/\",\"url\":\"https:\\\/\\\/abilia.eu\\\/fr\\\/produit\\\/serum-organique-pour-les-yeux-et-les-levres\\\/\",\"name\":\"S\u00e9rum organique pour les yeux et les l\u00e8vres - Abilia Cosm\u00e9tique Naturelle\",\"isPartOf\":{\"@id\":\"https:\\\/\\\/abilia.eu\\\/fr\\\/#website\"},\"primaryImageOfPage\":{\"@id\":\"https:\\\/\\\/abilia.eu\\\/fr\\\/produit\\\/serum-organique-pour-les-yeux-et-les-levres\\\/#primaryimage\"},\"image\":{\"@id\":\"https:\\\/\\\/abilia.eu\\\/fr\\\/produit\\\/serum-organique-pour-les-yeux-et-les-levres\\\/#primaryimage\"},\"thumbnailUrl\":\"https:\\\/\\\/abilia.eu\\\/wp-content\\\/uploads\\\/2015\\\/02\\\/SERUM-OJOS-LABIOS-ABILIA-BIO-01.jpg\",\"datePublished\":\"2015-02-05T16:36:48+00:00\",\"dateModified\":\"2023-01-05T21:23:39+00:00\",\"description\":\"Le s\u00e9rum yeux et l\u00e8vres est indiqu\u00e9 pour traiter les rides et les lignes d'expression form\u00e9es autour des yeux et des l\u00e8vres des peaux plus matures.\",\"breadcrumb\":{\"@id\":\"https:\\\/\\\/abilia.eu\\\/fr\\\/produit\\\/serum-organique-pour-les-yeux-et-les-levres\\\/#breadcrumb\"},\"inLanguage\":\"fr-FR\",\"potentialAction\":[{\"@type\":\"ReadAction\",\"target\":[\"https:\\\/\\\/abilia.eu\\\/fr\\\/produit\\\/serum-organique-pour-les-yeux-et-les-levres\\\/\"]}]},{\"@type\":\"ImageObject\",\"inLanguage\":\"fr-FR\",\"@id\":\"https:\\\/\\\/abilia.eu\\\/fr\\\/produit\\\/serum-organique-pour-les-yeux-et-les-levres\\\/#primaryimage\",\"url\":\"https:\\\/\\\/abilia.eu\\\/wp-content\\\/uploads\\\/2015\\\/02\\\/SERUM-OJOS-LABIOS-ABILIA-BIO-01.jpg\",\"contentUrl\":\"https:\\\/\\\/abilia.eu\\\/wp-content\\\/uploads\\\/2015\\\/02\\\/SERUM-OJOS-LABIOS-ABILIA-BIO-01.jpg\",\"width\":1200,\"height\":1200,\"caption\":\"SERUM OJOS ECOLOGICO\"},{\"@type\":\"BreadcrumbList\",\"@id\":\"https:\\\/\\\/abilia.eu\\\/fr\\\/produit\\\/serum-organique-pour-les-yeux-et-les-levres\\\/#breadcrumb\",\"itemListElement\":[{\"@type\":\"ListItem\",\"position\":1,\"name\":\"Portada\",\"item\":\"https:\\\/\\\/abilia.eu\\\/fr\\\/\"},{\"@type\":\"ListItem\",\"position\":2,\"name\":\"Products\",\"item\":\"https:\\\/\\\/abilia.eu\\\/en\\\/shopkeeper-child-2\\\/\"},{\"@type\":\"ListItem\",\"position\":3,\"name\":\"S\u00e9rum organique pour les yeux et les l\u00e8vres\"}]},{\"@type\":\"WebSite\",\"@id\":\"https:\\\/\\\/abilia.eu\\\/fr\\\/#website\",\"url\":\"https:\\\/\\\/abilia.eu\\\/fr\\\/\",\"name\":\"Abilia (LAB)\",\"description\":\"Cosm\u00e9tica natural\",\"publisher\":{\"@id\":\"https:\\\/\\\/abilia.eu\\\/fr\\\/#organization\"},\"potentialAction\":[{\"@type\":\"SearchAction\",\"target\":{\"@type\":\"EntryPoint\",\"urlTemplate\":\"https:\\\/\\\/abilia.eu\\\/fr\\\/?s={search_term_string}\"},\"query-input\":{\"@type\":\"PropertyValueSpecification\",\"valueRequired\":true,\"valueName\":\"search_term_string\"}}],\"inLanguage\":\"fr-FR\"},{\"@type\":\"Organization\",\"@id\":\"https:\\\/\\\/abilia.eu\\\/fr\\\/#organization\",\"name\":\"Abilia - Cosm\u00e9tica Natural\",\"url\":\"https:\\\/\\\/abilia.eu\\\/fr\\\/\",\"logo\":{\"@type\":\"ImageObject\",\"inLanguage\":\"fr-FR\",\"@id\":\"https:\\\/\\\/abilia.eu\\\/fr\\\/#\\\/schema\\\/logo\\\/image\\\/\",\"url\":\"https:\\\/\\\/abilia.eu\\\/wp-content\\\/uploads\\\/2020\\\/12\\\/abilia-logo.jpg\",\"contentUrl\":\"https:\\\/\\\/abilia.eu\\\/wp-content\\\/uploads\\\/2020\\\/12\\\/abilia-logo.jpg\",\"width\":300,\"height\":83,\"caption\":\"Abilia - Cosm\u00e9tica Natural\"},\"image\":{\"@id\":\"https:\\\/\\\/abilia.eu\\\/fr\\\/#\\\/schema\\\/logo\\\/image\\\/\"},\"sameAs\":[\"https:\\\/\\\/www.facebook.com\\\/AbiliaCosmeticaNatural\\\/\",\"https:\\\/\\\/www.instagram.com\\\/abilia.cosmetica\\\/\"]}]}<\/script>\n<!-- \/ Yoast SEO plugin. -->","yoast_head_json":{"title":"S\u00e9rum organique pour les yeux et les l\u00e8vres - Abilia Cosm\u00e9tique Naturelle","description":"Le s\u00e9rum yeux et l\u00e8vres est indiqu\u00e9 pour traiter les rides et les lignes d'expression form\u00e9es autour des yeux et des l\u00e8vres des peaux plus matures.","robots":{"index":"index","follow":"follow","max-snippet":"max-snippet:-1","max-image-preview":"max-image-preview:large","max-video-preview":"max-video-preview:-1"},"canonical":"https:\/\/abilia.eu\/fr\/produit\/serum-organique-pour-les-yeux-et-les-levres\/","og_locale":"fr_FR","og_type":"article","og_title":"S\u00e9rum organique pour les yeux et les l\u00e8vres - Abilia Cosm\u00e9tique Naturelle","og_description":"Le s\u00e9rum yeux et l\u00e8vres est indiqu\u00e9 pour traiter les rides et les lignes d'expression form\u00e9es autour des yeux et des l\u00e8vres des peaux plus matures.","og_url":"https:\/\/abilia.eu\/fr\/produit\/serum-organique-pour-les-yeux-et-les-levres\/","og_site_name":"Abilia (LAB)","article_publisher":"https:\/\/www.facebook.com\/AbiliaCosmeticaNatural\/","article_modified_time":"2023-01-05T21:23:39+00:00","og_image":[{"width":1200,"height":1200,"url":"https:\/\/abilia.eu\/wp-content\/uploads\/2015\/02\/SERUM-OJOS-LABIOS-ABILIA-BIO-01.jpg","type":"image\/jpeg"}],"twitter_card":"summary_large_image","twitter_misc":{"Dur\u00e9e de lecture estim\u00e9e":"3 minutes"},"schema":{"@context":"https:\/\/schema.org","@graph":[{"@type":"WebPage","@id":"https:\/\/abilia.eu\/fr\/produit\/serum-organique-pour-les-yeux-et-les-levres\/","url":"https:\/\/abilia.eu\/fr\/produit\/serum-organique-pour-les-yeux-et-les-levres\/","name":"S\u00e9rum organique pour les yeux et les l\u00e8vres - Abilia Cosm\u00e9tique Naturelle","isPartOf":{"@id":"https:\/\/abilia.eu\/fr\/#website"},"primaryImageOfPage":{"@id":"https:\/\/abilia.eu\/fr\/produit\/serum-organique-pour-les-yeux-et-les-levres\/#primaryimage"},"image":{"@id":"https:\/\/abilia.eu\/fr\/produit\/serum-organique-pour-les-yeux-et-les-levres\/#primaryimage"},"thumbnailUrl":"https:\/\/abilia.eu\/wp-content\/uploads\/2015\/02\/SERUM-OJOS-LABIOS-ABILIA-BIO-01.jpg","datePublished":"2015-02-05T16:36:48+00:00","dateModified":"2023-01-05T21:23:39+00:00","description":"Le s\u00e9rum yeux et l\u00e8vres est indiqu\u00e9 pour traiter les rides et les lignes d'expression form\u00e9es autour des yeux et des l\u00e8vres des peaux plus matures.","breadcrumb":{"@id":"https:\/\/abilia.eu\/fr\/produit\/serum-organique-pour-les-yeux-et-les-levres\/#breadcrumb"},"inLanguage":"fr-FR","potentialAction":[{"@type":"ReadAction","target":["https:\/\/abilia.eu\/fr\/produit\/serum-organique-pour-les-yeux-et-les-levres\/"]}]},{"@type":"ImageObject","inLanguage":"fr-FR","@id":"https:\/\/abilia.eu\/fr\/produit\/serum-organique-pour-les-yeux-et-les-levres\/#primaryimage","url":"https:\/\/abilia.eu\/wp-content\/uploads\/2015\/02\/SERUM-OJOS-LABIOS-ABILIA-BIO-01.jpg","contentUrl":"https:\/\/abilia.eu\/wp-content\/uploads\/2015\/02\/SERUM-OJOS-LABIOS-ABILIA-BIO-01.jpg","width":1200,"height":1200,"caption":"SERUM OJOS ECOLOGICO"},{"@type":"BreadcrumbList","@id":"https:\/\/abilia.eu\/fr\/produit\/serum-organique-pour-les-yeux-et-les-levres\/#breadcrumb","itemListElement":[{"@type":"ListItem","position":1,"name":"Portada","item":"https:\/\/abilia.eu\/fr\/"},{"@type":"ListItem","position":2,"name":"Products","item":"https:\/\/abilia.eu\/en\/shopkeeper-child-2\/"},{"@type":"ListItem","position":3,"name":"S\u00e9rum organique pour les yeux et les l\u00e8vres"}]},{"@type":"WebSite","@id":"https:\/\/abilia.eu\/fr\/#website","url":"https:\/\/abilia.eu\/fr\/","name":"Abilia (LAB)","description":"Cosm\u00e9tica natural","publisher":{"@id":"https:\/\/abilia.eu\/fr\/#organization"},"potentialAction":[{"@type":"SearchAction","target":{"@type":"EntryPoint","urlTemplate":"https:\/\/abilia.eu\/fr\/?s={search_term_string}"},"query-input":{"@type":"PropertyValueSpecification","valueRequired":true,"valueName":"search_term_string"}}],"inLanguage":"fr-FR"},{"@type":"Organization","@id":"https:\/\/abilia.eu\/fr\/#organization","name":"Abilia - Cosm\u00e9tica Natural","url":"https:\/\/abilia.eu\/fr\/","logo":{"@type":"ImageObject","inLanguage":"fr-FR","@id":"https:\/\/abilia.eu\/fr\/#\/schema\/logo\/image\/","url":"https:\/\/abilia.eu\/wp-content\/uploads\/2020\/12\/abilia-logo.jpg","contentUrl":"https:\/\/abilia.eu\/wp-content\/uploads\/2020\/12\/abilia-logo.jpg","width":300,"height":83,"caption":"Abilia - Cosm\u00e9tica Natural"},"image":{"@id":"https:\/\/abilia.eu\/fr\/#\/schema\/logo\/image\/"},"sameAs":["https:\/\/www.facebook.com\/AbiliaCosmeticaNatural\/","https:\/\/www.instagram.com\/abilia.cosmetica\/"]}]}},"_links":{"self":[{"href":"https:\/\/abilia.eu\/fr\/wp-json\/wp\/v2\/product\/3675","targetHints":{"allow":["GET"]}}],"collection":[{"href":"https:\/\/abilia.eu\/fr\/wp-json\/wp\/v2\/product"}],"about":[{"href":"https:\/\/abilia.eu\/fr\/wp-json\/wp\/v2\/types\/product"}],"replies":[{"embeddable":true,"href":"https:\/\/abilia.eu\/fr\/wp-json\/wp\/v2\/comments?post=3675"}],"wp:featuredmedia":[{"embeddable":true,"href":"https:\/\/abilia.eu\/fr\/wp-json\/wp\/v2\/media\/4955"}],"wp:attachment":[{"href":"https:\/\/abilia.eu\/fr\/wp-json\/wp\/v2\/media?parent=3675"}],"wp:term":[{"taxonomy":"product_brand","embeddable":true,"href":"https:\/\/abilia.eu\/fr\/wp-json\/wp\/v2\/product_brand?post=3675"},{"taxonomy":"product_cat","embeddable":true,"href":"https:\/\/abilia.eu\/fr\/wp-json\/wp\/v2\/product_cat?post=3675"},{"taxonomy":"product_tag","embeddable":true,"href":"https:\/\/abilia.eu\/fr\/wp-json\/wp\/v2\/product_tag?post=3675"}],"curies":[{"name":"wp","href":"https:\/\/api.w.org\/{rel}","templated":true}]}}