{"id":3669,"date":"2015-03-05T16:37:31","date_gmt":"2015-03-05T16:37:31","guid":{"rendered":"https:\/\/lab.abilia.eu\/producto\/crema-piel-grasa\/"},"modified":"2023-01-05T20:24:51","modified_gmt":"2023-01-05T20:24:51","slug":"creme-pour-peaux-grasses","status":"publish","type":"product","link":"https:\/\/abilia.eu\/fr\/produit\/creme-pour-peaux-grasses\/","title":{"rendered":"Creme pour peaux grasses"},"content":{"rendered":"<div class=\"wpb-content-wrapper\"><p>[vc_row][vc_column][vc_column_text]<\/p>\n<h2>Qu\u2019est-ce?<\/h2>\n<p>Une cr\u00e8me de jour sp\u00e9cialement adress\u00e9e aux peaux grasses avec de l\u2019acn\u00e9 et des points noirs. Elle un extrait de la plante d\u2019Epilobium fleischeri appel\u00e9 Alp\u00aeSebum, dont l\u2019efficacit\u00e9 a \u00e9t\u00e9 dermatologiquement test\u00e9e, qui r\u00e9duit la production de s\u00e9bum de la peau \u00e0 un niveau de 56% et la taille des pores et inhibe fortement les marqueurs pro-inflammatoires. L\u2019huile essentielle de thym a des propri\u00e9t\u00e9s d\u00e9sinfectantes et antiseptiques et promeut la cicatrisation des marques li\u00e9es \u00e0 l\u2019acn\u00e9. Le jojoba et l\u2019aloe vera \u00e9quilibrent et hydratent la peau. Apr\u00e8s une utilisation continue, la peau sera plus belle et en meilleure sant\u00e9.<\/p>\n<h3>Comment l&rsquo;utiliser?<\/h3>\n<p>Cette cr\u00e8me de jour peut \u00eatre appliqu\u00e9e \u00e0 tout moment. Nous recommandons le nettoyage pr\u00e9alable de la peau avec notre savon exfoliant et de l\u2019eau. Couvrez l\u2019int\u00e9gralit\u00e9 de votre visage avec autant de cr\u00e8me que n\u00e9cessaire. En utilisant des mouvements circulaires, faites p\u00e9n\u00e9trer la cr\u00e8me, en allant vers l\u2019ext\u00e9rieur pour une absorption totale. Ne lavez pas votre visage apr\u00e8s application.<\/p>\n<h3>Conseil<\/h3>\n<p>Pour une routine de soin de peau plus compl\u00e8te, nous recommandons que vous utilisiez cette cr\u00e8me avec notre Savon Exfoliant et Tonique d\u2019Eau de Rose. Afin de contrer les rides efficacement, utilisez-la avec le S\u00e9rum pour Yeux et L\u00e8vres.<\/p>\n<h3>Ingr\u00e9dients<\/h3>\n<p>Aloe barbadensis Leaf Juice*, Octyldodecyl Myristate, Glyceryl Stearate SE, Propanediol, Arachidyl Alcohol, Macadamia ternifolia Seed Oil*, Simmondsia chinensis Seed Oil*, Salvia officinalis Leaf Extract*, Epilobium Fleischeri Extract*, Rosmarinus Officinalis Leaf Extract*, Thymus vulgaris Flower\/Leaf Extract*, Lavandula angustifolia Oil*, Rosmarinus officinalis Leaf Oil*, Cetearyl Alcohol, Behenyl Alcohol, Tocopherol, Tocopheryl Acetate, Arachidyl Glucoside, Xanthan Gum, Glycerin*, Aqua, Cetearyl Glucoside, Potassium Cetyl Phosphate, Citric Acid, Phytic Acid, Benzyl Alcohol, Glyceryl Caprylate, Glyceryl Undecylenate, Potassium Sorbate, Sodium Benzoate, Linalool, Limonene, Geraniol.<\/p>\n<p>* Ingr\u00e9dients provenant de l\u2019agriculture organique certifi\u00e9e[\/vc_column_text][\/vc_column][\/vc_row]<\/p>\n<\/div>","protected":false},"excerpt":{"rendered":"<p>Une cr\u00e8me de jour sp\u00e9cialement indiqu\u00e9e pour les peaux grasses, acn\u00e9iques et avec des points noirs. Elle a une haute capacit\u00e9 r\u00e9g\u00e9n\u00e9ratrice et nettoyante, gr\u00e2ce \u00e0 l\u2019aloe vera, le romarin et le thym. Elle nettoie les pores et r\u00e9duit les d\u00e9p\u00f4ts gras. Les effets du jojoba et de l\u2019aloe permettent d\u2019obtenir une peau \u00e9quilibr\u00e9e et douce, d\u00e9livr\u00e9e des impuret\u00e9s.<\/p>\n<p>Recommand\u00e9e sp\u00e9cialement pour tous les types de peau grasse.<\/p>\n<p><img loading=\"lazy\" decoding=\"async\" class=\"alignnone size-full wp-image-3392\" src=\"https:\/\/abilia.eu\/wp-content\/uploads\/2015\/03\/sellos-productos-02.jpg\" alt=\"\" width=\"400\" height=\"80\" srcset=\"https:\/\/abilia.eu\/wp-content\/uploads\/2015\/03\/sellos-productos-02.jpg 400w, https:\/\/abilia.eu\/wp-content\/uploads\/2015\/03\/sellos-productos-02-300x60.jpg 300w\" sizes=\"auto, (max-width: 400px) 100vw, 400px\" \/><\/p>\n","protected":false},"featured_media":5003,"comment_status":"open","ping_status":"closed","template":"","meta":{"inline_featured_image":false},"product_brand":[],"product_cat":[115],"product_tag":[],"class_list":{"0":"post-3669","1":"product","2":"type-product","3":"status-publish","4":"has-post-thumbnail","6":"product_cat-hydratation-du-visage","8":"first","9":"instock","10":"taxable","11":"shipping-taxable","12":"purchasable","13":"product-type-simple"},"yoast_head":"<!-- This site is optimized with the Yoast SEO plugin v27.3 - https:\/\/yoast.com\/product\/yoast-seo-wordpress\/ -->\n<title>Creme pour peaux grasses - Abilia Cosm\u00e9tique Naturelle<\/title>\n<meta name=\"description\" content=\"La cr\u00e8me pour peaux grasses \u00e9limine l&#039;acn\u00e9, les points noirs et les boutons. R\u00e9duit la production de graisse et ferme les pores.\" \/>\n<meta name=\"robots\" content=\"index, follow, max-snippet:-1, max-image-preview:large, max-video-preview:-1\" \/>\n<link rel=\"canonical\" href=\"https:\/\/abilia.eu\/fr\/produit\/creme-pour-peaux-grasses\/\" \/>\n<meta property=\"og:locale\" content=\"fr_FR\" \/>\n<meta property=\"og:type\" content=\"article\" \/>\n<meta property=\"og:title\" content=\"Creme pour peaux grasses - Abilia Cosm\u00e9tique Naturelle\" \/>\n<meta property=\"og:description\" content=\"La cr\u00e8me pour peaux grasses \u00e9limine l&#039;acn\u00e9, les points noirs et les boutons. R\u00e9duit la production de graisse et ferme les pores.\" \/>\n<meta property=\"og:url\" content=\"https:\/\/abilia.eu\/fr\/produit\/creme-pour-peaux-grasses\/\" \/>\n<meta property=\"og:site_name\" content=\"Abilia (LAB)\" \/>\n<meta property=\"article:publisher\" content=\"https:\/\/www.facebook.com\/AbiliaCosmeticaNatural\/\" \/>\n<meta property=\"article:modified_time\" content=\"2023-01-05T20:24:51+00:00\" \/>\n<meta property=\"og:image\" content=\"https:\/\/abilia.eu\/wp-content\/uploads\/2015\/03\/Crema-Hidratante-Piel-Grasa-ABILIA-BIO-01.jpg\" \/>\n\t<meta property=\"og:image:width\" content=\"1200\" \/>\n\t<meta property=\"og:image:height\" content=\"1200\" \/>\n\t<meta property=\"og:image:type\" content=\"image\/jpeg\" \/>\n<meta name=\"twitter:card\" content=\"summary_large_image\" \/>\n<meta name=\"twitter:label1\" content=\"Dur\u00e9e de lecture estim\u00e9e\" \/>\n\t<meta name=\"twitter:data1\" content=\"2 minutes\" \/>\n<script type=\"application\/ld+json\" class=\"yoast-schema-graph\">{\"@context\":\"https:\\\/\\\/schema.org\",\"@graph\":[{\"@type\":\"WebPage\",\"@id\":\"https:\\\/\\\/abilia.eu\\\/fr\\\/produit\\\/creme-pour-peaux-grasses\\\/\",\"url\":\"https:\\\/\\\/abilia.eu\\\/fr\\\/produit\\\/creme-pour-peaux-grasses\\\/\",\"name\":\"Creme pour peaux grasses - Abilia Cosm\u00e9tique Naturelle\",\"isPartOf\":{\"@id\":\"https:\\\/\\\/abilia.eu\\\/fr\\\/#website\"},\"primaryImageOfPage\":{\"@id\":\"https:\\\/\\\/abilia.eu\\\/fr\\\/produit\\\/creme-pour-peaux-grasses\\\/#primaryimage\"},\"image\":{\"@id\":\"https:\\\/\\\/abilia.eu\\\/fr\\\/produit\\\/creme-pour-peaux-grasses\\\/#primaryimage\"},\"thumbnailUrl\":\"https:\\\/\\\/abilia.eu\\\/wp-content\\\/uploads\\\/2015\\\/03\\\/Crema-Hidratante-Piel-Grasa-ABILIA-BIO-01.jpg\",\"datePublished\":\"2015-03-05T16:37:31+00:00\",\"dateModified\":\"2023-01-05T20:24:51+00:00\",\"description\":\"La cr\u00e8me pour peaux grasses \u00e9limine l'acn\u00e9, les points noirs et les boutons. R\u00e9duit la production de graisse et ferme les pores.\",\"breadcrumb\":{\"@id\":\"https:\\\/\\\/abilia.eu\\\/fr\\\/produit\\\/creme-pour-peaux-grasses\\\/#breadcrumb\"},\"inLanguage\":\"fr-FR\",\"potentialAction\":[{\"@type\":\"ReadAction\",\"target\":[\"https:\\\/\\\/abilia.eu\\\/fr\\\/produit\\\/creme-pour-peaux-grasses\\\/\"]}]},{\"@type\":\"ImageObject\",\"inLanguage\":\"fr-FR\",\"@id\":\"https:\\\/\\\/abilia.eu\\\/fr\\\/produit\\\/creme-pour-peaux-grasses\\\/#primaryimage\",\"url\":\"https:\\\/\\\/abilia.eu\\\/wp-content\\\/uploads\\\/2015\\\/03\\\/Crema-Hidratante-Piel-Grasa-ABILIA-BIO-01.jpg\",\"contentUrl\":\"https:\\\/\\\/abilia.eu\\\/wp-content\\\/uploads\\\/2015\\\/03\\\/Crema-Hidratante-Piel-Grasa-ABILIA-BIO-01.jpg\",\"width\":1200,\"height\":1200,\"caption\":\"crema para piel grasa acne granos ecologica\"},{\"@type\":\"BreadcrumbList\",\"@id\":\"https:\\\/\\\/abilia.eu\\\/fr\\\/produit\\\/creme-pour-peaux-grasses\\\/#breadcrumb\",\"itemListElement\":[{\"@type\":\"ListItem\",\"position\":1,\"name\":\"Portada\",\"item\":\"https:\\\/\\\/abilia.eu\\\/fr\\\/\"},{\"@type\":\"ListItem\",\"position\":2,\"name\":\"Products\",\"item\":\"https:\\\/\\\/abilia.eu\\\/en\\\/shopkeeper-child-2\\\/\"},{\"@type\":\"ListItem\",\"position\":3,\"name\":\"Creme pour peaux grasses\"}]},{\"@type\":\"WebSite\",\"@id\":\"https:\\\/\\\/abilia.eu\\\/fr\\\/#website\",\"url\":\"https:\\\/\\\/abilia.eu\\\/fr\\\/\",\"name\":\"Abilia (LAB)\",\"description\":\"Cosm\u00e9tica natural\",\"publisher\":{\"@id\":\"https:\\\/\\\/abilia.eu\\\/fr\\\/#organization\"},\"potentialAction\":[{\"@type\":\"SearchAction\",\"target\":{\"@type\":\"EntryPoint\",\"urlTemplate\":\"https:\\\/\\\/abilia.eu\\\/fr\\\/?s={search_term_string}\"},\"query-input\":{\"@type\":\"PropertyValueSpecification\",\"valueRequired\":true,\"valueName\":\"search_term_string\"}}],\"inLanguage\":\"fr-FR\"},{\"@type\":\"Organization\",\"@id\":\"https:\\\/\\\/abilia.eu\\\/fr\\\/#organization\",\"name\":\"Abilia - Cosm\u00e9tica Natural\",\"url\":\"https:\\\/\\\/abilia.eu\\\/fr\\\/\",\"logo\":{\"@type\":\"ImageObject\",\"inLanguage\":\"fr-FR\",\"@id\":\"https:\\\/\\\/abilia.eu\\\/fr\\\/#\\\/schema\\\/logo\\\/image\\\/\",\"url\":\"https:\\\/\\\/abilia.eu\\\/wp-content\\\/uploads\\\/2020\\\/12\\\/abilia-logo.jpg\",\"contentUrl\":\"https:\\\/\\\/abilia.eu\\\/wp-content\\\/uploads\\\/2020\\\/12\\\/abilia-logo.jpg\",\"width\":300,\"height\":83,\"caption\":\"Abilia - Cosm\u00e9tica Natural\"},\"image\":{\"@id\":\"https:\\\/\\\/abilia.eu\\\/fr\\\/#\\\/schema\\\/logo\\\/image\\\/\"},\"sameAs\":[\"https:\\\/\\\/www.facebook.com\\\/AbiliaCosmeticaNatural\\\/\",\"https:\\\/\\\/www.instagram.com\\\/abilia.cosmetica\\\/\"]}]}<\/script>\n<!-- \/ Yoast SEO plugin. -->","yoast_head_json":{"title":"Creme pour peaux grasses - Abilia Cosm\u00e9tique Naturelle","description":"La cr\u00e8me pour peaux grasses \u00e9limine l'acn\u00e9, les points noirs et les boutons. R\u00e9duit la production de graisse et ferme les pores.","robots":{"index":"index","follow":"follow","max-snippet":"max-snippet:-1","max-image-preview":"max-image-preview:large","max-video-preview":"max-video-preview:-1"},"canonical":"https:\/\/abilia.eu\/fr\/produit\/creme-pour-peaux-grasses\/","og_locale":"fr_FR","og_type":"article","og_title":"Creme pour peaux grasses - Abilia Cosm\u00e9tique Naturelle","og_description":"La cr\u00e8me pour peaux grasses \u00e9limine l'acn\u00e9, les points noirs et les boutons. R\u00e9duit la production de graisse et ferme les pores.","og_url":"https:\/\/abilia.eu\/fr\/produit\/creme-pour-peaux-grasses\/","og_site_name":"Abilia (LAB)","article_publisher":"https:\/\/www.facebook.com\/AbiliaCosmeticaNatural\/","article_modified_time":"2023-01-05T20:24:51+00:00","og_image":[{"width":1200,"height":1200,"url":"https:\/\/abilia.eu\/wp-content\/uploads\/2015\/03\/Crema-Hidratante-Piel-Grasa-ABILIA-BIO-01.jpg","type":"image\/jpeg"}],"twitter_card":"summary_large_image","twitter_misc":{"Dur\u00e9e de lecture estim\u00e9e":"2 minutes"},"schema":{"@context":"https:\/\/schema.org","@graph":[{"@type":"WebPage","@id":"https:\/\/abilia.eu\/fr\/produit\/creme-pour-peaux-grasses\/","url":"https:\/\/abilia.eu\/fr\/produit\/creme-pour-peaux-grasses\/","name":"Creme pour peaux grasses - Abilia Cosm\u00e9tique Naturelle","isPartOf":{"@id":"https:\/\/abilia.eu\/fr\/#website"},"primaryImageOfPage":{"@id":"https:\/\/abilia.eu\/fr\/produit\/creme-pour-peaux-grasses\/#primaryimage"},"image":{"@id":"https:\/\/abilia.eu\/fr\/produit\/creme-pour-peaux-grasses\/#primaryimage"},"thumbnailUrl":"https:\/\/abilia.eu\/wp-content\/uploads\/2015\/03\/Crema-Hidratante-Piel-Grasa-ABILIA-BIO-01.jpg","datePublished":"2015-03-05T16:37:31+00:00","dateModified":"2023-01-05T20:24:51+00:00","description":"La cr\u00e8me pour peaux grasses \u00e9limine l'acn\u00e9, les points noirs et les boutons. R\u00e9duit la production de graisse et ferme les pores.","breadcrumb":{"@id":"https:\/\/abilia.eu\/fr\/produit\/creme-pour-peaux-grasses\/#breadcrumb"},"inLanguage":"fr-FR","potentialAction":[{"@type":"ReadAction","target":["https:\/\/abilia.eu\/fr\/produit\/creme-pour-peaux-grasses\/"]}]},{"@type":"ImageObject","inLanguage":"fr-FR","@id":"https:\/\/abilia.eu\/fr\/produit\/creme-pour-peaux-grasses\/#primaryimage","url":"https:\/\/abilia.eu\/wp-content\/uploads\/2015\/03\/Crema-Hidratante-Piel-Grasa-ABILIA-BIO-01.jpg","contentUrl":"https:\/\/abilia.eu\/wp-content\/uploads\/2015\/03\/Crema-Hidratante-Piel-Grasa-ABILIA-BIO-01.jpg","width":1200,"height":1200,"caption":"crema para piel grasa acne granos ecologica"},{"@type":"BreadcrumbList","@id":"https:\/\/abilia.eu\/fr\/produit\/creme-pour-peaux-grasses\/#breadcrumb","itemListElement":[{"@type":"ListItem","position":1,"name":"Portada","item":"https:\/\/abilia.eu\/fr\/"},{"@type":"ListItem","position":2,"name":"Products","item":"https:\/\/abilia.eu\/en\/shopkeeper-child-2\/"},{"@type":"ListItem","position":3,"name":"Creme pour peaux grasses"}]},{"@type":"WebSite","@id":"https:\/\/abilia.eu\/fr\/#website","url":"https:\/\/abilia.eu\/fr\/","name":"Abilia (LAB)","description":"Cosm\u00e9tica natural","publisher":{"@id":"https:\/\/abilia.eu\/fr\/#organization"},"potentialAction":[{"@type":"SearchAction","target":{"@type":"EntryPoint","urlTemplate":"https:\/\/abilia.eu\/fr\/?s={search_term_string}"},"query-input":{"@type":"PropertyValueSpecification","valueRequired":true,"valueName":"search_term_string"}}],"inLanguage":"fr-FR"},{"@type":"Organization","@id":"https:\/\/abilia.eu\/fr\/#organization","name":"Abilia - Cosm\u00e9tica Natural","url":"https:\/\/abilia.eu\/fr\/","logo":{"@type":"ImageObject","inLanguage":"fr-FR","@id":"https:\/\/abilia.eu\/fr\/#\/schema\/logo\/image\/","url":"https:\/\/abilia.eu\/wp-content\/uploads\/2020\/12\/abilia-logo.jpg","contentUrl":"https:\/\/abilia.eu\/wp-content\/uploads\/2020\/12\/abilia-logo.jpg","width":300,"height":83,"caption":"Abilia - Cosm\u00e9tica Natural"},"image":{"@id":"https:\/\/abilia.eu\/fr\/#\/schema\/logo\/image\/"},"sameAs":["https:\/\/www.facebook.com\/AbiliaCosmeticaNatural\/","https:\/\/www.instagram.com\/abilia.cosmetica\/"]}]}},"_links":{"self":[{"href":"https:\/\/abilia.eu\/fr\/wp-json\/wp\/v2\/product\/3669","targetHints":{"allow":["GET"]}}],"collection":[{"href":"https:\/\/abilia.eu\/fr\/wp-json\/wp\/v2\/product"}],"about":[{"href":"https:\/\/abilia.eu\/fr\/wp-json\/wp\/v2\/types\/product"}],"replies":[{"embeddable":true,"href":"https:\/\/abilia.eu\/fr\/wp-json\/wp\/v2\/comments?post=3669"}],"wp:featuredmedia":[{"embeddable":true,"href":"https:\/\/abilia.eu\/fr\/wp-json\/wp\/v2\/media\/5003"}],"wp:attachment":[{"href":"https:\/\/abilia.eu\/fr\/wp-json\/wp\/v2\/media?parent=3669"}],"wp:term":[{"taxonomy":"product_brand","embeddable":true,"href":"https:\/\/abilia.eu\/fr\/wp-json\/wp\/v2\/product_brand?post=3669"},{"taxonomy":"product_cat","embeddable":true,"href":"https:\/\/abilia.eu\/fr\/wp-json\/wp\/v2\/product_cat?post=3669"},{"taxonomy":"product_tag","embeddable":true,"href":"https:\/\/abilia.eu\/fr\/wp-json\/wp\/v2\/product_tag?post=3669"}],"curies":[{"name":"wp","href":"https:\/\/api.w.org\/{rel}","templated":true}]}}