{"id":3664,"date":"2015-03-05T16:38:15","date_gmt":"2015-03-05T16:38:15","guid":{"rendered":"https:\/\/lab.abilia.eu\/producto\/crema-hidratante-reguladora\/"},"modified":"2023-01-05T22:19:01","modified_gmt":"2023-01-05T22:19:01","slug":"creme-hydratante-regulatrice","status":"publish","type":"product","link":"https:\/\/abilia.eu\/fr\/produit\/creme-hydratante-regulatrice\/","title":{"rendered":"Cr\u00e8me hydratante r\u00e9gulatrice"},"content":{"rendered":"<div class=\"wpb-content-wrapper\"><p>[vc_row][vc_column][vc_column_text]<\/p>\n<h3 class=\"ARIAL\">Cr\u00e8me hydratante r\u00e9gulatrice, qu&rsquo;est-ce que c&rsquo;est ?<\/h3>\n<p class=\"ARIAL\">Notre cr\u00e8me hydratante r\u00e9gulatrice est <strong>sp\u00e9cifiquement formul\u00e9 pour les peaux mixtes<\/strong>, qui sont grasses \u00e0 certains endroits et plus s\u00e8ches \u00e0 d&rsquo;autres. Ils ont donc besoin d&rsquo;un hydratant qui puisse agir correctement dans les deux domaines. <strong>Harmoniser et \u00e9quilibrer les deux parties<\/strong>, pour nous permettre de montrer une peau homog\u00e8ne, lisse et \u00e9clatante.<\/p>\n<p class=\"ARIAL\">La cr\u00e8me hydratante r\u00e9gulatrice stimule la cr\u00e9ation de nouvelles cellules en apportant des <strong>min\u00e9raux<\/strong>, des <strong>vitamines<\/strong>, des <strong>acides amin\u00e9s<\/strong>, des <strong>acides gras<\/strong> et des <strong>enzymes<\/strong>. De l&rsquo;<a href=\"#\">aloe ver<\/a>a, du macadamia et du <a href=\"#\">jojoba<\/a>. Ces ingr\u00e9dients hydratent la peau et, avec l&rsquo;huile essentielle de <a href=\"#\">g\u00e9ranium<\/a>, ils <strong>r\u00e9gulent la couche graisseuse<\/strong>.<\/p>\n<p>La Cr\u00e8me Hydratante R\u00e9gulatrice contient des ingr\u00e9dients qui <strong>augmentent l&rsquo;\u00e9lasticit\u00e9<\/strong>, la <strong>douceur<\/strong> et la <strong>fermet\u00e9 de la peau<\/strong>. \u00a0<strong>Sa forte teneur en antioxydants ralentit le processus naturel de vieillissement<\/strong>. Il contient \u00e9galement un extrait de Salvia Sclarea efficace pour <strong>r\u00e9duire les rides et les signes de vieillissement<\/strong>. La macadamia, le <a href=\"#\">jojoba<\/a> et le soja <strong>nourrissent efficacement la peau<\/strong>.<\/p>\n<p>Les huiles essentielles de g\u00e9ranium et de sauge <strong>stabilisent le niveau d&rsquo;huile et d&rsquo;hydratation de la peau<\/strong>. Nous pouvons ainsi obtenir une <strong>peau uniforme<\/strong>, <strong>hydrat\u00e9e<\/strong>, <strong>vivante<\/strong> et <strong>non grasse<\/strong>.<\/p>\n<p>Il a un ar\u00f4me floral et gai, avec des notes de fra\u00eecheur faites \u00e0 partir des huiles essentielles de <a href=\"#\">G\u00e9ranium<\/a>, Palmarosa, <a href=\"#\">Lavande<\/a> et <a href=\"#\">Romarin<\/a> d&rsquo;origine naturelle et biologique.<\/p>\n<h3 class=\"ARIAL\">Comment utiliser la cr\u00e8me hydratante r\u00e9gulatrice ?<\/h3>\n<p class=\"ARIAL\">Comme il s&rsquo;agit d&rsquo;une cr\u00e8me de jour, elle peut \u00eatre appliqu\u00e9e \u00e0 tout moment. Il est conseill\u00e9 de nettoyer le visage avec un savon exfoliant ou de l&rsquo;eau avant utilisation. R\u00e9partissez la quantit\u00e9 n\u00e9cessaire pour couvrir toute la surface. Appliquer en cercles de l&rsquo;int\u00e9rieur vers l&rsquo;ext\u00e9rieur. Laissez-vous impr\u00e9gner compl\u00e8tement. La meilleure strat\u00e9gie pour obtenir des <strong>r\u00e9sultats tangibles<\/strong> est d&rsquo;appliquer la cr\u00e8me quotidiennement et de fa\u00e7on continue.<\/p>\n<h3 class=\"ARIAL\"><strong>Conseil<\/strong><\/h3>\n<p class=\"ARIAL\">Pour un soin total de la peau, nous recommandons de l&rsquo;utiliser en conjonction avec notre <a href=\"#\">cr\u00e8me anti-\u00e2ge<\/a>. Il est \u00e9galement important de renforcer le soin des rides persistantes avec notre <a href=\"#\">s\u00e9rum pour les yeux et les l\u00e8vres<\/a>. Pour un nettoyage plus pouss\u00e9 du visage, nous vous recommandons d&rsquo;utiliser notre <a href=\"#\">Savon Exfoliant<\/a> et notre Tonique \u00e0 l&rsquo;<a href=\"#\">Eau de Rose<\/a>.<\/p>\n<h3 class=\"subcategoria\"><span lang=\"es-trad\" xml:lang=\"es-trad\">Avec des ingr\u00e9dients certifi\u00e9s biologiques:<\/span><\/h3>\n<p class=\"ARIAL\">Notre formule originale est bas\u00e9e sur des ingr\u00e9dients naturels issus de l&rsquo;agriculture biologique certifi\u00e9e.<\/p>\n<p><a href=\"https:\/\/acenecertificacion.com\/certificacion-ecologica\/\">\u00bb Plus d&rsquo;informations (ACENE)<\/a><\/p>\n<p><strong>INCI<\/strong><\/p>\n<p>Aloe barbadensis Leaf Juice*, Cetearyl Alcohol, Macadamia ternifolia Seed Oil, Glyceryl Stearate SE, Glycerin*, Hemp Seed Oil, Simmondsia chinensis Seed Oil*, Lavandula angustifolia Oil*, Rosmarinus officinalis Leaf Oil*, Pelargonium graveolens Flower Oil*, Cymbopogon martini Herb Oil*, Salvia sclarea Extract*, Tocopherol, Tocopheryl Acetate, Hydrolyzed Jojoba Esters, Propanediol, Cetearyl Glucoside, Aqua, Xanthan Gum, Phytic Acid, Benzyl Alcohol, Glyceryl Caprylate, Glyceryl Undecylenate, Potassium Sorbate, Sodium Benzoate, Linalool, Geraniol, Limonene, Citronellol, Citral.<\/p>\n<p><strong>*Ingr\u00e9dients issus de l&rsquo;agriculture biologique.<\/strong><\/p>\n<p class=\"ARIAL\"><strong><span lang=\"es-trad\" xml:lang=\"es-trad\">Pas de parabens. Pas de colorants. Non test\u00e9 sur les animaux. \u00a050 ml<\/span><\/strong><\/p>\n<p class=\"ARIAL\"><a href=\"https:\/\/abilia.eu\/ingredientes\/\">Voir plus d&rsquo;ingr\u00e9dients cosm\u00e9tiques naturels.<\/a><\/p>\n<p>[\/vc_column_text][\/vc_column][\/vc_row]<\/p>\n<\/div>","protected":false},"excerpt":{"rendered":"<p>Cr\u00e8me de jour pour le visage, id\u00e9ale pour les peaux mixtes. Ses ingr\u00e9dients \u00e9quilibrent l&rsquo;hydratation, la nutrition et la couche graisseuse des peaux mixtes. Ils stimulent la cr\u00e9ation de nouvelles cellules. Elle apporte \u00e9lasticit\u00e9 et vivacit\u00e9 \u00e0 la peau. Apr\u00e8s une utilisation continue, l&rsquo;action de ses ingr\u00e9dients montre une peau uniforme. Hydratation des parties les plus s\u00e8ches et r\u00e9duction du s\u00e9bum dans les zones huileuses.<\/p>\n<p>Formul\u00e9 avec de l&rsquo;Aloe Vera, du Jojoba, du Macadamia et de l&rsquo;extrait de Sauge.<\/p>\n<p><img loading=\"lazy\" decoding=\"async\" class=\"alignnone size-full wp-image-3396\" src=\"https:\/\/abilia.eu\/wp-content\/uploads\/2015\/03\/sellos-productos-03.jpg\" alt=\"\" width=\"400\" height=\"80\" srcset=\"https:\/\/abilia.eu\/wp-content\/uploads\/2015\/03\/sellos-productos-03.jpg 400w, https:\/\/abilia.eu\/wp-content\/uploads\/2015\/03\/sellos-productos-03-300x60.jpg 300w\" sizes=\"auto, (max-width: 400px) 100vw, 400px\" \/><\/p>\n","protected":false},"featured_media":4991,"comment_status":"open","ping_status":"closed","template":"","meta":{"inline_featured_image":false},"product_brand":[],"product_cat":[115],"product_tag":[],"class_list":{"0":"post-3664","1":"product","2":"type-product","3":"status-publish","4":"has-post-thumbnail","6":"product_cat-hydratation-du-visage","8":"first","9":"instock","10":"taxable","11":"shipping-taxable","12":"purchasable","13":"product-type-simple"},"yoast_head":"<!-- This site is optimized with the Yoast SEO plugin v27.3 - https:\/\/yoast.com\/product\/yoast-seo-wordpress\/ -->\n<title>Cr\u00e8me hydratante r\u00e9gulatrice - Abilia Cosm\u00e9tiques Naturels<\/title>\n<meta name=\"description\" content=\"Cr\u00e8me de jour pour le visage, id\u00e9ale pour les peaux mixtes. Ses ingr\u00e9dients \u00e9quilibrent l&#039;hydratation, la nutrition et la couche graisseuse des peaux mixtes.\" \/>\n<meta name=\"robots\" content=\"index, follow, max-snippet:-1, max-image-preview:large, max-video-preview:-1\" \/>\n<link rel=\"canonical\" href=\"https:\/\/abilia.eu\/fr\/produit\/creme-hydratante-regulatrice\/\" \/>\n<meta property=\"og:locale\" content=\"fr_FR\" \/>\n<meta property=\"og:type\" content=\"article\" \/>\n<meta property=\"og:title\" content=\"Cr\u00e8me hydratante r\u00e9gulatrice - Abilia Cosm\u00e9tiques Naturels\" \/>\n<meta property=\"og:description\" content=\"Cr\u00e8me de jour pour le visage, id\u00e9ale pour les peaux mixtes. Ses ingr\u00e9dients \u00e9quilibrent l&#039;hydratation, la nutrition et la couche graisseuse des peaux mixtes.\" \/>\n<meta property=\"og:url\" content=\"https:\/\/abilia.eu\/fr\/produit\/creme-hydratante-regulatrice\/\" \/>\n<meta property=\"og:site_name\" content=\"Abilia (LAB)\" \/>\n<meta property=\"article:publisher\" content=\"https:\/\/www.facebook.com\/AbiliaCosmeticaNatural\/\" \/>\n<meta property=\"article:modified_time\" content=\"2023-01-05T22:19:01+00:00\" \/>\n<meta property=\"og:image\" content=\"https:\/\/abilia.eu\/wp-content\/uploads\/2015\/03\/Crema-Hidratante-Reguladora-ABILIA-BIO-01.jpg\" \/>\n\t<meta property=\"og:image:width\" content=\"1200\" \/>\n\t<meta property=\"og:image:height\" content=\"1200\" \/>\n\t<meta property=\"og:image:type\" content=\"image\/jpeg\" \/>\n<meta name=\"twitter:card\" content=\"summary_large_image\" \/>\n<meta name=\"twitter:label1\" content=\"Dur\u00e9e de lecture estim\u00e9e\" \/>\n\t<meta name=\"twitter:data1\" content=\"3 minutes\" \/>\n<script type=\"application\/ld+json\" class=\"yoast-schema-graph\">{\"@context\":\"https:\\\/\\\/schema.org\",\"@graph\":[{\"@type\":\"WebPage\",\"@id\":\"https:\\\/\\\/abilia.eu\\\/fr\\\/produit\\\/creme-hydratante-regulatrice\\\/\",\"url\":\"https:\\\/\\\/abilia.eu\\\/fr\\\/produit\\\/creme-hydratante-regulatrice\\\/\",\"name\":\"Cr\u00e8me hydratante r\u00e9gulatrice - Abilia Cosm\u00e9tiques Naturels\",\"isPartOf\":{\"@id\":\"https:\\\/\\\/abilia.eu\\\/fr\\\/#website\"},\"primaryImageOfPage\":{\"@id\":\"https:\\\/\\\/abilia.eu\\\/fr\\\/produit\\\/creme-hydratante-regulatrice\\\/#primaryimage\"},\"image\":{\"@id\":\"https:\\\/\\\/abilia.eu\\\/fr\\\/produit\\\/creme-hydratante-regulatrice\\\/#primaryimage\"},\"thumbnailUrl\":\"https:\\\/\\\/abilia.eu\\\/wp-content\\\/uploads\\\/2015\\\/03\\\/Crema-Hidratante-Reguladora-ABILIA-BIO-01.jpg\",\"datePublished\":\"2015-03-05T16:38:15+00:00\",\"dateModified\":\"2023-01-05T22:19:01+00:00\",\"description\":\"Cr\u00e8me de jour pour le visage, id\u00e9ale pour les peaux mixtes. Ses ingr\u00e9dients \u00e9quilibrent l'hydratation, la nutrition et la couche graisseuse des peaux mixtes.\",\"breadcrumb\":{\"@id\":\"https:\\\/\\\/abilia.eu\\\/fr\\\/produit\\\/creme-hydratante-regulatrice\\\/#breadcrumb\"},\"inLanguage\":\"fr-FR\",\"potentialAction\":[{\"@type\":\"ReadAction\",\"target\":[\"https:\\\/\\\/abilia.eu\\\/fr\\\/produit\\\/creme-hydratante-regulatrice\\\/\"]}]},{\"@type\":\"ImageObject\",\"inLanguage\":\"fr-FR\",\"@id\":\"https:\\\/\\\/abilia.eu\\\/fr\\\/produit\\\/creme-hydratante-regulatrice\\\/#primaryimage\",\"url\":\"https:\\\/\\\/abilia.eu\\\/wp-content\\\/uploads\\\/2015\\\/03\\\/Crema-Hidratante-Reguladora-ABILIA-BIO-01.jpg\",\"contentUrl\":\"https:\\\/\\\/abilia.eu\\\/wp-content\\\/uploads\\\/2015\\\/03\\\/Crema-Hidratante-Reguladora-ABILIA-BIO-01.jpg\",\"width\":1200,\"height\":1200,\"caption\":\"crema hidratante piel mixta ecologica\"},{\"@type\":\"BreadcrumbList\",\"@id\":\"https:\\\/\\\/abilia.eu\\\/fr\\\/produit\\\/creme-hydratante-regulatrice\\\/#breadcrumb\",\"itemListElement\":[{\"@type\":\"ListItem\",\"position\":1,\"name\":\"Portada\",\"item\":\"https:\\\/\\\/abilia.eu\\\/fr\\\/\"},{\"@type\":\"ListItem\",\"position\":2,\"name\":\"Products\",\"item\":\"https:\\\/\\\/abilia.eu\\\/en\\\/shopkeeper-child-2\\\/\"},{\"@type\":\"ListItem\",\"position\":3,\"name\":\"Cr\u00e8me hydratante r\u00e9gulatrice\"}]},{\"@type\":\"WebSite\",\"@id\":\"https:\\\/\\\/abilia.eu\\\/fr\\\/#website\",\"url\":\"https:\\\/\\\/abilia.eu\\\/fr\\\/\",\"name\":\"Abilia (LAB)\",\"description\":\"Cosm\u00e9tica natural\",\"publisher\":{\"@id\":\"https:\\\/\\\/abilia.eu\\\/fr\\\/#organization\"},\"potentialAction\":[{\"@type\":\"SearchAction\",\"target\":{\"@type\":\"EntryPoint\",\"urlTemplate\":\"https:\\\/\\\/abilia.eu\\\/fr\\\/?s={search_term_string}\"},\"query-input\":{\"@type\":\"PropertyValueSpecification\",\"valueRequired\":true,\"valueName\":\"search_term_string\"}}],\"inLanguage\":\"fr-FR\"},{\"@type\":\"Organization\",\"@id\":\"https:\\\/\\\/abilia.eu\\\/fr\\\/#organization\",\"name\":\"Abilia - Cosm\u00e9tica Natural\",\"url\":\"https:\\\/\\\/abilia.eu\\\/fr\\\/\",\"logo\":{\"@type\":\"ImageObject\",\"inLanguage\":\"fr-FR\",\"@id\":\"https:\\\/\\\/abilia.eu\\\/fr\\\/#\\\/schema\\\/logo\\\/image\\\/\",\"url\":\"https:\\\/\\\/abilia.eu\\\/wp-content\\\/uploads\\\/2020\\\/12\\\/abilia-logo.jpg\",\"contentUrl\":\"https:\\\/\\\/abilia.eu\\\/wp-content\\\/uploads\\\/2020\\\/12\\\/abilia-logo.jpg\",\"width\":300,\"height\":83,\"caption\":\"Abilia - Cosm\u00e9tica Natural\"},\"image\":{\"@id\":\"https:\\\/\\\/abilia.eu\\\/fr\\\/#\\\/schema\\\/logo\\\/image\\\/\"},\"sameAs\":[\"https:\\\/\\\/www.facebook.com\\\/AbiliaCosmeticaNatural\\\/\",\"https:\\\/\\\/www.instagram.com\\\/abilia.cosmetica\\\/\"]}]}<\/script>\n<!-- \/ Yoast SEO plugin. -->","yoast_head_json":{"title":"Cr\u00e8me hydratante r\u00e9gulatrice - Abilia Cosm\u00e9tiques Naturels","description":"Cr\u00e8me de jour pour le visage, id\u00e9ale pour les peaux mixtes. Ses ingr\u00e9dients \u00e9quilibrent l'hydratation, la nutrition et la couche graisseuse des peaux mixtes.","robots":{"index":"index","follow":"follow","max-snippet":"max-snippet:-1","max-image-preview":"max-image-preview:large","max-video-preview":"max-video-preview:-1"},"canonical":"https:\/\/abilia.eu\/fr\/produit\/creme-hydratante-regulatrice\/","og_locale":"fr_FR","og_type":"article","og_title":"Cr\u00e8me hydratante r\u00e9gulatrice - Abilia Cosm\u00e9tiques Naturels","og_description":"Cr\u00e8me de jour pour le visage, id\u00e9ale pour les peaux mixtes. Ses ingr\u00e9dients \u00e9quilibrent l'hydratation, la nutrition et la couche graisseuse des peaux mixtes.","og_url":"https:\/\/abilia.eu\/fr\/produit\/creme-hydratante-regulatrice\/","og_site_name":"Abilia (LAB)","article_publisher":"https:\/\/www.facebook.com\/AbiliaCosmeticaNatural\/","article_modified_time":"2023-01-05T22:19:01+00:00","og_image":[{"width":1200,"height":1200,"url":"https:\/\/abilia.eu\/wp-content\/uploads\/2015\/03\/Crema-Hidratante-Reguladora-ABILIA-BIO-01.jpg","type":"image\/jpeg"}],"twitter_card":"summary_large_image","twitter_misc":{"Dur\u00e9e de lecture estim\u00e9e":"3 minutes"},"schema":{"@context":"https:\/\/schema.org","@graph":[{"@type":"WebPage","@id":"https:\/\/abilia.eu\/fr\/produit\/creme-hydratante-regulatrice\/","url":"https:\/\/abilia.eu\/fr\/produit\/creme-hydratante-regulatrice\/","name":"Cr\u00e8me hydratante r\u00e9gulatrice - Abilia Cosm\u00e9tiques Naturels","isPartOf":{"@id":"https:\/\/abilia.eu\/fr\/#website"},"primaryImageOfPage":{"@id":"https:\/\/abilia.eu\/fr\/produit\/creme-hydratante-regulatrice\/#primaryimage"},"image":{"@id":"https:\/\/abilia.eu\/fr\/produit\/creme-hydratante-regulatrice\/#primaryimage"},"thumbnailUrl":"https:\/\/abilia.eu\/wp-content\/uploads\/2015\/03\/Crema-Hidratante-Reguladora-ABILIA-BIO-01.jpg","datePublished":"2015-03-05T16:38:15+00:00","dateModified":"2023-01-05T22:19:01+00:00","description":"Cr\u00e8me de jour pour le visage, id\u00e9ale pour les peaux mixtes. Ses ingr\u00e9dients \u00e9quilibrent l'hydratation, la nutrition et la couche graisseuse des peaux mixtes.","breadcrumb":{"@id":"https:\/\/abilia.eu\/fr\/produit\/creme-hydratante-regulatrice\/#breadcrumb"},"inLanguage":"fr-FR","potentialAction":[{"@type":"ReadAction","target":["https:\/\/abilia.eu\/fr\/produit\/creme-hydratante-regulatrice\/"]}]},{"@type":"ImageObject","inLanguage":"fr-FR","@id":"https:\/\/abilia.eu\/fr\/produit\/creme-hydratante-regulatrice\/#primaryimage","url":"https:\/\/abilia.eu\/wp-content\/uploads\/2015\/03\/Crema-Hidratante-Reguladora-ABILIA-BIO-01.jpg","contentUrl":"https:\/\/abilia.eu\/wp-content\/uploads\/2015\/03\/Crema-Hidratante-Reguladora-ABILIA-BIO-01.jpg","width":1200,"height":1200,"caption":"crema hidratante piel mixta ecologica"},{"@type":"BreadcrumbList","@id":"https:\/\/abilia.eu\/fr\/produit\/creme-hydratante-regulatrice\/#breadcrumb","itemListElement":[{"@type":"ListItem","position":1,"name":"Portada","item":"https:\/\/abilia.eu\/fr\/"},{"@type":"ListItem","position":2,"name":"Products","item":"https:\/\/abilia.eu\/en\/shopkeeper-child-2\/"},{"@type":"ListItem","position":3,"name":"Cr\u00e8me hydratante r\u00e9gulatrice"}]},{"@type":"WebSite","@id":"https:\/\/abilia.eu\/fr\/#website","url":"https:\/\/abilia.eu\/fr\/","name":"Abilia (LAB)","description":"Cosm\u00e9tica natural","publisher":{"@id":"https:\/\/abilia.eu\/fr\/#organization"},"potentialAction":[{"@type":"SearchAction","target":{"@type":"EntryPoint","urlTemplate":"https:\/\/abilia.eu\/fr\/?s={search_term_string}"},"query-input":{"@type":"PropertyValueSpecification","valueRequired":true,"valueName":"search_term_string"}}],"inLanguage":"fr-FR"},{"@type":"Organization","@id":"https:\/\/abilia.eu\/fr\/#organization","name":"Abilia - Cosm\u00e9tica Natural","url":"https:\/\/abilia.eu\/fr\/","logo":{"@type":"ImageObject","inLanguage":"fr-FR","@id":"https:\/\/abilia.eu\/fr\/#\/schema\/logo\/image\/","url":"https:\/\/abilia.eu\/wp-content\/uploads\/2020\/12\/abilia-logo.jpg","contentUrl":"https:\/\/abilia.eu\/wp-content\/uploads\/2020\/12\/abilia-logo.jpg","width":300,"height":83,"caption":"Abilia - Cosm\u00e9tica Natural"},"image":{"@id":"https:\/\/abilia.eu\/fr\/#\/schema\/logo\/image\/"},"sameAs":["https:\/\/www.facebook.com\/AbiliaCosmeticaNatural\/","https:\/\/www.instagram.com\/abilia.cosmetica\/"]}]}},"_links":{"self":[{"href":"https:\/\/abilia.eu\/fr\/wp-json\/wp\/v2\/product\/3664","targetHints":{"allow":["GET"]}}],"collection":[{"href":"https:\/\/abilia.eu\/fr\/wp-json\/wp\/v2\/product"}],"about":[{"href":"https:\/\/abilia.eu\/fr\/wp-json\/wp\/v2\/types\/product"}],"replies":[{"embeddable":true,"href":"https:\/\/abilia.eu\/fr\/wp-json\/wp\/v2\/comments?post=3664"}],"wp:featuredmedia":[{"embeddable":true,"href":"https:\/\/abilia.eu\/fr\/wp-json\/wp\/v2\/media\/4991"}],"wp:attachment":[{"href":"https:\/\/abilia.eu\/fr\/wp-json\/wp\/v2\/media?parent=3664"}],"wp:term":[{"taxonomy":"product_brand","embeddable":true,"href":"https:\/\/abilia.eu\/fr\/wp-json\/wp\/v2\/product_brand?post=3664"},{"taxonomy":"product_cat","embeddable":true,"href":"https:\/\/abilia.eu\/fr\/wp-json\/wp\/v2\/product_cat?post=3664"},{"taxonomy":"product_tag","embeddable":true,"href":"https:\/\/abilia.eu\/fr\/wp-json\/wp\/v2\/product_tag?post=3664"}],"curies":[{"name":"wp","href":"https:\/\/api.w.org\/{rel}","templated":true}]}}