{"id":3659,"date":"2015-03-05T16:40:39","date_gmt":"2015-03-05T16:40:39","guid":{"rendered":"https:\/\/lab.abilia.eu\/producto\/crema-hidratante-intensiva-calendula\/"},"modified":"2022-07-16T06:01:26","modified_gmt":"2022-07-16T06:01:26","slug":"creme-hydratante-intense-a-la-fleur-de-souci","status":"publish","type":"product","link":"https:\/\/abilia.eu\/fr\/produit\/creme-hydratante-intense-a-la-fleur-de-souci\/","title":{"rendered":"Creme hydratante intense a la fleur de souci"},"content":{"rendered":"<div class=\"wpb-content-wrapper\"><p>[vc_row][vc_column][vc_column_text]<\/p>\n<h3>Qu\u2019est-ce?<\/h3>\n<p>La Cr\u00e8me Hydratante Intense \u00e0 la Fleur de Souci est une cr\u00e8me de jour qui hydrate en profondeur. Elle restaure l\u2019hydratation des peaux les plus s\u00e8ches gr\u00e2ce \u00e0 ses ingr\u00e9dients : la fleur de souci, le beurre de karit\u00e9, l\u2019huile d\u2019argan et d\u2019avocat. La fleur de souci et le beurre de karit\u00e9 rehaussent la luminosit\u00e9 de la peau, r\u00e9g\u00e9n\u00e8rent les tissus et donnent aux peaux les plus s\u00e8ches une texture plus douce. Ils aident \u00e9galement \u00e0 am\u00e9liorer l\u2019\u00e9lasticit\u00e9 et la fermet\u00e9 de la peau gr\u00e2ce \u00e0 leurs propri\u00e9t\u00e9s nourrissantes. L\u2019huile d\u2019argan et d\u2019avocat, en plus de leurs capacit\u00e9s nourrissantes, contiennent de hauts niveaux d\u2019antioxydants. Chacun d\u2019eux aide \u00e0 pr\u00e9venir le vieillissement pr\u00e9matur\u00e9 de la peau.<\/p>\n<h3>Comment l&rsquo;utiliser<\/h3>\n<p>Cette cr\u00e8me de jour peut \u00eatre appliqu\u00e9e \u00e0 tout moment. Nous recommandons le nettoyage pr\u00e9alable de la peau avec notre savon exfoliant et de l\u2019eau. Couvrez l\u2019int\u00e9gralit\u00e9 de votre visage avec autant de cr\u00e8me que n\u00e9cessaire. En utilisant des mouvements circulaires, faites p\u00e9n\u00e9trer la cr\u00e8me, en allant vers l\u2019ext\u00e9rieur pour une absorption totale. Ne lavez pas votre visage apr\u00e8s application.<\/p>\n<h3>Conseil<\/h3>\n<p>Pour une routine de soin de peau plus compl\u00e8te, nous recommandons que vous utilisiez cette cr\u00e8me avec notre Cr\u00e8me Anti-\u00e2ge, notre Savon Exfoliant et notre Tonique d\u2019Eau de Rose. Afin de contrer les rides efficacement, utilisez-la avec le S\u00e9rum pour Yeux et L\u00e8vres.<\/p>\n<h3>Ingr\u00e9dients<\/h3>\n<p>Lavandula angustifolia Flower Water*, Butyrospermum Parkii Butter*, Glyceryl Stearate SE, Cetyl Palmitate, Cetearyl Alcohol, Olea europaea Fruit Oil*, Persea gratissima Oil*, Glycerin*, Aqua, Squalane, Calendula officinalis Flower Extract*, Hydrolyzed Jojoba Esters, Argania spinosa kernel Oil*, Lavandula angustifolia Oil*, Rosmarinus officinalis Leaf Oil*, Hemp Seed Oil, Citrus aurantium bergamia Peel Oil, Cananga odorata Flower Oil, Ascorbyl Palmitate, Cetearyl Glucoside, Xanthan Gum, Phytic Acid, Tocopheryl Acetate, Glyceryl Caprylate, Glyceryl Undecylenate, Benzyl Alcohol, Potassium Sorbate, Sodium Benzoate, Linalool, Limonene, Benzyl Benzoate, Benzyl Salicylate, Geraniol, Farnesol, Citral.<\/p>\n<p>*Ingr\u00e9dients provenant de l\u2019agriculture organique certifi\u00e9e[\/vc_column_text][\/vc_column][\/vc_row]<\/p>\n<\/div>","protected":false},"excerpt":{"rendered":"<p>Une cr\u00e8me de jour avec une haute capacit\u00e9 d\u2019hydratation. Les peaux ab\u00eem\u00e9es ont besoin de r\u00e9paration avec l\u2019aide d\u2019une hydratation intense. Cette cr\u00e8me restaure le niveau d\u2019hydratation ad\u00e9quat pour les peaux s\u00e8ches. La fleur de souci, le beurre de karit\u00e9, l\u2019huile d\u2019argan et l\u2019huile d\u2019avocat apportent un grand pouvoir hydratant. La cr\u00e8me pr\u00e9vient le vieillissement naturel et r\u00e9tablit la luminosit\u00e9 naturelle de la peau.<\/p>\n<p>Peau tr\u00e8s s\u00e8che, m\u00fbre, terne ayant besoin d\u2019une hydratation et d\u2019une nutrition compl\u00e8tes.<\/p>\n<p><img loading=\"lazy\" decoding=\"async\" class=\"alignnone size-full wp-image-3400\" src=\"https:\/\/abilia.eu\/wp-content\/uploads\/2016\/02\/sellos-productos-04.jpg\" alt=\"\" width=\"400\" height=\"80\" srcset=\"https:\/\/abilia.eu\/wp-content\/uploads\/2016\/02\/sellos-productos-04.jpg 400w, https:\/\/abilia.eu\/wp-content\/uploads\/2016\/02\/sellos-productos-04-300x60.jpg 300w\" sizes=\"auto, (max-width: 400px) 100vw, 400px\" \/><\/p>\n","protected":false},"featured_media":4979,"comment_status":"open","ping_status":"closed","template":"","meta":{"inline_featured_image":false},"product_brand":[],"product_cat":[115],"product_tag":[],"class_list":{"0":"post-3659","1":"product","2":"type-product","3":"status-publish","4":"has-post-thumbnail","6":"product_cat-hydratation-du-visage","8":"first","9":"instock","10":"taxable","11":"shipping-taxable","12":"purchasable","13":"product-type-simple"},"yoast_head":"<!-- This site is optimized with the Yoast SEO plugin v27.3 - https:\/\/yoast.com\/product\/yoast-seo-wordpress\/ -->\n<title>Creme hydratante intense a la fleur de souci - Abilia Cosm\u00e9tique Naturelle<\/title>\n<meta name=\"description\" content=\"Cr\u00e8me hydratante intense a la fleur de souci id\u00e9ale pour les peaux tr\u00e8s s\u00e8ches et ab\u00eem\u00e9es. Restaure l&#039;hydratation, nourrit intens\u00e9ment.\" \/>\n<meta name=\"robots\" content=\"index, follow, max-snippet:-1, max-image-preview:large, max-video-preview:-1\" \/>\n<link rel=\"canonical\" href=\"https:\/\/abilia.eu\/fr\/produit\/creme-hydratante-intense-a-la-fleur-de-souci\/\" \/>\n<meta property=\"og:locale\" content=\"fr_FR\" \/>\n<meta property=\"og:type\" content=\"article\" \/>\n<meta property=\"og:title\" content=\"Creme hydratante intense a la fleur de souci - Abilia Cosm\u00e9tique Naturelle\" \/>\n<meta property=\"og:description\" content=\"Cr\u00e8me hydratante intense a la fleur de souci id\u00e9ale pour les peaux tr\u00e8s s\u00e8ches et ab\u00eem\u00e9es. Restaure l&#039;hydratation, nourrit intens\u00e9ment.\" \/>\n<meta property=\"og:url\" content=\"https:\/\/abilia.eu\/fr\/produit\/creme-hydratante-intense-a-la-fleur-de-souci\/\" \/>\n<meta property=\"og:site_name\" content=\"Abilia (LAB)\" \/>\n<meta property=\"article:publisher\" content=\"https:\/\/www.facebook.com\/AbiliaCosmeticaNatural\/\" \/>\n<meta property=\"article:modified_time\" content=\"2022-07-16T06:01:26+00:00\" \/>\n<meta property=\"og:image\" content=\"https:\/\/abilia.eu\/wp-content\/uploads\/2015\/03\/Crema-Hidratante-Intensiva-ABILIA-BIO-01.jpg\" \/>\n\t<meta property=\"og:image:width\" content=\"1200\" \/>\n\t<meta property=\"og:image:height\" content=\"1200\" \/>\n\t<meta property=\"og:image:type\" content=\"image\/jpeg\" \/>\n<meta name=\"twitter:card\" content=\"summary_large_image\" \/>\n<meta name=\"twitter:label1\" content=\"Dur\u00e9e de lecture estim\u00e9e\" \/>\n\t<meta name=\"twitter:data1\" content=\"2 minutes\" \/>\n<script type=\"application\/ld+json\" class=\"yoast-schema-graph\">{\"@context\":\"https:\\\/\\\/schema.org\",\"@graph\":[{\"@type\":\"WebPage\",\"@id\":\"https:\\\/\\\/abilia.eu\\\/fr\\\/produit\\\/creme-hydratante-intense-a-la-fleur-de-souci\\\/\",\"url\":\"https:\\\/\\\/abilia.eu\\\/fr\\\/produit\\\/creme-hydratante-intense-a-la-fleur-de-souci\\\/\",\"name\":\"Creme hydratante intense a la fleur de souci - Abilia Cosm\u00e9tique Naturelle\",\"isPartOf\":{\"@id\":\"https:\\\/\\\/abilia.eu\\\/fr\\\/#website\"},\"primaryImageOfPage\":{\"@id\":\"https:\\\/\\\/abilia.eu\\\/fr\\\/produit\\\/creme-hydratante-intense-a-la-fleur-de-souci\\\/#primaryimage\"},\"image\":{\"@id\":\"https:\\\/\\\/abilia.eu\\\/fr\\\/produit\\\/creme-hydratante-intense-a-la-fleur-de-souci\\\/#primaryimage\"},\"thumbnailUrl\":\"https:\\\/\\\/abilia.eu\\\/wp-content\\\/uploads\\\/2015\\\/03\\\/Crema-Hidratante-Intensiva-ABILIA-BIO-01.jpg\",\"datePublished\":\"2015-03-05T16:40:39+00:00\",\"dateModified\":\"2022-07-16T06:01:26+00:00\",\"description\":\"Cr\u00e8me hydratante intense a la fleur de souci id\u00e9ale pour les peaux tr\u00e8s s\u00e8ches et ab\u00eem\u00e9es. Restaure l'hydratation, nourrit intens\u00e9ment.\",\"breadcrumb\":{\"@id\":\"https:\\\/\\\/abilia.eu\\\/fr\\\/produit\\\/creme-hydratante-intense-a-la-fleur-de-souci\\\/#breadcrumb\"},\"inLanguage\":\"fr-FR\",\"potentialAction\":[{\"@type\":\"ReadAction\",\"target\":[\"https:\\\/\\\/abilia.eu\\\/fr\\\/produit\\\/creme-hydratante-intense-a-la-fleur-de-souci\\\/\"]}]},{\"@type\":\"ImageObject\",\"inLanguage\":\"fr-FR\",\"@id\":\"https:\\\/\\\/abilia.eu\\\/fr\\\/produit\\\/creme-hydratante-intense-a-la-fleur-de-souci\\\/#primaryimage\",\"url\":\"https:\\\/\\\/abilia.eu\\\/wp-content\\\/uploads\\\/2015\\\/03\\\/Crema-Hidratante-Intensiva-ABILIA-BIO-01.jpg\",\"contentUrl\":\"https:\\\/\\\/abilia.eu\\\/wp-content\\\/uploads\\\/2015\\\/03\\\/Crema-Hidratante-Intensiva-ABILIA-BIO-01.jpg\",\"width\":1200,\"height\":1200,\"caption\":\"crema hidratante intensiva natural\"},{\"@type\":\"BreadcrumbList\",\"@id\":\"https:\\\/\\\/abilia.eu\\\/fr\\\/produit\\\/creme-hydratante-intense-a-la-fleur-de-souci\\\/#breadcrumb\",\"itemListElement\":[{\"@type\":\"ListItem\",\"position\":1,\"name\":\"Portada\",\"item\":\"https:\\\/\\\/abilia.eu\\\/fr\\\/\"},{\"@type\":\"ListItem\",\"position\":2,\"name\":\"Products\",\"item\":\"https:\\\/\\\/abilia.eu\\\/en\\\/shopkeeper-child-2\\\/\"},{\"@type\":\"ListItem\",\"position\":3,\"name\":\"Creme hydratante intense a la fleur de souci\"}]},{\"@type\":\"WebSite\",\"@id\":\"https:\\\/\\\/abilia.eu\\\/fr\\\/#website\",\"url\":\"https:\\\/\\\/abilia.eu\\\/fr\\\/\",\"name\":\"Abilia (LAB)\",\"description\":\"Cosm\u00e9tica natural\",\"publisher\":{\"@id\":\"https:\\\/\\\/abilia.eu\\\/fr\\\/#organization\"},\"potentialAction\":[{\"@type\":\"SearchAction\",\"target\":{\"@type\":\"EntryPoint\",\"urlTemplate\":\"https:\\\/\\\/abilia.eu\\\/fr\\\/?s={search_term_string}\"},\"query-input\":{\"@type\":\"PropertyValueSpecification\",\"valueRequired\":true,\"valueName\":\"search_term_string\"}}],\"inLanguage\":\"fr-FR\"},{\"@type\":\"Organization\",\"@id\":\"https:\\\/\\\/abilia.eu\\\/fr\\\/#organization\",\"name\":\"Abilia - Cosm\u00e9tica Natural\",\"url\":\"https:\\\/\\\/abilia.eu\\\/fr\\\/\",\"logo\":{\"@type\":\"ImageObject\",\"inLanguage\":\"fr-FR\",\"@id\":\"https:\\\/\\\/abilia.eu\\\/fr\\\/#\\\/schema\\\/logo\\\/image\\\/\",\"url\":\"https:\\\/\\\/abilia.eu\\\/wp-content\\\/uploads\\\/2020\\\/12\\\/abilia-logo.jpg\",\"contentUrl\":\"https:\\\/\\\/abilia.eu\\\/wp-content\\\/uploads\\\/2020\\\/12\\\/abilia-logo.jpg\",\"width\":300,\"height\":83,\"caption\":\"Abilia - Cosm\u00e9tica Natural\"},\"image\":{\"@id\":\"https:\\\/\\\/abilia.eu\\\/fr\\\/#\\\/schema\\\/logo\\\/image\\\/\"},\"sameAs\":[\"https:\\\/\\\/www.facebook.com\\\/AbiliaCosmeticaNatural\\\/\",\"https:\\\/\\\/www.instagram.com\\\/abilia.cosmetica\\\/\"]}]}<\/script>\n<!-- \/ Yoast SEO plugin. -->","yoast_head_json":{"title":"Creme hydratante intense a la fleur de souci - Abilia Cosm\u00e9tique Naturelle","description":"Cr\u00e8me hydratante intense a la fleur de souci id\u00e9ale pour les peaux tr\u00e8s s\u00e8ches et ab\u00eem\u00e9es. Restaure l'hydratation, nourrit intens\u00e9ment.","robots":{"index":"index","follow":"follow","max-snippet":"max-snippet:-1","max-image-preview":"max-image-preview:large","max-video-preview":"max-video-preview:-1"},"canonical":"https:\/\/abilia.eu\/fr\/produit\/creme-hydratante-intense-a-la-fleur-de-souci\/","og_locale":"fr_FR","og_type":"article","og_title":"Creme hydratante intense a la fleur de souci - Abilia Cosm\u00e9tique Naturelle","og_description":"Cr\u00e8me hydratante intense a la fleur de souci id\u00e9ale pour les peaux tr\u00e8s s\u00e8ches et ab\u00eem\u00e9es. Restaure l'hydratation, nourrit intens\u00e9ment.","og_url":"https:\/\/abilia.eu\/fr\/produit\/creme-hydratante-intense-a-la-fleur-de-souci\/","og_site_name":"Abilia (LAB)","article_publisher":"https:\/\/www.facebook.com\/AbiliaCosmeticaNatural\/","article_modified_time":"2022-07-16T06:01:26+00:00","og_image":[{"width":1200,"height":1200,"url":"https:\/\/abilia.eu\/wp-content\/uploads\/2015\/03\/Crema-Hidratante-Intensiva-ABILIA-BIO-01.jpg","type":"image\/jpeg"}],"twitter_card":"summary_large_image","twitter_misc":{"Dur\u00e9e de lecture estim\u00e9e":"2 minutes"},"schema":{"@context":"https:\/\/schema.org","@graph":[{"@type":"WebPage","@id":"https:\/\/abilia.eu\/fr\/produit\/creme-hydratante-intense-a-la-fleur-de-souci\/","url":"https:\/\/abilia.eu\/fr\/produit\/creme-hydratante-intense-a-la-fleur-de-souci\/","name":"Creme hydratante intense a la fleur de souci - Abilia Cosm\u00e9tique Naturelle","isPartOf":{"@id":"https:\/\/abilia.eu\/fr\/#website"},"primaryImageOfPage":{"@id":"https:\/\/abilia.eu\/fr\/produit\/creme-hydratante-intense-a-la-fleur-de-souci\/#primaryimage"},"image":{"@id":"https:\/\/abilia.eu\/fr\/produit\/creme-hydratante-intense-a-la-fleur-de-souci\/#primaryimage"},"thumbnailUrl":"https:\/\/abilia.eu\/wp-content\/uploads\/2015\/03\/Crema-Hidratante-Intensiva-ABILIA-BIO-01.jpg","datePublished":"2015-03-05T16:40:39+00:00","dateModified":"2022-07-16T06:01:26+00:00","description":"Cr\u00e8me hydratante intense a la fleur de souci id\u00e9ale pour les peaux tr\u00e8s s\u00e8ches et ab\u00eem\u00e9es. Restaure l'hydratation, nourrit intens\u00e9ment.","breadcrumb":{"@id":"https:\/\/abilia.eu\/fr\/produit\/creme-hydratante-intense-a-la-fleur-de-souci\/#breadcrumb"},"inLanguage":"fr-FR","potentialAction":[{"@type":"ReadAction","target":["https:\/\/abilia.eu\/fr\/produit\/creme-hydratante-intense-a-la-fleur-de-souci\/"]}]},{"@type":"ImageObject","inLanguage":"fr-FR","@id":"https:\/\/abilia.eu\/fr\/produit\/creme-hydratante-intense-a-la-fleur-de-souci\/#primaryimage","url":"https:\/\/abilia.eu\/wp-content\/uploads\/2015\/03\/Crema-Hidratante-Intensiva-ABILIA-BIO-01.jpg","contentUrl":"https:\/\/abilia.eu\/wp-content\/uploads\/2015\/03\/Crema-Hidratante-Intensiva-ABILIA-BIO-01.jpg","width":1200,"height":1200,"caption":"crema hidratante intensiva natural"},{"@type":"BreadcrumbList","@id":"https:\/\/abilia.eu\/fr\/produit\/creme-hydratante-intense-a-la-fleur-de-souci\/#breadcrumb","itemListElement":[{"@type":"ListItem","position":1,"name":"Portada","item":"https:\/\/abilia.eu\/fr\/"},{"@type":"ListItem","position":2,"name":"Products","item":"https:\/\/abilia.eu\/en\/shopkeeper-child-2\/"},{"@type":"ListItem","position":3,"name":"Creme hydratante intense a la fleur de souci"}]},{"@type":"WebSite","@id":"https:\/\/abilia.eu\/fr\/#website","url":"https:\/\/abilia.eu\/fr\/","name":"Abilia (LAB)","description":"Cosm\u00e9tica natural","publisher":{"@id":"https:\/\/abilia.eu\/fr\/#organization"},"potentialAction":[{"@type":"SearchAction","target":{"@type":"EntryPoint","urlTemplate":"https:\/\/abilia.eu\/fr\/?s={search_term_string}"},"query-input":{"@type":"PropertyValueSpecification","valueRequired":true,"valueName":"search_term_string"}}],"inLanguage":"fr-FR"},{"@type":"Organization","@id":"https:\/\/abilia.eu\/fr\/#organization","name":"Abilia - Cosm\u00e9tica Natural","url":"https:\/\/abilia.eu\/fr\/","logo":{"@type":"ImageObject","inLanguage":"fr-FR","@id":"https:\/\/abilia.eu\/fr\/#\/schema\/logo\/image\/","url":"https:\/\/abilia.eu\/wp-content\/uploads\/2020\/12\/abilia-logo.jpg","contentUrl":"https:\/\/abilia.eu\/wp-content\/uploads\/2020\/12\/abilia-logo.jpg","width":300,"height":83,"caption":"Abilia - Cosm\u00e9tica Natural"},"image":{"@id":"https:\/\/abilia.eu\/fr\/#\/schema\/logo\/image\/"},"sameAs":["https:\/\/www.facebook.com\/AbiliaCosmeticaNatural\/","https:\/\/www.instagram.com\/abilia.cosmetica\/"]}]}},"_links":{"self":[{"href":"https:\/\/abilia.eu\/fr\/wp-json\/wp\/v2\/product\/3659","targetHints":{"allow":["GET"]}}],"collection":[{"href":"https:\/\/abilia.eu\/fr\/wp-json\/wp\/v2\/product"}],"about":[{"href":"https:\/\/abilia.eu\/fr\/wp-json\/wp\/v2\/types\/product"}],"replies":[{"embeddable":true,"href":"https:\/\/abilia.eu\/fr\/wp-json\/wp\/v2\/comments?post=3659"}],"wp:featuredmedia":[{"embeddable":true,"href":"https:\/\/abilia.eu\/fr\/wp-json\/wp\/v2\/media\/4979"}],"wp:attachment":[{"href":"https:\/\/abilia.eu\/fr\/wp-json\/wp\/v2\/media?parent=3659"}],"wp:term":[{"taxonomy":"product_brand","embeddable":true,"href":"https:\/\/abilia.eu\/fr\/wp-json\/wp\/v2\/product_brand?post=3659"},{"taxonomy":"product_cat","embeddable":true,"href":"https:\/\/abilia.eu\/fr\/wp-json\/wp\/v2\/product_cat?post=3659"},{"taxonomy":"product_tag","embeddable":true,"href":"https:\/\/abilia.eu\/fr\/wp-json\/wp\/v2\/product_tag?post=3659"}],"curies":[{"name":"wp","href":"https:\/\/api.w.org\/{rel}","templated":true}]}}