{"id":3653,"date":"2016-02-25T14:17:34","date_gmt":"2016-02-25T14:17:34","guid":{"rendered":"https:\/\/lab.abilia.eu\/producto\/crema-hidratante-protectora-eco\/"},"modified":"2023-01-05T22:18:58","modified_gmt":"2023-01-05T22:18:58","slug":"creme-hydratante-protectrice","status":"publish","type":"product","link":"https:\/\/abilia.eu\/fr\/produit\/creme-hydratante-protectrice\/","title":{"rendered":"Cr\u00e8me hydratante protectrice"},"content":{"rendered":"<div class=\"wpb-content-wrapper\"><p>[vc_row][vc_column][vc_column_text]<\/p>\n<h3><strong>Cr\u00e8me hydratante protectrice, qu&rsquo;est-ce que c&rsquo;est ?<\/strong><\/h3>\n<p>La Cr\u00e8me Hydratante Protectrice est id\u00e9ale pour maintenir une <strong>peau saine, lisse, lumineuse<\/strong>, prot\u00e9g\u00e9e et correctement hydrat\u00e9e. Elle <strong>pr\u00e9vient le vieillissement naturel<\/strong>, diminue l&rsquo;apparition des rides et am\u00e9liore sensiblement le teint de la peau.<\/p>\n<p>L&rsquo;<strong>huile d&rsquo;avocat<\/strong> et l&rsquo;<strong>huile de framboise<\/strong> pr\u00e9viennent le vieillissement de la peau et la rendent plus souple. <strong>Ils revitalisent et nourrissent la peau<\/strong>. Ils prot\u00e8gent la peau contre les rayons du soleil, <strong>la tonifient et l&#8217;embellissent<\/strong> en lui apportant des vitamines (b\u00eata-carot\u00e8ne, A, B, C, D et E), de l&rsquo;\u00e9lastine, des acides amin\u00e9s, des min\u00e9raux, des antioxydants, des acides ol\u00e9ique et linol\u00e9ique.<\/p>\n<p>L&rsquo;<a href=\"#\">huile de s\u00e9same<\/a>, ainsi que l&rsquo;<strong>huile de framboise<\/strong> et l&rsquo;huile de <strong>karit\u00e9<\/strong>, jouent un r\u00f4le important dans la protection de la peau, en agissant comme un <strong>\u00e9cran solaire<\/strong>. Ils sont les meilleurs protecteurs de l&rsquo;origine naturelle. De plus, la protection solaire est renforc\u00e9e par des min\u00e9raux <strong>absorbant les UV<\/strong>, tels que l&rsquo;<strong>oxyde de zinc<\/strong> et l&rsquo;<strong>oxyde de titane<\/strong>. Gr\u00e2ce \u00e0 ces \u00e9crans solaires, la peau sera bronz\u00e9e sans \u00eatre endommag\u00e9e par les rayons UV. Avec l&rsquo;<a href=\"#\">aloe vera<\/a> et le <a href=\"#\">jojoba<\/a>, ils <strong>luttent contre le rel\u00e2chement<\/strong> et lissent la peau.<\/p>\n<p>Il a un ar\u00f4me exquis, gai et relaxant \u00e0 base d&rsquo;huiles essentielles naturelles et biologiques de <a href=\"#\">lavande<\/a>, de <a href=\"#\">romarin<\/a> et d&rsquo;ylang-ylang.<\/p>\n<h3 class=\"2-INGREDIENTESCLAVEPAKAGING\"><strong>\u00bfComment utiliser la Cr\u00e8me Hydratante Protectice?<\/strong><\/h3>\n<p class=\"2-INGREDIENTESCLAVEPAKAGING\">Comme il s&rsquo;agit d&rsquo;une cr\u00e8me de jour, elle peut \u00eatre appliqu\u00e9e \u00e0 tout moment. Il est conseill\u00e9 de conditionner le visage avec un nettoyant ou de l&rsquo;eau avant l&rsquo;utilisation. R\u00e9partissez la quantit\u00e9 n\u00e9cessaire pour couvrir toute la surface. Appliquer en cercles de l&rsquo;int\u00e9rieur vers l&rsquo;ext\u00e9rieur et laisser absorber compl\u00e8tement par la peau. La meilleure strat\u00e9gie pour obtenir des <strong>r\u00e9sultats tangibles<\/strong> est d&rsquo;appliquer la cr\u00e8me quotidiennement et de fa\u00e7on continue.<\/p>\n<h3 class=\"2-INGREDIENTESCLAVEPAKAGING\"><strong>Conseil<\/strong><\/h3>\n<p class=\"2-INGREDIENTESCLAVEPAKAGING\">Pour un soin total de la peau, nous recommandons de l&rsquo;utiliser en conjonction avec notre <a href=\"#\">cr\u00e8me anti-\u00e2ge<\/a>. Il est \u00e9galement important de renforcer le soin des rides persistantes avec notre <a href=\"#\">s\u00e9rum pour les yeux et les l\u00e8vres<\/a>. Pour un nettoyage plus pouss\u00e9 du visage, nous vous recommandons d&rsquo;utiliser notre <a href=\"#\">Savon Exfoliant<\/a> et notre Tonique \u00e0 l&rsquo;<a href=\"#\">Eau de Rose<\/a>.<\/p>\n<h3 class=\"subcategoria\"><span lang=\"es-trad\" xml:lang=\"es-trad\">Avec des ingr\u00e9dients certifi\u00e9s biologiques:<\/span><\/h3>\n<p class=\"ARIAL\">Notre formule originale est bas\u00e9e sur des ingr\u00e9dients naturels issus de l&rsquo;agriculture biologique certifi\u00e9e.<\/p>\n<p><a href=\"https:\/\/acenecertificacion.com\/certificacion-ecologica\/\">\u00bb Plus d&rsquo;informations (ACENE)<\/a><\/p>\n<p><strong>INCI<\/strong><\/p>\n<p>Aloe barbadensis Leaf Juice*, Butyrospermum Parkii Butter*, Glycerin*, Glyceryl Stearate SE, Cetearyl Alcohol, Cetyl Palmitate, Cocos Nucifera Oil*, Persea gratissima Oil*, Sesamum indicum seed Oil*, Arachidyl Alcohol, Hemp Seed Oil, Rubus idaeus Seed Oil*, Rosmarinus officinalis Leaf Oil*, Lavandula angustifolia Oil*, Cananga Odorata Flower Oil, Hydrolyzed Jojoba Esters, Squalane, Tocopheryl Acetate, Cetearyl Glucoside, Xanthan Gum, Behenyl Alcohol, Arachidyl Glucoside, Aqua, Zinc Oxide, Titanium Dioxide, Phytic Acid, Benzyl Alcohol, Glyceryl Caprylate, Glyceryl Undecylenate, Linalool, Limonene, Benzyl Benzoate, Benzyl Salicylate, Geraniol, Farnesol.<\/p>\n<p><strong>*Ingr\u00e9dients issus de l&rsquo;agriculture biologique.<\/strong><\/p>\n<p class=\"ARIAL\"><strong><span lang=\"es-trad\" xml:lang=\"es-trad\">Pas de parabens. Pas de colorants. Non test\u00e9 sur les animaux. \u00a050 ml<\/span><\/strong><\/p>\n<p class=\"ARIAL\"><a href=\"https:\/\/abilia.eu\/ingredientes\/\">Voir plus d&rsquo;ingr\u00e9dients cosm\u00e9tiques naturels.<\/a><\/p>\n<p>[\/vc_column_text][\/vc_column][\/vc_row]<\/p>\n<\/div>","protected":false},"excerpt":{"rendered":"<p>Cr\u00e8me de jour pour le visage, qui <strong>hydrate, nourrit et prot\u00e8ge<\/strong> les peaux s\u00e8ches et normales. Il offre des soins g\u00e9n\u00e9raux de la peau pour un teint sain et beau. Lisse la peau tandis que sa<strong> forte teneur en antioxydants<\/strong> ralentit le processus naturel de vieillissement. Il contient des min\u00e9raux protecteurs et des filtres solaires v\u00e9g\u00e9taux qui permettent \u00e0 la peau de bronzer <strong>sans \u00eatre endommag\u00e9e par les rayons UV<\/strong>.<\/p>\n<p>Formul\u00e9 avec du karit\u00e9, de l&rsquo;avocat, du s\u00e9same, de l&rsquo;aloe vera, du jojoba, de la framboise, des oxydes de titane et du zinc.<\/p>\n<p>Huiles essentielles: Lavande, Romarin et Ylang-Ylang. <strong>50 ml<\/strong><\/p>\n<p><img loading=\"lazy\" decoding=\"async\" class=\"alignnone size-full wp-image-3408\" src=\"https:\/\/abilia.eu\/wp-content\/uploads\/2016\/02\/sellos-productos-13.jpg\" alt=\"\" width=\"400\" height=\"80\" srcset=\"https:\/\/abilia.eu\/wp-content\/uploads\/2016\/02\/sellos-productos-13.jpg 400w, https:\/\/abilia.eu\/wp-content\/uploads\/2016\/02\/sellos-productos-13-300x60.jpg 300w\" sizes=\"auto, (max-width: 400px) 100vw, 400px\" \/><\/p>\n","protected":false},"featured_media":4967,"comment_status":"open","ping_status":"closed","template":"","meta":{"inline_featured_image":false},"product_brand":[],"product_cat":[115],"product_tag":[],"class_list":{"0":"post-3653","1":"product","2":"type-product","3":"status-publish","4":"has-post-thumbnail","6":"product_cat-hydratation-du-visage","8":"first","9":"instock","10":"taxable","11":"shipping-taxable","12":"purchasable","13":"product-type-simple"},"yoast_head":"<!-- This site is optimized with the Yoast SEO plugin v27.3 - https:\/\/yoast.com\/product\/yoast-seo-wordpress\/ -->\n<title>Cr\u00e8me hydratante protectrice - Abilia Cosm\u00e9tiques Naturels<\/title>\n<meta name=\"description\" content=\"Cr\u00e8me de jour pour le visage, qui hydrate, nourrit et prot\u00e8ge les peaux s\u00e8ches et normales. Il offre des soins g\u00e9n\u00e9raux de la peau pour un...\" \/>\n<meta name=\"robots\" content=\"index, follow, max-snippet:-1, max-image-preview:large, max-video-preview:-1\" \/>\n<link rel=\"canonical\" href=\"https:\/\/abilia.eu\/fr\/produit\/creme-hydratante-protectrice\/\" \/>\n<meta property=\"og:locale\" content=\"fr_FR\" \/>\n<meta property=\"og:type\" content=\"article\" \/>\n<meta property=\"og:title\" content=\"Cr\u00e8me hydratante protectrice - Abilia Cosm\u00e9tiques Naturels\" \/>\n<meta property=\"og:description\" content=\"Cr\u00e8me de jour pour le visage, qui hydrate, nourrit et prot\u00e8ge les peaux s\u00e8ches et normales. Il offre des soins g\u00e9n\u00e9raux de la peau pour un...\" \/>\n<meta property=\"og:url\" content=\"https:\/\/abilia.eu\/fr\/produit\/creme-hydratante-protectrice\/\" \/>\n<meta property=\"og:site_name\" content=\"Abilia (LAB)\" \/>\n<meta property=\"article:publisher\" content=\"https:\/\/www.facebook.com\/AbiliaCosmeticaNatural\/\" \/>\n<meta property=\"article:modified_time\" content=\"2023-01-05T22:18:58+00:00\" \/>\n<meta property=\"og:image\" content=\"https:\/\/abilia.eu\/wp-content\/uploads\/2016\/02\/Crema-Hidratante-Protectora-ABILIA-BIO-01.jpg\" \/>\n\t<meta property=\"og:image:width\" content=\"1200\" \/>\n\t<meta property=\"og:image:height\" content=\"1200\" \/>\n\t<meta property=\"og:image:type\" content=\"image\/jpeg\" \/>\n<meta name=\"twitter:card\" content=\"summary_large_image\" \/>\n<meta name=\"twitter:label1\" content=\"Dur\u00e9e de lecture estim\u00e9e\" \/>\n\t<meta name=\"twitter:data1\" content=\"3 minutes\" \/>\n<script type=\"application\/ld+json\" class=\"yoast-schema-graph\">{\"@context\":\"https:\\\/\\\/schema.org\",\"@graph\":[{\"@type\":\"WebPage\",\"@id\":\"https:\\\/\\\/abilia.eu\\\/fr\\\/produit\\\/creme-hydratante-protectrice\\\/\",\"url\":\"https:\\\/\\\/abilia.eu\\\/fr\\\/produit\\\/creme-hydratante-protectrice\\\/\",\"name\":\"Cr\u00e8me hydratante protectrice - Abilia Cosm\u00e9tiques Naturels\",\"isPartOf\":{\"@id\":\"https:\\\/\\\/abilia.eu\\\/fr\\\/#website\"},\"primaryImageOfPage\":{\"@id\":\"https:\\\/\\\/abilia.eu\\\/fr\\\/produit\\\/creme-hydratante-protectrice\\\/#primaryimage\"},\"image\":{\"@id\":\"https:\\\/\\\/abilia.eu\\\/fr\\\/produit\\\/creme-hydratante-protectrice\\\/#primaryimage\"},\"thumbnailUrl\":\"https:\\\/\\\/abilia.eu\\\/wp-content\\\/uploads\\\/2016\\\/02\\\/Crema-Hidratante-Protectora-ABILIA-BIO-01.jpg\",\"datePublished\":\"2016-02-25T14:17:34+00:00\",\"dateModified\":\"2023-01-05T22:18:58+00:00\",\"description\":\"Cr\u00e8me de jour pour le visage, qui hydrate, nourrit et prot\u00e8ge les peaux s\u00e8ches et normales. Il offre des soins g\u00e9n\u00e9raux de la peau pour un...\",\"breadcrumb\":{\"@id\":\"https:\\\/\\\/abilia.eu\\\/fr\\\/produit\\\/creme-hydratante-protectrice\\\/#breadcrumb\"},\"inLanguage\":\"fr-FR\",\"potentialAction\":[{\"@type\":\"ReadAction\",\"target\":[\"https:\\\/\\\/abilia.eu\\\/fr\\\/produit\\\/creme-hydratante-protectrice\\\/\"]}]},{\"@type\":\"ImageObject\",\"inLanguage\":\"fr-FR\",\"@id\":\"https:\\\/\\\/abilia.eu\\\/fr\\\/produit\\\/creme-hydratante-protectrice\\\/#primaryimage\",\"url\":\"https:\\\/\\\/abilia.eu\\\/wp-content\\\/uploads\\\/2016\\\/02\\\/Crema-Hidratante-Protectora-ABILIA-BIO-01.jpg\",\"contentUrl\":\"https:\\\/\\\/abilia.eu\\\/wp-content\\\/uploads\\\/2016\\\/02\\\/Crema-Hidratante-Protectora-ABILIA-BIO-01.jpg\",\"width\":1200,\"height\":1200,\"caption\":\"crema hidratante solar\"},{\"@type\":\"BreadcrumbList\",\"@id\":\"https:\\\/\\\/abilia.eu\\\/fr\\\/produit\\\/creme-hydratante-protectrice\\\/#breadcrumb\",\"itemListElement\":[{\"@type\":\"ListItem\",\"position\":1,\"name\":\"Portada\",\"item\":\"https:\\\/\\\/abilia.eu\\\/fr\\\/\"},{\"@type\":\"ListItem\",\"position\":2,\"name\":\"Products\",\"item\":\"https:\\\/\\\/abilia.eu\\\/en\\\/shopkeeper-child-2\\\/\"},{\"@type\":\"ListItem\",\"position\":3,\"name\":\"Cr\u00e8me hydratante protectrice\"}]},{\"@type\":\"WebSite\",\"@id\":\"https:\\\/\\\/abilia.eu\\\/fr\\\/#website\",\"url\":\"https:\\\/\\\/abilia.eu\\\/fr\\\/\",\"name\":\"Abilia (LAB)\",\"description\":\"Cosm\u00e9tica natural\",\"publisher\":{\"@id\":\"https:\\\/\\\/abilia.eu\\\/fr\\\/#organization\"},\"potentialAction\":[{\"@type\":\"SearchAction\",\"target\":{\"@type\":\"EntryPoint\",\"urlTemplate\":\"https:\\\/\\\/abilia.eu\\\/fr\\\/?s={search_term_string}\"},\"query-input\":{\"@type\":\"PropertyValueSpecification\",\"valueRequired\":true,\"valueName\":\"search_term_string\"}}],\"inLanguage\":\"fr-FR\"},{\"@type\":\"Organization\",\"@id\":\"https:\\\/\\\/abilia.eu\\\/fr\\\/#organization\",\"name\":\"Abilia - Cosm\u00e9tica Natural\",\"url\":\"https:\\\/\\\/abilia.eu\\\/fr\\\/\",\"logo\":{\"@type\":\"ImageObject\",\"inLanguage\":\"fr-FR\",\"@id\":\"https:\\\/\\\/abilia.eu\\\/fr\\\/#\\\/schema\\\/logo\\\/image\\\/\",\"url\":\"https:\\\/\\\/abilia.eu\\\/wp-content\\\/uploads\\\/2020\\\/12\\\/abilia-logo.jpg\",\"contentUrl\":\"https:\\\/\\\/abilia.eu\\\/wp-content\\\/uploads\\\/2020\\\/12\\\/abilia-logo.jpg\",\"width\":300,\"height\":83,\"caption\":\"Abilia - Cosm\u00e9tica Natural\"},\"image\":{\"@id\":\"https:\\\/\\\/abilia.eu\\\/fr\\\/#\\\/schema\\\/logo\\\/image\\\/\"},\"sameAs\":[\"https:\\\/\\\/www.facebook.com\\\/AbiliaCosmeticaNatural\\\/\",\"https:\\\/\\\/www.instagram.com\\\/abilia.cosmetica\\\/\"]}]}<\/script>\n<!-- \/ Yoast SEO plugin. -->","yoast_head_json":{"title":"Cr\u00e8me hydratante protectrice - Abilia Cosm\u00e9tiques Naturels","description":"Cr\u00e8me de jour pour le visage, qui hydrate, nourrit et prot\u00e8ge les peaux s\u00e8ches et normales. Il offre des soins g\u00e9n\u00e9raux de la peau pour un...","robots":{"index":"index","follow":"follow","max-snippet":"max-snippet:-1","max-image-preview":"max-image-preview:large","max-video-preview":"max-video-preview:-1"},"canonical":"https:\/\/abilia.eu\/fr\/produit\/creme-hydratante-protectrice\/","og_locale":"fr_FR","og_type":"article","og_title":"Cr\u00e8me hydratante protectrice - Abilia Cosm\u00e9tiques Naturels","og_description":"Cr\u00e8me de jour pour le visage, qui hydrate, nourrit et prot\u00e8ge les peaux s\u00e8ches et normales. Il offre des soins g\u00e9n\u00e9raux de la peau pour un...","og_url":"https:\/\/abilia.eu\/fr\/produit\/creme-hydratante-protectrice\/","og_site_name":"Abilia (LAB)","article_publisher":"https:\/\/www.facebook.com\/AbiliaCosmeticaNatural\/","article_modified_time":"2023-01-05T22:18:58+00:00","og_image":[{"width":1200,"height":1200,"url":"https:\/\/abilia.eu\/wp-content\/uploads\/2016\/02\/Crema-Hidratante-Protectora-ABILIA-BIO-01.jpg","type":"image\/jpeg"}],"twitter_card":"summary_large_image","twitter_misc":{"Dur\u00e9e de lecture estim\u00e9e":"3 minutes"},"schema":{"@context":"https:\/\/schema.org","@graph":[{"@type":"WebPage","@id":"https:\/\/abilia.eu\/fr\/produit\/creme-hydratante-protectrice\/","url":"https:\/\/abilia.eu\/fr\/produit\/creme-hydratante-protectrice\/","name":"Cr\u00e8me hydratante protectrice - Abilia Cosm\u00e9tiques Naturels","isPartOf":{"@id":"https:\/\/abilia.eu\/fr\/#website"},"primaryImageOfPage":{"@id":"https:\/\/abilia.eu\/fr\/produit\/creme-hydratante-protectrice\/#primaryimage"},"image":{"@id":"https:\/\/abilia.eu\/fr\/produit\/creme-hydratante-protectrice\/#primaryimage"},"thumbnailUrl":"https:\/\/abilia.eu\/wp-content\/uploads\/2016\/02\/Crema-Hidratante-Protectora-ABILIA-BIO-01.jpg","datePublished":"2016-02-25T14:17:34+00:00","dateModified":"2023-01-05T22:18:58+00:00","description":"Cr\u00e8me de jour pour le visage, qui hydrate, nourrit et prot\u00e8ge les peaux s\u00e8ches et normales. Il offre des soins g\u00e9n\u00e9raux de la peau pour un...","breadcrumb":{"@id":"https:\/\/abilia.eu\/fr\/produit\/creme-hydratante-protectrice\/#breadcrumb"},"inLanguage":"fr-FR","potentialAction":[{"@type":"ReadAction","target":["https:\/\/abilia.eu\/fr\/produit\/creme-hydratante-protectrice\/"]}]},{"@type":"ImageObject","inLanguage":"fr-FR","@id":"https:\/\/abilia.eu\/fr\/produit\/creme-hydratante-protectrice\/#primaryimage","url":"https:\/\/abilia.eu\/wp-content\/uploads\/2016\/02\/Crema-Hidratante-Protectora-ABILIA-BIO-01.jpg","contentUrl":"https:\/\/abilia.eu\/wp-content\/uploads\/2016\/02\/Crema-Hidratante-Protectora-ABILIA-BIO-01.jpg","width":1200,"height":1200,"caption":"crema hidratante solar"},{"@type":"BreadcrumbList","@id":"https:\/\/abilia.eu\/fr\/produit\/creme-hydratante-protectrice\/#breadcrumb","itemListElement":[{"@type":"ListItem","position":1,"name":"Portada","item":"https:\/\/abilia.eu\/fr\/"},{"@type":"ListItem","position":2,"name":"Products","item":"https:\/\/abilia.eu\/en\/shopkeeper-child-2\/"},{"@type":"ListItem","position":3,"name":"Cr\u00e8me hydratante protectrice"}]},{"@type":"WebSite","@id":"https:\/\/abilia.eu\/fr\/#website","url":"https:\/\/abilia.eu\/fr\/","name":"Abilia (LAB)","description":"Cosm\u00e9tica natural","publisher":{"@id":"https:\/\/abilia.eu\/fr\/#organization"},"potentialAction":[{"@type":"SearchAction","target":{"@type":"EntryPoint","urlTemplate":"https:\/\/abilia.eu\/fr\/?s={search_term_string}"},"query-input":{"@type":"PropertyValueSpecification","valueRequired":true,"valueName":"search_term_string"}}],"inLanguage":"fr-FR"},{"@type":"Organization","@id":"https:\/\/abilia.eu\/fr\/#organization","name":"Abilia - Cosm\u00e9tica Natural","url":"https:\/\/abilia.eu\/fr\/","logo":{"@type":"ImageObject","inLanguage":"fr-FR","@id":"https:\/\/abilia.eu\/fr\/#\/schema\/logo\/image\/","url":"https:\/\/abilia.eu\/wp-content\/uploads\/2020\/12\/abilia-logo.jpg","contentUrl":"https:\/\/abilia.eu\/wp-content\/uploads\/2020\/12\/abilia-logo.jpg","width":300,"height":83,"caption":"Abilia - Cosm\u00e9tica Natural"},"image":{"@id":"https:\/\/abilia.eu\/fr\/#\/schema\/logo\/image\/"},"sameAs":["https:\/\/www.facebook.com\/AbiliaCosmeticaNatural\/","https:\/\/www.instagram.com\/abilia.cosmetica\/"]}]}},"_links":{"self":[{"href":"https:\/\/abilia.eu\/fr\/wp-json\/wp\/v2\/product\/3653","targetHints":{"allow":["GET"]}}],"collection":[{"href":"https:\/\/abilia.eu\/fr\/wp-json\/wp\/v2\/product"}],"about":[{"href":"https:\/\/abilia.eu\/fr\/wp-json\/wp\/v2\/types\/product"}],"replies":[{"embeddable":true,"href":"https:\/\/abilia.eu\/fr\/wp-json\/wp\/v2\/comments?post=3653"}],"wp:featuredmedia":[{"embeddable":true,"href":"https:\/\/abilia.eu\/fr\/wp-json\/wp\/v2\/media\/4967"}],"wp:attachment":[{"href":"https:\/\/abilia.eu\/fr\/wp-json\/wp\/v2\/media?parent=3653"}],"wp:term":[{"taxonomy":"product_brand","embeddable":true,"href":"https:\/\/abilia.eu\/fr\/wp-json\/wp\/v2\/product_brand?post=3653"},{"taxonomy":"product_cat","embeddable":true,"href":"https:\/\/abilia.eu\/fr\/wp-json\/wp\/v2\/product_cat?post=3653"},{"taxonomy":"product_tag","embeddable":true,"href":"https:\/\/abilia.eu\/fr\/wp-json\/wp\/v2\/product_tag?post=3653"}],"curies":[{"name":"wp","href":"https:\/\/api.w.org\/{rel}","templated":true}]}}