{"id":3647,"date":"2016-02-25T14:17:35","date_gmt":"2016-02-25T14:17:35","guid":{"rendered":"https:\/\/lab.abilia.eu\/producto\/crema-antiedad\/"},"modified":"2023-01-05T20:24:51","modified_gmt":"2023-01-05T20:24:51","slug":"creme-anti-age","status":"publish","type":"product","link":"https:\/\/abilia.eu\/fr\/produit\/creme-anti-age\/","title":{"rendered":"Cr\u00e8me anti-\u00e2ge"},"content":{"rendered":"<div class=\"wpb-content-wrapper\"><p>[vc_row][vc_column][vc_column_text]<\/p>\n<h3>Cr\u00e8me anti-\u00e2ge, qu&rsquo;est-ce que c&rsquo;est ?<\/h3>\n<p>La cr\u00e8me anti-\u00e2ge a une texture douce, avec une <strong>forte concentration d&rsquo;ingr\u00e9dients actifs naturels<\/strong>. Sa <strong>formule sans eau<\/strong> fournit une cr\u00e8me consistante capable de nourrir et de <strong>ralentir le vieillissement<\/strong> naturel de la peau. Simultan\u00e9ment, la soie offre une absorption facile lui permettant <strong>d&rsquo;agir dans les couches les plus profondes<\/strong> de la peau.<\/p>\n<p>Apr\u00e8s une absorption en profondeur, de <strong><a href=\"#\">rose musqu\u00e9e<\/a><\/strong>, d&rsquo;<strong><a href=\"#\">aloe vera<\/a><\/strong> et d&rsquo;<strong>huile de macadamia<\/strong> nourrissent intens\u00e9ment le derme, procurant une peau lisse, \u00e9lastique et ferme.\u00a0\u00a0L&rsquo;huile de macadamia et la <a href=\"#\">rose musqu\u00e9e<\/a> apportent \u00e0 la peau les <strong>om\u00e9gas<\/strong> 3, 6 et 9, les <strong>vitamines<\/strong> A, C et E, et des agents antioxydants.\u00a0 Ils <strong>\u00e9liminent les signes de vieillissement<\/strong>, <strong>retrouvent leur \u00e9lasticit\u00e9<\/strong> et intensifient leur luminosit\u00e9. L&rsquo;<a href=\"#\"><strong>huile de jojoba<\/strong><\/a> agit pour <strong>arr\u00eater le vieillissement de la peau<\/strong>, lisse la peau et augmente sa fermet\u00e9, <strong>diminue les rides<\/strong>, raffermit et tonifie le teint. Elle <strong>favorise la cr\u00e9ation de nouvelles cellules<\/strong>.<\/p>\n<p>Le citron et la <a href=\"#\">rose musqu\u00e9e<\/a> donnent une teinte plus claire aux taches. De plus, l&rsquo;<a href=\"#\"><strong>aloe vera<\/strong><\/a> nettoie la peau des cellules mortes et aide \u00e0 renouveler la surface pour la laisser douce, lisse et velout\u00e9e, lui permettant de montrer sa beaut\u00e9 naturelle. \u00a0Contient de l&rsquo;\u00e9lixir de <a href=\"#\">lavande<\/a>.<\/p>\n<p>Son ar\u00f4me compos\u00e9 d&rsquo;huiles essentielles de citron, d&rsquo;orange et de <a href=\"#\">romarin<\/a> apporte des antioxydants ainsi qu&rsquo;un ar\u00f4me d&rsquo;agrumes plein de fra\u00eecheur.<\/p>\n<h3 class=\"2-INGREDIENTESCLAVEPAKAGING\">Comment utiliser la cr\u00e8me anti-\u00e2ge?<\/h3>\n<p class=\"ARIAL\">Il est conseill\u00e9 de conditionner le visage avec un nettoyant avant de l&rsquo;appliquer. R\u00e9partissez la quantit\u00e9 n\u00e9cessaire pour couvrir toute la surface. Appliquer en cercles de l&rsquo;int\u00e9rieur vers l&rsquo;ext\u00e9rieur et laisser p\u00e9n\u00e9trer compl\u00e8tement. La meilleure strat\u00e9gie pour obtenir des <strong>r\u00e9sultats tangibles<\/strong> est d&rsquo;appliquer la cr\u00e8me quotidiennement et de fa\u00e7on continue.<\/p>\n<h3 class=\"2-INGREDIENTESCLAVEPAKAGING\">L&rsquo;ingr\u00e9dient cl\u00e9<\/h3>\n<p class=\"ARIAL\">Soie : couramment utilis\u00e9e dans les cosm\u00e9tiques naturels, elle donne aux cr\u00e8mes une texture tr\u00e8s fine, capable de s&rsquo;infiltrer facilement dans le derme. La soie est une source naturelle tr\u00e8s riche de prot\u00e9ines et d&rsquo;acides amin\u00e9s multiples. Les acides amin\u00e9s de la soie ont la capacit\u00e9 de p\u00e9n\u00e9trer le derme, d&rsquo;\u00eatre absorb\u00e9s et de nourrir la peau.<\/p>\n<p class=\"ARIAL\"><span lang=\"es-trad\" xml:lang=\"es-trad\">En raison de son action sur le m\u00e9tabolisme des enzymes, il peut maintenir et ajuster l&rsquo;humidit\u00e9. Il favorise la formation de collag\u00e8ne et d&rsquo;\u00e9lastine. Limite la progression des imperfections et facilite la lutte contre le vieillissement de la peau. <\/span><\/p>\n<h3 class=\"2-INGREDIENTESCLAVEPAKAGING\">Conseil<\/h3>\n<p>Pour un soin total de la peau, il est recommand\u00e9 de l&rsquo;utiliser en conjonction avec une <a href=\"#\">cr\u00e8me de jour<\/a>. Choisissez-en un en fonction de votre type de peau.\u00a0Il est \u00e9galement important de renforcer le soin des rides persistantes avec notre <a href=\"#\">s\u00e9rum pour les yeux et les l\u00e8vres<\/a>. Pour un nettoyage plus pouss\u00e9 du visage, nous vous recommandons d&rsquo;utiliser notre <a href=\"#\">Savon Exfoliant<\/a> et notre Tonique \u00e0 l&rsquo;<a href=\"#\">Eau de Rose<\/a>.<\/p>\n<h3 class=\"subcategoria\">Avec des ingr\u00e9dients certifi\u00e9s biologiques :<\/h3>\n<p class=\"ARIAL\">Notre formule originale est bas\u00e9e sur des ingr\u00e9dients naturels issus de l&rsquo;agriculture biologique certifi\u00e9e.<\/p>\n<p><a href=\"https:\/\/acenecertificacion.com\/certificacion-ecologica\/\">\u00bb Plus d&rsquo;information (ACENE)<\/a><\/p>\n<p class=\"ARIAL\">Aloe barbadensis Leaf Juice*, Glyceryl Stearate SE, Macadamia ternifolia Seed Oil, Cetearyl Alcohol, Butyrospermum Parkii Butter*, Glycerin*, Cera Alba, Persea gratissima Oil*, Rosa moschata Fruit Oil*, Hemp Seed Oil, Rosmarinus officinalis Flower Oil*, Citrus aurantium Dulcis Peel Oil, Citrus limon Peel Oil*, Ascorbyl Palmitate, Hydrolyzed Jojoba Esters, Squalane, Tocopheryl Acetate, Tocopherol, Cetearyl Glucoside, Aqua, Xanthan Gum, Hydrolyzed Silk, Phytic Acid, Glyceryl Caprylate, Glyceryl Undecylenate, Benzyl Alcohol, Potassium sorbate, Sodium benzoate, Limonene*, Linalool*, Citral, Geraniol, Citronellol, Coumarin.<\/p>\n<p><strong>*Ingr\u00e9dients issus de l&rsquo;agriculture biologique certifi\u00e9e.<\/strong><\/p>\n<p class=\"ARIAL\"><span lang=\"es-trad\" xml:lang=\"es-trad\">Pas de parabens. Pas de colorants. Non test\u00e9 sur les animaux. <\/span><strong>50 ml <\/strong><\/p>\n<p class=\"ARIAL\"><a href=\"https:\/\/abilia.eu\/ingredientes\/\">Voir plus d&rsquo;ingr\u00e9dients cosm\u00e9tiques naturels.<\/a><\/p>\n<p>[\/vc_column_text][\/vc_column][\/vc_row]<\/p>\n<\/div>","protected":false},"excerpt":{"rendered":"<p>C&rsquo;est une cr\u00e8me de nuit sp\u00e9cialis\u00e9e pour les peaux matures. Il hydrate, nourrit et r\u00e9pare la peau en profondeur, l&rsquo;aidant \u00e0 montrer sa beaut\u00e9 naturelle. La soie lui permet de p\u00e9n\u00e9trer jusqu&rsquo;aux couches les plus profondes de la peau, favorisant la production de collag\u00e8ne et d&rsquo;\u00e9lastine.<\/p>\n<p>Efficace contre les taches et les rides. Sa forte teneur en principes actifs et en antioxydants ralentit le processus naturel de vieillissement. Lisse et r\u00e9active la peau du teint.<\/p>\n<p>Compos\u00e9 de soie, de rose musqu\u00e9e, de karit\u00e9, d&rsquo;aloe vera, de macadamia, de jojoba.<\/p>\n<p>Huiles essentielles : romarin, orange et citron. <strong>50 ml<\/strong><\/p>\n<p><img loading=\"lazy\" decoding=\"async\" class=\"alignnone size-full wp-image-3388\" src=\"https:\/\/abilia.eu\/wp-content\/uploads\/2016\/02\/sellos-productos-0.jpg\" alt=\"\" width=\"400\" height=\"80\" srcset=\"https:\/\/abilia.eu\/wp-content\/uploads\/2016\/02\/sellos-productos-0.jpg 400w, https:\/\/abilia.eu\/wp-content\/uploads\/2016\/02\/sellos-productos-0-300x60.jpg 300w\" sizes=\"auto, (max-width: 400px) 100vw, 400px\" \/><\/p>\n","protected":false},"featured_media":4943,"comment_status":"open","ping_status":"closed","template":"","meta":{"inline_featured_image":false},"product_brand":[],"product_cat":[113],"product_tag":[],"class_list":{"0":"post-3647","1":"product","2":"type-product","3":"status-publish","4":"has-post-thumbnail","6":"product_cat-anti-age","8":"first","9":"instock","10":"taxable","11":"shipping-taxable","12":"purchasable","13":"product-type-simple"},"yoast_head":"<!-- This site is optimized with the Yoast SEO plugin v27.3 - https:\/\/yoast.com\/product\/yoast-seo-wordpress\/ -->\n<title>Cr\u00e8me anti-\u00e2ge - Abilia Cosm\u00e9tique Naturelle<\/title>\n<meta name=\"description\" content=\"Cr\u00e8me anti-\u00e2ge sp\u00e9cialis\u00e9e pour les peaux matures, ses ingr\u00e9dients hydratent et nourrissent intens\u00e9ment les couches les plus profondes de la peau.\" \/>\n<meta name=\"robots\" content=\"index, follow, max-snippet:-1, max-image-preview:large, max-video-preview:-1\" \/>\n<link rel=\"canonical\" href=\"https:\/\/abilia.eu\/fr\/produit\/creme-anti-age\/\" \/>\n<meta property=\"og:locale\" content=\"fr_FR\" \/>\n<meta property=\"og:type\" content=\"article\" \/>\n<meta property=\"og:title\" content=\"Cr\u00e8me anti-\u00e2ge - Abilia Cosm\u00e9tique Naturelle\" \/>\n<meta property=\"og:description\" content=\"Cr\u00e8me anti-\u00e2ge sp\u00e9cialis\u00e9e pour les peaux matures, ses ingr\u00e9dients hydratent et nourrissent intens\u00e9ment les couches les plus profondes de la peau.\" \/>\n<meta property=\"og:url\" content=\"https:\/\/abilia.eu\/fr\/produit\/creme-anti-age\/\" \/>\n<meta property=\"og:site_name\" content=\"Abilia (LAB)\" \/>\n<meta property=\"article:publisher\" content=\"https:\/\/www.facebook.com\/AbiliaCosmeticaNatural\/\" \/>\n<meta property=\"article:modified_time\" content=\"2023-01-05T20:24:51+00:00\" \/>\n<meta property=\"og:image\" content=\"https:\/\/abilia.eu\/wp-content\/uploads\/2016\/02\/Crema-Antiedad-ABILIA-BIO-01.jpg\" \/>\n\t<meta property=\"og:image:width\" content=\"1200\" \/>\n\t<meta property=\"og:image:height\" content=\"1200\" \/>\n\t<meta property=\"og:image:type\" content=\"image\/jpeg\" \/>\n<meta name=\"twitter:card\" content=\"summary_large_image\" \/>\n<meta name=\"twitter:label1\" content=\"Dur\u00e9e de lecture estim\u00e9e\" \/>\n\t<meta name=\"twitter:data1\" content=\"3 minutes\" \/>\n<script type=\"application\/ld+json\" class=\"yoast-schema-graph\">{\"@context\":\"https:\\\/\\\/schema.org\",\"@graph\":[{\"@type\":\"WebPage\",\"@id\":\"https:\\\/\\\/abilia.eu\\\/fr\\\/produit\\\/creme-anti-age\\\/\",\"url\":\"https:\\\/\\\/abilia.eu\\\/fr\\\/produit\\\/creme-anti-age\\\/\",\"name\":\"Cr\u00e8me anti-\u00e2ge - Abilia Cosm\u00e9tique Naturelle\",\"isPartOf\":{\"@id\":\"https:\\\/\\\/abilia.eu\\\/fr\\\/#website\"},\"primaryImageOfPage\":{\"@id\":\"https:\\\/\\\/abilia.eu\\\/fr\\\/produit\\\/creme-anti-age\\\/#primaryimage\"},\"image\":{\"@id\":\"https:\\\/\\\/abilia.eu\\\/fr\\\/produit\\\/creme-anti-age\\\/#primaryimage\"},\"thumbnailUrl\":\"https:\\\/\\\/abilia.eu\\\/wp-content\\\/uploads\\\/2016\\\/02\\\/Crema-Antiedad-ABILIA-BIO-01.jpg\",\"datePublished\":\"2016-02-25T14:17:35+00:00\",\"dateModified\":\"2023-01-05T20:24:51+00:00\",\"description\":\"Cr\u00e8me anti-\u00e2ge sp\u00e9cialis\u00e9e pour les peaux matures, ses ingr\u00e9dients hydratent et nourrissent intens\u00e9ment les couches les plus profondes de la peau.\",\"breadcrumb\":{\"@id\":\"https:\\\/\\\/abilia.eu\\\/fr\\\/produit\\\/creme-anti-age\\\/#breadcrumb\"},\"inLanguage\":\"fr-FR\",\"potentialAction\":[{\"@type\":\"ReadAction\",\"target\":[\"https:\\\/\\\/abilia.eu\\\/fr\\\/produit\\\/creme-anti-age\\\/\"]}]},{\"@type\":\"ImageObject\",\"inLanguage\":\"fr-FR\",\"@id\":\"https:\\\/\\\/abilia.eu\\\/fr\\\/produit\\\/creme-anti-age\\\/#primaryimage\",\"url\":\"https:\\\/\\\/abilia.eu\\\/wp-content\\\/uploads\\\/2016\\\/02\\\/Crema-Antiedad-ABILIA-BIO-01.jpg\",\"contentUrl\":\"https:\\\/\\\/abilia.eu\\\/wp-content\\\/uploads\\\/2016\\\/02\\\/Crema-Antiedad-ABILIA-BIO-01.jpg\",\"width\":1200,\"height\":1200,\"caption\":\"crema antiedad ecologica\"},{\"@type\":\"BreadcrumbList\",\"@id\":\"https:\\\/\\\/abilia.eu\\\/fr\\\/produit\\\/creme-anti-age\\\/#breadcrumb\",\"itemListElement\":[{\"@type\":\"ListItem\",\"position\":1,\"name\":\"Portada\",\"item\":\"https:\\\/\\\/abilia.eu\\\/fr\\\/\"},{\"@type\":\"ListItem\",\"position\":2,\"name\":\"Products\",\"item\":\"https:\\\/\\\/abilia.eu\\\/en\\\/shopkeeper-child-2\\\/\"},{\"@type\":\"ListItem\",\"position\":3,\"name\":\"Cr\u00e8me anti-\u00e2ge\"}]},{\"@type\":\"WebSite\",\"@id\":\"https:\\\/\\\/abilia.eu\\\/fr\\\/#website\",\"url\":\"https:\\\/\\\/abilia.eu\\\/fr\\\/\",\"name\":\"Abilia (LAB)\",\"description\":\"Cosm\u00e9tica natural\",\"publisher\":{\"@id\":\"https:\\\/\\\/abilia.eu\\\/fr\\\/#organization\"},\"potentialAction\":[{\"@type\":\"SearchAction\",\"target\":{\"@type\":\"EntryPoint\",\"urlTemplate\":\"https:\\\/\\\/abilia.eu\\\/fr\\\/?s={search_term_string}\"},\"query-input\":{\"@type\":\"PropertyValueSpecification\",\"valueRequired\":true,\"valueName\":\"search_term_string\"}}],\"inLanguage\":\"fr-FR\"},{\"@type\":\"Organization\",\"@id\":\"https:\\\/\\\/abilia.eu\\\/fr\\\/#organization\",\"name\":\"Abilia - Cosm\u00e9tica Natural\",\"url\":\"https:\\\/\\\/abilia.eu\\\/fr\\\/\",\"logo\":{\"@type\":\"ImageObject\",\"inLanguage\":\"fr-FR\",\"@id\":\"https:\\\/\\\/abilia.eu\\\/fr\\\/#\\\/schema\\\/logo\\\/image\\\/\",\"url\":\"https:\\\/\\\/abilia.eu\\\/wp-content\\\/uploads\\\/2020\\\/12\\\/abilia-logo.jpg\",\"contentUrl\":\"https:\\\/\\\/abilia.eu\\\/wp-content\\\/uploads\\\/2020\\\/12\\\/abilia-logo.jpg\",\"width\":300,\"height\":83,\"caption\":\"Abilia - Cosm\u00e9tica Natural\"},\"image\":{\"@id\":\"https:\\\/\\\/abilia.eu\\\/fr\\\/#\\\/schema\\\/logo\\\/image\\\/\"},\"sameAs\":[\"https:\\\/\\\/www.facebook.com\\\/AbiliaCosmeticaNatural\\\/\",\"https:\\\/\\\/www.instagram.com\\\/abilia.cosmetica\\\/\"]}]}<\/script>\n<!-- \/ Yoast SEO plugin. -->","yoast_head_json":{"title":"Cr\u00e8me anti-\u00e2ge - Abilia Cosm\u00e9tique Naturelle","description":"Cr\u00e8me anti-\u00e2ge sp\u00e9cialis\u00e9e pour les peaux matures, ses ingr\u00e9dients hydratent et nourrissent intens\u00e9ment les couches les plus profondes de la peau.","robots":{"index":"index","follow":"follow","max-snippet":"max-snippet:-1","max-image-preview":"max-image-preview:large","max-video-preview":"max-video-preview:-1"},"canonical":"https:\/\/abilia.eu\/fr\/produit\/creme-anti-age\/","og_locale":"fr_FR","og_type":"article","og_title":"Cr\u00e8me anti-\u00e2ge - Abilia Cosm\u00e9tique Naturelle","og_description":"Cr\u00e8me anti-\u00e2ge sp\u00e9cialis\u00e9e pour les peaux matures, ses ingr\u00e9dients hydratent et nourrissent intens\u00e9ment les couches les plus profondes de la peau.","og_url":"https:\/\/abilia.eu\/fr\/produit\/creme-anti-age\/","og_site_name":"Abilia (LAB)","article_publisher":"https:\/\/www.facebook.com\/AbiliaCosmeticaNatural\/","article_modified_time":"2023-01-05T20:24:51+00:00","og_image":[{"width":1200,"height":1200,"url":"https:\/\/abilia.eu\/wp-content\/uploads\/2016\/02\/Crema-Antiedad-ABILIA-BIO-01.jpg","type":"image\/jpeg"}],"twitter_card":"summary_large_image","twitter_misc":{"Dur\u00e9e de lecture estim\u00e9e":"3 minutes"},"schema":{"@context":"https:\/\/schema.org","@graph":[{"@type":"WebPage","@id":"https:\/\/abilia.eu\/fr\/produit\/creme-anti-age\/","url":"https:\/\/abilia.eu\/fr\/produit\/creme-anti-age\/","name":"Cr\u00e8me anti-\u00e2ge - Abilia Cosm\u00e9tique Naturelle","isPartOf":{"@id":"https:\/\/abilia.eu\/fr\/#website"},"primaryImageOfPage":{"@id":"https:\/\/abilia.eu\/fr\/produit\/creme-anti-age\/#primaryimage"},"image":{"@id":"https:\/\/abilia.eu\/fr\/produit\/creme-anti-age\/#primaryimage"},"thumbnailUrl":"https:\/\/abilia.eu\/wp-content\/uploads\/2016\/02\/Crema-Antiedad-ABILIA-BIO-01.jpg","datePublished":"2016-02-25T14:17:35+00:00","dateModified":"2023-01-05T20:24:51+00:00","description":"Cr\u00e8me anti-\u00e2ge sp\u00e9cialis\u00e9e pour les peaux matures, ses ingr\u00e9dients hydratent et nourrissent intens\u00e9ment les couches les plus profondes de la peau.","breadcrumb":{"@id":"https:\/\/abilia.eu\/fr\/produit\/creme-anti-age\/#breadcrumb"},"inLanguage":"fr-FR","potentialAction":[{"@type":"ReadAction","target":["https:\/\/abilia.eu\/fr\/produit\/creme-anti-age\/"]}]},{"@type":"ImageObject","inLanguage":"fr-FR","@id":"https:\/\/abilia.eu\/fr\/produit\/creme-anti-age\/#primaryimage","url":"https:\/\/abilia.eu\/wp-content\/uploads\/2016\/02\/Crema-Antiedad-ABILIA-BIO-01.jpg","contentUrl":"https:\/\/abilia.eu\/wp-content\/uploads\/2016\/02\/Crema-Antiedad-ABILIA-BIO-01.jpg","width":1200,"height":1200,"caption":"crema antiedad ecologica"},{"@type":"BreadcrumbList","@id":"https:\/\/abilia.eu\/fr\/produit\/creme-anti-age\/#breadcrumb","itemListElement":[{"@type":"ListItem","position":1,"name":"Portada","item":"https:\/\/abilia.eu\/fr\/"},{"@type":"ListItem","position":2,"name":"Products","item":"https:\/\/abilia.eu\/en\/shopkeeper-child-2\/"},{"@type":"ListItem","position":3,"name":"Cr\u00e8me anti-\u00e2ge"}]},{"@type":"WebSite","@id":"https:\/\/abilia.eu\/fr\/#website","url":"https:\/\/abilia.eu\/fr\/","name":"Abilia (LAB)","description":"Cosm\u00e9tica natural","publisher":{"@id":"https:\/\/abilia.eu\/fr\/#organization"},"potentialAction":[{"@type":"SearchAction","target":{"@type":"EntryPoint","urlTemplate":"https:\/\/abilia.eu\/fr\/?s={search_term_string}"},"query-input":{"@type":"PropertyValueSpecification","valueRequired":true,"valueName":"search_term_string"}}],"inLanguage":"fr-FR"},{"@type":"Organization","@id":"https:\/\/abilia.eu\/fr\/#organization","name":"Abilia - Cosm\u00e9tica Natural","url":"https:\/\/abilia.eu\/fr\/","logo":{"@type":"ImageObject","inLanguage":"fr-FR","@id":"https:\/\/abilia.eu\/fr\/#\/schema\/logo\/image\/","url":"https:\/\/abilia.eu\/wp-content\/uploads\/2020\/12\/abilia-logo.jpg","contentUrl":"https:\/\/abilia.eu\/wp-content\/uploads\/2020\/12\/abilia-logo.jpg","width":300,"height":83,"caption":"Abilia - Cosm\u00e9tica Natural"},"image":{"@id":"https:\/\/abilia.eu\/fr\/#\/schema\/logo\/image\/"},"sameAs":["https:\/\/www.facebook.com\/AbiliaCosmeticaNatural\/","https:\/\/www.instagram.com\/abilia.cosmetica\/"]}]}},"_links":{"self":[{"href":"https:\/\/abilia.eu\/fr\/wp-json\/wp\/v2\/product\/3647","targetHints":{"allow":["GET"]}}],"collection":[{"href":"https:\/\/abilia.eu\/fr\/wp-json\/wp\/v2\/product"}],"about":[{"href":"https:\/\/abilia.eu\/fr\/wp-json\/wp\/v2\/types\/product"}],"replies":[{"embeddable":true,"href":"https:\/\/abilia.eu\/fr\/wp-json\/wp\/v2\/comments?post=3647"}],"wp:featuredmedia":[{"embeddable":true,"href":"https:\/\/abilia.eu\/fr\/wp-json\/wp\/v2\/media\/4943"}],"wp:attachment":[{"href":"https:\/\/abilia.eu\/fr\/wp-json\/wp\/v2\/media?parent=3647"}],"wp:term":[{"taxonomy":"product_brand","embeddable":true,"href":"https:\/\/abilia.eu\/fr\/wp-json\/wp\/v2\/product_brand?post=3647"},{"taxonomy":"product_cat","embeddable":true,"href":"https:\/\/abilia.eu\/fr\/wp-json\/wp\/v2\/product_cat?post=3647"},{"taxonomy":"product_tag","embeddable":true,"href":"https:\/\/abilia.eu\/fr\/wp-json\/wp\/v2\/product_tag?post=3647"}],"curies":[{"name":"wp","href":"https:\/\/api.w.org\/{rel}","templated":true}]}}