{"id":3636,"date":"2016-02-25T14:17:40","date_gmt":"2016-02-25T14:17:40","guid":{"rendered":"https:\/\/lab.abilia.eu\/producto\/balsamo-de-calendula\/"},"modified":"2021-01-19T17:45:36","modified_gmt":"2021-01-19T17:45:36","slug":"baume-a-la-fleur-de-souci","status":"publish","type":"product","link":"https:\/\/abilia.eu\/fr\/produit\/baume-a-la-fleur-de-souci\/","title":{"rendered":"Baume a la Fleur de Souci"},"content":{"rendered":"<div class=\"wpb-content-wrapper\"><p>[vc_row][vc_column][vc_column_text]<\/p>\n<h3>Qu&rsquo;est-ce?<\/h3>\n<p>Ce baume prend soin de la peau apr\u00e8s son exposition au soleil. Il harmonise la peau ab\u00eem\u00e9e, la reconstruit et la soulage des irritations et d\u00e9mangeaisons. Il prot\u00e8ge \u00e9galement la peau contre les agents externes nuisibles. Le beurre de karit\u00e9 hydrate et prot\u00e8ge. La fleur de souci permet la cr\u00e9ation de nouvelles cellules de l\u2019\u00e9piderme et stimule la circulation du sang et de l\u2019oxyg\u00e8ne n\u00e9cessaire \u00e0 la r\u00e9paration de la peau endommag\u00e9e.<\/p>\n<p>La fleur de souci (ou Calendula) est l\u2019ingr\u00e9dient cl\u00e9 de ce baume. En tant que plante de soleil, elle a des propri\u00e9t\u00e9s curatives et r\u00e9g\u00e9n\u00e9ratives aig\u00fces. L\u2019utilisation de cette plante pour ses propri\u00e9t\u00e9s est reconnue depuis de longues ann\u00e9es.<\/p>\n<p>Traditionnellement, elle \u00e9tait utilis\u00e9e comme d\u00e9sinfectant, pour r\u00e9parer les blessures et pour soigner les infections et dommages cutan\u00e9s (engelures, ecz\u00e9ma, br\u00fblures etc.).<\/p>\n<p>Aussi, elle \u00e9tait vou\u00e9e \u00e0 usage interne pour les irritations et maux de l\u2019estomac et pour la purification du sang. Aujourd\u2019hui, on sait qu\u2019elle peut aussi stimuler la production de nouvelle cellules \u00e9pidermiques et qu\u2019elle a de vraies propri\u00e9t\u00e9s hydratantes.<\/p>\n<h3>Comment l&rsquo;utiliser<\/h3>\n<p>Appliquez le baume abondamment sur la zone ab\u00eem\u00e9e.<\/p>\n<h3>Ingr\u00e9dients<\/h3>\n<p>Olea europaea Fruit Oil*, Cera Alba, Butyrospermum Parkii Butter*, Calendula officinalis Flower Oil*, Tocopherol, Lavandula angustifolia Oil*, Rosmarinus officinalis Leaf Oil*, Linalool, Limonene, Geraniol.<\/p>\n<p>*Ingr\u00e9dients provenant de l\u2019agriculture organique certifi\u00e9e.[\/vc_column_text][\/vc_column][\/vc_row]<\/p>\n<\/div>","protected":false},"excerpt":{"rendered":"<p><span style=\"font-weight: 400;\">Promeut la cr\u00e9ation de nouveaux tissus. Soigne et r\u00e9pare la peau endommag\u00e9e. Ce baume calme aussi les douleurs et d\u00e9mangeaisons li\u00e9es \u00e0 la peau ab\u00eem\u00e9e. Il maintient une peau forte et aide \u00e0 retirer les cicatrices.\u00a0\u00a0<\/span><\/p>\n<p><span style=\"font-weight: 400;\">Indiqu\u00e9 pour tous types de peau, particuli\u00e8rement les peaux ab\u00eem\u00e9es.\u00a0<\/span><\/p>\n<p><img loading=\"lazy\" decoding=\"async\" class=\"alignnone size-full wp-image-3436\" src=\"https:\/\/abilia.eu\/wp-content\/uploads\/2016\/02\/sellos-productos-011.jpg\" alt=\"\" width=\"400\" height=\"80\" srcset=\"https:\/\/abilia.eu\/wp-content\/uploads\/2016\/02\/sellos-productos-011.jpg 400w, https:\/\/abilia.eu\/wp-content\/uploads\/2016\/02\/sellos-productos-011-300x60.jpg 300w\" sizes=\"auto, (max-width: 400px) 100vw, 400px\" \/><\/p>\n","protected":false},"featured_media":4837,"comment_status":"open","ping_status":"closed","template":"","meta":{"inline_featured_image":false},"product_brand":[],"product_cat":[111],"product_tag":[],"class_list":{"0":"post-3636","1":"product","2":"type-product","3":"status-publish","4":"has-post-thumbnail","6":"product_cat-traitements-specifiques","8":"first","9":"instock","10":"taxable","11":"shipping-taxable","12":"purchasable","13":"product-type-simple"},"yoast_head":"<!-- This site is optimized with the Yoast SEO plugin v27.4 - https:\/\/yoast.com\/product\/yoast-seo-wordpress\/ -->\n<title>Baume a la Fleur de Souci | Abilia Cosm\u00e9tique Naturelle<\/title>\n<meta name=\"description\" content=\"Le Baume a la Fleur de Souci d&#039;Abilia promeut la cr\u00e9ation de nouveaux tissus. Soigne et r\u00e9pare la peau endommag\u00e9e.\" \/>\n<meta name=\"robots\" content=\"index, follow, max-snippet:-1, max-image-preview:large, max-video-preview:-1\" \/>\n<link rel=\"canonical\" href=\"https:\/\/abilia.eu\/fr\/produit\/baume-a-la-fleur-de-souci\/\" \/>\n<meta property=\"og:locale\" content=\"fr_FR\" \/>\n<meta property=\"og:type\" content=\"article\" \/>\n<meta property=\"og:title\" content=\"Baume a la Fleur de Souci | Abilia Cosm\u00e9tique Naturelle\" \/>\n<meta property=\"og:description\" content=\"Le Baume a la Fleur de Souci d&#039;Abilia promeut la cr\u00e9ation de nouveaux tissus. Soigne et r\u00e9pare la peau endommag\u00e9e.\" \/>\n<meta property=\"og:url\" content=\"https:\/\/abilia.eu\/fr\/produit\/baume-a-la-fleur-de-souci\/\" \/>\n<meta property=\"og:site_name\" content=\"Abilia (LAB)\" \/>\n<meta property=\"article:publisher\" content=\"https:\/\/www.facebook.com\/AbiliaCosmeticaNatural\/\" \/>\n<meta property=\"article:modified_time\" content=\"2021-01-19T17:45:36+00:00\" \/>\n<meta property=\"og:image\" content=\"https:\/\/abilia.eu\/wp-content\/uploads\/2016\/02\/Balsamo-de-Calendula-Abilia-natural-04-1.jpg\" \/>\n\t<meta property=\"og:image:width\" content=\"1200\" \/>\n\t<meta property=\"og:image:height\" content=\"1200\" \/>\n\t<meta property=\"og:image:type\" content=\"image\/jpeg\" \/>\n<meta name=\"twitter:card\" content=\"summary_large_image\" \/>\n<meta name=\"twitter:label1\" content=\"Dur\u00e9e de lecture estim\u00e9e\" \/>\n\t<meta name=\"twitter:data1\" content=\"1 minute\" \/>\n<script type=\"application\/ld+json\" class=\"yoast-schema-graph\">{\"@context\":\"https:\\\/\\\/schema.org\",\"@graph\":[{\"@type\":\"WebPage\",\"@id\":\"https:\\\/\\\/abilia.eu\\\/fr\\\/produit\\\/baume-a-la-fleur-de-souci\\\/\",\"url\":\"https:\\\/\\\/abilia.eu\\\/fr\\\/produit\\\/baume-a-la-fleur-de-souci\\\/\",\"name\":\"Baume a la Fleur de Souci | Abilia Cosm\u00e9tique Naturelle\",\"isPartOf\":{\"@id\":\"https:\\\/\\\/abilia.eu\\\/fr\\\/#website\"},\"primaryImageOfPage\":{\"@id\":\"https:\\\/\\\/abilia.eu\\\/fr\\\/produit\\\/baume-a-la-fleur-de-souci\\\/#primaryimage\"},\"image\":{\"@id\":\"https:\\\/\\\/abilia.eu\\\/fr\\\/produit\\\/baume-a-la-fleur-de-souci\\\/#primaryimage\"},\"thumbnailUrl\":\"https:\\\/\\\/abilia.eu\\\/wp-content\\\/uploads\\\/2016\\\/02\\\/Balsamo-de-Calendula-Abilia-natural-04-1.jpg\",\"datePublished\":\"2016-02-25T14:17:40+00:00\",\"dateModified\":\"2021-01-19T17:45:36+00:00\",\"description\":\"Le Baume a la Fleur de Souci d'Abilia promeut la cr\u00e9ation de nouveaux tissus. Soigne et r\u00e9pare la peau endommag\u00e9e.\",\"breadcrumb\":{\"@id\":\"https:\\\/\\\/abilia.eu\\\/fr\\\/produit\\\/baume-a-la-fleur-de-souci\\\/#breadcrumb\"},\"inLanguage\":\"fr-FR\",\"potentialAction\":[{\"@type\":\"ReadAction\",\"target\":[\"https:\\\/\\\/abilia.eu\\\/fr\\\/produit\\\/baume-a-la-fleur-de-souci\\\/\"]}]},{\"@type\":\"ImageObject\",\"inLanguage\":\"fr-FR\",\"@id\":\"https:\\\/\\\/abilia.eu\\\/fr\\\/produit\\\/baume-a-la-fleur-de-souci\\\/#primaryimage\",\"url\":\"https:\\\/\\\/abilia.eu\\\/wp-content\\\/uploads\\\/2016\\\/02\\\/Balsamo-de-Calendula-Abilia-natural-04-1.jpg\",\"contentUrl\":\"https:\\\/\\\/abilia.eu\\\/wp-content\\\/uploads\\\/2016\\\/02\\\/Balsamo-de-Calendula-Abilia-natural-04-1.jpg\",\"width\":1200,\"height\":1200,\"caption\":\"balsamo de calendula curar abilia\"},{\"@type\":\"BreadcrumbList\",\"@id\":\"https:\\\/\\\/abilia.eu\\\/fr\\\/produit\\\/baume-a-la-fleur-de-souci\\\/#breadcrumb\",\"itemListElement\":[{\"@type\":\"ListItem\",\"position\":1,\"name\":\"Portada\",\"item\":\"https:\\\/\\\/abilia.eu\\\/fr\\\/\"},{\"@type\":\"ListItem\",\"position\":2,\"name\":\"Products\",\"item\":\"https:\\\/\\\/abilia.eu\\\/en\\\/shopkeeper-child-2\\\/\"},{\"@type\":\"ListItem\",\"position\":3,\"name\":\"Baume a la Fleur de Souci\"}]},{\"@type\":\"WebSite\",\"@id\":\"https:\\\/\\\/abilia.eu\\\/fr\\\/#website\",\"url\":\"https:\\\/\\\/abilia.eu\\\/fr\\\/\",\"name\":\"Abilia (LAB)\",\"description\":\"Cosm\u00e9tica natural\",\"publisher\":{\"@id\":\"https:\\\/\\\/abilia.eu\\\/fr\\\/#organization\"},\"potentialAction\":[{\"@type\":\"SearchAction\",\"target\":{\"@type\":\"EntryPoint\",\"urlTemplate\":\"https:\\\/\\\/abilia.eu\\\/fr\\\/?s={search_term_string}\"},\"query-input\":{\"@type\":\"PropertyValueSpecification\",\"valueRequired\":true,\"valueName\":\"search_term_string\"}}],\"inLanguage\":\"fr-FR\"},{\"@type\":\"Organization\",\"@id\":\"https:\\\/\\\/abilia.eu\\\/fr\\\/#organization\",\"name\":\"Abilia - Cosm\u00e9tica Natural\",\"url\":\"https:\\\/\\\/abilia.eu\\\/fr\\\/\",\"logo\":{\"@type\":\"ImageObject\",\"inLanguage\":\"fr-FR\",\"@id\":\"https:\\\/\\\/abilia.eu\\\/fr\\\/#\\\/schema\\\/logo\\\/image\\\/\",\"url\":\"https:\\\/\\\/abilia.eu\\\/wp-content\\\/uploads\\\/2020\\\/12\\\/abilia-logo.jpg\",\"contentUrl\":\"https:\\\/\\\/abilia.eu\\\/wp-content\\\/uploads\\\/2020\\\/12\\\/abilia-logo.jpg\",\"width\":300,\"height\":83,\"caption\":\"Abilia - Cosm\u00e9tica Natural\"},\"image\":{\"@id\":\"https:\\\/\\\/abilia.eu\\\/fr\\\/#\\\/schema\\\/logo\\\/image\\\/\"},\"sameAs\":[\"https:\\\/\\\/www.facebook.com\\\/AbiliaCosmeticaNatural\\\/\",\"https:\\\/\\\/www.instagram.com\\\/abilia.cosmetica\\\/\"]}]}<\/script>\n<!-- \/ Yoast SEO plugin. -->","yoast_head_json":{"title":"Baume a la Fleur de Souci | Abilia Cosm\u00e9tique Naturelle","description":"Le Baume a la Fleur de Souci d'Abilia promeut la cr\u00e9ation de nouveaux tissus. Soigne et r\u00e9pare la peau endommag\u00e9e.","robots":{"index":"index","follow":"follow","max-snippet":"max-snippet:-1","max-image-preview":"max-image-preview:large","max-video-preview":"max-video-preview:-1"},"canonical":"https:\/\/abilia.eu\/fr\/produit\/baume-a-la-fleur-de-souci\/","og_locale":"fr_FR","og_type":"article","og_title":"Baume a la Fleur de Souci | Abilia Cosm\u00e9tique Naturelle","og_description":"Le Baume a la Fleur de Souci d'Abilia promeut la cr\u00e9ation de nouveaux tissus. Soigne et r\u00e9pare la peau endommag\u00e9e.","og_url":"https:\/\/abilia.eu\/fr\/produit\/baume-a-la-fleur-de-souci\/","og_site_name":"Abilia (LAB)","article_publisher":"https:\/\/www.facebook.com\/AbiliaCosmeticaNatural\/","article_modified_time":"2021-01-19T17:45:36+00:00","og_image":[{"width":1200,"height":1200,"url":"https:\/\/abilia.eu\/wp-content\/uploads\/2016\/02\/Balsamo-de-Calendula-Abilia-natural-04-1.jpg","type":"image\/jpeg"}],"twitter_card":"summary_large_image","twitter_misc":{"Dur\u00e9e de lecture estim\u00e9e":"1 minute"},"schema":{"@context":"https:\/\/schema.org","@graph":[{"@type":"WebPage","@id":"https:\/\/abilia.eu\/fr\/produit\/baume-a-la-fleur-de-souci\/","url":"https:\/\/abilia.eu\/fr\/produit\/baume-a-la-fleur-de-souci\/","name":"Baume a la Fleur de Souci | Abilia Cosm\u00e9tique Naturelle","isPartOf":{"@id":"https:\/\/abilia.eu\/fr\/#website"},"primaryImageOfPage":{"@id":"https:\/\/abilia.eu\/fr\/produit\/baume-a-la-fleur-de-souci\/#primaryimage"},"image":{"@id":"https:\/\/abilia.eu\/fr\/produit\/baume-a-la-fleur-de-souci\/#primaryimage"},"thumbnailUrl":"https:\/\/abilia.eu\/wp-content\/uploads\/2016\/02\/Balsamo-de-Calendula-Abilia-natural-04-1.jpg","datePublished":"2016-02-25T14:17:40+00:00","dateModified":"2021-01-19T17:45:36+00:00","description":"Le Baume a la Fleur de Souci d'Abilia promeut la cr\u00e9ation de nouveaux tissus. Soigne et r\u00e9pare la peau endommag\u00e9e.","breadcrumb":{"@id":"https:\/\/abilia.eu\/fr\/produit\/baume-a-la-fleur-de-souci\/#breadcrumb"},"inLanguage":"fr-FR","potentialAction":[{"@type":"ReadAction","target":["https:\/\/abilia.eu\/fr\/produit\/baume-a-la-fleur-de-souci\/"]}]},{"@type":"ImageObject","inLanguage":"fr-FR","@id":"https:\/\/abilia.eu\/fr\/produit\/baume-a-la-fleur-de-souci\/#primaryimage","url":"https:\/\/abilia.eu\/wp-content\/uploads\/2016\/02\/Balsamo-de-Calendula-Abilia-natural-04-1.jpg","contentUrl":"https:\/\/abilia.eu\/wp-content\/uploads\/2016\/02\/Balsamo-de-Calendula-Abilia-natural-04-1.jpg","width":1200,"height":1200,"caption":"balsamo de calendula curar abilia"},{"@type":"BreadcrumbList","@id":"https:\/\/abilia.eu\/fr\/produit\/baume-a-la-fleur-de-souci\/#breadcrumb","itemListElement":[{"@type":"ListItem","position":1,"name":"Portada","item":"https:\/\/abilia.eu\/fr\/"},{"@type":"ListItem","position":2,"name":"Products","item":"https:\/\/abilia.eu\/en\/shopkeeper-child-2\/"},{"@type":"ListItem","position":3,"name":"Baume a la Fleur de Souci"}]},{"@type":"WebSite","@id":"https:\/\/abilia.eu\/fr\/#website","url":"https:\/\/abilia.eu\/fr\/","name":"Abilia (LAB)","description":"Cosm\u00e9tica natural","publisher":{"@id":"https:\/\/abilia.eu\/fr\/#organization"},"potentialAction":[{"@type":"SearchAction","target":{"@type":"EntryPoint","urlTemplate":"https:\/\/abilia.eu\/fr\/?s={search_term_string}"},"query-input":{"@type":"PropertyValueSpecification","valueRequired":true,"valueName":"search_term_string"}}],"inLanguage":"fr-FR"},{"@type":"Organization","@id":"https:\/\/abilia.eu\/fr\/#organization","name":"Abilia - Cosm\u00e9tica Natural","url":"https:\/\/abilia.eu\/fr\/","logo":{"@type":"ImageObject","inLanguage":"fr-FR","@id":"https:\/\/abilia.eu\/fr\/#\/schema\/logo\/image\/","url":"https:\/\/abilia.eu\/wp-content\/uploads\/2020\/12\/abilia-logo.jpg","contentUrl":"https:\/\/abilia.eu\/wp-content\/uploads\/2020\/12\/abilia-logo.jpg","width":300,"height":83,"caption":"Abilia - Cosm\u00e9tica Natural"},"image":{"@id":"https:\/\/abilia.eu\/fr\/#\/schema\/logo\/image\/"},"sameAs":["https:\/\/www.facebook.com\/AbiliaCosmeticaNatural\/","https:\/\/www.instagram.com\/abilia.cosmetica\/"]}]}},"_links":{"self":[{"href":"https:\/\/abilia.eu\/fr\/wp-json\/wp\/v2\/product\/3636","targetHints":{"allow":["GET"]}}],"collection":[{"href":"https:\/\/abilia.eu\/fr\/wp-json\/wp\/v2\/product"}],"about":[{"href":"https:\/\/abilia.eu\/fr\/wp-json\/wp\/v2\/types\/product"}],"replies":[{"embeddable":true,"href":"https:\/\/abilia.eu\/fr\/wp-json\/wp\/v2\/comments?post=3636"}],"wp:featuredmedia":[{"embeddable":true,"href":"https:\/\/abilia.eu\/fr\/wp-json\/wp\/v2\/media\/4837"}],"wp:attachment":[{"href":"https:\/\/abilia.eu\/fr\/wp-json\/wp\/v2\/media?parent=3636"}],"wp:term":[{"taxonomy":"product_brand","embeddable":true,"href":"https:\/\/abilia.eu\/fr\/wp-json\/wp\/v2\/product_brand?post=3636"},{"taxonomy":"product_cat","embeddable":true,"href":"https:\/\/abilia.eu\/fr\/wp-json\/wp\/v2\/product_cat?post=3636"},{"taxonomy":"product_tag","embeddable":true,"href":"https:\/\/abilia.eu\/fr\/wp-json\/wp\/v2\/product_tag?post=3636"}],"curies":[{"name":"wp","href":"https:\/\/api.w.org\/{rel}","templated":true}]}}