{"id":3625,"date":"2016-02-25T14:17:46","date_gmt":"2016-02-25T14:17:46","guid":{"rendered":"https:\/\/lab.abilia.eu\/producto\/after-shave\/"},"modified":"2022-07-21T08:10:26","modified_gmt":"2022-07-21T08:10:26","slug":"baume-apres-rasage","status":"publish","type":"product","link":"https:\/\/abilia.eu\/fr\/produit\/baume-apres-rasage\/","title":{"rendered":"Baume Apres-Rasage"},"content":{"rendered":"<div class=\"wpb-content-wrapper\"><p>[vc_row][vc_column][vc_column_text]<\/p>\n<h3>Qu&rsquo;est-ce?<\/h3>\n<p>Apr\u00e8s le rasage, la peau est irrit\u00e9e et peut pr\u00e9senter des \u00e9gratignures. C\u2019est pour cela que la protection contre les agents pathog\u00e8nes ext\u00e9rieurs est vitale afin de nourrir et de r\u00e9parer la peau ab\u00eem\u00e9e. L\u2019Apr\u00e8s-rasage est une lotion l\u00e9g\u00e8re et rafra\u00eechissante cr\u00e9\u00e9e \u00e0 cet effet. La fleur de souci, le beurre de karit\u00e9 et l\u2019aloe vera hydratent en profondeur et prot\u00e8gent. Les eaux de romarin et de lavande, par contraste, laissent la peau fra\u00eeche, ferme et douce.<\/p>\n<h3>Comment l&rsquo;utiliser<\/h3>\n<p>Le baume Apr\u00e8s-rasage est utilis\u00e9 pour prendre soin de la peau apr\u00e8s le rasage. Il est \u00e0 appliquer sur peau s\u00e8che.<\/p>\n<h3>Conseil<\/h3>\n<p>Nous recommandons l\u2019utilisation de l\u2019Apr\u00e8s-rasage avec notre Savon Exfoliant pour un nettoyage du visage plus complet.<\/p>\n<h3>Ingr\u00e9dients<\/h3>\n<p>Lavandula angustifolia Flower Water*, Aloe barbadensis Leaf Juice*, Caprylic\/capric Triglyceride, Glyceryl Stearate SE, Glycerin*, Butyrospermum Parkii Butter*, Arachidyl Alcohol, Cetearyl Alcohol, Behenyl Alcohol, Calendula officinalis Flower Oil*, Olea europaea Fruit Oil*, Hemp Seed Oil, Juniperus virginiana Oil, Lavandula angustifolia Oil*, Rosmarinus officinalis Leaf Oil*, Arachidyl Glucoside, Tocopheryl Acetate, Cetearyl Glucoside, Xanthan Gum, Aqua, Hydrolyzed Jojoba Esters, Phytic Acid, Glyceryl Caprylate, Benzyl Alcohol, Glyceryl Undecylenate, Linalool, Limonene, Geraniol.<\/p>\n<p>*Ingr\u00e9dients provenant de l\u2019agriculture organique certifi\u00e9e.[\/vc_column_text][\/vc_column][\/vc_row]<\/p>\n<\/div>","protected":false},"excerpt":{"rendered":"<p>Notre baume prend soin et prot\u00e8ge la peau apr\u00e8s le rasage. Il restaure les couches endommag\u00e9es. L\u2019usage r\u00e9gulier assure une peau douce, nourrie et hydrat\u00e9e d\u2019apparence saine.<\/p>\n<p>Indiqu\u00e9 pour les hommes.<\/p>\n<p><img loading=\"lazy\" decoding=\"async\" class=\"alignnone size-full wp-image-3432\" src=\"https:\/\/abilia.eu\/wp-content\/uploads\/2016\/02\/sellos-productos-010.jpg\" alt=\"\" width=\"400\" height=\"80\" srcset=\"https:\/\/abilia.eu\/wp-content\/uploads\/2016\/02\/sellos-productos-010.jpg 400w, https:\/\/abilia.eu\/wp-content\/uploads\/2016\/02\/sellos-productos-010-300x60.jpg 300w\" sizes=\"auto, (max-width: 400px) 100vw, 400px\" \/><\/p>\n","protected":false},"featured_media":5071,"comment_status":"open","ping_status":"closed","template":"","meta":{"inline_featured_image":false},"product_brand":[],"product_cat":[111],"product_tag":[],"class_list":{"0":"post-3625","1":"product","2":"type-product","3":"status-publish","4":"has-post-thumbnail","6":"product_cat-traitements-specifiques","8":"first","9":"outofstock","10":"taxable","11":"shipping-taxable","12":"purchasable","13":"product-type-simple"},"yoast_head":"<!-- This site is optimized with the Yoast SEO plugin v27.3 - https:\/\/yoast.com\/product\/yoast-seo-wordpress\/ -->\n<title>Baume Apres-Rasage | Abilia Cosm\u00e9tique Naturelle<\/title>\n<meta name=\"description\" content=\"Notre Baume Apres-Rasage prend soin et prot\u00e8ge la peau apr\u00e8s le rasage. Il restaure les couches endommag\u00e9es.\" \/>\n<meta name=\"robots\" content=\"index, follow, max-snippet:-1, max-image-preview:large, max-video-preview:-1\" \/>\n<link rel=\"canonical\" href=\"https:\/\/abilia.eu\/fr\/produit\/baume-apres-rasage\/\" \/>\n<meta property=\"og:locale\" content=\"fr_FR\" \/>\n<meta property=\"og:type\" content=\"article\" \/>\n<meta property=\"og:title\" content=\"Baume Apres-Rasage | Abilia Cosm\u00e9tique Naturelle\" \/>\n<meta property=\"og:description\" content=\"Notre Baume Apres-Rasage prend soin et prot\u00e8ge la peau apr\u00e8s le rasage. Il restaure les couches endommag\u00e9es.\" \/>\n<meta property=\"og:url\" content=\"https:\/\/abilia.eu\/fr\/produit\/baume-apres-rasage\/\" \/>\n<meta property=\"og:site_name\" content=\"Abilia (LAB)\" \/>\n<meta property=\"article:publisher\" content=\"https:\/\/www.facebook.com\/AbiliaCosmeticaNatural\/\" \/>\n<meta property=\"article:modified_time\" content=\"2022-07-21T08:10:26+00:00\" \/>\n<meta property=\"og:image\" content=\"https:\/\/abilia.eu\/wp-content\/uploads\/2016\/02\/After-Shave-ABILIA-BIO-01.jpg\" \/>\n\t<meta property=\"og:image:width\" content=\"1200\" \/>\n\t<meta property=\"og:image:height\" content=\"1200\" \/>\n\t<meta property=\"og:image:type\" content=\"image\/jpeg\" \/>\n<meta name=\"twitter:card\" content=\"summary_large_image\" \/>\n<meta name=\"twitter:label1\" content=\"Dur\u00e9e de lecture estim\u00e9e\" \/>\n\t<meta name=\"twitter:data1\" content=\"1 minute\" \/>\n<script type=\"application\/ld+json\" class=\"yoast-schema-graph\">{\"@context\":\"https:\\\/\\\/schema.org\",\"@graph\":[{\"@type\":\"WebPage\",\"@id\":\"https:\\\/\\\/abilia.eu\\\/fr\\\/produit\\\/baume-apres-rasage\\\/\",\"url\":\"https:\\\/\\\/abilia.eu\\\/fr\\\/produit\\\/baume-apres-rasage\\\/\",\"name\":\"Baume Apres-Rasage | Abilia Cosm\u00e9tique Naturelle\",\"isPartOf\":{\"@id\":\"https:\\\/\\\/abilia.eu\\\/fr\\\/#website\"},\"primaryImageOfPage\":{\"@id\":\"https:\\\/\\\/abilia.eu\\\/fr\\\/produit\\\/baume-apres-rasage\\\/#primaryimage\"},\"image\":{\"@id\":\"https:\\\/\\\/abilia.eu\\\/fr\\\/produit\\\/baume-apres-rasage\\\/#primaryimage\"},\"thumbnailUrl\":\"https:\\\/\\\/abilia.eu\\\/wp-content\\\/uploads\\\/2016\\\/02\\\/After-Shave-ABILIA-BIO-01.jpg\",\"datePublished\":\"2016-02-25T14:17:46+00:00\",\"dateModified\":\"2022-07-21T08:10:26+00:00\",\"description\":\"Notre Baume Apres-Rasage prend soin et prot\u00e8ge la peau apr\u00e8s le rasage. Il restaure les couches endommag\u00e9es.\",\"breadcrumb\":{\"@id\":\"https:\\\/\\\/abilia.eu\\\/fr\\\/produit\\\/baume-apres-rasage\\\/#breadcrumb\"},\"inLanguage\":\"fr-FR\",\"potentialAction\":[{\"@type\":\"ReadAction\",\"target\":[\"https:\\\/\\\/abilia.eu\\\/fr\\\/produit\\\/baume-apres-rasage\\\/\"]}]},{\"@type\":\"ImageObject\",\"inLanguage\":\"fr-FR\",\"@id\":\"https:\\\/\\\/abilia.eu\\\/fr\\\/produit\\\/baume-apres-rasage\\\/#primaryimage\",\"url\":\"https:\\\/\\\/abilia.eu\\\/wp-content\\\/uploads\\\/2016\\\/02\\\/After-Shave-ABILIA-BIO-01.jpg\",\"contentUrl\":\"https:\\\/\\\/abilia.eu\\\/wp-content\\\/uploads\\\/2016\\\/02\\\/After-Shave-ABILIA-BIO-01.jpg\",\"width\":1200,\"height\":1200,\"caption\":\"After Shave piel sensible natural\"},{\"@type\":\"BreadcrumbList\",\"@id\":\"https:\\\/\\\/abilia.eu\\\/fr\\\/produit\\\/baume-apres-rasage\\\/#breadcrumb\",\"itemListElement\":[{\"@type\":\"ListItem\",\"position\":1,\"name\":\"Portada\",\"item\":\"https:\\\/\\\/abilia.eu\\\/fr\\\/\"},{\"@type\":\"ListItem\",\"position\":2,\"name\":\"Products\",\"item\":\"https:\\\/\\\/abilia.eu\\\/en\\\/shopkeeper-child-2\\\/\"},{\"@type\":\"ListItem\",\"position\":3,\"name\":\"Baume Apres-Rasage\"}]},{\"@type\":\"WebSite\",\"@id\":\"https:\\\/\\\/abilia.eu\\\/fr\\\/#website\",\"url\":\"https:\\\/\\\/abilia.eu\\\/fr\\\/\",\"name\":\"Abilia (LAB)\",\"description\":\"Cosm\u00e9tica natural\",\"publisher\":{\"@id\":\"https:\\\/\\\/abilia.eu\\\/fr\\\/#organization\"},\"potentialAction\":[{\"@type\":\"SearchAction\",\"target\":{\"@type\":\"EntryPoint\",\"urlTemplate\":\"https:\\\/\\\/abilia.eu\\\/fr\\\/?s={search_term_string}\"},\"query-input\":{\"@type\":\"PropertyValueSpecification\",\"valueRequired\":true,\"valueName\":\"search_term_string\"}}],\"inLanguage\":\"fr-FR\"},{\"@type\":\"Organization\",\"@id\":\"https:\\\/\\\/abilia.eu\\\/fr\\\/#organization\",\"name\":\"Abilia - Cosm\u00e9tica Natural\",\"url\":\"https:\\\/\\\/abilia.eu\\\/fr\\\/\",\"logo\":{\"@type\":\"ImageObject\",\"inLanguage\":\"fr-FR\",\"@id\":\"https:\\\/\\\/abilia.eu\\\/fr\\\/#\\\/schema\\\/logo\\\/image\\\/\",\"url\":\"https:\\\/\\\/abilia.eu\\\/wp-content\\\/uploads\\\/2020\\\/12\\\/abilia-logo.jpg\",\"contentUrl\":\"https:\\\/\\\/abilia.eu\\\/wp-content\\\/uploads\\\/2020\\\/12\\\/abilia-logo.jpg\",\"width\":300,\"height\":83,\"caption\":\"Abilia - Cosm\u00e9tica Natural\"},\"image\":{\"@id\":\"https:\\\/\\\/abilia.eu\\\/fr\\\/#\\\/schema\\\/logo\\\/image\\\/\"},\"sameAs\":[\"https:\\\/\\\/www.facebook.com\\\/AbiliaCosmeticaNatural\\\/\",\"https:\\\/\\\/www.instagram.com\\\/abilia.cosmetica\\\/\"]}]}<\/script>\n<!-- \/ Yoast SEO plugin. -->","yoast_head_json":{"title":"Baume Apres-Rasage | Abilia Cosm\u00e9tique Naturelle","description":"Notre Baume Apres-Rasage prend soin et prot\u00e8ge la peau apr\u00e8s le rasage. Il restaure les couches endommag\u00e9es.","robots":{"index":"index","follow":"follow","max-snippet":"max-snippet:-1","max-image-preview":"max-image-preview:large","max-video-preview":"max-video-preview:-1"},"canonical":"https:\/\/abilia.eu\/fr\/produit\/baume-apres-rasage\/","og_locale":"fr_FR","og_type":"article","og_title":"Baume Apres-Rasage | Abilia Cosm\u00e9tique Naturelle","og_description":"Notre Baume Apres-Rasage prend soin et prot\u00e8ge la peau apr\u00e8s le rasage. Il restaure les couches endommag\u00e9es.","og_url":"https:\/\/abilia.eu\/fr\/produit\/baume-apres-rasage\/","og_site_name":"Abilia (LAB)","article_publisher":"https:\/\/www.facebook.com\/AbiliaCosmeticaNatural\/","article_modified_time":"2022-07-21T08:10:26+00:00","og_image":[{"width":1200,"height":1200,"url":"https:\/\/abilia.eu\/wp-content\/uploads\/2016\/02\/After-Shave-ABILIA-BIO-01.jpg","type":"image\/jpeg"}],"twitter_card":"summary_large_image","twitter_misc":{"Dur\u00e9e de lecture estim\u00e9e":"1 minute"},"schema":{"@context":"https:\/\/schema.org","@graph":[{"@type":"WebPage","@id":"https:\/\/abilia.eu\/fr\/produit\/baume-apres-rasage\/","url":"https:\/\/abilia.eu\/fr\/produit\/baume-apres-rasage\/","name":"Baume Apres-Rasage | Abilia Cosm\u00e9tique Naturelle","isPartOf":{"@id":"https:\/\/abilia.eu\/fr\/#website"},"primaryImageOfPage":{"@id":"https:\/\/abilia.eu\/fr\/produit\/baume-apres-rasage\/#primaryimage"},"image":{"@id":"https:\/\/abilia.eu\/fr\/produit\/baume-apres-rasage\/#primaryimage"},"thumbnailUrl":"https:\/\/abilia.eu\/wp-content\/uploads\/2016\/02\/After-Shave-ABILIA-BIO-01.jpg","datePublished":"2016-02-25T14:17:46+00:00","dateModified":"2022-07-21T08:10:26+00:00","description":"Notre Baume Apres-Rasage prend soin et prot\u00e8ge la peau apr\u00e8s le rasage. Il restaure les couches endommag\u00e9es.","breadcrumb":{"@id":"https:\/\/abilia.eu\/fr\/produit\/baume-apres-rasage\/#breadcrumb"},"inLanguage":"fr-FR","potentialAction":[{"@type":"ReadAction","target":["https:\/\/abilia.eu\/fr\/produit\/baume-apres-rasage\/"]}]},{"@type":"ImageObject","inLanguage":"fr-FR","@id":"https:\/\/abilia.eu\/fr\/produit\/baume-apres-rasage\/#primaryimage","url":"https:\/\/abilia.eu\/wp-content\/uploads\/2016\/02\/After-Shave-ABILIA-BIO-01.jpg","contentUrl":"https:\/\/abilia.eu\/wp-content\/uploads\/2016\/02\/After-Shave-ABILIA-BIO-01.jpg","width":1200,"height":1200,"caption":"After Shave piel sensible natural"},{"@type":"BreadcrumbList","@id":"https:\/\/abilia.eu\/fr\/produit\/baume-apres-rasage\/#breadcrumb","itemListElement":[{"@type":"ListItem","position":1,"name":"Portada","item":"https:\/\/abilia.eu\/fr\/"},{"@type":"ListItem","position":2,"name":"Products","item":"https:\/\/abilia.eu\/en\/shopkeeper-child-2\/"},{"@type":"ListItem","position":3,"name":"Baume Apres-Rasage"}]},{"@type":"WebSite","@id":"https:\/\/abilia.eu\/fr\/#website","url":"https:\/\/abilia.eu\/fr\/","name":"Abilia (LAB)","description":"Cosm\u00e9tica natural","publisher":{"@id":"https:\/\/abilia.eu\/fr\/#organization"},"potentialAction":[{"@type":"SearchAction","target":{"@type":"EntryPoint","urlTemplate":"https:\/\/abilia.eu\/fr\/?s={search_term_string}"},"query-input":{"@type":"PropertyValueSpecification","valueRequired":true,"valueName":"search_term_string"}}],"inLanguage":"fr-FR"},{"@type":"Organization","@id":"https:\/\/abilia.eu\/fr\/#organization","name":"Abilia - Cosm\u00e9tica Natural","url":"https:\/\/abilia.eu\/fr\/","logo":{"@type":"ImageObject","inLanguage":"fr-FR","@id":"https:\/\/abilia.eu\/fr\/#\/schema\/logo\/image\/","url":"https:\/\/abilia.eu\/wp-content\/uploads\/2020\/12\/abilia-logo.jpg","contentUrl":"https:\/\/abilia.eu\/wp-content\/uploads\/2020\/12\/abilia-logo.jpg","width":300,"height":83,"caption":"Abilia - Cosm\u00e9tica Natural"},"image":{"@id":"https:\/\/abilia.eu\/fr\/#\/schema\/logo\/image\/"},"sameAs":["https:\/\/www.facebook.com\/AbiliaCosmeticaNatural\/","https:\/\/www.instagram.com\/abilia.cosmetica\/"]}]}},"_links":{"self":[{"href":"https:\/\/abilia.eu\/fr\/wp-json\/wp\/v2\/product\/3625","targetHints":{"allow":["GET"]}}],"collection":[{"href":"https:\/\/abilia.eu\/fr\/wp-json\/wp\/v2\/product"}],"about":[{"href":"https:\/\/abilia.eu\/fr\/wp-json\/wp\/v2\/types\/product"}],"replies":[{"embeddable":true,"href":"https:\/\/abilia.eu\/fr\/wp-json\/wp\/v2\/comments?post=3625"}],"wp:featuredmedia":[{"embeddable":true,"href":"https:\/\/abilia.eu\/fr\/wp-json\/wp\/v2\/media\/5071"}],"wp:attachment":[{"href":"https:\/\/abilia.eu\/fr\/wp-json\/wp\/v2\/media?parent=3625"}],"wp:term":[{"taxonomy":"product_brand","embeddable":true,"href":"https:\/\/abilia.eu\/fr\/wp-json\/wp\/v2\/product_brand?post=3625"},{"taxonomy":"product_cat","embeddable":true,"href":"https:\/\/abilia.eu\/fr\/wp-json\/wp\/v2\/product_cat?post=3625"},{"taxonomy":"product_tag","embeddable":true,"href":"https:\/\/abilia.eu\/fr\/wp-json\/wp\/v2\/product_tag?post=3625"}],"curies":[{"name":"wp","href":"https:\/\/api.w.org\/{rel}","templated":true}]}}