{"id":3614,"date":"2016-02-25T14:17:52","date_gmt":"2016-02-25T14:17:52","guid":{"rendered":"https:\/\/lab.abilia.eu\/producto\/crema-intima-sensual\/"},"modified":"2022-07-16T06:24:40","modified_gmt":"2022-07-16T06:24:40","slug":"creme-intime-reparatrice","status":"publish","type":"product","link":"https:\/\/abilia.eu\/fr\/produit\/creme-intime-reparatrice\/","title":{"rendered":"Creme Intime Reparatrice"},"content":{"rendered":"<div class=\"wpb-content-wrapper\"><p>[vc_row][vc_column][vc_column_text]<\/p>\n<h3>Qu\u2019est-ce?<\/h3>\n<p>Une cr\u00e8me qui prend soin des parties intimes. Formul\u00e9e pour lutter contre les irritations, la s\u00e9cheresse et les d\u00e9mangeaisons vaginales, elle peut \u00eatre utiliser durant les relations sexuelles comme lubrifiant afin d\u2019augmenter la sensibilit\u00e9 et la sensualit\u00e9, le tout avec un effet d\u00e9sodorisant longue dur\u00e9e.<br \/>\nLes propri\u00e9t\u00e9s de la sauge permettent un effet lubrifiant, tandis que le beurre de karit\u00e9, la fleur de souci et l\u2019huile d\u2019olive hydrate la zone. La cr\u00e8me tonifie les parties intimes de la femme et peut \u00eatre utiliser pour calmer les irritations, les d\u00e9mangeaisons et l\u2019inconfort. Gr\u00e2ce \u00e0 l\u2019action relaxante et sensible de l\u2019ylang-ylang, elle augmente la sensualit\u00e9. Le patchouli stimule la libido, la lavande harmonise les d\u00e9s\u00e9quilibres entre vos corps, tant \u00e9motionnellement que physiquement. Les huiles essentielles savamment utilis\u00e9es redonnent vie et augment la sensibilit\u00e9 lors des relations, r\u00e9veillant une sensualit\u00e9 plus profonde et subtile.<\/p>\n<h3>Comment l&rsquo;utiliser<\/h3>\n<p>Elle peut \u00eatre utilis\u00e9e lors des relations ou pour un usage quotidien. Ne l\u2019utilisez pas avec des pr\u00e9servatifs, mais appliquez-la un ou deux jours avant le rapport sexuel.<br \/>\nA travers un usage quotidien, elle traite la s\u00e9cheresse vaginal et tonifie tant les parties intimes de la femme comme de l\u2019homme. Appliquez g\u00e9n\u00e9reusement pour couvrir toute la zone, pour usage interne comme externe.<\/p>\n<h3>Ingr\u00e9dients<\/h3>\n<p>Olea europaea Fruit Oil*, Ricinus communis Seed Oil*, Butyrospermum Parkii Butter*, Cera Alba, Calendula officinalis Flower Oil*, Hemp Seed Oil, Cananga Odorata Flower Oil, Pogostemon cablin Leaf Oil, Melaleuca Alternifolia Leaf Oil*, Salvia officinalis Leaf Extract*, Tocopheryl Acetate, Aqua, Glycerin*, Benzyl Benzoate, Benzyl Salicylate, Potassium Sorbate, Sodium Benzoate, Limonene, Linalool, Isoeugenol, Farnesol.<\/p>\n<p>*Ingr\u00e9dients provenant de l\u2019agriculture organique certifi\u00e9e.[\/vc_column_text][\/vc_column][\/vc_row]<\/p>\n<\/div>","protected":false},"excerpt":{"rendered":"<p>Une cr\u00e8me recommand\u00e9e pour le soin des parties intimes. Elle est parfaitement ad\u00e9quate pour les relations intimes dans les cas de s\u00e9cheresse vaginale li\u00e9e \u00e0 l\u2019\u00e2ge, ou pour stimuler la sensualit\u00e9 et la sensibilit\u00e9, avec un effet d\u00e9sodorisant de longue dur\u00e9e. Elabor\u00e9e \u00e0 base de sauge, de beure de karit\u00e9, de fleur de souci et d\u2019huile d\u2019olive, elle est parfaitement ad\u00e9quate pour lutter contre les irritations, d\u00e9mangeaisons et les sensations d\u2019inconfort.<\/p>\n<p>Indiqu\u00e9e pour les zones intimes.<\/p>\n<p><img loading=\"lazy\" decoding=\"async\" class=\"alignnone size-full wp-image-3440\" src=\"https:\/\/abilia.eu\/wp-content\/uploads\/2016\/02\/sellos-productos-012.jpg\" alt=\"\" width=\"400\" height=\"80\" srcset=\"https:\/\/abilia.eu\/wp-content\/uploads\/2016\/02\/sellos-productos-012.jpg 400w, https:\/\/abilia.eu\/wp-content\/uploads\/2016\/02\/sellos-productos-012-300x60.jpg 300w\" sizes=\"auto, (max-width: 400px) 100vw, 400px\" \/><\/p>\n","protected":false},"featured_media":5092,"comment_status":"open","ping_status":"closed","template":"","meta":{"inline_featured_image":false},"product_brand":[],"product_cat":[111],"product_tag":[],"class_list":{"0":"post-3614","1":"product","2":"type-product","3":"status-publish","4":"has-post-thumbnail","6":"product_cat-traitements-specifiques","8":"first","9":"instock","10":"taxable","11":"shipping-taxable","12":"purchasable","13":"product-type-simple"},"yoast_head":"<!-- This site is optimized with the Yoast SEO plugin v27.4 - https:\/\/yoast.com\/product\/yoast-seo-wordpress\/ -->\n<title>Creme Intime Reparatrice | Abilia Cosm\u00e9tique Naturelle<\/title>\n<meta name=\"description\" content=\"Cr\u00e8me intime reparatrice formul\u00e9e pour lutter contre les probl\u00e8mes li\u00e9s \u00e0 l&#039;irritation, la s\u00e9cheresse et les d\u00e9mangeaisons de la muqueuse vaginale.\" \/>\n<meta name=\"robots\" content=\"index, follow, max-snippet:-1, max-image-preview:large, max-video-preview:-1\" \/>\n<link rel=\"canonical\" href=\"https:\/\/abilia.eu\/fr\/produit\/creme-intime-reparatrice\/\" \/>\n<meta property=\"og:locale\" content=\"fr_FR\" \/>\n<meta property=\"og:type\" content=\"article\" \/>\n<meta property=\"og:title\" content=\"Creme Intime Reparatrice | Abilia Cosm\u00e9tique Naturelle\" \/>\n<meta property=\"og:description\" content=\"Cr\u00e8me intime reparatrice formul\u00e9e pour lutter contre les probl\u00e8mes li\u00e9s \u00e0 l&#039;irritation, la s\u00e9cheresse et les d\u00e9mangeaisons de la muqueuse vaginale.\" \/>\n<meta property=\"og:url\" content=\"https:\/\/abilia.eu\/fr\/produit\/creme-intime-reparatrice\/\" \/>\n<meta property=\"og:site_name\" content=\"Abilia (LAB)\" \/>\n<meta property=\"article:publisher\" content=\"https:\/\/www.facebook.com\/AbiliaCosmeticaNatural\/\" \/>\n<meta property=\"article:modified_time\" content=\"2022-07-16T06:24:40+00:00\" \/>\n<meta property=\"og:image\" content=\"https:\/\/abilia.eu\/wp-content\/uploads\/2016\/02\/Crema-Intima-Sensual-ABILIA-BIO-01.jpg\" \/>\n\t<meta property=\"og:image:width\" content=\"1200\" \/>\n\t<meta property=\"og:image:height\" content=\"1200\" \/>\n\t<meta property=\"og:image:type\" content=\"image\/jpeg\" \/>\n<meta name=\"twitter:card\" content=\"summary_large_image\" \/>\n<meta name=\"twitter:label1\" content=\"Dur\u00e9e de lecture estim\u00e9e\" \/>\n\t<meta name=\"twitter:data1\" content=\"2 minutes\" \/>\n<script type=\"application\/ld+json\" class=\"yoast-schema-graph\">{\"@context\":\"https:\\\/\\\/schema.org\",\"@graph\":[{\"@type\":\"WebPage\",\"@id\":\"https:\\\/\\\/abilia.eu\\\/fr\\\/produit\\\/creme-intime-reparatrice\\\/\",\"url\":\"https:\\\/\\\/abilia.eu\\\/fr\\\/produit\\\/creme-intime-reparatrice\\\/\",\"name\":\"Creme Intime Reparatrice | Abilia Cosm\u00e9tique Naturelle\",\"isPartOf\":{\"@id\":\"https:\\\/\\\/abilia.eu\\\/fr\\\/#website\"},\"primaryImageOfPage\":{\"@id\":\"https:\\\/\\\/abilia.eu\\\/fr\\\/produit\\\/creme-intime-reparatrice\\\/#primaryimage\"},\"image\":{\"@id\":\"https:\\\/\\\/abilia.eu\\\/fr\\\/produit\\\/creme-intime-reparatrice\\\/#primaryimage\"},\"thumbnailUrl\":\"https:\\\/\\\/abilia.eu\\\/wp-content\\\/uploads\\\/2016\\\/02\\\/Crema-Intima-Sensual-ABILIA-BIO-01.jpg\",\"datePublished\":\"2016-02-25T14:17:52+00:00\",\"dateModified\":\"2022-07-16T06:24:40+00:00\",\"description\":\"Cr\u00e8me intime reparatrice formul\u00e9e pour lutter contre les probl\u00e8mes li\u00e9s \u00e0 l'irritation, la s\u00e9cheresse et les d\u00e9mangeaisons de la muqueuse vaginale.\",\"breadcrumb\":{\"@id\":\"https:\\\/\\\/abilia.eu\\\/fr\\\/produit\\\/creme-intime-reparatrice\\\/#breadcrumb\"},\"inLanguage\":\"fr-FR\",\"potentialAction\":[{\"@type\":\"ReadAction\",\"target\":[\"https:\\\/\\\/abilia.eu\\\/fr\\\/produit\\\/creme-intime-reparatrice\\\/\"]}]},{\"@type\":\"ImageObject\",\"inLanguage\":\"fr-FR\",\"@id\":\"https:\\\/\\\/abilia.eu\\\/fr\\\/produit\\\/creme-intime-reparatrice\\\/#primaryimage\",\"url\":\"https:\\\/\\\/abilia.eu\\\/wp-content\\\/uploads\\\/2016\\\/02\\\/Crema-Intima-Sensual-ABILIA-BIO-01.jpg\",\"contentUrl\":\"https:\\\/\\\/abilia.eu\\\/wp-content\\\/uploads\\\/2016\\\/02\\\/Crema-Intima-Sensual-ABILIA-BIO-01.jpg\",\"width\":1200,\"height\":1200,\"caption\":\"crema intima sensual picor olor natural\"},{\"@type\":\"BreadcrumbList\",\"@id\":\"https:\\\/\\\/abilia.eu\\\/fr\\\/produit\\\/creme-intime-reparatrice\\\/#breadcrumb\",\"itemListElement\":[{\"@type\":\"ListItem\",\"position\":1,\"name\":\"Portada\",\"item\":\"https:\\\/\\\/abilia.eu\\\/fr\\\/\"},{\"@type\":\"ListItem\",\"position\":2,\"name\":\"Products\",\"item\":\"https:\\\/\\\/abilia.eu\\\/en\\\/shopkeeper-child-2\\\/\"},{\"@type\":\"ListItem\",\"position\":3,\"name\":\"Creme Intime Reparatrice\"}]},{\"@type\":\"WebSite\",\"@id\":\"https:\\\/\\\/abilia.eu\\\/fr\\\/#website\",\"url\":\"https:\\\/\\\/abilia.eu\\\/fr\\\/\",\"name\":\"Abilia (LAB)\",\"description\":\"Cosm\u00e9tica natural\",\"publisher\":{\"@id\":\"https:\\\/\\\/abilia.eu\\\/fr\\\/#organization\"},\"potentialAction\":[{\"@type\":\"SearchAction\",\"target\":{\"@type\":\"EntryPoint\",\"urlTemplate\":\"https:\\\/\\\/abilia.eu\\\/fr\\\/?s={search_term_string}\"},\"query-input\":{\"@type\":\"PropertyValueSpecification\",\"valueRequired\":true,\"valueName\":\"search_term_string\"}}],\"inLanguage\":\"fr-FR\"},{\"@type\":\"Organization\",\"@id\":\"https:\\\/\\\/abilia.eu\\\/fr\\\/#organization\",\"name\":\"Abilia - Cosm\u00e9tica Natural\",\"url\":\"https:\\\/\\\/abilia.eu\\\/fr\\\/\",\"logo\":{\"@type\":\"ImageObject\",\"inLanguage\":\"fr-FR\",\"@id\":\"https:\\\/\\\/abilia.eu\\\/fr\\\/#\\\/schema\\\/logo\\\/image\\\/\",\"url\":\"https:\\\/\\\/abilia.eu\\\/wp-content\\\/uploads\\\/2020\\\/12\\\/abilia-logo.jpg\",\"contentUrl\":\"https:\\\/\\\/abilia.eu\\\/wp-content\\\/uploads\\\/2020\\\/12\\\/abilia-logo.jpg\",\"width\":300,\"height\":83,\"caption\":\"Abilia - Cosm\u00e9tica Natural\"},\"image\":{\"@id\":\"https:\\\/\\\/abilia.eu\\\/fr\\\/#\\\/schema\\\/logo\\\/image\\\/\"},\"sameAs\":[\"https:\\\/\\\/www.facebook.com\\\/AbiliaCosmeticaNatural\\\/\",\"https:\\\/\\\/www.instagram.com\\\/abilia.cosmetica\\\/\"]}]}<\/script>\n<!-- \/ Yoast SEO plugin. -->","yoast_head_json":{"title":"Creme Intime Reparatrice | Abilia Cosm\u00e9tique Naturelle","description":"Cr\u00e8me intime reparatrice formul\u00e9e pour lutter contre les probl\u00e8mes li\u00e9s \u00e0 l'irritation, la s\u00e9cheresse et les d\u00e9mangeaisons de la muqueuse vaginale.","robots":{"index":"index","follow":"follow","max-snippet":"max-snippet:-1","max-image-preview":"max-image-preview:large","max-video-preview":"max-video-preview:-1"},"canonical":"https:\/\/abilia.eu\/fr\/produit\/creme-intime-reparatrice\/","og_locale":"fr_FR","og_type":"article","og_title":"Creme Intime Reparatrice | Abilia Cosm\u00e9tique Naturelle","og_description":"Cr\u00e8me intime reparatrice formul\u00e9e pour lutter contre les probl\u00e8mes li\u00e9s \u00e0 l'irritation, la s\u00e9cheresse et les d\u00e9mangeaisons de la muqueuse vaginale.","og_url":"https:\/\/abilia.eu\/fr\/produit\/creme-intime-reparatrice\/","og_site_name":"Abilia (LAB)","article_publisher":"https:\/\/www.facebook.com\/AbiliaCosmeticaNatural\/","article_modified_time":"2022-07-16T06:24:40+00:00","og_image":[{"width":1200,"height":1200,"url":"https:\/\/abilia.eu\/wp-content\/uploads\/2016\/02\/Crema-Intima-Sensual-ABILIA-BIO-01.jpg","type":"image\/jpeg"}],"twitter_card":"summary_large_image","twitter_misc":{"Dur\u00e9e de lecture estim\u00e9e":"2 minutes"},"schema":{"@context":"https:\/\/schema.org","@graph":[{"@type":"WebPage","@id":"https:\/\/abilia.eu\/fr\/produit\/creme-intime-reparatrice\/","url":"https:\/\/abilia.eu\/fr\/produit\/creme-intime-reparatrice\/","name":"Creme Intime Reparatrice | Abilia Cosm\u00e9tique Naturelle","isPartOf":{"@id":"https:\/\/abilia.eu\/fr\/#website"},"primaryImageOfPage":{"@id":"https:\/\/abilia.eu\/fr\/produit\/creme-intime-reparatrice\/#primaryimage"},"image":{"@id":"https:\/\/abilia.eu\/fr\/produit\/creme-intime-reparatrice\/#primaryimage"},"thumbnailUrl":"https:\/\/abilia.eu\/wp-content\/uploads\/2016\/02\/Crema-Intima-Sensual-ABILIA-BIO-01.jpg","datePublished":"2016-02-25T14:17:52+00:00","dateModified":"2022-07-16T06:24:40+00:00","description":"Cr\u00e8me intime reparatrice formul\u00e9e pour lutter contre les probl\u00e8mes li\u00e9s \u00e0 l'irritation, la s\u00e9cheresse et les d\u00e9mangeaisons de la muqueuse vaginale.","breadcrumb":{"@id":"https:\/\/abilia.eu\/fr\/produit\/creme-intime-reparatrice\/#breadcrumb"},"inLanguage":"fr-FR","potentialAction":[{"@type":"ReadAction","target":["https:\/\/abilia.eu\/fr\/produit\/creme-intime-reparatrice\/"]}]},{"@type":"ImageObject","inLanguage":"fr-FR","@id":"https:\/\/abilia.eu\/fr\/produit\/creme-intime-reparatrice\/#primaryimage","url":"https:\/\/abilia.eu\/wp-content\/uploads\/2016\/02\/Crema-Intima-Sensual-ABILIA-BIO-01.jpg","contentUrl":"https:\/\/abilia.eu\/wp-content\/uploads\/2016\/02\/Crema-Intima-Sensual-ABILIA-BIO-01.jpg","width":1200,"height":1200,"caption":"crema intima sensual picor olor natural"},{"@type":"BreadcrumbList","@id":"https:\/\/abilia.eu\/fr\/produit\/creme-intime-reparatrice\/#breadcrumb","itemListElement":[{"@type":"ListItem","position":1,"name":"Portada","item":"https:\/\/abilia.eu\/fr\/"},{"@type":"ListItem","position":2,"name":"Products","item":"https:\/\/abilia.eu\/en\/shopkeeper-child-2\/"},{"@type":"ListItem","position":3,"name":"Creme Intime Reparatrice"}]},{"@type":"WebSite","@id":"https:\/\/abilia.eu\/fr\/#website","url":"https:\/\/abilia.eu\/fr\/","name":"Abilia (LAB)","description":"Cosm\u00e9tica natural","publisher":{"@id":"https:\/\/abilia.eu\/fr\/#organization"},"potentialAction":[{"@type":"SearchAction","target":{"@type":"EntryPoint","urlTemplate":"https:\/\/abilia.eu\/fr\/?s={search_term_string}"},"query-input":{"@type":"PropertyValueSpecification","valueRequired":true,"valueName":"search_term_string"}}],"inLanguage":"fr-FR"},{"@type":"Organization","@id":"https:\/\/abilia.eu\/fr\/#organization","name":"Abilia - Cosm\u00e9tica Natural","url":"https:\/\/abilia.eu\/fr\/","logo":{"@type":"ImageObject","inLanguage":"fr-FR","@id":"https:\/\/abilia.eu\/fr\/#\/schema\/logo\/image\/","url":"https:\/\/abilia.eu\/wp-content\/uploads\/2020\/12\/abilia-logo.jpg","contentUrl":"https:\/\/abilia.eu\/wp-content\/uploads\/2020\/12\/abilia-logo.jpg","width":300,"height":83,"caption":"Abilia - Cosm\u00e9tica Natural"},"image":{"@id":"https:\/\/abilia.eu\/fr\/#\/schema\/logo\/image\/"},"sameAs":["https:\/\/www.facebook.com\/AbiliaCosmeticaNatural\/","https:\/\/www.instagram.com\/abilia.cosmetica\/"]}]}},"_links":{"self":[{"href":"https:\/\/abilia.eu\/fr\/wp-json\/wp\/v2\/product\/3614","targetHints":{"allow":["GET"]}}],"collection":[{"href":"https:\/\/abilia.eu\/fr\/wp-json\/wp\/v2\/product"}],"about":[{"href":"https:\/\/abilia.eu\/fr\/wp-json\/wp\/v2\/types\/product"}],"replies":[{"embeddable":true,"href":"https:\/\/abilia.eu\/fr\/wp-json\/wp\/v2\/comments?post=3614"}],"wp:featuredmedia":[{"embeddable":true,"href":"https:\/\/abilia.eu\/fr\/wp-json\/wp\/v2\/media\/5092"}],"wp:attachment":[{"href":"https:\/\/abilia.eu\/fr\/wp-json\/wp\/v2\/media?parent=3614"}],"wp:term":[{"taxonomy":"product_brand","embeddable":true,"href":"https:\/\/abilia.eu\/fr\/wp-json\/wp\/v2\/product_brand?post=3614"},{"taxonomy":"product_cat","embeddable":true,"href":"https:\/\/abilia.eu\/fr\/wp-json\/wp\/v2\/product_cat?post=3614"},{"taxonomy":"product_tag","embeddable":true,"href":"https:\/\/abilia.eu\/fr\/wp-json\/wp\/v2\/product_tag?post=3614"}],"curies":[{"name":"wp","href":"https:\/\/api.w.org\/{rel}","templated":true}]}}