{"id":3609,"date":"2016-02-25T14:17:54","date_gmt":"2016-02-25T14:17:54","guid":{"rendered":"https:\/\/lab.abilia.eu\/producto\/jabon-exfoliante-natural\/"},"modified":"2023-01-05T21:23:41","modified_gmt":"2023-01-05T21:23:41","slug":"savon-exfoliant","status":"publish","type":"product","link":"https:\/\/abilia.eu\/fr\/produit\/savon-exfoliant\/","title":{"rendered":"Savon exfoliant"},"content":{"rendered":"<div class=\"wpb-content-wrapper\"><p>[vc_row][vc_column][vc_column_text]<\/p>\n<h3>Qu&rsquo;est-ce?<\/h3>\n<p>Les graines de raisin et le kaolin agissent comme exfoliant et nettoient la peau des impuret\u00e9s et des peaux mortes. La fleur de souci, le cynorhodon et l\u2019huile d\u2019olive hydratent et r\u00e9g\u00e9n\u00e8rent. Ces ingr\u00e9dients rendent ce savon apte \u00e0 l\u2019usage quotidien. Il est ideal comme d\u00e9maquillant ou nettoyant des peaux grasses.<\/p>\n<h3>Comment l&rsquo;utiliser<\/h3>\n<p>Ce savon, lorsqu\u2019il est m\u00e9lange \u00e0 l\u2019eau, cr\u00e9e une mousse abondante pour une application facile. Apr\u00e8s utilization, rincez \u00e0 l\u2019eau claire.<\/p>\n<h3>Conseil<\/h3>\n<p>Id\u00e9al \u00e0 combiner avec tout type de cr\u00e8me de visage de notre gamme, le savon est un essentiel de la routine beaut\u00e9 quotidienne.<\/p>\n<h3>Ingr\u00e9dients<\/h3>\n<p>Cocos nucifera Oil*, Aqua, Olea europea Fruit Oil*, Sodium Hydroxide, Sodium Chloride, Kaolin*, Calendula officinalis Flower Extract*, Potassium Sorbate, Sodium Benzoate, Glycerin, Rosa moschata Seed Oil, Vitis vinifera Seed Oil*, Parfum, Limonene*, Linalool*<\/p>\n<p>*Ingr\u00e9dients provenant de l\u2019agriculture organique certifi\u00e9e.[\/vc_column_text][\/vc_column][\/vc_row]<\/p>\n<\/div>","protected":false},"excerpt":{"rendered":"<p>Savon exfoliant artisanal, fabriqu\u00e9 \u00e0 base d\u2019huile d\u2019olive, de fleur de souci, de kaolin, de cynorhodon et de graines de raisin. Il exfolie, hydrate et nourrit. Pour un usage quotidien, id\u00e9al pour le nettoyage en profondeur et l\u2019hydratation du visage, des mains et du corps.<\/p>\n<p>Indiqu\u00e9 pour tous types de peau.<\/p>\n<p><img loading=\"lazy\" decoding=\"async\" class=\"alignnone size-full wp-image-3412\" src=\"https:\/\/abilia.eu\/wp-content\/uploads\/2016\/02\/sellos-productos-06.jpg\" alt=\"\" width=\"400\" height=\"80\" srcset=\"https:\/\/abilia.eu\/wp-content\/uploads\/2016\/02\/sellos-productos-06.jpg 400w, https:\/\/abilia.eu\/wp-content\/uploads\/2016\/02\/sellos-productos-06-300x60.jpg 300w\" sizes=\"auto, (max-width: 400px) 100vw, 400px\" \/><\/p>\n","protected":false},"featured_media":5109,"comment_status":"open","ping_status":"closed","template":"","meta":{"inline_featured_image":false},"product_brand":[],"product_cat":[107],"product_tag":[],"class_list":{"0":"post-3609","1":"product","2":"type-product","3":"status-publish","4":"has-post-thumbnail","6":"product_cat-nettoyants","8":"first","9":"instock","10":"sale","11":"taxable","12":"shipping-taxable","13":"purchasable","14":"product-type-simple"},"yoast_head":"<!-- This site is optimized with the Yoast SEO plugin v27.3 - https:\/\/yoast.com\/product\/yoast-seo-wordpress\/ -->\n<title>Savon exfoliant | Abilia Cosm\u00e9tique Naturelle<\/title>\n<meta name=\"description\" content=\"Savon exfoliant artisanal, fabriqu\u00e9 \u00e0 base d\u2019huile d\u2019olive, de fleur de souci, de kaolin, de cynorhodon et de graines de raisin. Il exfolie, hydrate et nourrit.\" \/>\n<meta name=\"robots\" content=\"index, follow, max-snippet:-1, max-image-preview:large, max-video-preview:-1\" \/>\n<link rel=\"canonical\" href=\"https:\/\/abilia.eu\/fr\/produit\/savon-exfoliant\/\" \/>\n<meta property=\"og:locale\" content=\"fr_FR\" \/>\n<meta property=\"og:type\" content=\"article\" \/>\n<meta property=\"og:title\" content=\"Savon exfoliant | Abilia Cosm\u00e9tique Naturelle\" \/>\n<meta property=\"og:description\" content=\"Savon exfoliant artisanal, fabriqu\u00e9 \u00e0 base d\u2019huile d\u2019olive, de fleur de souci, de kaolin, de cynorhodon et de graines de raisin. Il exfolie, hydrate et nourrit.\" \/>\n<meta property=\"og:url\" content=\"https:\/\/abilia.eu\/fr\/produit\/savon-exfoliant\/\" \/>\n<meta property=\"og:site_name\" content=\"Abilia (LAB)\" \/>\n<meta property=\"article:publisher\" content=\"https:\/\/www.facebook.com\/AbiliaCosmeticaNatural\/\" \/>\n<meta property=\"article:modified_time\" content=\"2023-01-05T21:23:41+00:00\" \/>\n<meta property=\"og:image\" content=\"https:\/\/abilia.eu\/wp-content\/uploads\/2016\/02\/Jabon-Exfoliante-ABILIA-BIO-home-web.jpg\" \/>\n\t<meta property=\"og:image:width\" content=\"1200\" \/>\n\t<meta property=\"og:image:height\" content=\"1200\" \/>\n\t<meta property=\"og:image:type\" content=\"image\/jpeg\" \/>\n<meta name=\"twitter:card\" content=\"summary_large_image\" \/>\n<meta name=\"twitter:label1\" content=\"Dur\u00e9e de lecture estim\u00e9e\" \/>\n\t<meta name=\"twitter:data1\" content=\"1 minute\" \/>\n<script type=\"application\/ld+json\" class=\"yoast-schema-graph\">{\"@context\":\"https:\\\/\\\/schema.org\",\"@graph\":[{\"@type\":\"WebPage\",\"@id\":\"https:\\\/\\\/abilia.eu\\\/fr\\\/produit\\\/savon-exfoliant\\\/\",\"url\":\"https:\\\/\\\/abilia.eu\\\/fr\\\/produit\\\/savon-exfoliant\\\/\",\"name\":\"Savon exfoliant | Abilia Cosm\u00e9tique Naturelle\",\"isPartOf\":{\"@id\":\"https:\\\/\\\/abilia.eu\\\/fr\\\/#website\"},\"primaryImageOfPage\":{\"@id\":\"https:\\\/\\\/abilia.eu\\\/fr\\\/produit\\\/savon-exfoliant\\\/#primaryimage\"},\"image\":{\"@id\":\"https:\\\/\\\/abilia.eu\\\/fr\\\/produit\\\/savon-exfoliant\\\/#primaryimage\"},\"thumbnailUrl\":\"https:\\\/\\\/abilia.eu\\\/wp-content\\\/uploads\\\/2016\\\/02\\\/Jabon-Exfoliante-ABILIA-BIO-home-web.jpg\",\"datePublished\":\"2016-02-25T14:17:54+00:00\",\"dateModified\":\"2023-01-05T21:23:41+00:00\",\"description\":\"Savon exfoliant artisanal, fabriqu\u00e9 \u00e0 base d\u2019huile d\u2019olive, de fleur de souci, de kaolin, de cynorhodon et de graines de raisin. Il exfolie, hydrate et nourrit.\",\"breadcrumb\":{\"@id\":\"https:\\\/\\\/abilia.eu\\\/fr\\\/produit\\\/savon-exfoliant\\\/#breadcrumb\"},\"inLanguage\":\"fr-FR\",\"potentialAction\":[{\"@type\":\"ReadAction\",\"target\":[\"https:\\\/\\\/abilia.eu\\\/fr\\\/produit\\\/savon-exfoliant\\\/\"]}]},{\"@type\":\"ImageObject\",\"inLanguage\":\"fr-FR\",\"@id\":\"https:\\\/\\\/abilia.eu\\\/fr\\\/produit\\\/savon-exfoliant\\\/#primaryimage\",\"url\":\"https:\\\/\\\/abilia.eu\\\/wp-content\\\/uploads\\\/2016\\\/02\\\/Jabon-Exfoliante-ABILIA-BIO-home-web.jpg\",\"contentUrl\":\"https:\\\/\\\/abilia.eu\\\/wp-content\\\/uploads\\\/2016\\\/02\\\/Jabon-Exfoliante-ABILIA-BIO-home-web.jpg\",\"width\":1200,\"height\":1200,\"caption\":\"Jabon exfoliante ecologico piel grasa\"},{\"@type\":\"BreadcrumbList\",\"@id\":\"https:\\\/\\\/abilia.eu\\\/fr\\\/produit\\\/savon-exfoliant\\\/#breadcrumb\",\"itemListElement\":[{\"@type\":\"ListItem\",\"position\":1,\"name\":\"Portada\",\"item\":\"https:\\\/\\\/abilia.eu\\\/fr\\\/\"},{\"@type\":\"ListItem\",\"position\":2,\"name\":\"Products\",\"item\":\"https:\\\/\\\/abilia.eu\\\/en\\\/shopkeeper-child-2\\\/\"},{\"@type\":\"ListItem\",\"position\":3,\"name\":\"Savon exfoliant\"}]},{\"@type\":\"WebSite\",\"@id\":\"https:\\\/\\\/abilia.eu\\\/fr\\\/#website\",\"url\":\"https:\\\/\\\/abilia.eu\\\/fr\\\/\",\"name\":\"Abilia (LAB)\",\"description\":\"Cosm\u00e9tica natural\",\"publisher\":{\"@id\":\"https:\\\/\\\/abilia.eu\\\/fr\\\/#organization\"},\"potentialAction\":[{\"@type\":\"SearchAction\",\"target\":{\"@type\":\"EntryPoint\",\"urlTemplate\":\"https:\\\/\\\/abilia.eu\\\/fr\\\/?s={search_term_string}\"},\"query-input\":{\"@type\":\"PropertyValueSpecification\",\"valueRequired\":true,\"valueName\":\"search_term_string\"}}],\"inLanguage\":\"fr-FR\"},{\"@type\":\"Organization\",\"@id\":\"https:\\\/\\\/abilia.eu\\\/fr\\\/#organization\",\"name\":\"Abilia - Cosm\u00e9tica Natural\",\"url\":\"https:\\\/\\\/abilia.eu\\\/fr\\\/\",\"logo\":{\"@type\":\"ImageObject\",\"inLanguage\":\"fr-FR\",\"@id\":\"https:\\\/\\\/abilia.eu\\\/fr\\\/#\\\/schema\\\/logo\\\/image\\\/\",\"url\":\"https:\\\/\\\/abilia.eu\\\/wp-content\\\/uploads\\\/2020\\\/12\\\/abilia-logo.jpg\",\"contentUrl\":\"https:\\\/\\\/abilia.eu\\\/wp-content\\\/uploads\\\/2020\\\/12\\\/abilia-logo.jpg\",\"width\":300,\"height\":83,\"caption\":\"Abilia - Cosm\u00e9tica Natural\"},\"image\":{\"@id\":\"https:\\\/\\\/abilia.eu\\\/fr\\\/#\\\/schema\\\/logo\\\/image\\\/\"},\"sameAs\":[\"https:\\\/\\\/www.facebook.com\\\/AbiliaCosmeticaNatural\\\/\",\"https:\\\/\\\/www.instagram.com\\\/abilia.cosmetica\\\/\"]}]}<\/script>\n<!-- \/ Yoast SEO plugin. -->","yoast_head_json":{"title":"Savon exfoliant | Abilia Cosm\u00e9tique Naturelle","description":"Savon exfoliant artisanal, fabriqu\u00e9 \u00e0 base d\u2019huile d\u2019olive, de fleur de souci, de kaolin, de cynorhodon et de graines de raisin. Il exfolie, hydrate et nourrit.","robots":{"index":"index","follow":"follow","max-snippet":"max-snippet:-1","max-image-preview":"max-image-preview:large","max-video-preview":"max-video-preview:-1"},"canonical":"https:\/\/abilia.eu\/fr\/produit\/savon-exfoliant\/","og_locale":"fr_FR","og_type":"article","og_title":"Savon exfoliant | Abilia Cosm\u00e9tique Naturelle","og_description":"Savon exfoliant artisanal, fabriqu\u00e9 \u00e0 base d\u2019huile d\u2019olive, de fleur de souci, de kaolin, de cynorhodon et de graines de raisin. Il exfolie, hydrate et nourrit.","og_url":"https:\/\/abilia.eu\/fr\/produit\/savon-exfoliant\/","og_site_name":"Abilia (LAB)","article_publisher":"https:\/\/www.facebook.com\/AbiliaCosmeticaNatural\/","article_modified_time":"2023-01-05T21:23:41+00:00","og_image":[{"width":1200,"height":1200,"url":"https:\/\/abilia.eu\/wp-content\/uploads\/2016\/02\/Jabon-Exfoliante-ABILIA-BIO-home-web.jpg","type":"image\/jpeg"}],"twitter_card":"summary_large_image","twitter_misc":{"Dur\u00e9e de lecture estim\u00e9e":"1 minute"},"schema":{"@context":"https:\/\/schema.org","@graph":[{"@type":"WebPage","@id":"https:\/\/abilia.eu\/fr\/produit\/savon-exfoliant\/","url":"https:\/\/abilia.eu\/fr\/produit\/savon-exfoliant\/","name":"Savon exfoliant | Abilia Cosm\u00e9tique Naturelle","isPartOf":{"@id":"https:\/\/abilia.eu\/fr\/#website"},"primaryImageOfPage":{"@id":"https:\/\/abilia.eu\/fr\/produit\/savon-exfoliant\/#primaryimage"},"image":{"@id":"https:\/\/abilia.eu\/fr\/produit\/savon-exfoliant\/#primaryimage"},"thumbnailUrl":"https:\/\/abilia.eu\/wp-content\/uploads\/2016\/02\/Jabon-Exfoliante-ABILIA-BIO-home-web.jpg","datePublished":"2016-02-25T14:17:54+00:00","dateModified":"2023-01-05T21:23:41+00:00","description":"Savon exfoliant artisanal, fabriqu\u00e9 \u00e0 base d\u2019huile d\u2019olive, de fleur de souci, de kaolin, de cynorhodon et de graines de raisin. Il exfolie, hydrate et nourrit.","breadcrumb":{"@id":"https:\/\/abilia.eu\/fr\/produit\/savon-exfoliant\/#breadcrumb"},"inLanguage":"fr-FR","potentialAction":[{"@type":"ReadAction","target":["https:\/\/abilia.eu\/fr\/produit\/savon-exfoliant\/"]}]},{"@type":"ImageObject","inLanguage":"fr-FR","@id":"https:\/\/abilia.eu\/fr\/produit\/savon-exfoliant\/#primaryimage","url":"https:\/\/abilia.eu\/wp-content\/uploads\/2016\/02\/Jabon-Exfoliante-ABILIA-BIO-home-web.jpg","contentUrl":"https:\/\/abilia.eu\/wp-content\/uploads\/2016\/02\/Jabon-Exfoliante-ABILIA-BIO-home-web.jpg","width":1200,"height":1200,"caption":"Jabon exfoliante ecologico piel grasa"},{"@type":"BreadcrumbList","@id":"https:\/\/abilia.eu\/fr\/produit\/savon-exfoliant\/#breadcrumb","itemListElement":[{"@type":"ListItem","position":1,"name":"Portada","item":"https:\/\/abilia.eu\/fr\/"},{"@type":"ListItem","position":2,"name":"Products","item":"https:\/\/abilia.eu\/en\/shopkeeper-child-2\/"},{"@type":"ListItem","position":3,"name":"Savon exfoliant"}]},{"@type":"WebSite","@id":"https:\/\/abilia.eu\/fr\/#website","url":"https:\/\/abilia.eu\/fr\/","name":"Abilia (LAB)","description":"Cosm\u00e9tica natural","publisher":{"@id":"https:\/\/abilia.eu\/fr\/#organization"},"potentialAction":[{"@type":"SearchAction","target":{"@type":"EntryPoint","urlTemplate":"https:\/\/abilia.eu\/fr\/?s={search_term_string}"},"query-input":{"@type":"PropertyValueSpecification","valueRequired":true,"valueName":"search_term_string"}}],"inLanguage":"fr-FR"},{"@type":"Organization","@id":"https:\/\/abilia.eu\/fr\/#organization","name":"Abilia - Cosm\u00e9tica Natural","url":"https:\/\/abilia.eu\/fr\/","logo":{"@type":"ImageObject","inLanguage":"fr-FR","@id":"https:\/\/abilia.eu\/fr\/#\/schema\/logo\/image\/","url":"https:\/\/abilia.eu\/wp-content\/uploads\/2020\/12\/abilia-logo.jpg","contentUrl":"https:\/\/abilia.eu\/wp-content\/uploads\/2020\/12\/abilia-logo.jpg","width":300,"height":83,"caption":"Abilia - Cosm\u00e9tica Natural"},"image":{"@id":"https:\/\/abilia.eu\/fr\/#\/schema\/logo\/image\/"},"sameAs":["https:\/\/www.facebook.com\/AbiliaCosmeticaNatural\/","https:\/\/www.instagram.com\/abilia.cosmetica\/"]}]}},"_links":{"self":[{"href":"https:\/\/abilia.eu\/fr\/wp-json\/wp\/v2\/product\/3609","targetHints":{"allow":["GET"]}}],"collection":[{"href":"https:\/\/abilia.eu\/fr\/wp-json\/wp\/v2\/product"}],"about":[{"href":"https:\/\/abilia.eu\/fr\/wp-json\/wp\/v2\/types\/product"}],"replies":[{"embeddable":true,"href":"https:\/\/abilia.eu\/fr\/wp-json\/wp\/v2\/comments?post=3609"}],"wp:featuredmedia":[{"embeddable":true,"href":"https:\/\/abilia.eu\/fr\/wp-json\/wp\/v2\/media\/5109"}],"wp:attachment":[{"href":"https:\/\/abilia.eu\/fr\/wp-json\/wp\/v2\/media?parent=3609"}],"wp:term":[{"taxonomy":"product_brand","embeddable":true,"href":"https:\/\/abilia.eu\/fr\/wp-json\/wp\/v2\/product_brand?post=3609"},{"taxonomy":"product_cat","embeddable":true,"href":"https:\/\/abilia.eu\/fr\/wp-json\/wp\/v2\/product_cat?post=3609"},{"taxonomy":"product_tag","embeddable":true,"href":"https:\/\/abilia.eu\/fr\/wp-json\/wp\/v2\/product_tag?post=3609"}],"curies":[{"name":"wp","href":"https:\/\/api.w.org\/{rel}","templated":true}]}}