{"id":3597,"date":"2016-03-03T15:27:53","date_gmt":"2016-03-03T15:27:53","guid":{"rendered":"https:\/\/lab.abilia.eu\/producto\/agua-de-rosas\/"},"modified":"2021-04-18T17:56:09","modified_gmt":"2021-04-18T17:56:09","slug":"eau-de-rose","status":"publish","type":"product","link":"https:\/\/abilia.eu\/fr\/produit\/eau-de-rose\/","title":{"rendered":"Eau de Rose"},"content":{"rendered":"<div class=\"wpb-content-wrapper\"><p>[vc_row][vc_column][vc_column_text]<\/p>\n<h3>Qu&rsquo;est-ce?<\/h3>\n<p>C\u2019est le produit du traitement de la fleur de rosier \u00e0 travers un long et minutieux processus de distillation. Les fleurs de la plus haute qualit\u00e9 sont s\u00e9lectionn\u00e9es \u00e0 cet effet. L\u2019hydrolat de rose a les m\u00eames propri\u00e9t\u00e9s que l\u2019huile essentielle de rose. Il peut \u00eatre utilis\u00e9 comme tonique, pour rafra\u00eechir la peau, comme eau de toilette ainsi que dans des masques faits maison.<\/p>\n<h3>Comment l&rsquo;utiliser?<\/h3>\n<p>Utilis\u00e9e comme tonique le matin et la nuit, l\u2019Eau de Rose aide la peau \u00e0 se reposer et contribue au bonheur de l\u2019esprit.<\/p>\n<h3>Conseil<\/h3>\n<p>Nous recommandons d\u2019utiliser l\u2019Eau de Rose en conjunction avec tous nos autres produits. Elle permet de conditionner la peau.<\/p>\n<h3>Ingr\u00e9dients<\/h3>\n<p>Rosa damascena Flower Water*, Sodium Benzoate, Potassium Sorbate, Phytic Acid, Citric Acid.<\/p>\n<p>*Ingr\u00e9dients provenant de l\u2019agriculture organique certifi\u00e9e<\/p>\n<p>[\/vc_column_text][\/vc_column][\/vc_row]<\/p>\n<\/div>","protected":false},"excerpt":{"rendered":"<p>L\u2019Eau de Rose est un excellent Tonique pour la peau. Il lui donne un fini velout\u00e9, frais et ferme. La rose, reine des fleurs, nous connecte avec l\u2019\u00e9nergie du c\u0153ur. Elle nous rend plus sensible \u00e0 la subtilit\u00e9 et harmonise notre \u00e9nergie.<\/p>\n<p>Indiqu\u00e9s pour tous types de peau.<\/p>\n<p><img loading=\"lazy\" decoding=\"async\" class=\"alignnone size-full wp-image-3416\" src=\"https:\/\/abilia.eu\/wp-content\/uploads\/2016\/03\/sellos-productos-07.jpg\" alt=\"\" width=\"400\" height=\"80\" srcset=\"https:\/\/abilia.eu\/wp-content\/uploads\/2016\/03\/sellos-productos-07.jpg 400w, https:\/\/abilia.eu\/wp-content\/uploads\/2016\/03\/sellos-productos-07-300x60.jpg 300w\" sizes=\"auto, (max-width: 400px) 100vw, 400px\" \/><\/p>\n","protected":false},"featured_media":5023,"comment_status":"open","ping_status":"closed","template":"","meta":{"inline_featured_image":false},"product_brand":[],"product_cat":[107],"product_tag":[],"class_list":{"0":"post-3597","1":"product","2":"type-product","3":"status-publish","4":"has-post-thumbnail","6":"product_cat-nettoyants","8":"first","9":"instock","10":"taxable","11":"shipping-taxable","12":"purchasable","13":"product-type-simple"},"yoast_head":"<!-- This site is optimized with the Yoast SEO plugin v27.3 - https:\/\/yoast.com\/product\/yoast-seo-wordpress\/ -->\n<title>Eau de Rose | Abilia Cosm\u00e9tique Naturelle<\/title>\n<meta name=\"description\" content=\"L&#039;Eau de Rose est un excellent tonique pour le visage obtenu par la distillation de la rose de Damas. Il rafra\u00eechit, adoucit et donne un ton velout\u00e9...\" \/>\n<meta name=\"robots\" content=\"index, follow, max-snippet:-1, max-image-preview:large, max-video-preview:-1\" \/>\n<link rel=\"canonical\" href=\"https:\/\/abilia.eu\/fr\/produit\/eau-de-rose\/\" \/>\n<meta property=\"og:locale\" content=\"fr_FR\" \/>\n<meta property=\"og:type\" content=\"article\" \/>\n<meta property=\"og:title\" content=\"Eau de Rose | Abilia Cosm\u00e9tique Naturelle\" \/>\n<meta property=\"og:description\" content=\"L&#039;Eau de Rose est un excellent tonique pour le visage obtenu par la distillation de la rose de Damas. Il rafra\u00eechit, adoucit et donne un ton velout\u00e9...\" \/>\n<meta property=\"og:url\" content=\"https:\/\/abilia.eu\/fr\/produit\/eau-de-rose\/\" \/>\n<meta property=\"og:site_name\" content=\"Abilia (LAB)\" \/>\n<meta property=\"article:publisher\" content=\"https:\/\/www.facebook.com\/AbiliaCosmeticaNatural\/\" \/>\n<meta property=\"article:modified_time\" content=\"2021-04-18T17:56:09+00:00\" \/>\n<meta property=\"og:image\" content=\"https:\/\/abilia.eu\/wp-content\/uploads\/2016\/03\/Agua-de-Rosas-ABILIA-BIO-01.jpg\" \/>\n\t<meta property=\"og:image:width\" content=\"1200\" \/>\n\t<meta property=\"og:image:height\" content=\"1200\" \/>\n\t<meta property=\"og:image:type\" content=\"image\/jpeg\" \/>\n<meta name=\"twitter:card\" content=\"summary_large_image\" \/>\n<meta name=\"twitter:label1\" content=\"Dur\u00e9e de lecture estim\u00e9e\" \/>\n\t<meta name=\"twitter:data1\" content=\"1 minute\" \/>\n<script type=\"application\/ld+json\" class=\"yoast-schema-graph\">{\"@context\":\"https:\\\/\\\/schema.org\",\"@graph\":[{\"@type\":\"WebPage\",\"@id\":\"https:\\\/\\\/abilia.eu\\\/fr\\\/produit\\\/eau-de-rose\\\/\",\"url\":\"https:\\\/\\\/abilia.eu\\\/fr\\\/produit\\\/eau-de-rose\\\/\",\"name\":\"Eau de Rose | Abilia Cosm\u00e9tique Naturelle\",\"isPartOf\":{\"@id\":\"https:\\\/\\\/abilia.eu\\\/fr\\\/#website\"},\"primaryImageOfPage\":{\"@id\":\"https:\\\/\\\/abilia.eu\\\/fr\\\/produit\\\/eau-de-rose\\\/#primaryimage\"},\"image\":{\"@id\":\"https:\\\/\\\/abilia.eu\\\/fr\\\/produit\\\/eau-de-rose\\\/#primaryimage\"},\"thumbnailUrl\":\"https:\\\/\\\/abilia.eu\\\/wp-content\\\/uploads\\\/2016\\\/03\\\/Agua-de-Rosas-ABILIA-BIO-01.jpg\",\"datePublished\":\"2016-03-03T15:27:53+00:00\",\"dateModified\":\"2021-04-18T17:56:09+00:00\",\"description\":\"L'Eau de Rose est un excellent tonique pour le visage obtenu par la distillation de la rose de Damas. Il rafra\u00eechit, adoucit et donne un ton velout\u00e9...\",\"breadcrumb\":{\"@id\":\"https:\\\/\\\/abilia.eu\\\/fr\\\/produit\\\/eau-de-rose\\\/#breadcrumb\"},\"inLanguage\":\"fr-FR\",\"potentialAction\":[{\"@type\":\"ReadAction\",\"target\":[\"https:\\\/\\\/abilia.eu\\\/fr\\\/produit\\\/eau-de-rose\\\/\"]}]},{\"@type\":\"ImageObject\",\"inLanguage\":\"fr-FR\",\"@id\":\"https:\\\/\\\/abilia.eu\\\/fr\\\/produit\\\/eau-de-rose\\\/#primaryimage\",\"url\":\"https:\\\/\\\/abilia.eu\\\/wp-content\\\/uploads\\\/2016\\\/03\\\/Agua-de-Rosas-ABILIA-BIO-01.jpg\",\"contentUrl\":\"https:\\\/\\\/abilia.eu\\\/wp-content\\\/uploads\\\/2016\\\/03\\\/Agua-de-Rosas-ABILIA-BIO-01.jpg\",\"width\":1200,\"height\":1200,\"caption\":\"tonico agua de rosas facial ecologico\"},{\"@type\":\"BreadcrumbList\",\"@id\":\"https:\\\/\\\/abilia.eu\\\/fr\\\/produit\\\/eau-de-rose\\\/#breadcrumb\",\"itemListElement\":[{\"@type\":\"ListItem\",\"position\":1,\"name\":\"Portada\",\"item\":\"https:\\\/\\\/abilia.eu\\\/fr\\\/\"},{\"@type\":\"ListItem\",\"position\":2,\"name\":\"Products\",\"item\":\"https:\\\/\\\/abilia.eu\\\/en\\\/shopkeeper-child-2\\\/\"},{\"@type\":\"ListItem\",\"position\":3,\"name\":\"Eau de Rose\"}]},{\"@type\":\"WebSite\",\"@id\":\"https:\\\/\\\/abilia.eu\\\/fr\\\/#website\",\"url\":\"https:\\\/\\\/abilia.eu\\\/fr\\\/\",\"name\":\"Abilia (LAB)\",\"description\":\"Cosm\u00e9tica natural\",\"publisher\":{\"@id\":\"https:\\\/\\\/abilia.eu\\\/fr\\\/#organization\"},\"potentialAction\":[{\"@type\":\"SearchAction\",\"target\":{\"@type\":\"EntryPoint\",\"urlTemplate\":\"https:\\\/\\\/abilia.eu\\\/fr\\\/?s={search_term_string}\"},\"query-input\":{\"@type\":\"PropertyValueSpecification\",\"valueRequired\":true,\"valueName\":\"search_term_string\"}}],\"inLanguage\":\"fr-FR\"},{\"@type\":\"Organization\",\"@id\":\"https:\\\/\\\/abilia.eu\\\/fr\\\/#organization\",\"name\":\"Abilia - Cosm\u00e9tica Natural\",\"url\":\"https:\\\/\\\/abilia.eu\\\/fr\\\/\",\"logo\":{\"@type\":\"ImageObject\",\"inLanguage\":\"fr-FR\",\"@id\":\"https:\\\/\\\/abilia.eu\\\/fr\\\/#\\\/schema\\\/logo\\\/image\\\/\",\"url\":\"https:\\\/\\\/abilia.eu\\\/wp-content\\\/uploads\\\/2020\\\/12\\\/abilia-logo.jpg\",\"contentUrl\":\"https:\\\/\\\/abilia.eu\\\/wp-content\\\/uploads\\\/2020\\\/12\\\/abilia-logo.jpg\",\"width\":300,\"height\":83,\"caption\":\"Abilia - Cosm\u00e9tica Natural\"},\"image\":{\"@id\":\"https:\\\/\\\/abilia.eu\\\/fr\\\/#\\\/schema\\\/logo\\\/image\\\/\"},\"sameAs\":[\"https:\\\/\\\/www.facebook.com\\\/AbiliaCosmeticaNatural\\\/\",\"https:\\\/\\\/www.instagram.com\\\/abilia.cosmetica\\\/\"]}]}<\/script>\n<!-- \/ Yoast SEO plugin. -->","yoast_head_json":{"title":"Eau de Rose | Abilia Cosm\u00e9tique Naturelle","description":"L'Eau de Rose est un excellent tonique pour le visage obtenu par la distillation de la rose de Damas. Il rafra\u00eechit, adoucit et donne un ton velout\u00e9...","robots":{"index":"index","follow":"follow","max-snippet":"max-snippet:-1","max-image-preview":"max-image-preview:large","max-video-preview":"max-video-preview:-1"},"canonical":"https:\/\/abilia.eu\/fr\/produit\/eau-de-rose\/","og_locale":"fr_FR","og_type":"article","og_title":"Eau de Rose | Abilia Cosm\u00e9tique Naturelle","og_description":"L'Eau de Rose est un excellent tonique pour le visage obtenu par la distillation de la rose de Damas. Il rafra\u00eechit, adoucit et donne un ton velout\u00e9...","og_url":"https:\/\/abilia.eu\/fr\/produit\/eau-de-rose\/","og_site_name":"Abilia (LAB)","article_publisher":"https:\/\/www.facebook.com\/AbiliaCosmeticaNatural\/","article_modified_time":"2021-04-18T17:56:09+00:00","og_image":[{"width":1200,"height":1200,"url":"https:\/\/abilia.eu\/wp-content\/uploads\/2016\/03\/Agua-de-Rosas-ABILIA-BIO-01.jpg","type":"image\/jpeg"}],"twitter_card":"summary_large_image","twitter_misc":{"Dur\u00e9e de lecture estim\u00e9e":"1 minute"},"schema":{"@context":"https:\/\/schema.org","@graph":[{"@type":"WebPage","@id":"https:\/\/abilia.eu\/fr\/produit\/eau-de-rose\/","url":"https:\/\/abilia.eu\/fr\/produit\/eau-de-rose\/","name":"Eau de Rose | Abilia Cosm\u00e9tique Naturelle","isPartOf":{"@id":"https:\/\/abilia.eu\/fr\/#website"},"primaryImageOfPage":{"@id":"https:\/\/abilia.eu\/fr\/produit\/eau-de-rose\/#primaryimage"},"image":{"@id":"https:\/\/abilia.eu\/fr\/produit\/eau-de-rose\/#primaryimage"},"thumbnailUrl":"https:\/\/abilia.eu\/wp-content\/uploads\/2016\/03\/Agua-de-Rosas-ABILIA-BIO-01.jpg","datePublished":"2016-03-03T15:27:53+00:00","dateModified":"2021-04-18T17:56:09+00:00","description":"L'Eau de Rose est un excellent tonique pour le visage obtenu par la distillation de la rose de Damas. Il rafra\u00eechit, adoucit et donne un ton velout\u00e9...","breadcrumb":{"@id":"https:\/\/abilia.eu\/fr\/produit\/eau-de-rose\/#breadcrumb"},"inLanguage":"fr-FR","potentialAction":[{"@type":"ReadAction","target":["https:\/\/abilia.eu\/fr\/produit\/eau-de-rose\/"]}]},{"@type":"ImageObject","inLanguage":"fr-FR","@id":"https:\/\/abilia.eu\/fr\/produit\/eau-de-rose\/#primaryimage","url":"https:\/\/abilia.eu\/wp-content\/uploads\/2016\/03\/Agua-de-Rosas-ABILIA-BIO-01.jpg","contentUrl":"https:\/\/abilia.eu\/wp-content\/uploads\/2016\/03\/Agua-de-Rosas-ABILIA-BIO-01.jpg","width":1200,"height":1200,"caption":"tonico agua de rosas facial ecologico"},{"@type":"BreadcrumbList","@id":"https:\/\/abilia.eu\/fr\/produit\/eau-de-rose\/#breadcrumb","itemListElement":[{"@type":"ListItem","position":1,"name":"Portada","item":"https:\/\/abilia.eu\/fr\/"},{"@type":"ListItem","position":2,"name":"Products","item":"https:\/\/abilia.eu\/en\/shopkeeper-child-2\/"},{"@type":"ListItem","position":3,"name":"Eau de Rose"}]},{"@type":"WebSite","@id":"https:\/\/abilia.eu\/fr\/#website","url":"https:\/\/abilia.eu\/fr\/","name":"Abilia (LAB)","description":"Cosm\u00e9tica natural","publisher":{"@id":"https:\/\/abilia.eu\/fr\/#organization"},"potentialAction":[{"@type":"SearchAction","target":{"@type":"EntryPoint","urlTemplate":"https:\/\/abilia.eu\/fr\/?s={search_term_string}"},"query-input":{"@type":"PropertyValueSpecification","valueRequired":true,"valueName":"search_term_string"}}],"inLanguage":"fr-FR"},{"@type":"Organization","@id":"https:\/\/abilia.eu\/fr\/#organization","name":"Abilia - Cosm\u00e9tica Natural","url":"https:\/\/abilia.eu\/fr\/","logo":{"@type":"ImageObject","inLanguage":"fr-FR","@id":"https:\/\/abilia.eu\/fr\/#\/schema\/logo\/image\/","url":"https:\/\/abilia.eu\/wp-content\/uploads\/2020\/12\/abilia-logo.jpg","contentUrl":"https:\/\/abilia.eu\/wp-content\/uploads\/2020\/12\/abilia-logo.jpg","width":300,"height":83,"caption":"Abilia - Cosm\u00e9tica Natural"},"image":{"@id":"https:\/\/abilia.eu\/fr\/#\/schema\/logo\/image\/"},"sameAs":["https:\/\/www.facebook.com\/AbiliaCosmeticaNatural\/","https:\/\/www.instagram.com\/abilia.cosmetica\/"]}]}},"_links":{"self":[{"href":"https:\/\/abilia.eu\/fr\/wp-json\/wp\/v2\/product\/3597","targetHints":{"allow":["GET"]}}],"collection":[{"href":"https:\/\/abilia.eu\/fr\/wp-json\/wp\/v2\/product"}],"about":[{"href":"https:\/\/abilia.eu\/fr\/wp-json\/wp\/v2\/types\/product"}],"replies":[{"embeddable":true,"href":"https:\/\/abilia.eu\/fr\/wp-json\/wp\/v2\/comments?post=3597"}],"wp:featuredmedia":[{"embeddable":true,"href":"https:\/\/abilia.eu\/fr\/wp-json\/wp\/v2\/media\/5023"}],"wp:attachment":[{"href":"https:\/\/abilia.eu\/fr\/wp-json\/wp\/v2\/media?parent=3597"}],"wp:term":[{"taxonomy":"product_brand","embeddable":true,"href":"https:\/\/abilia.eu\/fr\/wp-json\/wp\/v2\/product_brand?post=3597"},{"taxonomy":"product_cat","embeddable":true,"href":"https:\/\/abilia.eu\/fr\/wp-json\/wp\/v2\/product_cat?post=3597"},{"taxonomy":"product_tag","embeddable":true,"href":"https:\/\/abilia.eu\/fr\/wp-json\/wp\/v2\/product_tag?post=3597"}],"curies":[{"name":"wp","href":"https:\/\/api.w.org\/{rel}","templated":true}]}}