{"id":3591,"date":"2020-12-10T15:08:07","date_gmt":"2020-12-10T15:08:07","guid":{"rendered":"https:\/\/lab.abilia.eu\/producto\/agua-micelar-bio\/"},"modified":"2023-01-05T21:23:41","modified_gmt":"2023-01-05T21:23:41","slug":"eau-micellaire","status":"publish","type":"product","link":"https:\/\/abilia.eu\/fr\/produit\/eau-micellaire\/","title":{"rendered":"Eau Micellaire"},"content":{"rendered":"<div class=\"wpb-content-wrapper\"><p>[vc_row][vc_column][vc_column_text]<\/p>\n<h3>Comment l&rsquo;utiliser<\/h3>\n<p>Versez une petite quantit\u00e9 sur un disque de coton ou une serviette s\u00e8che, utilisez-la pour nettoyer et retirer le maquillage et les imperfections de la peau afin de la pr\u00e9parer \u00e0 l\u2019application d\u2019autres produits.<\/p>\n<h3>Conseil<\/h3>\n<p>S\u2019utilise id\u00e9alement avant l\u2019application d\u2019autres produits.<\/p>\n<h3>Ingr\u00e9dients<\/h3>\n<p>Aqua, Aloe barbadensis Leaf Juice*, Polyglyceryl-4 Caprate, Glycerin*, Calendula officinalis Flower Extract*, Camelia sinensis Leaf Extract*, Phytic Acid, Benzyl Alcohol, Potassium Sorbate, Sodium Benzoate, Parfum**.<\/p>\n<p>*Ingr\u00e9dients provenant de l\u2019agriculture organique certifi\u00e9e<br \/>\n**Huiles essentielles BIO.[\/vc_column_text][\/vc_column][\/vc_row]<\/p>\n<\/div>","protected":false},"excerpt":{"rendered":"<p>Eau Micellaire formul\u00e9e \u00e0 base de 99% d\u2019ingr\u00e9dients naturels. Nettoie et d\u00e9maquille intens\u00e9ment le visage, les yeux, les l\u00e8vres et le cou. Ses ingr\u00e9dients sont adapt\u00e9s aux peaux sensibles et aux yeux irrit\u00e9s. L\u2019extrait de fleur de souci traite et rajeunit les peaux fatigu\u00e9es. De plus, l\u2019extrait de th\u00e9 vert, riche en anti-oxydants, prot\u00e8ge la peau et r\u00e9active son m\u00e9tabolisme.\u00a0 L\u2019Eau Micellaire pr\u00e9pare la peau pour l\u2019application ult\u00e9rieure d\u2019autres traitements.<\/p>\n<p>Indiqu\u00e9e pour tous types de peau.<\/p>\n<p class=\"subcategoria\"><img loading=\"lazy\" decoding=\"async\" class=\"alignnone size-full wp-image-3420\" src=\"https:\/\/abilia.eu\/wp-content\/uploads\/2020\/12\/sellos-productos-08.jpg\" alt=\"\" width=\"400\" height=\"80\" srcset=\"https:\/\/abilia.eu\/wp-content\/uploads\/2020\/12\/sellos-productos-08.jpg 400w, https:\/\/abilia.eu\/wp-content\/uploads\/2020\/12\/sellos-productos-08-300x60.jpg 300w\" sizes=\"auto, (max-width: 400px) 100vw, 400px\" \/><\/p>\n","protected":false},"featured_media":5062,"comment_status":"open","ping_status":"closed","template":"","meta":{"inline_featured_image":false},"product_brand":[],"product_cat":[107],"product_tag":[],"class_list":{"0":"post-3591","1":"product","2":"type-product","3":"status-publish","4":"has-post-thumbnail","6":"product_cat-nettoyants","8":"first","9":"instock","10":"taxable","11":"shipping-taxable","12":"purchasable","13":"product-type-simple"},"yoast_head":"<!-- This site is optimized with the Yoast SEO plugin v27.4 - https:\/\/yoast.com\/product\/yoast-seo-wordpress\/ -->\n<title>Eau Micellaire | Abilia Cosm\u00e9tique Naturelle<\/title>\n<meta name=\"description\" content=\"Eau micellaire biologique formul\u00e9e avec 99% d&#039;ingr\u00e9dients naturels. Ses ingr\u00e9dients sont adapt\u00e9s aux peaux sensibles et aux yeux irrit\u00e9s.\" \/>\n<meta name=\"robots\" content=\"index, follow, max-snippet:-1, max-image-preview:large, max-video-preview:-1\" \/>\n<link rel=\"canonical\" href=\"https:\/\/abilia.eu\/fr\/produit\/eau-micellaire\/\" \/>\n<meta property=\"og:locale\" content=\"fr_FR\" \/>\n<meta property=\"og:type\" content=\"article\" \/>\n<meta property=\"og:title\" content=\"Eau Micellaire | Abilia Cosm\u00e9tique Naturelle\" \/>\n<meta property=\"og:description\" content=\"Eau micellaire biologique formul\u00e9e avec 99% d&#039;ingr\u00e9dients naturels. Ses ingr\u00e9dients sont adapt\u00e9s aux peaux sensibles et aux yeux irrit\u00e9s.\" \/>\n<meta property=\"og:url\" content=\"https:\/\/abilia.eu\/fr\/produit\/eau-micellaire\/\" \/>\n<meta property=\"og:site_name\" content=\"Abilia (LAB)\" \/>\n<meta property=\"article:publisher\" content=\"https:\/\/www.facebook.com\/AbiliaCosmeticaNatural\/\" \/>\n<meta property=\"article:modified_time\" content=\"2023-01-05T21:23:41+00:00\" \/>\n<meta property=\"og:image\" content=\"https:\/\/abilia.eu\/wp-content\/uploads\/2020\/12\/Agua-de-Micelar-ABILIA-BIO-01.jpg\" \/>\n\t<meta property=\"og:image:width\" content=\"1200\" \/>\n\t<meta property=\"og:image:height\" content=\"1200\" \/>\n\t<meta property=\"og:image:type\" content=\"image\/jpeg\" \/>\n<meta name=\"twitter:card\" content=\"summary_large_image\" \/>\n<meta name=\"twitter:label1\" content=\"Dur\u00e9e de lecture estim\u00e9e\" \/>\n\t<meta name=\"twitter:data1\" content=\"1 minute\" \/>\n<script type=\"application\/ld+json\" class=\"yoast-schema-graph\">{\"@context\":\"https:\\\/\\\/schema.org\",\"@graph\":[{\"@type\":\"WebPage\",\"@id\":\"https:\\\/\\\/abilia.eu\\\/fr\\\/produit\\\/eau-micellaire\\\/\",\"url\":\"https:\\\/\\\/abilia.eu\\\/fr\\\/produit\\\/eau-micellaire\\\/\",\"name\":\"Eau Micellaire | Abilia Cosm\u00e9tique Naturelle\",\"isPartOf\":{\"@id\":\"https:\\\/\\\/abilia.eu\\\/fr\\\/#website\"},\"primaryImageOfPage\":{\"@id\":\"https:\\\/\\\/abilia.eu\\\/fr\\\/produit\\\/eau-micellaire\\\/#primaryimage\"},\"image\":{\"@id\":\"https:\\\/\\\/abilia.eu\\\/fr\\\/produit\\\/eau-micellaire\\\/#primaryimage\"},\"thumbnailUrl\":\"https:\\\/\\\/abilia.eu\\\/wp-content\\\/uploads\\\/2020\\\/12\\\/Agua-de-Micelar-ABILIA-BIO-01.jpg\",\"datePublished\":\"2020-12-10T15:08:07+00:00\",\"dateModified\":\"2023-01-05T21:23:41+00:00\",\"description\":\"Eau micellaire biologique formul\u00e9e avec 99% d'ingr\u00e9dients naturels. Ses ingr\u00e9dients sont adapt\u00e9s aux peaux sensibles et aux yeux irrit\u00e9s.\",\"breadcrumb\":{\"@id\":\"https:\\\/\\\/abilia.eu\\\/fr\\\/produit\\\/eau-micellaire\\\/#breadcrumb\"},\"inLanguage\":\"fr-FR\",\"potentialAction\":[{\"@type\":\"ReadAction\",\"target\":[\"https:\\\/\\\/abilia.eu\\\/fr\\\/produit\\\/eau-micellaire\\\/\"]}]},{\"@type\":\"ImageObject\",\"inLanguage\":\"fr-FR\",\"@id\":\"https:\\\/\\\/abilia.eu\\\/fr\\\/produit\\\/eau-micellaire\\\/#primaryimage\",\"url\":\"https:\\\/\\\/abilia.eu\\\/wp-content\\\/uploads\\\/2020\\\/12\\\/Agua-de-Micelar-ABILIA-BIO-01.jpg\",\"contentUrl\":\"https:\\\/\\\/abilia.eu\\\/wp-content\\\/uploads\\\/2020\\\/12\\\/Agua-de-Micelar-ABILIA-BIO-01.jpg\",\"width\":1200,\"height\":1200,\"caption\":\"agua micelar desmaquillante natural ojos sensibles\"},{\"@type\":\"BreadcrumbList\",\"@id\":\"https:\\\/\\\/abilia.eu\\\/fr\\\/produit\\\/eau-micellaire\\\/#breadcrumb\",\"itemListElement\":[{\"@type\":\"ListItem\",\"position\":1,\"name\":\"Portada\",\"item\":\"https:\\\/\\\/abilia.eu\\\/fr\\\/\"},{\"@type\":\"ListItem\",\"position\":2,\"name\":\"Products\",\"item\":\"https:\\\/\\\/abilia.eu\\\/en\\\/shopkeeper-child-2\\\/\"},{\"@type\":\"ListItem\",\"position\":3,\"name\":\"Eau Micellaire\"}]},{\"@type\":\"WebSite\",\"@id\":\"https:\\\/\\\/abilia.eu\\\/fr\\\/#website\",\"url\":\"https:\\\/\\\/abilia.eu\\\/fr\\\/\",\"name\":\"Abilia (LAB)\",\"description\":\"Cosm\u00e9tica natural\",\"publisher\":{\"@id\":\"https:\\\/\\\/abilia.eu\\\/fr\\\/#organization\"},\"potentialAction\":[{\"@type\":\"SearchAction\",\"target\":{\"@type\":\"EntryPoint\",\"urlTemplate\":\"https:\\\/\\\/abilia.eu\\\/fr\\\/?s={search_term_string}\"},\"query-input\":{\"@type\":\"PropertyValueSpecification\",\"valueRequired\":true,\"valueName\":\"search_term_string\"}}],\"inLanguage\":\"fr-FR\"},{\"@type\":\"Organization\",\"@id\":\"https:\\\/\\\/abilia.eu\\\/fr\\\/#organization\",\"name\":\"Abilia - Cosm\u00e9tica Natural\",\"url\":\"https:\\\/\\\/abilia.eu\\\/fr\\\/\",\"logo\":{\"@type\":\"ImageObject\",\"inLanguage\":\"fr-FR\",\"@id\":\"https:\\\/\\\/abilia.eu\\\/fr\\\/#\\\/schema\\\/logo\\\/image\\\/\",\"url\":\"https:\\\/\\\/abilia.eu\\\/wp-content\\\/uploads\\\/2020\\\/12\\\/abilia-logo.jpg\",\"contentUrl\":\"https:\\\/\\\/abilia.eu\\\/wp-content\\\/uploads\\\/2020\\\/12\\\/abilia-logo.jpg\",\"width\":300,\"height\":83,\"caption\":\"Abilia - Cosm\u00e9tica Natural\"},\"image\":{\"@id\":\"https:\\\/\\\/abilia.eu\\\/fr\\\/#\\\/schema\\\/logo\\\/image\\\/\"},\"sameAs\":[\"https:\\\/\\\/www.facebook.com\\\/AbiliaCosmeticaNatural\\\/\",\"https:\\\/\\\/www.instagram.com\\\/abilia.cosmetica\\\/\"]}]}<\/script>\n<!-- \/ Yoast SEO plugin. -->","yoast_head_json":{"title":"Eau Micellaire | Abilia Cosm\u00e9tique Naturelle","description":"Eau micellaire biologique formul\u00e9e avec 99% d'ingr\u00e9dients naturels. Ses ingr\u00e9dients sont adapt\u00e9s aux peaux sensibles et aux yeux irrit\u00e9s.","robots":{"index":"index","follow":"follow","max-snippet":"max-snippet:-1","max-image-preview":"max-image-preview:large","max-video-preview":"max-video-preview:-1"},"canonical":"https:\/\/abilia.eu\/fr\/produit\/eau-micellaire\/","og_locale":"fr_FR","og_type":"article","og_title":"Eau Micellaire | Abilia Cosm\u00e9tique Naturelle","og_description":"Eau micellaire biologique formul\u00e9e avec 99% d'ingr\u00e9dients naturels. Ses ingr\u00e9dients sont adapt\u00e9s aux peaux sensibles et aux yeux irrit\u00e9s.","og_url":"https:\/\/abilia.eu\/fr\/produit\/eau-micellaire\/","og_site_name":"Abilia (LAB)","article_publisher":"https:\/\/www.facebook.com\/AbiliaCosmeticaNatural\/","article_modified_time":"2023-01-05T21:23:41+00:00","og_image":[{"width":1200,"height":1200,"url":"https:\/\/abilia.eu\/wp-content\/uploads\/2020\/12\/Agua-de-Micelar-ABILIA-BIO-01.jpg","type":"image\/jpeg"}],"twitter_card":"summary_large_image","twitter_misc":{"Dur\u00e9e de lecture estim\u00e9e":"1 minute"},"schema":{"@context":"https:\/\/schema.org","@graph":[{"@type":"WebPage","@id":"https:\/\/abilia.eu\/fr\/produit\/eau-micellaire\/","url":"https:\/\/abilia.eu\/fr\/produit\/eau-micellaire\/","name":"Eau Micellaire | Abilia Cosm\u00e9tique Naturelle","isPartOf":{"@id":"https:\/\/abilia.eu\/fr\/#website"},"primaryImageOfPage":{"@id":"https:\/\/abilia.eu\/fr\/produit\/eau-micellaire\/#primaryimage"},"image":{"@id":"https:\/\/abilia.eu\/fr\/produit\/eau-micellaire\/#primaryimage"},"thumbnailUrl":"https:\/\/abilia.eu\/wp-content\/uploads\/2020\/12\/Agua-de-Micelar-ABILIA-BIO-01.jpg","datePublished":"2020-12-10T15:08:07+00:00","dateModified":"2023-01-05T21:23:41+00:00","description":"Eau micellaire biologique formul\u00e9e avec 99% d'ingr\u00e9dients naturels. Ses ingr\u00e9dients sont adapt\u00e9s aux peaux sensibles et aux yeux irrit\u00e9s.","breadcrumb":{"@id":"https:\/\/abilia.eu\/fr\/produit\/eau-micellaire\/#breadcrumb"},"inLanguage":"fr-FR","potentialAction":[{"@type":"ReadAction","target":["https:\/\/abilia.eu\/fr\/produit\/eau-micellaire\/"]}]},{"@type":"ImageObject","inLanguage":"fr-FR","@id":"https:\/\/abilia.eu\/fr\/produit\/eau-micellaire\/#primaryimage","url":"https:\/\/abilia.eu\/wp-content\/uploads\/2020\/12\/Agua-de-Micelar-ABILIA-BIO-01.jpg","contentUrl":"https:\/\/abilia.eu\/wp-content\/uploads\/2020\/12\/Agua-de-Micelar-ABILIA-BIO-01.jpg","width":1200,"height":1200,"caption":"agua micelar desmaquillante natural ojos sensibles"},{"@type":"BreadcrumbList","@id":"https:\/\/abilia.eu\/fr\/produit\/eau-micellaire\/#breadcrumb","itemListElement":[{"@type":"ListItem","position":1,"name":"Portada","item":"https:\/\/abilia.eu\/fr\/"},{"@type":"ListItem","position":2,"name":"Products","item":"https:\/\/abilia.eu\/en\/shopkeeper-child-2\/"},{"@type":"ListItem","position":3,"name":"Eau Micellaire"}]},{"@type":"WebSite","@id":"https:\/\/abilia.eu\/fr\/#website","url":"https:\/\/abilia.eu\/fr\/","name":"Abilia (LAB)","description":"Cosm\u00e9tica natural","publisher":{"@id":"https:\/\/abilia.eu\/fr\/#organization"},"potentialAction":[{"@type":"SearchAction","target":{"@type":"EntryPoint","urlTemplate":"https:\/\/abilia.eu\/fr\/?s={search_term_string}"},"query-input":{"@type":"PropertyValueSpecification","valueRequired":true,"valueName":"search_term_string"}}],"inLanguage":"fr-FR"},{"@type":"Organization","@id":"https:\/\/abilia.eu\/fr\/#organization","name":"Abilia - Cosm\u00e9tica Natural","url":"https:\/\/abilia.eu\/fr\/","logo":{"@type":"ImageObject","inLanguage":"fr-FR","@id":"https:\/\/abilia.eu\/fr\/#\/schema\/logo\/image\/","url":"https:\/\/abilia.eu\/wp-content\/uploads\/2020\/12\/abilia-logo.jpg","contentUrl":"https:\/\/abilia.eu\/wp-content\/uploads\/2020\/12\/abilia-logo.jpg","width":300,"height":83,"caption":"Abilia - Cosm\u00e9tica Natural"},"image":{"@id":"https:\/\/abilia.eu\/fr\/#\/schema\/logo\/image\/"},"sameAs":["https:\/\/www.facebook.com\/AbiliaCosmeticaNatural\/","https:\/\/www.instagram.com\/abilia.cosmetica\/"]}]}},"_links":{"self":[{"href":"https:\/\/abilia.eu\/fr\/wp-json\/wp\/v2\/product\/3591","targetHints":{"allow":["GET"]}}],"collection":[{"href":"https:\/\/abilia.eu\/fr\/wp-json\/wp\/v2\/product"}],"about":[{"href":"https:\/\/abilia.eu\/fr\/wp-json\/wp\/v2\/types\/product"}],"replies":[{"embeddable":true,"href":"https:\/\/abilia.eu\/fr\/wp-json\/wp\/v2\/comments?post=3591"}],"wp:featuredmedia":[{"embeddable":true,"href":"https:\/\/abilia.eu\/fr\/wp-json\/wp\/v2\/media\/5062"}],"wp:attachment":[{"href":"https:\/\/abilia.eu\/fr\/wp-json\/wp\/v2\/media?parent=3591"}],"wp:term":[{"taxonomy":"product_brand","embeddable":true,"href":"https:\/\/abilia.eu\/fr\/wp-json\/wp\/v2\/product_brand?post=3591"},{"taxonomy":"product_cat","embeddable":true,"href":"https:\/\/abilia.eu\/fr\/wp-json\/wp\/v2\/product_cat?post=3591"},{"taxonomy":"product_tag","embeddable":true,"href":"https:\/\/abilia.eu\/fr\/wp-json\/wp\/v2\/product_tag?post=3591"}],"curies":[{"name":"wp","href":"https:\/\/api.w.org\/{rel}","templated":true}]}}