{"id":3586,"date":"2020-12-29T19:24:24","date_gmt":"2020-12-29T19:24:24","guid":{"rendered":"https:\/\/lab.abilia.eu\/producto\/leche-limpiadora-purificante-bio\/"},"modified":"2023-01-05T21:23:42","modified_gmt":"2023-01-05T21:23:42","slug":"lait-nettoyant-purifiant","status":"publish","type":"product","link":"https:\/\/abilia.eu\/fr\/produit\/lait-nettoyant-purifiant\/","title":{"rendered":"Lait Nettoyant Purifiant"},"content":{"rendered":"<div class=\"wpb-content-wrapper\"><p>[vc_row][vc_column][vc_column_text]<\/p>\n<h3>Comment l&rsquo;utiliser<\/h3>\n<p>Versez une petite quantit\u00e9 sur un disque de coton ou une serviette s\u00e8che, utilisez-la pour nettoyer et retirer le maquillage et les imperfections de la peau afin de la pr\u00e9parer \u00e0 l\u2019application d\u2019autres produits.<\/p>\n<h3>Conseil<\/h3>\n<p>S\u2019utilise id\u00e9alement avant l\u2019application d\u2019autres produits.<\/p>\n<h3>Ingr\u00e9dients<\/h3>\n<p>Aloe barbadensis Leaf Juice*, Aqua, Glycerin*, Caprylic\/capric Triglyceride, Decyl Glucoside, Cetearyl Alcohol, Citric Acid, Amyris balsamifera bark Oil, Camellia Sinensis Leaf Extract*, Punica granatum Seed Oil*, Vitis vinifera Leaf Extract*, Rosmarinus Officinalis Leaf Oil*, Melaleuca leucadendron cajuputi Leaf Oil, Arachidyl Alcohol, Cetearyl Glucoside, Glyceryl Caprylate, Behenyl Alcohol, Xanthan Gum, Arachidyl Glucoside, Glyceryl Undecylenate, Ascorbyl Palmitate, Phytic Acid, Lactic Acid, Benzyl Alcohol, Potassium Sorbate, Sodium Benzoate, Parfum**<\/p>\n<p>*Ingr\u00e9dients provenant de l\u2019agriculture organique certifi\u00e9e<br \/>\n**Huiles essentielles BIO.[\/vc_column_text][\/vc_column][\/vc_row]<\/p>\n<\/div>","protected":false},"excerpt":{"rendered":"<p>Lait Nettoyant Purifiant pour visage. Tonifie et r\u00e9active la peau. Formul\u00e9 \u00e0 partir d\u2019ingr\u00e9dient naturels et \u00e9cologiques.<\/p>\n<p>Sa formule riche en exfoliants naturelles retire la graisse et les impuret\u00e9s qui bloquent les pores. Elle pr\u00e9vient la s\u00e9cheresse de la peau. Celle-ci devient propre, doux et ferme, pr\u00eate \u00e0 l\u2019application d\u2019autres produits de traitement.<\/p>\n<p>Sa forte concentration en acide punique, vitamines, polyph\u00e9nols, acides gras lui donne autant d\u2019agents anti-oxydants qui permettent de purifier et r\u00e9activer la peau.<\/p>\n<p>Indiqu\u00e9 pour tous types de peau.<\/p>\n<p><img loading=\"lazy\" decoding=\"async\" class=\"alignnone size-full wp-image-3424\" src=\"https:\/\/abilia.eu\/wp-content\/uploads\/2020\/12\/sellos-productos-014.jpg\" alt=\"\" width=\"400\" height=\"80\" srcset=\"https:\/\/abilia.eu\/wp-content\/uploads\/2020\/12\/sellos-productos-014.jpg 400w, https:\/\/abilia.eu\/wp-content\/uploads\/2020\/12\/sellos-productos-014-300x60.jpg 300w\" sizes=\"auto, (max-width: 400px) 100vw, 400px\" \/><\/p>\n","protected":false},"featured_media":5044,"comment_status":"open","ping_status":"closed","template":"","meta":{"inline_featured_image":false},"product_brand":[],"product_cat":[107],"product_tag":[],"class_list":{"0":"post-3586","1":"product","2":"type-product","3":"status-publish","4":"has-post-thumbnail","6":"product_cat-nettoyants","8":"first","9":"instock","10":"taxable","11":"shipping-taxable","12":"purchasable","13":"product-type-simple"},"yoast_head":"<!-- This site is optimized with the Yoast SEO plugin v27.3 - https:\/\/yoast.com\/product\/yoast-seo-wordpress\/ -->\n<title>Lait Nettoyant Purifiant | Abilia Cosm\u00e9tique Naturelle<\/title>\n<meta name=\"description\" content=\"Lait nettoyant purifiant biologique, \u00e0 la texture soyeuse et agr\u00e9able. L\u00e9g\u00e8rement moussant. Id\u00e9al comme d\u00e9maquillant.\" \/>\n<meta name=\"robots\" content=\"index, follow, max-snippet:-1, max-image-preview:large, max-video-preview:-1\" \/>\n<link rel=\"canonical\" href=\"https:\/\/abilia.eu\/fr\/produit\/lait-nettoyant-purifiant\/\" \/>\n<meta property=\"og:locale\" content=\"fr_FR\" \/>\n<meta property=\"og:type\" content=\"article\" \/>\n<meta property=\"og:title\" content=\"Lait Nettoyant Purifiant | Abilia Cosm\u00e9tique Naturelle\" \/>\n<meta property=\"og:description\" content=\"Lait nettoyant purifiant biologique, \u00e0 la texture soyeuse et agr\u00e9able. L\u00e9g\u00e8rement moussant. Id\u00e9al comme d\u00e9maquillant.\" \/>\n<meta property=\"og:url\" content=\"https:\/\/abilia.eu\/fr\/produit\/lait-nettoyant-purifiant\/\" \/>\n<meta property=\"og:site_name\" content=\"Abilia (LAB)\" \/>\n<meta property=\"article:publisher\" content=\"https:\/\/www.facebook.com\/AbiliaCosmeticaNatural\/\" \/>\n<meta property=\"article:modified_time\" content=\"2023-01-05T21:23:42+00:00\" \/>\n<meta property=\"og:image\" content=\"https:\/\/abilia.eu\/wp-content\/uploads\/2020\/12\/Locion-Limpiadora-Purificante-ABILIA-BIO-01.jpg\" \/>\n\t<meta property=\"og:image:width\" content=\"1200\" \/>\n\t<meta property=\"og:image:height\" content=\"1200\" \/>\n\t<meta property=\"og:image:type\" content=\"image\/jpeg\" \/>\n<meta name=\"twitter:card\" content=\"summary_large_image\" \/>\n<meta name=\"twitter:label1\" content=\"Dur\u00e9e de lecture estim\u00e9e\" \/>\n\t<meta name=\"twitter:data1\" content=\"1 minute\" \/>\n<script type=\"application\/ld+json\" class=\"yoast-schema-graph\">{\"@context\":\"https:\\\/\\\/schema.org\",\"@graph\":[{\"@type\":\"WebPage\",\"@id\":\"https:\\\/\\\/abilia.eu\\\/fr\\\/produit\\\/lait-nettoyant-purifiant\\\/\",\"url\":\"https:\\\/\\\/abilia.eu\\\/fr\\\/produit\\\/lait-nettoyant-purifiant\\\/\",\"name\":\"Lait Nettoyant Purifiant | Abilia Cosm\u00e9tique Naturelle\",\"isPartOf\":{\"@id\":\"https:\\\/\\\/abilia.eu\\\/fr\\\/#website\"},\"primaryImageOfPage\":{\"@id\":\"https:\\\/\\\/abilia.eu\\\/fr\\\/produit\\\/lait-nettoyant-purifiant\\\/#primaryimage\"},\"image\":{\"@id\":\"https:\\\/\\\/abilia.eu\\\/fr\\\/produit\\\/lait-nettoyant-purifiant\\\/#primaryimage\"},\"thumbnailUrl\":\"https:\\\/\\\/abilia.eu\\\/wp-content\\\/uploads\\\/2020\\\/12\\\/Locion-Limpiadora-Purificante-ABILIA-BIO-01.jpg\",\"datePublished\":\"2020-12-29T19:24:24+00:00\",\"dateModified\":\"2023-01-05T21:23:42+00:00\",\"description\":\"Lait nettoyant purifiant biologique, \u00e0 la texture soyeuse et agr\u00e9able. L\u00e9g\u00e8rement moussant. Id\u00e9al comme d\u00e9maquillant.\",\"breadcrumb\":{\"@id\":\"https:\\\/\\\/abilia.eu\\\/fr\\\/produit\\\/lait-nettoyant-purifiant\\\/#breadcrumb\"},\"inLanguage\":\"fr-FR\",\"potentialAction\":[{\"@type\":\"ReadAction\",\"target\":[\"https:\\\/\\\/abilia.eu\\\/fr\\\/produit\\\/lait-nettoyant-purifiant\\\/\"]}]},{\"@type\":\"ImageObject\",\"inLanguage\":\"fr-FR\",\"@id\":\"https:\\\/\\\/abilia.eu\\\/fr\\\/produit\\\/lait-nettoyant-purifiant\\\/#primaryimage\",\"url\":\"https:\\\/\\\/abilia.eu\\\/wp-content\\\/uploads\\\/2020\\\/12\\\/Locion-Limpiadora-Purificante-ABILIA-BIO-01.jpg\",\"contentUrl\":\"https:\\\/\\\/abilia.eu\\\/wp-content\\\/uploads\\\/2020\\\/12\\\/Locion-Limpiadora-Purificante-ABILIA-BIO-01.jpg\",\"width\":1200,\"height\":1200,\"caption\":\"leche limpiadora purificante ecologica\"},{\"@type\":\"BreadcrumbList\",\"@id\":\"https:\\\/\\\/abilia.eu\\\/fr\\\/produit\\\/lait-nettoyant-purifiant\\\/#breadcrumb\",\"itemListElement\":[{\"@type\":\"ListItem\",\"position\":1,\"name\":\"Portada\",\"item\":\"https:\\\/\\\/abilia.eu\\\/fr\\\/\"},{\"@type\":\"ListItem\",\"position\":2,\"name\":\"Products\",\"item\":\"https:\\\/\\\/abilia.eu\\\/en\\\/shopkeeper-child-2\\\/\"},{\"@type\":\"ListItem\",\"position\":3,\"name\":\"Lait Nettoyant Purifiant\"}]},{\"@type\":\"WebSite\",\"@id\":\"https:\\\/\\\/abilia.eu\\\/fr\\\/#website\",\"url\":\"https:\\\/\\\/abilia.eu\\\/fr\\\/\",\"name\":\"Abilia (LAB)\",\"description\":\"Cosm\u00e9tica natural\",\"publisher\":{\"@id\":\"https:\\\/\\\/abilia.eu\\\/fr\\\/#organization\"},\"potentialAction\":[{\"@type\":\"SearchAction\",\"target\":{\"@type\":\"EntryPoint\",\"urlTemplate\":\"https:\\\/\\\/abilia.eu\\\/fr\\\/?s={search_term_string}\"},\"query-input\":{\"@type\":\"PropertyValueSpecification\",\"valueRequired\":true,\"valueName\":\"search_term_string\"}}],\"inLanguage\":\"fr-FR\"},{\"@type\":\"Organization\",\"@id\":\"https:\\\/\\\/abilia.eu\\\/fr\\\/#organization\",\"name\":\"Abilia - Cosm\u00e9tica Natural\",\"url\":\"https:\\\/\\\/abilia.eu\\\/fr\\\/\",\"logo\":{\"@type\":\"ImageObject\",\"inLanguage\":\"fr-FR\",\"@id\":\"https:\\\/\\\/abilia.eu\\\/fr\\\/#\\\/schema\\\/logo\\\/image\\\/\",\"url\":\"https:\\\/\\\/abilia.eu\\\/wp-content\\\/uploads\\\/2020\\\/12\\\/abilia-logo.jpg\",\"contentUrl\":\"https:\\\/\\\/abilia.eu\\\/wp-content\\\/uploads\\\/2020\\\/12\\\/abilia-logo.jpg\",\"width\":300,\"height\":83,\"caption\":\"Abilia - Cosm\u00e9tica Natural\"},\"image\":{\"@id\":\"https:\\\/\\\/abilia.eu\\\/fr\\\/#\\\/schema\\\/logo\\\/image\\\/\"},\"sameAs\":[\"https:\\\/\\\/www.facebook.com\\\/AbiliaCosmeticaNatural\\\/\",\"https:\\\/\\\/www.instagram.com\\\/abilia.cosmetica\\\/\"]}]}<\/script>\n<!-- \/ Yoast SEO plugin. -->","yoast_head_json":{"title":"Lait Nettoyant Purifiant | Abilia Cosm\u00e9tique Naturelle","description":"Lait nettoyant purifiant biologique, \u00e0 la texture soyeuse et agr\u00e9able. L\u00e9g\u00e8rement moussant. Id\u00e9al comme d\u00e9maquillant.","robots":{"index":"index","follow":"follow","max-snippet":"max-snippet:-1","max-image-preview":"max-image-preview:large","max-video-preview":"max-video-preview:-1"},"canonical":"https:\/\/abilia.eu\/fr\/produit\/lait-nettoyant-purifiant\/","og_locale":"fr_FR","og_type":"article","og_title":"Lait Nettoyant Purifiant | Abilia Cosm\u00e9tique Naturelle","og_description":"Lait nettoyant purifiant biologique, \u00e0 la texture soyeuse et agr\u00e9able. L\u00e9g\u00e8rement moussant. Id\u00e9al comme d\u00e9maquillant.","og_url":"https:\/\/abilia.eu\/fr\/produit\/lait-nettoyant-purifiant\/","og_site_name":"Abilia (LAB)","article_publisher":"https:\/\/www.facebook.com\/AbiliaCosmeticaNatural\/","article_modified_time":"2023-01-05T21:23:42+00:00","og_image":[{"width":1200,"height":1200,"url":"https:\/\/abilia.eu\/wp-content\/uploads\/2020\/12\/Locion-Limpiadora-Purificante-ABILIA-BIO-01.jpg","type":"image\/jpeg"}],"twitter_card":"summary_large_image","twitter_misc":{"Dur\u00e9e de lecture estim\u00e9e":"1 minute"},"schema":{"@context":"https:\/\/schema.org","@graph":[{"@type":"WebPage","@id":"https:\/\/abilia.eu\/fr\/produit\/lait-nettoyant-purifiant\/","url":"https:\/\/abilia.eu\/fr\/produit\/lait-nettoyant-purifiant\/","name":"Lait Nettoyant Purifiant | Abilia Cosm\u00e9tique Naturelle","isPartOf":{"@id":"https:\/\/abilia.eu\/fr\/#website"},"primaryImageOfPage":{"@id":"https:\/\/abilia.eu\/fr\/produit\/lait-nettoyant-purifiant\/#primaryimage"},"image":{"@id":"https:\/\/abilia.eu\/fr\/produit\/lait-nettoyant-purifiant\/#primaryimage"},"thumbnailUrl":"https:\/\/abilia.eu\/wp-content\/uploads\/2020\/12\/Locion-Limpiadora-Purificante-ABILIA-BIO-01.jpg","datePublished":"2020-12-29T19:24:24+00:00","dateModified":"2023-01-05T21:23:42+00:00","description":"Lait nettoyant purifiant biologique, \u00e0 la texture soyeuse et agr\u00e9able. L\u00e9g\u00e8rement moussant. Id\u00e9al comme d\u00e9maquillant.","breadcrumb":{"@id":"https:\/\/abilia.eu\/fr\/produit\/lait-nettoyant-purifiant\/#breadcrumb"},"inLanguage":"fr-FR","potentialAction":[{"@type":"ReadAction","target":["https:\/\/abilia.eu\/fr\/produit\/lait-nettoyant-purifiant\/"]}]},{"@type":"ImageObject","inLanguage":"fr-FR","@id":"https:\/\/abilia.eu\/fr\/produit\/lait-nettoyant-purifiant\/#primaryimage","url":"https:\/\/abilia.eu\/wp-content\/uploads\/2020\/12\/Locion-Limpiadora-Purificante-ABILIA-BIO-01.jpg","contentUrl":"https:\/\/abilia.eu\/wp-content\/uploads\/2020\/12\/Locion-Limpiadora-Purificante-ABILIA-BIO-01.jpg","width":1200,"height":1200,"caption":"leche limpiadora purificante ecologica"},{"@type":"BreadcrumbList","@id":"https:\/\/abilia.eu\/fr\/produit\/lait-nettoyant-purifiant\/#breadcrumb","itemListElement":[{"@type":"ListItem","position":1,"name":"Portada","item":"https:\/\/abilia.eu\/fr\/"},{"@type":"ListItem","position":2,"name":"Products","item":"https:\/\/abilia.eu\/en\/shopkeeper-child-2\/"},{"@type":"ListItem","position":3,"name":"Lait Nettoyant Purifiant"}]},{"@type":"WebSite","@id":"https:\/\/abilia.eu\/fr\/#website","url":"https:\/\/abilia.eu\/fr\/","name":"Abilia (LAB)","description":"Cosm\u00e9tica natural","publisher":{"@id":"https:\/\/abilia.eu\/fr\/#organization"},"potentialAction":[{"@type":"SearchAction","target":{"@type":"EntryPoint","urlTemplate":"https:\/\/abilia.eu\/fr\/?s={search_term_string}"},"query-input":{"@type":"PropertyValueSpecification","valueRequired":true,"valueName":"search_term_string"}}],"inLanguage":"fr-FR"},{"@type":"Organization","@id":"https:\/\/abilia.eu\/fr\/#organization","name":"Abilia - Cosm\u00e9tica Natural","url":"https:\/\/abilia.eu\/fr\/","logo":{"@type":"ImageObject","inLanguage":"fr-FR","@id":"https:\/\/abilia.eu\/fr\/#\/schema\/logo\/image\/","url":"https:\/\/abilia.eu\/wp-content\/uploads\/2020\/12\/abilia-logo.jpg","contentUrl":"https:\/\/abilia.eu\/wp-content\/uploads\/2020\/12\/abilia-logo.jpg","width":300,"height":83,"caption":"Abilia - Cosm\u00e9tica Natural"},"image":{"@id":"https:\/\/abilia.eu\/fr\/#\/schema\/logo\/image\/"},"sameAs":["https:\/\/www.facebook.com\/AbiliaCosmeticaNatural\/","https:\/\/www.instagram.com\/abilia.cosmetica\/"]}]}},"_links":{"self":[{"href":"https:\/\/abilia.eu\/fr\/wp-json\/wp\/v2\/product\/3586","targetHints":{"allow":["GET"]}}],"collection":[{"href":"https:\/\/abilia.eu\/fr\/wp-json\/wp\/v2\/product"}],"about":[{"href":"https:\/\/abilia.eu\/fr\/wp-json\/wp\/v2\/types\/product"}],"replies":[{"embeddable":true,"href":"https:\/\/abilia.eu\/fr\/wp-json\/wp\/v2\/comments?post=3586"}],"wp:featuredmedia":[{"embeddable":true,"href":"https:\/\/abilia.eu\/fr\/wp-json\/wp\/v2\/media\/5044"}],"wp:attachment":[{"href":"https:\/\/abilia.eu\/fr\/wp-json\/wp\/v2\/media?parent=3586"}],"wp:term":[{"taxonomy":"product_brand","embeddable":true,"href":"https:\/\/abilia.eu\/fr\/wp-json\/wp\/v2\/product_brand?post=3586"},{"taxonomy":"product_cat","embeddable":true,"href":"https:\/\/abilia.eu\/fr\/wp-json\/wp\/v2\/product_cat?post=3586"},{"taxonomy":"product_tag","embeddable":true,"href":"https:\/\/abilia.eu\/fr\/wp-json\/wp\/v2\/product_tag?post=3586"}],"curies":[{"name":"wp","href":"https:\/\/api.w.org\/{rel}","templated":true}]}}