{"id":3582,"date":"2020-12-29T19:24:24","date_gmt":"2020-12-29T19:24:24","guid":{"rendered":"https:\/\/lab.abilia.eu\/producto\/tonico-facial-purificante-bio\/"},"modified":"2023-01-05T21:23:41","modified_gmt":"2023-01-05T21:23:41","slug":"lotion-purifiante","status":"publish","type":"product","link":"https:\/\/abilia.eu\/fr\/produit\/lotion-purifiante\/","title":{"rendered":"Lotion Purifiante"},"content":{"rendered":"<div class=\"wpb-content-wrapper\"><p>[vc_row][vc_column][vc_column_text]<\/p>\n<h3>Comment l&rsquo;utiliser<\/h3>\n<p>Versez une petite quantit\u00e9 sur un disque de coton ou une serviette s\u00e8che, utilisez-la pour nettoyer et retirer le maquillage et les imperfections de la peau afin de la pr\u00e9parer \u00e0 l\u2019application d\u2019autres produits tout en la tonifiant.<\/p>\n<h3>Conseil<\/h3>\n<p>Id\u00e9ale pour tonifier la peau et pour \u00e9liminer le stress oxydatif.<\/p>\n<h3>Ingr\u00e9dients<\/h3>\n<p>Aloe barbadensis Leaf Juice*, Glycerin*, Citrus aurantium amara Flower Water*, Aqua, Punica granatum Fruit Extract*, Calendula officinalis Flower Extract*, Hamamelis virginiana Leaf Extract, Decyl Glucoside, Xanthan Gum, Citric Acid, Benzyl Alcohol, Potassium Sorbate, Sodium Benzoate, Parfum**<\/p>\n<p>*Ingr\u00e9dients provenant de l\u2019agriculture organique certifi\u00e9e<br \/>\n**Huiles essentielles BIO.[\/vc_column_text][\/vc_column][\/vc_row]<\/p>\n<\/div>","protected":false},"excerpt":{"rendered":"<p>Lotion Purifiante pour le visage. Tonifie et r\u00e9active la peau. Formul\u00e9e \u00e0 partir d\u2019ingr\u00e9dient naturels et \u00e9cologiques. Tonifie la peau, resserre les pores et retire les impuret\u00e9s. Fait place \u00e0 une peau fra\u00eeche et uniforme. Id\u00e9ale en compl\u00e9ment de la routine de nettoyage quotidienne. Pr\u00e9pare la peau \u00e0 l\u2019application d\u2019autres produits de traitement. Sa formule d\u00e9licate apporte \u00e0 la peau une forte concentration en acide punique, vitamines, polyph\u00e9nols, acides gras; autant d\u2019anti-oxydants qui purifient et r\u00e9activent la peau.<\/p>\n<p>Indiqu\u00e9e pour tous types de peau.<\/p>\n<p><img loading=\"lazy\" decoding=\"async\" class=\"alignnone size-full wp-image-3428\" src=\"https:\/\/abilia.eu\/wp-content\/uploads\/2020\/12\/sellos-productos-09.jpg\" alt=\"\" width=\"400\" height=\"80\" srcset=\"https:\/\/abilia.eu\/wp-content\/uploads\/2020\/12\/sellos-productos-09.jpg 400w, https:\/\/abilia.eu\/wp-content\/uploads\/2020\/12\/sellos-productos-09-300x60.jpg 300w\" sizes=\"auto, (max-width: 400px) 100vw, 400px\" \/><\/p>\n","protected":false},"featured_media":5080,"comment_status":"open","ping_status":"closed","template":"","meta":{"inline_featured_image":false},"product_brand":[],"product_cat":[107],"product_tag":[],"class_list":{"0":"post-3582","1":"product","2":"type-product","3":"status-publish","4":"has-post-thumbnail","6":"product_cat-nettoyants","8":"first","9":"instock","10":"taxable","11":"shipping-taxable","12":"purchasable","13":"product-type-simple"},"yoast_head":"<!-- This site is optimized with the Yoast SEO plugin v27.3 - https:\/\/yoast.com\/product\/yoast-seo-wordpress\/ -->\n<title>Lotion Purifiante | Abilia Cosm\u00e9tique Naturelle<\/title>\n<meta name=\"description\" content=\"Lotion purifiante organique. Tonifie et r\u00e9active le visage. Formul\u00e9 avec 98% d&#039;ingr\u00e9dients biologiques. Tonifie la peau.\" \/>\n<meta name=\"robots\" content=\"index, follow, max-snippet:-1, max-image-preview:large, max-video-preview:-1\" \/>\n<link rel=\"canonical\" href=\"https:\/\/abilia.eu\/fr\/produit\/lotion-purifiante\/\" \/>\n<meta property=\"og:locale\" content=\"fr_FR\" \/>\n<meta property=\"og:type\" content=\"article\" \/>\n<meta property=\"og:title\" content=\"Lotion Purifiante | Abilia Cosm\u00e9tique Naturelle\" \/>\n<meta property=\"og:description\" content=\"Lotion purifiante organique. Tonifie et r\u00e9active le visage. Formul\u00e9 avec 98% d&#039;ingr\u00e9dients biologiques. Tonifie la peau.\" \/>\n<meta property=\"og:url\" content=\"https:\/\/abilia.eu\/fr\/produit\/lotion-purifiante\/\" \/>\n<meta property=\"og:site_name\" content=\"Abilia (LAB)\" \/>\n<meta property=\"article:publisher\" content=\"https:\/\/www.facebook.com\/AbiliaCosmeticaNatural\/\" \/>\n<meta property=\"article:modified_time\" content=\"2023-01-05T21:23:41+00:00\" \/>\n<meta property=\"og:image\" content=\"https:\/\/abilia.eu\/wp-content\/uploads\/2020\/12\/Tonico-Facial-Purificante-ABILIA-BIO-01.jpg\" \/>\n\t<meta property=\"og:image:width\" content=\"1200\" \/>\n\t<meta property=\"og:image:height\" content=\"1200\" \/>\n\t<meta property=\"og:image:type\" content=\"image\/jpeg\" \/>\n<meta name=\"twitter:card\" content=\"summary_large_image\" \/>\n<meta name=\"twitter:label1\" content=\"Dur\u00e9e de lecture estim\u00e9e\" \/>\n\t<meta name=\"twitter:data1\" content=\"1 minute\" \/>\n<script type=\"application\/ld+json\" class=\"yoast-schema-graph\">{\"@context\":\"https:\\\/\\\/schema.org\",\"@graph\":[{\"@type\":\"WebPage\",\"@id\":\"https:\\\/\\\/abilia.eu\\\/fr\\\/produit\\\/lotion-purifiante\\\/\",\"url\":\"https:\\\/\\\/abilia.eu\\\/fr\\\/produit\\\/lotion-purifiante\\\/\",\"name\":\"Lotion Purifiante | Abilia Cosm\u00e9tique Naturelle\",\"isPartOf\":{\"@id\":\"https:\\\/\\\/abilia.eu\\\/fr\\\/#website\"},\"primaryImageOfPage\":{\"@id\":\"https:\\\/\\\/abilia.eu\\\/fr\\\/produit\\\/lotion-purifiante\\\/#primaryimage\"},\"image\":{\"@id\":\"https:\\\/\\\/abilia.eu\\\/fr\\\/produit\\\/lotion-purifiante\\\/#primaryimage\"},\"thumbnailUrl\":\"https:\\\/\\\/abilia.eu\\\/wp-content\\\/uploads\\\/2020\\\/12\\\/Tonico-Facial-Purificante-ABILIA-BIO-01.jpg\",\"datePublished\":\"2020-12-29T19:24:24+00:00\",\"dateModified\":\"2023-01-05T21:23:41+00:00\",\"description\":\"Lotion purifiante organique. Tonifie et r\u00e9active le visage. Formul\u00e9 avec 98% d'ingr\u00e9dients biologiques. Tonifie la peau.\",\"breadcrumb\":{\"@id\":\"https:\\\/\\\/abilia.eu\\\/fr\\\/produit\\\/lotion-purifiante\\\/#breadcrumb\"},\"inLanguage\":\"fr-FR\",\"potentialAction\":[{\"@type\":\"ReadAction\",\"target\":[\"https:\\\/\\\/abilia.eu\\\/fr\\\/produit\\\/lotion-purifiante\\\/\"]}]},{\"@type\":\"ImageObject\",\"inLanguage\":\"fr-FR\",\"@id\":\"https:\\\/\\\/abilia.eu\\\/fr\\\/produit\\\/lotion-purifiante\\\/#primaryimage\",\"url\":\"https:\\\/\\\/abilia.eu\\\/wp-content\\\/uploads\\\/2020\\\/12\\\/Tonico-Facial-Purificante-ABILIA-BIO-01.jpg\",\"contentUrl\":\"https:\\\/\\\/abilia.eu\\\/wp-content\\\/uploads\\\/2020\\\/12\\\/Tonico-Facial-Purificante-ABILIA-BIO-01.jpg\",\"width\":1200,\"height\":1200,\"caption\":\"tonico facial purificante ecologico\"},{\"@type\":\"BreadcrumbList\",\"@id\":\"https:\\\/\\\/abilia.eu\\\/fr\\\/produit\\\/lotion-purifiante\\\/#breadcrumb\",\"itemListElement\":[{\"@type\":\"ListItem\",\"position\":1,\"name\":\"Portada\",\"item\":\"https:\\\/\\\/abilia.eu\\\/fr\\\/\"},{\"@type\":\"ListItem\",\"position\":2,\"name\":\"Products\",\"item\":\"https:\\\/\\\/abilia.eu\\\/en\\\/shopkeeper-child-2\\\/\"},{\"@type\":\"ListItem\",\"position\":3,\"name\":\"Lotion Purifiante\"}]},{\"@type\":\"WebSite\",\"@id\":\"https:\\\/\\\/abilia.eu\\\/fr\\\/#website\",\"url\":\"https:\\\/\\\/abilia.eu\\\/fr\\\/\",\"name\":\"Abilia (LAB)\",\"description\":\"Cosm\u00e9tica natural\",\"publisher\":{\"@id\":\"https:\\\/\\\/abilia.eu\\\/fr\\\/#organization\"},\"potentialAction\":[{\"@type\":\"SearchAction\",\"target\":{\"@type\":\"EntryPoint\",\"urlTemplate\":\"https:\\\/\\\/abilia.eu\\\/fr\\\/?s={search_term_string}\"},\"query-input\":{\"@type\":\"PropertyValueSpecification\",\"valueRequired\":true,\"valueName\":\"search_term_string\"}}],\"inLanguage\":\"fr-FR\"},{\"@type\":\"Organization\",\"@id\":\"https:\\\/\\\/abilia.eu\\\/fr\\\/#organization\",\"name\":\"Abilia - Cosm\u00e9tica Natural\",\"url\":\"https:\\\/\\\/abilia.eu\\\/fr\\\/\",\"logo\":{\"@type\":\"ImageObject\",\"inLanguage\":\"fr-FR\",\"@id\":\"https:\\\/\\\/abilia.eu\\\/fr\\\/#\\\/schema\\\/logo\\\/image\\\/\",\"url\":\"https:\\\/\\\/abilia.eu\\\/wp-content\\\/uploads\\\/2020\\\/12\\\/abilia-logo.jpg\",\"contentUrl\":\"https:\\\/\\\/abilia.eu\\\/wp-content\\\/uploads\\\/2020\\\/12\\\/abilia-logo.jpg\",\"width\":300,\"height\":83,\"caption\":\"Abilia - Cosm\u00e9tica Natural\"},\"image\":{\"@id\":\"https:\\\/\\\/abilia.eu\\\/fr\\\/#\\\/schema\\\/logo\\\/image\\\/\"},\"sameAs\":[\"https:\\\/\\\/www.facebook.com\\\/AbiliaCosmeticaNatural\\\/\",\"https:\\\/\\\/www.instagram.com\\\/abilia.cosmetica\\\/\"]}]}<\/script>\n<!-- \/ Yoast SEO plugin. -->","yoast_head_json":{"title":"Lotion Purifiante | Abilia Cosm\u00e9tique Naturelle","description":"Lotion purifiante organique. Tonifie et r\u00e9active le visage. Formul\u00e9 avec 98% d'ingr\u00e9dients biologiques. Tonifie la peau.","robots":{"index":"index","follow":"follow","max-snippet":"max-snippet:-1","max-image-preview":"max-image-preview:large","max-video-preview":"max-video-preview:-1"},"canonical":"https:\/\/abilia.eu\/fr\/produit\/lotion-purifiante\/","og_locale":"fr_FR","og_type":"article","og_title":"Lotion Purifiante | Abilia Cosm\u00e9tique Naturelle","og_description":"Lotion purifiante organique. Tonifie et r\u00e9active le visage. Formul\u00e9 avec 98% d'ingr\u00e9dients biologiques. Tonifie la peau.","og_url":"https:\/\/abilia.eu\/fr\/produit\/lotion-purifiante\/","og_site_name":"Abilia (LAB)","article_publisher":"https:\/\/www.facebook.com\/AbiliaCosmeticaNatural\/","article_modified_time":"2023-01-05T21:23:41+00:00","og_image":[{"width":1200,"height":1200,"url":"https:\/\/abilia.eu\/wp-content\/uploads\/2020\/12\/Tonico-Facial-Purificante-ABILIA-BIO-01.jpg","type":"image\/jpeg"}],"twitter_card":"summary_large_image","twitter_misc":{"Dur\u00e9e de lecture estim\u00e9e":"1 minute"},"schema":{"@context":"https:\/\/schema.org","@graph":[{"@type":"WebPage","@id":"https:\/\/abilia.eu\/fr\/produit\/lotion-purifiante\/","url":"https:\/\/abilia.eu\/fr\/produit\/lotion-purifiante\/","name":"Lotion Purifiante | Abilia Cosm\u00e9tique Naturelle","isPartOf":{"@id":"https:\/\/abilia.eu\/fr\/#website"},"primaryImageOfPage":{"@id":"https:\/\/abilia.eu\/fr\/produit\/lotion-purifiante\/#primaryimage"},"image":{"@id":"https:\/\/abilia.eu\/fr\/produit\/lotion-purifiante\/#primaryimage"},"thumbnailUrl":"https:\/\/abilia.eu\/wp-content\/uploads\/2020\/12\/Tonico-Facial-Purificante-ABILIA-BIO-01.jpg","datePublished":"2020-12-29T19:24:24+00:00","dateModified":"2023-01-05T21:23:41+00:00","description":"Lotion purifiante organique. Tonifie et r\u00e9active le visage. Formul\u00e9 avec 98% d'ingr\u00e9dients biologiques. Tonifie la peau.","breadcrumb":{"@id":"https:\/\/abilia.eu\/fr\/produit\/lotion-purifiante\/#breadcrumb"},"inLanguage":"fr-FR","potentialAction":[{"@type":"ReadAction","target":["https:\/\/abilia.eu\/fr\/produit\/lotion-purifiante\/"]}]},{"@type":"ImageObject","inLanguage":"fr-FR","@id":"https:\/\/abilia.eu\/fr\/produit\/lotion-purifiante\/#primaryimage","url":"https:\/\/abilia.eu\/wp-content\/uploads\/2020\/12\/Tonico-Facial-Purificante-ABILIA-BIO-01.jpg","contentUrl":"https:\/\/abilia.eu\/wp-content\/uploads\/2020\/12\/Tonico-Facial-Purificante-ABILIA-BIO-01.jpg","width":1200,"height":1200,"caption":"tonico facial purificante ecologico"},{"@type":"BreadcrumbList","@id":"https:\/\/abilia.eu\/fr\/produit\/lotion-purifiante\/#breadcrumb","itemListElement":[{"@type":"ListItem","position":1,"name":"Portada","item":"https:\/\/abilia.eu\/fr\/"},{"@type":"ListItem","position":2,"name":"Products","item":"https:\/\/abilia.eu\/en\/shopkeeper-child-2\/"},{"@type":"ListItem","position":3,"name":"Lotion Purifiante"}]},{"@type":"WebSite","@id":"https:\/\/abilia.eu\/fr\/#website","url":"https:\/\/abilia.eu\/fr\/","name":"Abilia (LAB)","description":"Cosm\u00e9tica natural","publisher":{"@id":"https:\/\/abilia.eu\/fr\/#organization"},"potentialAction":[{"@type":"SearchAction","target":{"@type":"EntryPoint","urlTemplate":"https:\/\/abilia.eu\/fr\/?s={search_term_string}"},"query-input":{"@type":"PropertyValueSpecification","valueRequired":true,"valueName":"search_term_string"}}],"inLanguage":"fr-FR"},{"@type":"Organization","@id":"https:\/\/abilia.eu\/fr\/#organization","name":"Abilia - Cosm\u00e9tica Natural","url":"https:\/\/abilia.eu\/fr\/","logo":{"@type":"ImageObject","inLanguage":"fr-FR","@id":"https:\/\/abilia.eu\/fr\/#\/schema\/logo\/image\/","url":"https:\/\/abilia.eu\/wp-content\/uploads\/2020\/12\/abilia-logo.jpg","contentUrl":"https:\/\/abilia.eu\/wp-content\/uploads\/2020\/12\/abilia-logo.jpg","width":300,"height":83,"caption":"Abilia - Cosm\u00e9tica Natural"},"image":{"@id":"https:\/\/abilia.eu\/fr\/#\/schema\/logo\/image\/"},"sameAs":["https:\/\/www.facebook.com\/AbiliaCosmeticaNatural\/","https:\/\/www.instagram.com\/abilia.cosmetica\/"]}]}},"_links":{"self":[{"href":"https:\/\/abilia.eu\/fr\/wp-json\/wp\/v2\/product\/3582","targetHints":{"allow":["GET"]}}],"collection":[{"href":"https:\/\/abilia.eu\/fr\/wp-json\/wp\/v2\/product"}],"about":[{"href":"https:\/\/abilia.eu\/fr\/wp-json\/wp\/v2\/types\/product"}],"replies":[{"embeddable":true,"href":"https:\/\/abilia.eu\/fr\/wp-json\/wp\/v2\/comments?post=3582"}],"wp:featuredmedia":[{"embeddable":true,"href":"https:\/\/abilia.eu\/fr\/wp-json\/wp\/v2\/media\/5080"}],"wp:attachment":[{"href":"https:\/\/abilia.eu\/fr\/wp-json\/wp\/v2\/media?parent=3582"}],"wp:term":[{"taxonomy":"product_brand","embeddable":true,"href":"https:\/\/abilia.eu\/fr\/wp-json\/wp\/v2\/product_brand?post=3582"},{"taxonomy":"product_cat","embeddable":true,"href":"https:\/\/abilia.eu\/fr\/wp-json\/wp\/v2\/product_cat?post=3582"},{"taxonomy":"product_tag","embeddable":true,"href":"https:\/\/abilia.eu\/fr\/wp-json\/wp\/v2\/product_tag?post=3582"}],"curies":[{"name":"wp","href":"https:\/\/api.w.org\/{rel}","templated":true}]}}