{"id":3863,"date":"2021-01-09T17:38:20","date_gmt":"2021-01-09T17:38:20","guid":{"rendered":"https:\/\/lab.abilia.eu\/envios-internacionales\/"},"modified":"2021-01-20T18:15:35","modified_gmt":"2021-01-20T18:15:35","slug":"envois-internationaux","status":"publish","type":"page","link":"https:\/\/abilia.eu\/fr\/envois-internationaux\/","title":{"rendered":"Envois internationaux"},"content":{"rendered":"<div class=\"wpb-content-wrapper\"><p>[vc_row][vc_column][vc_column_text]<\/p>\n<h3>Nous assurons le service et la livraison des envois internationaux des pays de l&rsquo;Union europ\u00e9enne<\/h3>\n<p>[\/vc_column_text][vc_column_text]En tant que consommateur, vous avez la garantie totale que votre commande b\u00e9n\u00e9ficiera des m\u00eames conditions que celles qui figurent sur l&rsquo;ensemble de notre site web. Si vous souhaitez les conna\u00eetre en d\u00e9tail, vous pouvez y acc\u00e9der par ce lien.<\/p>\n<p>Avec Abilia, nous fournissons un service \u00e0 tous les pays de l&rsquo;Union europ\u00e9enne, et nous avons des partenaires de solvabilit\u00e9 accr\u00e9dit\u00e9s pour garantir que votre commande arrive dans des conditions optimales et dans les meilleurs d\u00e9lais.<\/p>\n<p>Vous pouvez choisir, en fonction de votre localisation et de vos besoins, diff\u00e9rents services de livraison, avec des d\u00e9lais et des co\u00fbts diff\u00e9rents. Nous nous effor\u00e7ons de vous aider autant que possible.<\/p>\n<p>Vous avez \u00e0 votre disposition diff\u00e9rents modes de paiement. Choisissez celui que vous pr\u00e9f\u00e9rez:[\/vc_column_text][vc_row_inner][vc_column_inner width=\u00a0\u00bb1\/6&Prime;][\/vc_column_inner][vc_column_inner width=\u00a0\u00bb2\/3&Prime;][vc_single_image image=\u00a0\u00bb3450&Prime; img_size=\u00a0\u00bbfull\u00a0\u00bb][\/vc_column_inner][vc_column_inner width=\u00a0\u00bb1\/6&Prime;][\/vc_column_inner][\/vc_row_inner][vc_column_text]Vous avez le choix entre diff\u00e9rents modes d&rsquo;exp\u00e9dition, en fonction de la destination de la commande. En fonction du lieu et de la rapidit\u00e9 de livraison, nous assurons le service de coursiers dont la fiabilit\u00e9 est reconnue:[\/vc_column_text][vc_row_inner][vc_column_inner width=\u00a0\u00bb1\/6&Prime;][\/vc_column_inner][vc_column_inner width=\u00a0\u00bb2\/3&Prime;][vc_single_image image=\u00a0\u00bb3458&Prime; img_size=\u00a0\u00bbfull\u00a0\u00bb][\/vc_column_inner][vc_column_inner width=\u00a0\u00bb1\/6&Prime;][\/vc_column_inner][\/vc_row_inner][vc_column_text]Chez Abilia.eu, nous vous offrons le meilleur produit, le meilleur traitement et le meilleur service.<\/p>\n<p>Vous pouvez nous faire confiance.[\/vc_column_text][\/vc_column][\/vc_row][vc_row][vc_column][vc_column_text]<\/p>\n<h3>Distributeurs internationaux<\/h3>\n<p>[\/vc_column_text][vc_column_text]Actuellement, nous recherchons des distributeurs pour diff\u00e9rents pays de l&rsquo;Union europ\u00e9enne. Si vous et votre entreprise vous consacrez \u00e0 la distribution de cosm\u00e9tiques certifi\u00e9s biologiques dans vos pays ou zones d&rsquo;influence, et que vous \u00eates peut-\u00eatre int\u00e9ress\u00e9 par la distribution des produits d&rsquo;Abilia, veuillez nous contacter et nous r\u00e9pondrons \u00e0 votre demande et r\u00e9soudrons imm\u00e9diatement vos doutes.<\/p>\n<p>Vous pouvez nous contacter par e-mail contacto@abilia.eu ou en appelant directement au +34 683 543 776. Nous nous ferons un plaisir de vous aider.[\/vc_column_text][\/vc_column][\/vc_row]<\/p>\n<\/div>","protected":false},"excerpt":{"rendered":"<p>[vc_row][vc_column][vc_column_text] Nous assurons le service et la livraison des envois internationaux des pays de l&rsquo;Union europ\u00e9enne [\/vc_column_text][vc_column_text]En tant que consommateur, vous avez la garantie totale que votre commande b\u00e9n\u00e9ficiera des m\u00eames conditions que celles qui figurent sur l&rsquo;ensemble de notre site web. Si vous souhaitez les conna\u00eetre en d\u00e9tail, vous pouvez y acc\u00e9der par ce [&hellip;]<\/p>\n","protected":false},"author":1,"featured_media":0,"parent":0,"menu_order":0,"comment_status":"closed","ping_status":"closed","template":"page-boxed.php","meta":{"inline_featured_image":false,"footnotes":""},"class_list":["post-3863","page","type-page","status-publish","hentry"],"yoast_head":"<!-- This site is optimized with the Yoast SEO plugin v27.3 - https:\/\/yoast.com\/product\/yoast-seo-wordpress\/ -->\n<title>Envois internationaux | Abilia Cosm\u00e9tique Naturelle<\/title>\n<meta name=\"description\" content=\"A propos des envois internationaux de produits d&#039;Abilia. Pour plus d&#039;informations, envoyez un courriel (contacto@abilia.eu) ou t\u00e9l\u00e9phonez au (+34)683543776.\" \/>\n<meta name=\"robots\" content=\"index, follow, max-snippet:-1, max-image-preview:large, max-video-preview:-1\" \/>\n<link rel=\"canonical\" href=\"https:\/\/abilia.eu\/envios-internacionales\/\" \/>\n<meta property=\"og:locale\" content=\"fr_FR\" \/>\n<meta property=\"og:type\" content=\"article\" \/>\n<meta property=\"og:title\" content=\"Envois internationaux | Abilia Cosm\u00e9tique Naturelle\" \/>\n<meta property=\"og:description\" content=\"A propos des envois internationaux de produits d&#039;Abilia. Pour plus d&#039;informations, envoyez un courriel (contacto@abilia.eu) ou t\u00e9l\u00e9phonez au (+34)683543776.\" \/>\n<meta property=\"og:url\" content=\"https:\/\/abilia.eu\/envios-internacionales\/\" \/>\n<meta property=\"og:site_name\" content=\"Abilia (LAB)\" \/>\n<meta property=\"article:publisher\" content=\"https:\/\/www.facebook.com\/AbiliaCosmeticaNatural\/\" \/>\n<meta property=\"article:modified_time\" content=\"2021-01-20T18:15:35+00:00\" \/>\n<meta property=\"og:image\" content=\"https:\/\/abilia.eu\/wp-content\/uploads\/2021\/01\/abilia-logo-mundo-1.jpg\" \/>\n\t<meta property=\"og:image:width\" content=\"600\" \/>\n\t<meta property=\"og:image:height\" content=\"182\" \/>\n\t<meta property=\"og:image:type\" content=\"image\/jpeg\" \/>\n<meta name=\"twitter:card\" content=\"summary_large_image\" \/>\n<meta name=\"twitter:label1\" content=\"Dur\u00e9e de lecture estim\u00e9e\" \/>\n\t<meta name=\"twitter:data1\" content=\"2 minutes\" \/>\n<script type=\"application\/ld+json\" class=\"yoast-schema-graph\">{\"@context\":\"https:\\\/\\\/schema.org\",\"@graph\":[{\"@type\":\"WebPage\",\"@id\":\"https:\\\/\\\/abilia.eu\\\/envios-internacionales\\\/\",\"url\":\"https:\\\/\\\/abilia.eu\\\/envios-internacionales\\\/\",\"name\":\"Envois internationaux | Abilia Cosm\u00e9tique Naturelle\",\"isPartOf\":{\"@id\":\"https:\\\/\\\/abilia.eu\\\/fr\\\/#website\"},\"datePublished\":\"2021-01-09T17:38:20+00:00\",\"dateModified\":\"2021-01-20T18:15:35+00:00\",\"description\":\"A propos des envois internationaux de produits d'Abilia. Pour plus d'informations, envoyez un courriel (contacto@abilia.eu) ou t\u00e9l\u00e9phonez au (+34)683543776.\",\"breadcrumb\":{\"@id\":\"https:\\\/\\\/abilia.eu\\\/envios-internacionales\\\/#breadcrumb\"},\"inLanguage\":\"fr-FR\",\"potentialAction\":[{\"@type\":\"ReadAction\",\"target\":[\"https:\\\/\\\/abilia.eu\\\/envios-internacionales\\\/\"]}]},{\"@type\":\"BreadcrumbList\",\"@id\":\"https:\\\/\\\/abilia.eu\\\/envios-internacionales\\\/#breadcrumb\",\"itemListElement\":[{\"@type\":\"ListItem\",\"position\":1,\"name\":\"Portada\",\"item\":\"https:\\\/\\\/abilia.eu\\\/fr\\\/\"},{\"@type\":\"ListItem\",\"position\":2,\"name\":\"Envois internationaux\"}]},{\"@type\":\"WebSite\",\"@id\":\"https:\\\/\\\/abilia.eu\\\/fr\\\/#website\",\"url\":\"https:\\\/\\\/abilia.eu\\\/fr\\\/\",\"name\":\"Abilia (LAB)\",\"description\":\"Cosm\u00e9tica natural\",\"publisher\":{\"@id\":\"https:\\\/\\\/abilia.eu\\\/fr\\\/#organization\"},\"potentialAction\":[{\"@type\":\"SearchAction\",\"target\":{\"@type\":\"EntryPoint\",\"urlTemplate\":\"https:\\\/\\\/abilia.eu\\\/fr\\\/?s={search_term_string}\"},\"query-input\":{\"@type\":\"PropertyValueSpecification\",\"valueRequired\":true,\"valueName\":\"search_term_string\"}}],\"inLanguage\":\"fr-FR\"},{\"@type\":\"Organization\",\"@id\":\"https:\\\/\\\/abilia.eu\\\/fr\\\/#organization\",\"name\":\"Abilia - Cosm\u00e9tica Natural\",\"url\":\"https:\\\/\\\/abilia.eu\\\/fr\\\/\",\"logo\":{\"@type\":\"ImageObject\",\"inLanguage\":\"fr-FR\",\"@id\":\"https:\\\/\\\/abilia.eu\\\/fr\\\/#\\\/schema\\\/logo\\\/image\\\/\",\"url\":\"https:\\\/\\\/abilia.eu\\\/wp-content\\\/uploads\\\/2020\\\/12\\\/abilia-logo.jpg\",\"contentUrl\":\"https:\\\/\\\/abilia.eu\\\/wp-content\\\/uploads\\\/2020\\\/12\\\/abilia-logo.jpg\",\"width\":300,\"height\":83,\"caption\":\"Abilia - Cosm\u00e9tica Natural\"},\"image\":{\"@id\":\"https:\\\/\\\/abilia.eu\\\/fr\\\/#\\\/schema\\\/logo\\\/image\\\/\"},\"sameAs\":[\"https:\\\/\\\/www.facebook.com\\\/AbiliaCosmeticaNatural\\\/\",\"https:\\\/\\\/www.instagram.com\\\/abilia.cosmetica\\\/\"]}]}<\/script>\n<!-- \/ Yoast SEO plugin. -->","yoast_head_json":{"title":"Envois internationaux | Abilia Cosm\u00e9tique Naturelle","description":"A propos des envois internationaux de produits d'Abilia. Pour plus d'informations, envoyez un courriel (contacto@abilia.eu) ou t\u00e9l\u00e9phonez au (+34)683543776.","robots":{"index":"index","follow":"follow","max-snippet":"max-snippet:-1","max-image-preview":"max-image-preview:large","max-video-preview":"max-video-preview:-1"},"canonical":"https:\/\/abilia.eu\/envios-internacionales\/","og_locale":"fr_FR","og_type":"article","og_title":"Envois internationaux | Abilia Cosm\u00e9tique Naturelle","og_description":"A propos des envois internationaux de produits d'Abilia. Pour plus d'informations, envoyez un courriel (contacto@abilia.eu) ou t\u00e9l\u00e9phonez au (+34)683543776.","og_url":"https:\/\/abilia.eu\/envios-internacionales\/","og_site_name":"Abilia (LAB)","article_publisher":"https:\/\/www.facebook.com\/AbiliaCosmeticaNatural\/","article_modified_time":"2021-01-20T18:15:35+00:00","og_image":[{"width":600,"height":182,"url":"https:\/\/abilia.eu\/wp-content\/uploads\/2021\/01\/abilia-logo-mundo-1.jpg","type":"image\/jpeg"}],"twitter_card":"summary_large_image","twitter_misc":{"Dur\u00e9e de lecture estim\u00e9e":"2 minutes"},"schema":{"@context":"https:\/\/schema.org","@graph":[{"@type":"WebPage","@id":"https:\/\/abilia.eu\/envios-internacionales\/","url":"https:\/\/abilia.eu\/envios-internacionales\/","name":"Envois internationaux | Abilia Cosm\u00e9tique Naturelle","isPartOf":{"@id":"https:\/\/abilia.eu\/fr\/#website"},"datePublished":"2021-01-09T17:38:20+00:00","dateModified":"2021-01-20T18:15:35+00:00","description":"A propos des envois internationaux de produits d'Abilia. Pour plus d'informations, envoyez un courriel (contacto@abilia.eu) ou t\u00e9l\u00e9phonez au (+34)683543776.","breadcrumb":{"@id":"https:\/\/abilia.eu\/envios-internacionales\/#breadcrumb"},"inLanguage":"fr-FR","potentialAction":[{"@type":"ReadAction","target":["https:\/\/abilia.eu\/envios-internacionales\/"]}]},{"@type":"BreadcrumbList","@id":"https:\/\/abilia.eu\/envios-internacionales\/#breadcrumb","itemListElement":[{"@type":"ListItem","position":1,"name":"Portada","item":"https:\/\/abilia.eu\/fr\/"},{"@type":"ListItem","position":2,"name":"Envois internationaux"}]},{"@type":"WebSite","@id":"https:\/\/abilia.eu\/fr\/#website","url":"https:\/\/abilia.eu\/fr\/","name":"Abilia (LAB)","description":"Cosm\u00e9tica natural","publisher":{"@id":"https:\/\/abilia.eu\/fr\/#organization"},"potentialAction":[{"@type":"SearchAction","target":{"@type":"EntryPoint","urlTemplate":"https:\/\/abilia.eu\/fr\/?s={search_term_string}"},"query-input":{"@type":"PropertyValueSpecification","valueRequired":true,"valueName":"search_term_string"}}],"inLanguage":"fr-FR"},{"@type":"Organization","@id":"https:\/\/abilia.eu\/fr\/#organization","name":"Abilia - Cosm\u00e9tica Natural","url":"https:\/\/abilia.eu\/fr\/","logo":{"@type":"ImageObject","inLanguage":"fr-FR","@id":"https:\/\/abilia.eu\/fr\/#\/schema\/logo\/image\/","url":"https:\/\/abilia.eu\/wp-content\/uploads\/2020\/12\/abilia-logo.jpg","contentUrl":"https:\/\/abilia.eu\/wp-content\/uploads\/2020\/12\/abilia-logo.jpg","width":300,"height":83,"caption":"Abilia - Cosm\u00e9tica Natural"},"image":{"@id":"https:\/\/abilia.eu\/fr\/#\/schema\/logo\/image\/"},"sameAs":["https:\/\/www.facebook.com\/AbiliaCosmeticaNatural\/","https:\/\/www.instagram.com\/abilia.cosmetica\/"]}]}},"_links":{"self":[{"href":"https:\/\/abilia.eu\/fr\/wp-json\/wp\/v2\/pages\/3863","targetHints":{"allow":["GET"]}}],"collection":[{"href":"https:\/\/abilia.eu\/fr\/wp-json\/wp\/v2\/pages"}],"about":[{"href":"https:\/\/abilia.eu\/fr\/wp-json\/wp\/v2\/types\/page"}],"author":[{"embeddable":true,"href":"https:\/\/abilia.eu\/fr\/wp-json\/wp\/v2\/users\/1"}],"replies":[{"embeddable":true,"href":"https:\/\/abilia.eu\/fr\/wp-json\/wp\/v2\/comments?post=3863"}],"version-history":[{"count":0,"href":"https:\/\/abilia.eu\/fr\/wp-json\/wp\/v2\/pages\/3863\/revisions"}],"wp:attachment":[{"href":"https:\/\/abilia.eu\/fr\/wp-json\/wp\/v2\/media?parent=3863"}],"curies":[{"name":"wp","href":"https:\/\/api.w.org\/{rel}","templated":true}]}}