{"id":3833,"date":"2021-01-07T20:19:38","date_gmt":"2021-01-07T20:19:38","guid":{"rendered":"https:\/\/lab.abilia.eu\/proyectos-abilia-xpande\/"},"modified":"2021-01-14T16:41:30","modified_gmt":"2021-01-14T16:41:30","slug":"projets","status":"publish","type":"page","link":"https:\/\/abilia.eu\/fr\/projets\/","title":{"rendered":"Projets"},"content":{"rendered":"<div class=\"wpb-content-wrapper\"><p>[vc_row][vc_column][vc_column_text]ABILIA Cosmetica Natural est b\u00e9n\u00e9ficiaire du Fonds europ\u00e9en de d\u00e9veloppement r\u00e9gional (FEDER), dont l&rsquo;objectif est d&rsquo;am\u00e9liorer la comp\u00e9titivit\u00e9 des PME et gr\u00e2ce auquel elle a lanc\u00e9 un plan de marketing num\u00e9rique international dans le but d&rsquo;am\u00e9liorer son positionnement en ligne sur les march\u00e9s \u00e9trangers au cours de l&rsquo;ann\u00e9e 2020. \u00c0 cette fin, elle a \u00e9t\u00e9 soutenue par le programme XPANDE DIGITAL de la Chambre de commerce de Barcelone[\/vc_column_text][vc_row_inner][vc_column_inner width=\u00a0\u00bb1\/4&Prime;][\/vc_column_inner][vc_column_inner width=\u00a0\u00bb1\/2&Prime;][vc_single_image image=\u00a0\u00bb3313&Prime; img_size=\u00a0\u00bbfull\u00a0\u00bb][\/vc_column_inner][vc_column_inner width=\u00a0\u00bb1\/4&Prime;][\/vc_column_inner][\/vc_row_inner][\/vc_column][\/vc_row]<\/p>\n<\/div>","protected":false},"excerpt":{"rendered":"<p>[vc_row][vc_column][vc_column_text]ABILIA Cosmetica Natural est b\u00e9n\u00e9ficiaire du Fonds europ\u00e9en de d\u00e9veloppement r\u00e9gional (FEDER), dont l&rsquo;objectif est d&rsquo;am\u00e9liorer la comp\u00e9titivit\u00e9 des PME et gr\u00e2ce auquel elle a lanc\u00e9 un plan de marketing num\u00e9rique international dans le but d&rsquo;am\u00e9liorer son positionnement en ligne sur les march\u00e9s \u00e9trangers au cours de l&rsquo;ann\u00e9e 2020. \u00c0 cette fin, elle a \u00e9t\u00e9 [&hellip;]<\/p>\n","protected":false},"author":1,"featured_media":0,"parent":0,"menu_order":0,"comment_status":"closed","ping_status":"closed","template":"page-boxed.php","meta":{"inline_featured_image":false,"footnotes":""},"class_list":["post-3833","page","type-page","status-publish","hentry"],"yoast_head":"<!-- This site is optimized with the Yoast SEO plugin v27.3 - https:\/\/yoast.com\/product\/yoast-seo-wordpress\/ -->\n<title>Projets | Abilia Cosm\u00e9tique Naturelle<\/title>\n<meta name=\"description\" content=\"Projets: \u00c0 propos de la participation d&#039;Abilia au programme XPANDE DIGITAL de la Chambre de commerce de Barcelone.\" \/>\n<meta name=\"robots\" content=\"index, follow, max-snippet:-1, max-image-preview:large, max-video-preview:-1\" \/>\n<link rel=\"canonical\" href=\"https:\/\/abilia.eu\/fr\/projets\/\" \/>\n<meta property=\"og:locale\" content=\"fr_FR\" \/>\n<meta property=\"og:type\" content=\"article\" \/>\n<meta property=\"og:title\" content=\"Projets | Abilia Cosm\u00e9tique Naturelle\" \/>\n<meta property=\"og:description\" content=\"Projets: \u00c0 propos de la participation d&#039;Abilia au programme XPANDE DIGITAL de la Chambre de commerce de Barcelone.\" \/>\n<meta property=\"og:url\" content=\"https:\/\/abilia.eu\/fr\/projets\/\" \/>\n<meta property=\"og:site_name\" content=\"Abilia (LAB)\" \/>\n<meta property=\"article:publisher\" content=\"https:\/\/www.facebook.com\/AbiliaCosmeticaNatural\/\" \/>\n<meta property=\"article:modified_time\" content=\"2021-01-14T16:41:30+00:00\" \/>\n<meta property=\"og:image\" content=\"https:\/\/abilia.eu\/wp-content\/uploads\/2021\/01\/abilia-logo-mundo-1.jpg\" \/>\n\t<meta property=\"og:image:width\" content=\"600\" \/>\n\t<meta property=\"og:image:height\" content=\"182\" \/>\n\t<meta property=\"og:image:type\" content=\"image\/jpeg\" \/>\n<meta name=\"twitter:card\" content=\"summary_large_image\" \/>\n<meta name=\"twitter:label1\" content=\"Dur\u00e9e de lecture estim\u00e9e\" \/>\n\t<meta name=\"twitter:data1\" content=\"1 minute\" \/>\n<script type=\"application\/ld+json\" class=\"yoast-schema-graph\">{\"@context\":\"https:\\\/\\\/schema.org\",\"@graph\":[{\"@type\":\"WebPage\",\"@id\":\"https:\\\/\\\/abilia.eu\\\/fr\\\/projets\\\/\",\"url\":\"https:\\\/\\\/abilia.eu\\\/fr\\\/projets\\\/\",\"name\":\"Projets | Abilia Cosm\u00e9tique Naturelle\",\"isPartOf\":{\"@id\":\"https:\\\/\\\/abilia.eu\\\/fr\\\/#website\"},\"datePublished\":\"2021-01-07T20:19:38+00:00\",\"dateModified\":\"2021-01-14T16:41:30+00:00\",\"description\":\"Projets: \u00c0 propos de la participation d'Abilia au programme XPANDE DIGITAL de la Chambre de commerce de Barcelone.\",\"breadcrumb\":{\"@id\":\"https:\\\/\\\/abilia.eu\\\/fr\\\/projets\\\/#breadcrumb\"},\"inLanguage\":\"fr-FR\",\"potentialAction\":[{\"@type\":\"ReadAction\",\"target\":[\"https:\\\/\\\/abilia.eu\\\/fr\\\/projets\\\/\"]}]},{\"@type\":\"BreadcrumbList\",\"@id\":\"https:\\\/\\\/abilia.eu\\\/fr\\\/projets\\\/#breadcrumb\",\"itemListElement\":[{\"@type\":\"ListItem\",\"position\":1,\"name\":\"Portada\",\"item\":\"https:\\\/\\\/abilia.eu\\\/fr\\\/\"},{\"@type\":\"ListItem\",\"position\":2,\"name\":\"Projets\"}]},{\"@type\":\"WebSite\",\"@id\":\"https:\\\/\\\/abilia.eu\\\/fr\\\/#website\",\"url\":\"https:\\\/\\\/abilia.eu\\\/fr\\\/\",\"name\":\"Abilia (LAB)\",\"description\":\"Cosm\u00e9tica natural\",\"publisher\":{\"@id\":\"https:\\\/\\\/abilia.eu\\\/fr\\\/#organization\"},\"potentialAction\":[{\"@type\":\"SearchAction\",\"target\":{\"@type\":\"EntryPoint\",\"urlTemplate\":\"https:\\\/\\\/abilia.eu\\\/fr\\\/?s={search_term_string}\"},\"query-input\":{\"@type\":\"PropertyValueSpecification\",\"valueRequired\":true,\"valueName\":\"search_term_string\"}}],\"inLanguage\":\"fr-FR\"},{\"@type\":\"Organization\",\"@id\":\"https:\\\/\\\/abilia.eu\\\/fr\\\/#organization\",\"name\":\"Abilia - Cosm\u00e9tica Natural\",\"url\":\"https:\\\/\\\/abilia.eu\\\/fr\\\/\",\"logo\":{\"@type\":\"ImageObject\",\"inLanguage\":\"fr-FR\",\"@id\":\"https:\\\/\\\/abilia.eu\\\/fr\\\/#\\\/schema\\\/logo\\\/image\\\/\",\"url\":\"https:\\\/\\\/abilia.eu\\\/wp-content\\\/uploads\\\/2020\\\/12\\\/abilia-logo.jpg\",\"contentUrl\":\"https:\\\/\\\/abilia.eu\\\/wp-content\\\/uploads\\\/2020\\\/12\\\/abilia-logo.jpg\",\"width\":300,\"height\":83,\"caption\":\"Abilia - Cosm\u00e9tica Natural\"},\"image\":{\"@id\":\"https:\\\/\\\/abilia.eu\\\/fr\\\/#\\\/schema\\\/logo\\\/image\\\/\"},\"sameAs\":[\"https:\\\/\\\/www.facebook.com\\\/AbiliaCosmeticaNatural\\\/\",\"https:\\\/\\\/www.instagram.com\\\/abilia.cosmetica\\\/\"]}]}<\/script>\n<!-- \/ Yoast SEO plugin. -->","yoast_head_json":{"title":"Projets | Abilia Cosm\u00e9tique Naturelle","description":"Projets: \u00c0 propos de la participation d'Abilia au programme XPANDE DIGITAL de la Chambre de commerce de Barcelone.","robots":{"index":"index","follow":"follow","max-snippet":"max-snippet:-1","max-image-preview":"max-image-preview:large","max-video-preview":"max-video-preview:-1"},"canonical":"https:\/\/abilia.eu\/fr\/projets\/","og_locale":"fr_FR","og_type":"article","og_title":"Projets | Abilia Cosm\u00e9tique Naturelle","og_description":"Projets: \u00c0 propos de la participation d'Abilia au programme XPANDE DIGITAL de la Chambre de commerce de Barcelone.","og_url":"https:\/\/abilia.eu\/fr\/projets\/","og_site_name":"Abilia (LAB)","article_publisher":"https:\/\/www.facebook.com\/AbiliaCosmeticaNatural\/","article_modified_time":"2021-01-14T16:41:30+00:00","og_image":[{"width":600,"height":182,"url":"https:\/\/abilia.eu\/wp-content\/uploads\/2021\/01\/abilia-logo-mundo-1.jpg","type":"image\/jpeg"}],"twitter_card":"summary_large_image","twitter_misc":{"Dur\u00e9e de lecture estim\u00e9e":"1 minute"},"schema":{"@context":"https:\/\/schema.org","@graph":[{"@type":"WebPage","@id":"https:\/\/abilia.eu\/fr\/projets\/","url":"https:\/\/abilia.eu\/fr\/projets\/","name":"Projets | Abilia Cosm\u00e9tique Naturelle","isPartOf":{"@id":"https:\/\/abilia.eu\/fr\/#website"},"datePublished":"2021-01-07T20:19:38+00:00","dateModified":"2021-01-14T16:41:30+00:00","description":"Projets: \u00c0 propos de la participation d'Abilia au programme XPANDE DIGITAL de la Chambre de commerce de Barcelone.","breadcrumb":{"@id":"https:\/\/abilia.eu\/fr\/projets\/#breadcrumb"},"inLanguage":"fr-FR","potentialAction":[{"@type":"ReadAction","target":["https:\/\/abilia.eu\/fr\/projets\/"]}]},{"@type":"BreadcrumbList","@id":"https:\/\/abilia.eu\/fr\/projets\/#breadcrumb","itemListElement":[{"@type":"ListItem","position":1,"name":"Portada","item":"https:\/\/abilia.eu\/fr\/"},{"@type":"ListItem","position":2,"name":"Projets"}]},{"@type":"WebSite","@id":"https:\/\/abilia.eu\/fr\/#website","url":"https:\/\/abilia.eu\/fr\/","name":"Abilia (LAB)","description":"Cosm\u00e9tica natural","publisher":{"@id":"https:\/\/abilia.eu\/fr\/#organization"},"potentialAction":[{"@type":"SearchAction","target":{"@type":"EntryPoint","urlTemplate":"https:\/\/abilia.eu\/fr\/?s={search_term_string}"},"query-input":{"@type":"PropertyValueSpecification","valueRequired":true,"valueName":"search_term_string"}}],"inLanguage":"fr-FR"},{"@type":"Organization","@id":"https:\/\/abilia.eu\/fr\/#organization","name":"Abilia - Cosm\u00e9tica Natural","url":"https:\/\/abilia.eu\/fr\/","logo":{"@type":"ImageObject","inLanguage":"fr-FR","@id":"https:\/\/abilia.eu\/fr\/#\/schema\/logo\/image\/","url":"https:\/\/abilia.eu\/wp-content\/uploads\/2020\/12\/abilia-logo.jpg","contentUrl":"https:\/\/abilia.eu\/wp-content\/uploads\/2020\/12\/abilia-logo.jpg","width":300,"height":83,"caption":"Abilia - Cosm\u00e9tica Natural"},"image":{"@id":"https:\/\/abilia.eu\/fr\/#\/schema\/logo\/image\/"},"sameAs":["https:\/\/www.facebook.com\/AbiliaCosmeticaNatural\/","https:\/\/www.instagram.com\/abilia.cosmetica\/"]}]}},"_links":{"self":[{"href":"https:\/\/abilia.eu\/fr\/wp-json\/wp\/v2\/pages\/3833","targetHints":{"allow":["GET"]}}],"collection":[{"href":"https:\/\/abilia.eu\/fr\/wp-json\/wp\/v2\/pages"}],"about":[{"href":"https:\/\/abilia.eu\/fr\/wp-json\/wp\/v2\/types\/page"}],"author":[{"embeddable":true,"href":"https:\/\/abilia.eu\/fr\/wp-json\/wp\/v2\/users\/1"}],"replies":[{"embeddable":true,"href":"https:\/\/abilia.eu\/fr\/wp-json\/wp\/v2\/comments?post=3833"}],"version-history":[{"count":0,"href":"https:\/\/abilia.eu\/fr\/wp-json\/wp\/v2\/pages\/3833\/revisions"}],"wp:attachment":[{"href":"https:\/\/abilia.eu\/fr\/wp-json\/wp\/v2\/media?parent=3833"}],"curies":[{"name":"wp","href":"https:\/\/api.w.org\/{rel}","templated":true}]}}