{"id":3573,"date":"2017-01-11T00:22:22","date_gmt":"2017-01-11T00:22:22","guid":{"rendered":"https:\/\/lab.abilia.eu\/ingredientes\/"},"modified":"2022-05-17T08:52:29","modified_gmt":"2022-05-17T08:52:29","slug":"ingredientes-cosmetica-natural","status":"publish","type":"page","link":"https:\/\/abilia.eu\/fr\/ingredientes-cosmetica-natural\/","title":{"rendered":"Ingredientes"},"content":{"rendered":"<div class=\"wpb-content-wrapper\"><p>[vc_row][vc_column]\n    \n\t\t<div class=\"portfolio-isotope-container default_grid items_per_row_5\">\n\n\t        \t        \t        \n\t        <div class=\"portfolio-isotope\">\n\n\t            <div class=\"portfolio-grid-sizer\"><\/div>\n\n\t                \n\t                    <div class=\"portfolio-box hidden   ingredientes-vegetales \">\n\n\t                        <a href=\"https:\/\/abilia.eu\/fr\/ingredientes\/aloe-vera-aloe-barbadensis\/\" class=\"portfolio-box-inner hover-effect-link\" style=\"background-color:none\">\n\n\t                            <div class=\"portfolio-content-wrapper hover-effect-content\">\n\n\t                                \t                                    <span class=\"portfolio-thumb hover-effect-thumb\" style=\"background-image: url(https:\/\/abilia.eu\/wp-content\/uploads\/2021\/07\/aloe-vera-barbadiensis-abilia.png)\"><\/span>\n\t                                \n\t                                <h2 class=\"portfolio-title hover-effect-title\">Aloe Vera (Aloe Barbadensis)<\/h2>\n\n\t                                <p class=\"portfolio-categories hover-effect-text\">Ingredientes vegetales<\/p>\n\n\t                            <\/div>\n\n\t                        <\/a>\n\n\t                    <\/div>\n\n\t                \n\t                    <div class=\"portfolio-box hidden   ingredientes-vegetales \">\n\n\t                        <a href=\"https:\/\/abilia.eu\/fr\/ingredientes\/calendula-calendula-officinalis\/\" class=\"portfolio-box-inner hover-effect-link\" style=\"background-color:none\">\n\n\t                            <div class=\"portfolio-content-wrapper hover-effect-content\">\n\n\t                                \t                                    <span class=\"portfolio-thumb hover-effect-thumb\" style=\"background-image: url(https:\/\/abilia.eu\/wp-content\/uploads\/2016\/02\/calendula-ingredientes-abilia-1024x576.jpg)\"><\/span>\n\t                                \n\t                                <h2 class=\"portfolio-title hover-effect-title\">Cal\u00e9ndula (Cal\u00e9ndula Officinalis)<\/h2>\n\n\t                                <p class=\"portfolio-categories hover-effect-text\">Ingredientes vegetales<\/p>\n\n\t                            <\/div>\n\n\t                        <\/a>\n\n\t                    <\/div>\n\n\t                \n\t                    <div class=\"portfolio-box hidden   ingredientes-vegetales \">\n\n\t                        <a href=\"https:\/\/abilia.eu\/fr\/ingredientes\/consoude-symphytum-officinale\/\" class=\"portfolio-box-inner hover-effect-link\" style=\"background-color:none\">\n\n\t                            <div class=\"portfolio-content-wrapper hover-effect-content\">\n\n\t                                \t                                    <span class=\"portfolio-thumb hover-effect-thumb\" style=\"background-image: url(https:\/\/abilia.eu\/wp-content\/uploads\/2016\/03\/consuelda-ingredientes-abilia-1200x675.jpg)\"><\/span>\n\t                                \n\t                                <h2 class=\"portfolio-title hover-effect-title\">Consoude (Symphytum officinale)<\/h2>\n\n\t                                <p class=\"portfolio-categories hover-effect-text\">Ingredientes vegetales<\/p>\n\n\t                            <\/div>\n\n\t                        <\/a>\n\n\t                    <\/div>\n\n\t                \n\t                    <div class=\"portfolio-box hidden   ingredientes-vegetales \">\n\n\t                        <a href=\"https:\/\/abilia.eu\/fr\/ingredientes\/eglantier-rosa-moschata\/\" class=\"portfolio-box-inner hover-effect-link\" style=\"background-color:none\">\n\n\t                            <div class=\"portfolio-content-wrapper hover-effect-content\">\n\n\t                                \t                                    <span class=\"portfolio-thumb hover-effect-thumb\" style=\"background-image: url(https:\/\/abilia.eu\/wp-content\/uploads\/2016\/03\/rosa-mosqueta-ingredientes-abilia-1200x675.jpg)\"><\/span>\n\t                                \n\t                                <h2 class=\"portfolio-title hover-effect-title\">Eglantier (Rosa Moschata)<\/h2>\n\n\t                                <p class=\"portfolio-categories hover-effect-text\">Ingredientes vegetales<\/p>\n\n\t                            <\/div>\n\n\t                        <\/a>\n\n\t                    <\/div>\n\n\t                \n\t                    <div class=\"portfolio-box hidden   ingredientes-vegetales \">\n\n\t                        <a href=\"https:\/\/abilia.eu\/fr\/ingredientes\/geranium-pelargonium-graveolens\/\" class=\"portfolio-box-inner hover-effect-link\" style=\"background-color:none\">\n\n\t                            <div class=\"portfolio-content-wrapper hover-effect-content\">\n\n\t                                \t                                    <span class=\"portfolio-thumb hover-effect-thumb\" style=\"background-image: url(https:\/\/abilia.eu\/wp-content\/uploads\/2017\/12\/geranio-ingredientes-abilia-1200x675.jpg)\"><\/span>\n\t                                \n\t                                <h2 class=\"portfolio-title hover-effect-title\">G\u00e9ranium (Pelargonium Graveolens)<\/h2>\n\n\t                                <p class=\"portfolio-categories hover-effect-text\">Ingredientes vegetales<\/p>\n\n\t                            <\/div>\n\n\t                        <\/a>\n\n\t                    <\/div>\n\n\t                \n\t                    <div class=\"portfolio-box hidden   ingredientes-vegetales \">\n\n\t                        <a href=\"https:\/\/abilia.eu\/fr\/ingredientes\/grenade-punica-granatum\/\" class=\"portfolio-box-inner hover-effect-link\" style=\"background-color:none\">\n\n\t                            <div class=\"portfolio-content-wrapper hover-effect-content\">\n\n\t                                \t                                    <span class=\"portfolio-thumb hover-effect-thumb\" style=\"background-image: url(https:\/\/abilia.eu\/wp-content\/uploads\/2018\/02\/granada-ingredientes-abilia-1200x675.jpg)\"><\/span>\n\t                                \n\t                                <h2 class=\"portfolio-title hover-effect-title\">Grenade (Punica Granatum)<\/h2>\n\n\t                                <p class=\"portfolio-categories hover-effect-text\">Ingredientes vegetales<\/p>\n\n\t                            <\/div>\n\n\t                        <\/a>\n\n\t                    <\/div>\n\n\t                \n\t                    <div class=\"portfolio-box hidden   ingredientes-vegetales \">\n\n\t                        <a href=\"https:\/\/abilia.eu\/fr\/ingredientes\/jojoba-simmondsia-chinensis\/\" class=\"portfolio-box-inner hover-effect-link\" style=\"background-color:none\">\n\n\t                            <div class=\"portfolio-content-wrapper hover-effect-content\">\n\n\t                                \t                                    <span class=\"portfolio-thumb hover-effect-thumb\" style=\"background-image: url(https:\/\/abilia.eu\/wp-content\/uploads\/2018\/02\/jojoba-ingredientes-abilia-1200x675.jpg)\"><\/span>\n\t                                \n\t                                <h2 class=\"portfolio-title hover-effect-title\">Jojoba (Simmondsia Chinensis)<\/h2>\n\n\t                                <p class=\"portfolio-categories hover-effect-text\">Ingredientes vegetales<\/p>\n\n\t                            <\/div>\n\n\t                        <\/a>\n\n\t                    <\/div>\n\n\t                \n\t                    <div class=\"portfolio-box hidden   ingredientes-vegetales \">\n\n\t                        <a href=\"https:\/\/abilia.eu\/fr\/ingredientes\/karite-butyrospermum-parkii\/\" class=\"portfolio-box-inner hover-effect-link\" style=\"background-color:none\">\n\n\t                            <div class=\"portfolio-content-wrapper hover-effect-content\">\n\n\t                                \t                                    <span class=\"portfolio-thumb hover-effect-thumb\" style=\"background-image: url(https:\/\/abilia.eu\/wp-content\/uploads\/2020\/09\/karite-ingredientes-abilia-1200x675.jpg)\"><\/span>\n\t                                \n\t                                <h2 class=\"portfolio-title hover-effect-title\">Karit\u00e9 (Butyrospermum parkii)<\/h2>\n\n\t                                <p class=\"portfolio-categories hover-effect-text\">Ingredientes vegetales<\/p>\n\n\t                            <\/div>\n\n\t                        <\/a>\n\n\t                    <\/div>\n\n\t                \n\t                    <div class=\"portfolio-box hidden   ingredientes-vegetales \">\n\n\t                        <a href=\"https:\/\/abilia.eu\/fr\/ingredientes\/lavande-lavandula-angustifolia\/\" class=\"portfolio-box-inner hover-effect-link\" style=\"background-color:none\">\n\n\t                            <div class=\"portfolio-content-wrapper hover-effect-content\">\n\n\t                                \t                                    <span class=\"portfolio-thumb hover-effect-thumb\" style=\"background-image: url(https:\/\/abilia.eu\/wp-content\/uploads\/2016\/03\/lavanda-ingredientes-abilia-1200x675.jpg)\"><\/span>\n\t                                \n\t                                <h2 class=\"portfolio-title hover-effect-title\">Lavande (Lavandula Angustifolia)<\/h2>\n\n\t                                <p class=\"portfolio-categories hover-effect-text\">Ingredientes vegetales<\/p>\n\n\t                            <\/div>\n\n\t                        <\/a>\n\n\t                    <\/div>\n\n\t                \n\t                    <div class=\"portfolio-box hidden   ingredientes-vegetales \">\n\n\t                        <a href=\"https:\/\/abilia.eu\/fr\/ingredientes\/perle-de-nacre\/\" class=\"portfolio-box-inner hover-effect-link\" style=\"background-color:none\">\n\n\t                            <div class=\"portfolio-content-wrapper hover-effect-content\">\n\n\t                                \t                                    <span class=\"portfolio-thumb hover-effect-thumb\" style=\"background-image: url(https:\/\/abilia.eu\/wp-content\/uploads\/2016\/03\/perla-de-nacar-ingredientes-abilia-1200x675.jpg)\"><\/span>\n\t                                \n\t                                <h2 class=\"portfolio-title hover-effect-title\">Perle de Nacre<\/h2>\n\n\t                                <p class=\"portfolio-categories hover-effect-text\">Ingredientes vegetales<\/p>\n\n\t                            <\/div>\n\n\t                        <\/a>\n\n\t                    <\/div>\n\n\t                \n\t                    <div class=\"portfolio-box hidden   ingredientes-vegetales \">\n\n\t                        <a href=\"https:\/\/abilia.eu\/fr\/ingredientes\/romarin-rosmarinus-officinalis\/\" class=\"portfolio-box-inner hover-effect-link\" style=\"background-color:none\">\n\n\t                            <div class=\"portfolio-content-wrapper hover-effect-content\">\n\n\t                                \t                                    <span class=\"portfolio-thumb hover-effect-thumb\" style=\"background-image: url(https:\/\/abilia.eu\/wp-content\/uploads\/2016\/03\/romero-ingredientes-abilia-1200x675.jpg)\"><\/span>\n\t                                \n\t                                <h2 class=\"portfolio-title hover-effect-title\">Romarin (Rosmarinus Officinalis)<\/h2>\n\n\t                                <p class=\"portfolio-categories hover-effect-text\">Ingredientes vegetales<\/p>\n\n\t                            <\/div>\n\n\t                        <\/a>\n\n\t                    <\/div>\n\n\t                \n\t                    <div class=\"portfolio-box hidden   ingredientes-vegetales \">\n\n\t                        <a href=\"https:\/\/abilia.eu\/fr\/ingredientes\/rue-angustifolia\/\" class=\"portfolio-box-inner hover-effect-link\" style=\"background-color:none\">\n\n\t                            <div class=\"portfolio-content-wrapper hover-effect-content\">\n\n\t                                \t                                    <span class=\"portfolio-thumb hover-effect-thumb\" style=\"background-image: url(https:\/\/abilia.eu\/wp-content\/uploads\/2016\/03\/ruda-ingredientes-abilia-1200x675.jpg)\"><\/span>\n\t                                \n\t                                <h2 class=\"portfolio-title hover-effect-title\">Rue des jardins (Ruda Angustifolia)<\/h2>\n\n\t                                <p class=\"portfolio-categories hover-effect-text\">Ingredientes vegetales<\/p>\n\n\t                            <\/div>\n\n\t                        <\/a>\n\n\t                    <\/div>\n\n\t                \n\t                    <div class=\"portfolio-box hidden   ingredientes-vegetales \">\n\n\t                        <a href=\"https:\/\/abilia.eu\/fr\/ingredientes\/sesame-sesamun-indicum\/\" class=\"portfolio-box-inner hover-effect-link\" style=\"background-color:none\">\n\n\t                            <div class=\"portfolio-content-wrapper hover-effect-content\">\n\n\t                                \t                                    <span class=\"portfolio-thumb hover-effect-thumb\" style=\"background-image: url(https:\/\/abilia.eu\/wp-content\/uploads\/2016\/03\/sesamo-ingredientes-abilia-1200x675.jpg)\"><\/span>\n\t                                \n\t                                <h2 class=\"portfolio-title hover-effect-title\">S\u00e9same (Sesamun Indicum)<\/h2>\n\n\t                                <p class=\"portfolio-categories hover-effect-text\">Ingredientes vegetales<\/p>\n\n\t                            <\/div>\n\n\t                        <\/a>\n\n\t                    <\/div>\n\n\t                \n\t                    <div class=\"portfolio-box hidden   ingredientes-vegetales \">\n\n\t                        <a href=\"https:\/\/abilia.eu\/fr\/ingredientes\/thym-thymus-vulgaris\/\" class=\"portfolio-box-inner hover-effect-link\" style=\"background-color:none\">\n\n\t                            <div class=\"portfolio-content-wrapper hover-effect-content\">\n\n\t                                \t                                    <span class=\"portfolio-thumb hover-effect-thumb\" style=\"background-image: url(https:\/\/abilia.eu\/wp-content\/uploads\/2016\/03\/tomillo-ingredientes-abilia-1200x675.jpg)\"><\/span>\n\t                                \n\t                                <h2 class=\"portfolio-title hover-effect-title\">Thym (Thymus Vulgaris)<\/h2>\n\n\t                                <p class=\"portfolio-categories hover-effect-text\">Ingredientes vegetales<\/p>\n\n\t                            <\/div>\n\n\t                        <\/a>\n\n\t                    <\/div>\n\n\t                \n\t        <\/div><!--portfolio-isotope-->\n\n\t    <\/div><!--portfolio-isotope-container-->\n\n\t[\/vc_column][\/vc_row]<\/p>\n<\/div>","protected":false},"excerpt":{"rendered":"<p>[vc_row][vc_column][\/vc_column][\/vc_row]<\/p>\n","protected":false},"author":1,"featured_media":0,"parent":0,"menu_order":0,"comment_status":"closed","ping_status":"closed","template":"","meta":{"inline_featured_image":false,"footnotes":""},"class_list":["post-3573","page","type-page","status-publish","hentry"],"yoast_head":"<!-- This site is optimized with the Yoast SEO plugin v27.3 - https:\/\/yoast.com\/product\/yoast-seo-wordpress\/ -->\n<title>Ingredientes cosm\u00e9tica natural | Abilia Cosm\u00e9tica Natural<\/title>\n<meta name=\"description\" content=\"Aqu\u00ed puedes encontrar todos los ingredientes cosm\u00e9tica natural y ecol\u00f3gica que usamos en los productos Abilia. y su sabidur\u00eda tradicional.\" \/>\n<meta name=\"robots\" content=\"index, follow, max-snippet:-1, max-image-preview:large, max-video-preview:-1\" \/>\n<link rel=\"canonical\" href=\"https:\/\/abilia.eu\/ingredientes-cosmetica-natural\/\" \/>\n<meta property=\"og:locale\" content=\"fr_FR\" \/>\n<meta property=\"og:type\" content=\"article\" \/>\n<meta property=\"og:title\" content=\"Ingredientes cosm\u00e9tica natural | Abilia Cosm\u00e9tica Natural\" \/>\n<meta property=\"og:description\" content=\"Aqu\u00ed puedes encontrar todos los ingredientes cosm\u00e9tica natural y ecol\u00f3gica que usamos en los productos Abilia. y su sabidur\u00eda tradicional.\" \/>\n<meta property=\"og:url\" content=\"https:\/\/abilia.eu\/ingredientes-cosmetica-natural\/\" \/>\n<meta property=\"og:site_name\" content=\"Abilia (LAB)\" \/>\n<meta property=\"article:publisher\" content=\"https:\/\/www.facebook.com\/AbiliaCosmeticaNatural\/\" \/>\n<meta property=\"article:modified_time\" content=\"2022-05-17T08:52:29+00:00\" \/>\n<meta property=\"og:image\" content=\"https:\/\/abilia.eu\/wp-content\/uploads\/2021\/01\/abilia-logo-mundo-1.jpg\" \/>\n\t<meta property=\"og:image:width\" content=\"600\" \/>\n\t<meta property=\"og:image:height\" content=\"182\" \/>\n\t<meta property=\"og:image:type\" content=\"image\/jpeg\" \/>\n<meta name=\"twitter:card\" content=\"summary_large_image\" \/>\n<script type=\"application\/ld+json\" class=\"yoast-schema-graph\">{\"@context\":\"https:\\\/\\\/schema.org\",\"@graph\":[{\"@type\":\"WebPage\",\"@id\":\"https:\\\/\\\/abilia.eu\\\/ingredientes-cosmetica-natural\\\/\",\"url\":\"https:\\\/\\\/abilia.eu\\\/ingredientes-cosmetica-natural\\\/\",\"name\":\"Ingredientes cosm\u00e9tica natural | Abilia Cosm\u00e9tica Natural\",\"isPartOf\":{\"@id\":\"https:\\\/\\\/abilia.eu\\\/fr\\\/#website\"},\"datePublished\":\"2017-01-11T00:22:22+00:00\",\"dateModified\":\"2022-05-17T08:52:29+00:00\",\"description\":\"Aqu\u00ed puedes encontrar todos los ingredientes cosm\u00e9tica natural y ecol\u00f3gica que usamos en los productos Abilia. y su sabidur\u00eda tradicional.\",\"breadcrumb\":{\"@id\":\"https:\\\/\\\/abilia.eu\\\/ingredientes-cosmetica-natural\\\/#breadcrumb\"},\"inLanguage\":\"fr-FR\",\"potentialAction\":[{\"@type\":\"ReadAction\",\"target\":[\"https:\\\/\\\/abilia.eu\\\/ingredientes-cosmetica-natural\\\/\"]}]},{\"@type\":\"BreadcrumbList\",\"@id\":\"https:\\\/\\\/abilia.eu\\\/ingredientes-cosmetica-natural\\\/#breadcrumb\",\"itemListElement\":[{\"@type\":\"ListItem\",\"position\":1,\"name\":\"Portada\",\"item\":\"https:\\\/\\\/abilia.eu\\\/fr\\\/\"},{\"@type\":\"ListItem\",\"position\":2,\"name\":\"Ingredientes\"}]},{\"@type\":\"WebSite\",\"@id\":\"https:\\\/\\\/abilia.eu\\\/fr\\\/#website\",\"url\":\"https:\\\/\\\/abilia.eu\\\/fr\\\/\",\"name\":\"Abilia (LAB)\",\"description\":\"Cosm\u00e9tica natural\",\"publisher\":{\"@id\":\"https:\\\/\\\/abilia.eu\\\/fr\\\/#organization\"},\"potentialAction\":[{\"@type\":\"SearchAction\",\"target\":{\"@type\":\"EntryPoint\",\"urlTemplate\":\"https:\\\/\\\/abilia.eu\\\/fr\\\/?s={search_term_string}\"},\"query-input\":{\"@type\":\"PropertyValueSpecification\",\"valueRequired\":true,\"valueName\":\"search_term_string\"}}],\"inLanguage\":\"fr-FR\"},{\"@type\":\"Organization\",\"@id\":\"https:\\\/\\\/abilia.eu\\\/fr\\\/#organization\",\"name\":\"Abilia - Cosm\u00e9tica Natural\",\"url\":\"https:\\\/\\\/abilia.eu\\\/fr\\\/\",\"logo\":{\"@type\":\"ImageObject\",\"inLanguage\":\"fr-FR\",\"@id\":\"https:\\\/\\\/abilia.eu\\\/fr\\\/#\\\/schema\\\/logo\\\/image\\\/\",\"url\":\"https:\\\/\\\/abilia.eu\\\/wp-content\\\/uploads\\\/2020\\\/12\\\/abilia-logo.jpg\",\"contentUrl\":\"https:\\\/\\\/abilia.eu\\\/wp-content\\\/uploads\\\/2020\\\/12\\\/abilia-logo.jpg\",\"width\":300,\"height\":83,\"caption\":\"Abilia - Cosm\u00e9tica Natural\"},\"image\":{\"@id\":\"https:\\\/\\\/abilia.eu\\\/fr\\\/#\\\/schema\\\/logo\\\/image\\\/\"},\"sameAs\":[\"https:\\\/\\\/www.facebook.com\\\/AbiliaCosmeticaNatural\\\/\",\"https:\\\/\\\/www.instagram.com\\\/abilia.cosmetica\\\/\"]}]}<\/script>\n<!-- \/ Yoast SEO plugin. -->","yoast_head_json":{"title":"Ingredientes cosm\u00e9tica natural | Abilia Cosm\u00e9tica Natural","description":"Aqu\u00ed puedes encontrar todos los ingredientes cosm\u00e9tica natural y ecol\u00f3gica que usamos en los productos Abilia. y su sabidur\u00eda tradicional.","robots":{"index":"index","follow":"follow","max-snippet":"max-snippet:-1","max-image-preview":"max-image-preview:large","max-video-preview":"max-video-preview:-1"},"canonical":"https:\/\/abilia.eu\/ingredientes-cosmetica-natural\/","og_locale":"fr_FR","og_type":"article","og_title":"Ingredientes cosm\u00e9tica natural | Abilia Cosm\u00e9tica Natural","og_description":"Aqu\u00ed puedes encontrar todos los ingredientes cosm\u00e9tica natural y ecol\u00f3gica que usamos en los productos Abilia. y su sabidur\u00eda tradicional.","og_url":"https:\/\/abilia.eu\/ingredientes-cosmetica-natural\/","og_site_name":"Abilia (LAB)","article_publisher":"https:\/\/www.facebook.com\/AbiliaCosmeticaNatural\/","article_modified_time":"2022-05-17T08:52:29+00:00","og_image":[{"width":600,"height":182,"url":"https:\/\/abilia.eu\/wp-content\/uploads\/2021\/01\/abilia-logo-mundo-1.jpg","type":"image\/jpeg"}],"twitter_card":"summary_large_image","schema":{"@context":"https:\/\/schema.org","@graph":[{"@type":"WebPage","@id":"https:\/\/abilia.eu\/ingredientes-cosmetica-natural\/","url":"https:\/\/abilia.eu\/ingredientes-cosmetica-natural\/","name":"Ingredientes cosm\u00e9tica natural | Abilia Cosm\u00e9tica Natural","isPartOf":{"@id":"https:\/\/abilia.eu\/fr\/#website"},"datePublished":"2017-01-11T00:22:22+00:00","dateModified":"2022-05-17T08:52:29+00:00","description":"Aqu\u00ed puedes encontrar todos los ingredientes cosm\u00e9tica natural y ecol\u00f3gica que usamos en los productos Abilia. y su sabidur\u00eda tradicional.","breadcrumb":{"@id":"https:\/\/abilia.eu\/ingredientes-cosmetica-natural\/#breadcrumb"},"inLanguage":"fr-FR","potentialAction":[{"@type":"ReadAction","target":["https:\/\/abilia.eu\/ingredientes-cosmetica-natural\/"]}]},{"@type":"BreadcrumbList","@id":"https:\/\/abilia.eu\/ingredientes-cosmetica-natural\/#breadcrumb","itemListElement":[{"@type":"ListItem","position":1,"name":"Portada","item":"https:\/\/abilia.eu\/fr\/"},{"@type":"ListItem","position":2,"name":"Ingredientes"}]},{"@type":"WebSite","@id":"https:\/\/abilia.eu\/fr\/#website","url":"https:\/\/abilia.eu\/fr\/","name":"Abilia (LAB)","description":"Cosm\u00e9tica natural","publisher":{"@id":"https:\/\/abilia.eu\/fr\/#organization"},"potentialAction":[{"@type":"SearchAction","target":{"@type":"EntryPoint","urlTemplate":"https:\/\/abilia.eu\/fr\/?s={search_term_string}"},"query-input":{"@type":"PropertyValueSpecification","valueRequired":true,"valueName":"search_term_string"}}],"inLanguage":"fr-FR"},{"@type":"Organization","@id":"https:\/\/abilia.eu\/fr\/#organization","name":"Abilia - Cosm\u00e9tica Natural","url":"https:\/\/abilia.eu\/fr\/","logo":{"@type":"ImageObject","inLanguage":"fr-FR","@id":"https:\/\/abilia.eu\/fr\/#\/schema\/logo\/image\/","url":"https:\/\/abilia.eu\/wp-content\/uploads\/2020\/12\/abilia-logo.jpg","contentUrl":"https:\/\/abilia.eu\/wp-content\/uploads\/2020\/12\/abilia-logo.jpg","width":300,"height":83,"caption":"Abilia - Cosm\u00e9tica Natural"},"image":{"@id":"https:\/\/abilia.eu\/fr\/#\/schema\/logo\/image\/"},"sameAs":["https:\/\/www.facebook.com\/AbiliaCosmeticaNatural\/","https:\/\/www.instagram.com\/abilia.cosmetica\/"]}]}},"_links":{"self":[{"href":"https:\/\/abilia.eu\/fr\/wp-json\/wp\/v2\/pages\/3573","targetHints":{"allow":["GET"]}}],"collection":[{"href":"https:\/\/abilia.eu\/fr\/wp-json\/wp\/v2\/pages"}],"about":[{"href":"https:\/\/abilia.eu\/fr\/wp-json\/wp\/v2\/types\/page"}],"author":[{"embeddable":true,"href":"https:\/\/abilia.eu\/fr\/wp-json\/wp\/v2\/users\/1"}],"replies":[{"embeddable":true,"href":"https:\/\/abilia.eu\/fr\/wp-json\/wp\/v2\/comments?post=3573"}],"version-history":[{"count":0,"href":"https:\/\/abilia.eu\/fr\/wp-json\/wp\/v2\/pages\/3573\/revisions"}],"wp:attachment":[{"href":"https:\/\/abilia.eu\/fr\/wp-json\/wp\/v2\/media?parent=3573"}],"curies":[{"name":"wp","href":"https:\/\/api.w.org\/{rel}","templated":true}]}}