{"id":3568,"date":"2017-12-04T14:36:14","date_gmt":"2017-12-04T14:36:14","guid":{"rendered":"https:\/\/lab.abilia.eu\/certificados\/"},"modified":"2021-01-14T17:10:11","modified_gmt":"2021-01-14T17:10:11","slug":"certificats-de-cosmetiques-biologiques","status":"publish","type":"page","link":"https:\/\/abilia.eu\/fr\/certificats-de-cosmetiques-biologiques\/","title":{"rendered":"Certificats de cosm\u00e9tiques biologiques"},"content":{"rendered":"<div class=\"wpb-content-wrapper\"><p>[vc_row][vc_column][vc_empty_space height=\u00a0\u00bb60px\u00a0\u00bb][vc_column_text]<\/p>\n<h3>Certification \u00e9cologique d&rsquo;Abilia.<\/h3>\n<p>[\/vc_column_text][vc_column_text]<\/p>\n<p>Les bases qui soutiennent la marque de cosm\u00e9tiques ABILIA, depuis sa cr\u00e9ation jusqu&rsquo;\u00e0 toutes les actions mises en \u0153uvre par son d\u00e9veloppement, sont l&rsquo;\u00e9thique et la transparence. L&rsquo;ACENE est une association \u00e0 but non lucratif qui garantit et certifie que tous ses membres se conforment \u00e0 un standard ACENE de cosm\u00e9tiques NATURELS \/ \u00c9COLOGIQUES \/ V\u00c9GANES et non test\u00e9s sur les animaux.<\/p>\n<p>[\/vc_column_text][vc_single_image image=\u00a0\u00bb3745&Prime; img_size=\u00a0\u00bblarge\u00a0\u00bb alignment=\u00a0\u00bbcenter\u00a0\u00bb][vc_column_text]<\/p>\n<p>Son but n&rsquo;est pas la recherche d&rsquo;un b\u00e9n\u00e9fice \u00e9conomique, mais la poursuite d&rsquo;un b\u00e9n\u00e9fice social, altruiste et communautaire. <a href=\"http:\/\/www.aceneasociacion.org\" target=\"_blank\" rel=\"noopener\">www.aceneasociacion.org<\/a> ACENE est une association \u00e0 but non lucratif form\u00e9e par des laboratoires et des marques de cosm\u00e9tiques naturels et biologiques en Espagne. Notre association est int\u00e9gr\u00e9e \u00e0 Cosmos Organic et nos partenaires sont certifi\u00e9s en cosm\u00e9tiques biologiques ou en cours de fabrication selon le r\u00e9f\u00e9rentiel Cosmos Organic par une entit\u00e9 ind\u00e9pendante puisque l&rsquo;association n&rsquo;agit pas directement en tant que certificateur.<\/p>\n<p>Pour conna\u00eetre les crit\u00e8res de Cosmos, nous vous dirigeons vers le lien suivant : <a href=\"https:\/\/cosmos-standard.org\/the-cosmos-standard\" target=\"_blank\" rel=\"noopener\">https:\/\/cosmos-standard.org\/the-cosmos-standard<\/a><\/p>\n<p>Pour donner plus de valeur \u00e0 nos labels, ACENE a entam\u00e9 une collaboration avec le label TEPROTEJO <a href=\"http:\/\/www.teprotejo.cl\" target=\"_blank\" rel=\"noopener\">www.teprotejo.cl<\/a> afin d&rsquo;unifier les crit\u00e8res de lutte contre la cruaut\u00e9 envers les animaux. ACENE est partenaire de l&rsquo;association de producteurs ECOVALIA <a href=\"http:\/\/www.ecovalia.org\" target=\"_blank\" rel=\"noopener\">www.ecovalia.org<\/a> et nous collaborons avec des producteurs r\u00e9gionaux, nationaux et internationaux certifi\u00e9s par CAAE, CAECYL, CPAEN etc.<\/p>\n<p>ACENE collabore avec le projet des FEMMES MICRO-ENTREPRENEUSES. Notre association de cosm\u00e9tiques biologiques est compos\u00e9e de nombreux membres ayant une longue histoire dans le monde des cosm\u00e9tiques naturels. <a href=\"http:\/\/aceneasociacion.org\/socios\/\" target=\"_blank\" rel=\"noopener\">http:\/\/aceneasociacion.org\/socios\/<\/a><\/p>\n<p>[\/vc_column_text][\/vc_column][\/vc_row]<\/p>\n<\/div>","protected":false},"excerpt":{"rendered":"<p>[vc_row][vc_column][vc_empty_space height=\u00a0\u00bb60px\u00a0\u00bb][vc_column_text] Certification \u00e9cologique d&rsquo;Abilia. [\/vc_column_text][vc_column_text] Les bases qui soutiennent la marque de cosm\u00e9tiques ABILIA, depuis sa cr\u00e9ation jusqu&rsquo;\u00e0 toutes les actions mises en \u0153uvre par son d\u00e9veloppement, sont l&rsquo;\u00e9thique et la transparence. L&rsquo;ACENE est une association \u00e0 but non lucratif qui garantit et certifie que tous ses membres se conforment \u00e0 un standard ACENE [&hellip;]<\/p>\n","protected":false},"author":1,"featured_media":0,"parent":0,"menu_order":0,"comment_status":"closed","ping_status":"closed","template":"page-boxed.php","meta":{"inline_featured_image":false,"footnotes":""},"class_list":["post-3568","page","type-page","status-publish","hentry"],"yoast_head":"<!-- This site is optimized with the Yoast SEO plugin v27.3 - https:\/\/yoast.com\/product\/yoast-seo-wordpress\/ -->\n<title>Certificats de cosm\u00e9tiques biologiques | Abilia Cosm\u00e9tique Naturel<\/title>\n<meta name=\"description\" content=\"Certificats de cosm\u00e9tiques biologiques: tous les processus mis en \u0153uvre par ABILIA dans le d\u00e9veloppement des produits sont \u00e9thiques et transparents.\" \/>\n<meta name=\"robots\" content=\"index, follow, max-snippet:-1, max-image-preview:large, max-video-preview:-1\" \/>\n<link rel=\"canonical\" href=\"https:\/\/abilia.eu\/certificados-de-cosmetica-ecologica\/\" \/>\n<meta property=\"og:locale\" content=\"fr_FR\" \/>\n<meta property=\"og:type\" content=\"article\" \/>\n<meta property=\"og:title\" content=\"Certificats de cosm\u00e9tiques biologiques | Abilia Cosm\u00e9tique Naturel\" \/>\n<meta property=\"og:description\" content=\"Certificats de cosm\u00e9tiques biologiques: tous les processus mis en \u0153uvre par ABILIA dans le d\u00e9veloppement des produits sont \u00e9thiques et transparents.\" \/>\n<meta property=\"og:url\" content=\"https:\/\/abilia.eu\/certificados-de-cosmetica-ecologica\/\" \/>\n<meta property=\"og:site_name\" content=\"Abilia (LAB)\" \/>\n<meta property=\"article:publisher\" content=\"https:\/\/www.facebook.com\/AbiliaCosmeticaNatural\/\" \/>\n<meta property=\"article:modified_time\" content=\"2021-01-14T17:10:11+00:00\" \/>\n<meta property=\"og:image\" content=\"https:\/\/abilia.eu\/wp-content\/uploads\/2021\/01\/abilia-logo-mundo-1.jpg\" \/>\n\t<meta property=\"og:image:width\" content=\"600\" \/>\n\t<meta property=\"og:image:height\" content=\"182\" \/>\n\t<meta property=\"og:image:type\" content=\"image\/jpeg\" \/>\n<meta name=\"twitter:card\" content=\"summary_large_image\" \/>\n<meta name=\"twitter:label1\" content=\"Dur\u00e9e de lecture estim\u00e9e\" \/>\n\t<meta name=\"twitter:data1\" content=\"2 minutes\" \/>\n<script type=\"application\/ld+json\" class=\"yoast-schema-graph\">{\"@context\":\"https:\\\/\\\/schema.org\",\"@graph\":[{\"@type\":\"WebPage\",\"@id\":\"https:\\\/\\\/abilia.eu\\\/certificados-de-cosmetica-ecologica\\\/\",\"url\":\"https:\\\/\\\/abilia.eu\\\/certificados-de-cosmetica-ecologica\\\/\",\"name\":\"Certificats de cosm\u00e9tiques biologiques | Abilia Cosm\u00e9tique Naturel\",\"isPartOf\":{\"@id\":\"https:\\\/\\\/abilia.eu\\\/fr\\\/#website\"},\"datePublished\":\"2017-12-04T14:36:14+00:00\",\"dateModified\":\"2021-01-14T17:10:11+00:00\",\"description\":\"Certificats de cosm\u00e9tiques biologiques: tous les processus mis en \u0153uvre par ABILIA dans le d\u00e9veloppement des produits sont \u00e9thiques et transparents.\",\"breadcrumb\":{\"@id\":\"https:\\\/\\\/abilia.eu\\\/certificados-de-cosmetica-ecologica\\\/#breadcrumb\"},\"inLanguage\":\"fr-FR\",\"potentialAction\":[{\"@type\":\"ReadAction\",\"target\":[\"https:\\\/\\\/abilia.eu\\\/certificados-de-cosmetica-ecologica\\\/\"]}]},{\"@type\":\"BreadcrumbList\",\"@id\":\"https:\\\/\\\/abilia.eu\\\/certificados-de-cosmetica-ecologica\\\/#breadcrumb\",\"itemListElement\":[{\"@type\":\"ListItem\",\"position\":1,\"name\":\"Portada\",\"item\":\"https:\\\/\\\/abilia.eu\\\/fr\\\/\"},{\"@type\":\"ListItem\",\"position\":2,\"name\":\"Certificats de cosm\u00e9tiques biologiques\"}]},{\"@type\":\"WebSite\",\"@id\":\"https:\\\/\\\/abilia.eu\\\/fr\\\/#website\",\"url\":\"https:\\\/\\\/abilia.eu\\\/fr\\\/\",\"name\":\"Abilia (LAB)\",\"description\":\"Cosm\u00e9tica natural\",\"publisher\":{\"@id\":\"https:\\\/\\\/abilia.eu\\\/fr\\\/#organization\"},\"potentialAction\":[{\"@type\":\"SearchAction\",\"target\":{\"@type\":\"EntryPoint\",\"urlTemplate\":\"https:\\\/\\\/abilia.eu\\\/fr\\\/?s={search_term_string}\"},\"query-input\":{\"@type\":\"PropertyValueSpecification\",\"valueRequired\":true,\"valueName\":\"search_term_string\"}}],\"inLanguage\":\"fr-FR\"},{\"@type\":\"Organization\",\"@id\":\"https:\\\/\\\/abilia.eu\\\/fr\\\/#organization\",\"name\":\"Abilia - Cosm\u00e9tica Natural\",\"url\":\"https:\\\/\\\/abilia.eu\\\/fr\\\/\",\"logo\":{\"@type\":\"ImageObject\",\"inLanguage\":\"fr-FR\",\"@id\":\"https:\\\/\\\/abilia.eu\\\/fr\\\/#\\\/schema\\\/logo\\\/image\\\/\",\"url\":\"https:\\\/\\\/abilia.eu\\\/wp-content\\\/uploads\\\/2020\\\/12\\\/abilia-logo.jpg\",\"contentUrl\":\"https:\\\/\\\/abilia.eu\\\/wp-content\\\/uploads\\\/2020\\\/12\\\/abilia-logo.jpg\",\"width\":300,\"height\":83,\"caption\":\"Abilia - Cosm\u00e9tica Natural\"},\"image\":{\"@id\":\"https:\\\/\\\/abilia.eu\\\/fr\\\/#\\\/schema\\\/logo\\\/image\\\/\"},\"sameAs\":[\"https:\\\/\\\/www.facebook.com\\\/AbiliaCosmeticaNatural\\\/\",\"https:\\\/\\\/www.instagram.com\\\/abilia.cosmetica\\\/\"]}]}<\/script>\n<!-- \/ Yoast SEO plugin. -->","yoast_head_json":{"title":"Certificats de cosm\u00e9tiques biologiques | Abilia Cosm\u00e9tique Naturel","description":"Certificats de cosm\u00e9tiques biologiques: tous les processus mis en \u0153uvre par ABILIA dans le d\u00e9veloppement des produits sont \u00e9thiques et transparents.","robots":{"index":"index","follow":"follow","max-snippet":"max-snippet:-1","max-image-preview":"max-image-preview:large","max-video-preview":"max-video-preview:-1"},"canonical":"https:\/\/abilia.eu\/certificados-de-cosmetica-ecologica\/","og_locale":"fr_FR","og_type":"article","og_title":"Certificats de cosm\u00e9tiques biologiques | Abilia Cosm\u00e9tique Naturel","og_description":"Certificats de cosm\u00e9tiques biologiques: tous les processus mis en \u0153uvre par ABILIA dans le d\u00e9veloppement des produits sont \u00e9thiques et transparents.","og_url":"https:\/\/abilia.eu\/certificados-de-cosmetica-ecologica\/","og_site_name":"Abilia (LAB)","article_publisher":"https:\/\/www.facebook.com\/AbiliaCosmeticaNatural\/","article_modified_time":"2021-01-14T17:10:11+00:00","og_image":[{"width":600,"height":182,"url":"https:\/\/abilia.eu\/wp-content\/uploads\/2021\/01\/abilia-logo-mundo-1.jpg","type":"image\/jpeg"}],"twitter_card":"summary_large_image","twitter_misc":{"Dur\u00e9e de lecture estim\u00e9e":"2 minutes"},"schema":{"@context":"https:\/\/schema.org","@graph":[{"@type":"WebPage","@id":"https:\/\/abilia.eu\/certificados-de-cosmetica-ecologica\/","url":"https:\/\/abilia.eu\/certificados-de-cosmetica-ecologica\/","name":"Certificats de cosm\u00e9tiques biologiques | Abilia Cosm\u00e9tique Naturel","isPartOf":{"@id":"https:\/\/abilia.eu\/fr\/#website"},"datePublished":"2017-12-04T14:36:14+00:00","dateModified":"2021-01-14T17:10:11+00:00","description":"Certificats de cosm\u00e9tiques biologiques: tous les processus mis en \u0153uvre par ABILIA dans le d\u00e9veloppement des produits sont \u00e9thiques et transparents.","breadcrumb":{"@id":"https:\/\/abilia.eu\/certificados-de-cosmetica-ecologica\/#breadcrumb"},"inLanguage":"fr-FR","potentialAction":[{"@type":"ReadAction","target":["https:\/\/abilia.eu\/certificados-de-cosmetica-ecologica\/"]}]},{"@type":"BreadcrumbList","@id":"https:\/\/abilia.eu\/certificados-de-cosmetica-ecologica\/#breadcrumb","itemListElement":[{"@type":"ListItem","position":1,"name":"Portada","item":"https:\/\/abilia.eu\/fr\/"},{"@type":"ListItem","position":2,"name":"Certificats de cosm\u00e9tiques biologiques"}]},{"@type":"WebSite","@id":"https:\/\/abilia.eu\/fr\/#website","url":"https:\/\/abilia.eu\/fr\/","name":"Abilia (LAB)","description":"Cosm\u00e9tica natural","publisher":{"@id":"https:\/\/abilia.eu\/fr\/#organization"},"potentialAction":[{"@type":"SearchAction","target":{"@type":"EntryPoint","urlTemplate":"https:\/\/abilia.eu\/fr\/?s={search_term_string}"},"query-input":{"@type":"PropertyValueSpecification","valueRequired":true,"valueName":"search_term_string"}}],"inLanguage":"fr-FR"},{"@type":"Organization","@id":"https:\/\/abilia.eu\/fr\/#organization","name":"Abilia - Cosm\u00e9tica Natural","url":"https:\/\/abilia.eu\/fr\/","logo":{"@type":"ImageObject","inLanguage":"fr-FR","@id":"https:\/\/abilia.eu\/fr\/#\/schema\/logo\/image\/","url":"https:\/\/abilia.eu\/wp-content\/uploads\/2020\/12\/abilia-logo.jpg","contentUrl":"https:\/\/abilia.eu\/wp-content\/uploads\/2020\/12\/abilia-logo.jpg","width":300,"height":83,"caption":"Abilia - Cosm\u00e9tica Natural"},"image":{"@id":"https:\/\/abilia.eu\/fr\/#\/schema\/logo\/image\/"},"sameAs":["https:\/\/www.facebook.com\/AbiliaCosmeticaNatural\/","https:\/\/www.instagram.com\/abilia.cosmetica\/"]}]}},"_links":{"self":[{"href":"https:\/\/abilia.eu\/fr\/wp-json\/wp\/v2\/pages\/3568","targetHints":{"allow":["GET"]}}],"collection":[{"href":"https:\/\/abilia.eu\/fr\/wp-json\/wp\/v2\/pages"}],"about":[{"href":"https:\/\/abilia.eu\/fr\/wp-json\/wp\/v2\/types\/page"}],"author":[{"embeddable":true,"href":"https:\/\/abilia.eu\/fr\/wp-json\/wp\/v2\/users\/1"}],"replies":[{"embeddable":true,"href":"https:\/\/abilia.eu\/fr\/wp-json\/wp\/v2\/comments?post=3568"}],"version-history":[{"count":0,"href":"https:\/\/abilia.eu\/fr\/wp-json\/wp\/v2\/pages\/3568\/revisions"}],"wp:attachment":[{"href":"https:\/\/abilia.eu\/fr\/wp-json\/wp\/v2\/media?parent=3568"}],"curies":[{"name":"wp","href":"https:\/\/api.w.org\/{rel}","templated":true}]}}