{"id":3561,"date":"2017-12-04T14:35:48","date_gmt":"2017-12-04T14:35:48","guid":{"rendered":"https:\/\/lab.abilia.eu\/sobre-mi\/"},"modified":"2021-03-31T11:56:06","modified_gmt":"2021-03-31T11:56:06","slug":"a-propos-de-moi","status":"publish","type":"page","link":"https:\/\/abilia.eu\/fr\/a-propos-de-moi\/","title":{"rendered":"\u00c0 propos de moi"},"content":{"rendered":"<div class=\"wpb-content-wrapper\"><p>[vc_row full_width=\u00a0\u00bbstretch_row\u00a0\u00bb full_height=\u00a0\u00bbyes\u00a0\u00bb parallax=\u00a0\u00bbcontent-moving\u00a0\u00bb parallax_image=\u00a0\u00bb4447&Prime; css_animation=\u00a0\u00bbfadeIn\u00a0\u00bb css=\u00a0\u00bb.vc_custom_1617191570716{margin-bottom: 75px !important;background-image: url(https:\/\/abilia.eu\/wp-content\/uploads\/2020\/12\/sobre-abilia-header-4.jpg?id=3252) !important;background-position: center;background-repeat: no-repeat !important;background-size: cover !important;}\u00a0\u00bb][vc_column width=\u00a0\u00bb1\/2&Prime;][vc_column_text]<\/p>\n<h1><span style=\"color: #ffffff;\">Bonjour, je suis<\/span><br \/>\n<span style=\"color: #ffffff;\">Abilia Mart\u00edn Madera<br \/>\n<\/span><\/h1>\n<p>[\/vc_column_text][vc_column_text]<strong><span style=\"color: #ffffff;\">La cr\u00e9atrice de la marque de cosm\u00e9tique biologique et naturelle certifi\u00e9e ABILIA. Je suis ravie de vous accueillir sur notre page.<\/span><\/strong>[\/vc_column_text][\/vc_column][vc_column width=\u00a0\u00bb1\/2&Prime;][\/vc_column][\/vc_row][vc_row][vc_column][vc_column_text]<\/p>\n<h2>L&rsquo;origine d&rsquo;Abilia<\/h2>\n<p>[\/vc_column_text][\/vc_column][\/vc_row][vc_row css=\u00a0\u00bb.vc_custom_1484857863227{margin-bottom: 75px !important;}\u00a0\u00bb][vc_column width=\u00a0\u00bb1\/2&Prime;][vc_column_text]Voici quelques points que vous devriez savoir \u00e0 propos de moi et de mon parcours. D\u00e8s mon plus jeune \u00e2ge, j\u2019ai travaill\u00e9 avec mes parents \u00e0 la campagne, je vivais et j\u2019ai grandi avec l\u2019\u00e9nergie directe de la terre, des plantes et des animaux. De mon p\u00e8re, j\u2019ai appris l\u2019amour du travail. Mes parents aimaient tous deux leurs animaux, et ils prenaient aussi bien soin de leurs plantes &#8211; ma m\u00e8re utilisait certaines plantes m\u00e9dicinales pour nous soulager lorsque nous \u00e9tions malades. A l\u2019\u00e2ge adulte, j\u2019ai d\u00e9couvert le yoga, une autre grande fortune que m\u2019a donn\u00e9 la vie. Apr\u00e8s des ann\u00e9es de pratique, l\u2019art de l\u2019amour s\u2019est exprim\u00e9 en moi \u00e0 travers la confection de cr\u00e8mes.<\/p>\n<p>En 1982, j\u2019ai \u00e9tudi\u00e9 pour devenir garde forestier \u00e0 Jaca (Huesca) et l\u00e0-bas j\u2019ai eu la chance de collaborer avec l\u2019Institut Pyr\u00e9n\u00e9en d\u2019Ecologie du Conseil National de Recherche Espagnol (CSIC), classifiant des plantes pour leur herbarium. J\u2019ai \u00e9t\u00e9 en contact avec le prestigieux botanistes Luis Villar et Doctor Monserrat, tous deux docteurs en biologie.[\/vc_column_text][\/vc_column][vc_column width=\u00a0\u00bb1\/2&Prime;][vc_column_text]L\u2019ann\u00e9e suivante j\u2019ai commenc\u00e9 l\u2019\u00e9laboration de mes cr\u00e8mes avec plus de cadence, je les offrais \u00e0 mes ami(e)s, apr\u00e8s des ann\u00e9es de belles critiques re\u00e7ues. J\u2019ai os\u00e9 participer \u00e0 des foires artisanales pour y enseigner tout ce que je sais, comme un service pour les autres. Depuis, j\u2019ai anim\u00e9 de nombreuses classes, j\u2019ai fait des distillations en public, ai expos\u00e9 des plantes m\u00e9dicinales et donn\u00e9 des cours d\u00e9di\u00e9s \u00e0 la reconnaissance et \u00e0 l\u2019usage de plantes m\u00e9dicinales ainsi qu\u2019\u00e0 l\u2019\u00e9laboration de pommades.<\/p>\n<p>De cette mani\u00e8re, j\u2019ai \u00e9labor\u00e9 mes propres cr\u00e8mes, m\u2019effor\u00e7ant encore et encore pour les offrir \u00e0 mes ami(e)s. Par chance, ils\/elles ont toujours cru en moi et ont toujours \u00e9t\u00e9 mes meilleurs testeurs.[\/vc_column_text][\/vc_column][\/vc_row][vc_row content_placement=\u00a0\u00bbmiddle\u00a0\u00bb css=\u00a0\u00bb.vc_custom_1484858913795{margin-bottom: 75px !important;}\u00a0\u00bb][vc_column width=\u00a0\u00bb1\/2&Prime; css=\u00a0\u00bb.vc_custom_1484858929720{padding-right: 35px !important;}\u00a0\u00bb][vc_single_image image=\u00a0\u00bb3284&Prime; img_size=\u00a0\u00bbfull\u00a0\u00bb][\/vc_column][vc_column width=\u00a0\u00bb1\/2&Prime; css=\u00a0\u00bb.vc_custom_1484858943591{padding-left: 35px !important;}\u00a0\u00bb][vc_single_image image=\u00a0\u00bb3288&Prime; img_size=\u00a0\u00bbfull\u00a0\u00bb alignment=\u00a0\u00bbright\u00a0\u00bb][\/vc_column][\/vc_row][vc_row][vc_column][vc_column_text]<\/p>\n<h2>Les mati\u00e8res<\/h2>\n<p>[\/vc_column_text][\/vc_column][\/vc_row][vc_row css=\u00a0\u00bb.vc_custom_1484857863227{margin-bottom: 75px !important;}\u00a0\u00bb][vc_column width=\u00a0\u00bb1\/2&Prime;][vc_column_text]Les mati\u00e8res premi\u00e8res que j\u2019utilise sont les plantes \u00e9cologiques, les huiles de premi\u00e8re pression \u00e0 froid, la cire d\u2019abeille de la meilleure qualit\u00e9, les fleurs s\u00e8ches recueillies sur leurs lunes correspondantes, etc. Ensuite, je distille pour transformer les plantes en essences et en eaux florales, des mati\u00e8res essentielles \u00e0 l\u2019\u00e9laboration des cr\u00e8mes. Une autre des transformations que j\u2019aime utiliser sont les \u00e9lixirs floraux, extraits via infusions solaires des fleurs, avec un pouvoir \u00e9nerg\u00e9tique immense. Les teintures, la mac\u00e9ration d\u2019huile, etc. Tout cela est accompli avec grand amour puisque j\u2019ai une grande compr\u00e9hension des plantes, et que je suis passionn\u00e9e \u00e0 propos de la d\u00e9couverte de leur face cach\u00e9e, celle dont les livres de botanique ne parlent pas. Leur magie et leur \u00e9nergie. J\u2019ai cette facilit\u00e9 inn\u00e9e de sentir ce qui est au-del\u00e0 de ce que la plante laisse percevoir, et je continue de travailler sur la perception interne du monde merveilleux des plantes &#8211; et en m\u00eame temps de l\u2019\u00eatre humain.<\/p>\n<p>Oh! Ce que je n\u2019oublie jamais en cueillant une plante est de lui demander la permission pour qu\u2019elle aide ceux qui vont en faire usage.[\/vc_column_text][\/vc_column][vc_column width=\u00a0\u00bb1\/2&Prime;][vc_column_text]Avec le temps, mes cr\u00e8mes se sont fait de plus en plus conna\u00eetre, et j\u2019en suis tr\u00e8s fi\u00e8re.<\/p>\n<p>C\u2019est une immense satisfaction que de voir les personnes qui utilisent les cr\u00e8mes ABILIA les recommander \u00e0 leur cercle familial ou amical. C\u2019est un v\u00e9ritable plaisir de savoir que le travail de tant d\u2019ann\u00e9es est reconnu. Cela signifie que nos cr\u00e8mes fonctionnent!!!<\/p>\n<p>Cette croissance m\u2019a amen\u00e9 \u00e0 prendre des d\u00e9cisions li\u00e9es \u00e0 la fabrication et \u00e0 l\u2019emballage de mes cr\u00e8mes, qui ont d\u00e9but\u00e9 de mani\u00e8re artisanale, et ainsi de prendre d\u2019autres d\u00e9cisions quant \u00e0 leur distribution sur le march\u00e9. De cette mani\u00e8re, je regagne l\u2019opportunit\u00e9 de d\u00e9velopper de nouveaux produits, ce qui n\u2019a pas toujours \u00e9t\u00e9 possible. La nature a encore beaucoup \u00e0 nous offrir, et je veux partager avec vous quelques-uns de ces bienfaits.[\/vc_column_text][\/vc_column][\/vc_row][vc_row equal_height=\u00a0\u00bbyes\u00a0\u00bb content_placement=\u00a0\u00bbmiddle\u00a0\u00bb css=\u00a0\u00bb.vc_custom_1610635863818{margin-right: 0px !important;margin-bottom: 75px !important;margin-left: 0px !important;padding-top: 0px !important;padding-right: 0px !important;padding-left: 0px !important;}\u00a0\u00bb][vc_column css=\u00a0\u00bb.vc_custom_1610635829786{margin: 0px !important;padding: 0px !important;}\u00a0\u00bb][vc_single_image image=\u00a0\u00bb4329&Prime; img_size=\u00a0\u00bbfull\u00a0\u00bb css=\u00a0\u00bb.vc_custom_1616500635642{margin-top: 0px !important;margin-right: 0px !important;margin-bottom: 0px !important;margin-left: 0px !important;padding-top: 0px !important;padding-right: 0px !important;padding-bottom: 0px !important;padding-left: 0px !important;}\u00a0\u00bb][\/vc_column][\/vc_row][vc_row][vc_column width=\u00a0\u00bb1\/6&Prime;][\/vc_column][vc_column width=\u00a0\u00bb2\/3&Prime;][vc_column_text]<\/p>\n<h2>Cosm\u00e9tiques Eco Abilia<\/h2>\n<p>[\/vc_column_text][\/vc_column][vc_column width=\u00a0\u00bb1\/6&Prime;][\/vc_column][\/vc_row][vc_row css=\u00a0\u00bb.vc_custom_1609366765111{margin-bottom: 60px !important;}\u00a0\u00bb][vc_column width=\u00a0\u00bb1\/6&Prime;][\/vc_column][vc_column width=\u00a0\u00bb2\/3&Prime;][vc_column_text]C\u2019est pour cela que la distribution et commercialisation mondiale d\u2019ABILIA est une responsabilit\u00e9 donn\u00e9e \u00e0 un groupe de grands professionnels, ceux avec qui j\u2019ai li\u00e9 d\u00e8s notre premi\u00e8re rencontre une connection personnelle. Nous formons une \u00e9quipe heureuse de travailler au c\u00f4t\u00e9 des uns des autres. L\u2019entreprise partenaire s\u2019appelle NICS, et je suis convaincue que notre collaboration sera fructueuse pour tous, ainsi que pour celles et ceux qui veulent prendre part \u00e0 cette petite communaut\u00e9 de personnes qui pensent que le naturel est toujours mieux.<\/p>\n<p>De mani\u00e8re similaire, mes produits sont \u00e9labor\u00e9s et emball\u00e9s dans un laboratoire sp\u00e9cialis\u00e9 dans la cosm\u00e9tique naturelle et \u00e9cologique, situ\u00e9 \u00e0 Valladolid. Cela me permet d\u2019\u00eatre assur\u00e9e que mes cr\u00e8mes sont produites et emball\u00e9es de la mani\u00e8re la plus qualitative qu\u2019il soit.[\/vc_column_text][\/vc_column][vc_column width=\u00a0\u00bb1\/6&Prime;][\/vc_column][\/vc_row][vc_row css=\u00a0\u00bb.vc_custom_1484857886748{margin-bottom: 75px !important;}\u00a0\u00bb][vc_column width=\u00a0\u00bb1\/6&Prime;][\/vc_column][vc_column width=\u00a0\u00bb2\/3&Prime;][vc_column_text]<\/p>\n<h4>Merci beaucoup pour votre confiance, envers moi et mes produits. Je vous envoie des baisers, du plus profond de mon coeur!<\/h4>\n<p>[\/vc_column_text][vc_single_image image=\u00a0\u00bb3562&Prime; img_size=\u00a0\u00bbfull\u00a0\u00bb][vc_column_text]<\/p>\n<h6>\u2014 ABILIA MART\u00cdN MADERA<br \/>\n<a href=\"mailto:abilia@abilia.eu\">abilia@abilia.eu<\/a><\/h6>\n<p>[\/vc_column_text][\/vc_column][vc_column width=\u00a0\u00bb1\/6&Prime;][\/vc_column][\/vc_row][vc_row disable_element=\u00a0\u00bbyes\u00a0\u00bb css=\u00a0\u00bb.vc_custom_1609349224084{margin-bottom: 75px !important;}\u00a0\u00bb][vc_column width=\u00a0\u00bb1\/2&Prime; css=\u00a0\u00bb.vc_custom_1484858873368{padding-right: 33% !important;}\u00a0\u00bb][vc_column_text]<\/p>\n<h6>OUR STORES<\/h6>\n<p>[\/vc_column_text][vc_column_text]Edison bulb butcher wayfarers pug. Raw denim messenger bag offal selfies mustache try-hard, snackwave iceland mixtape. La croix blog sriracha, distillery ugh small batch retro literally.[\/vc_column_text][\/vc_column][vc_column width=\u00a0\u00bb1\/2&Prime;][vc_column_text]<\/p>\n<h6>CONTACT<\/h6>\n<p>[\/vc_column_text][vc_column_text]3166 Broaddus Maple Court Avenue,<br \/>\nMadisonville KY 42431,<br \/>\nUnited States of America<\/p>\n<p>Phone: +1 123456 7893<br \/>\nEmail: hello@yourwebsite.com[\/vc_column_text][\/vc_column][\/vc_row]<\/p>\n<\/div>","protected":false},"excerpt":{"rendered":"<p>[vc_row full_width=\u00a0\u00bbstretch_row\u00a0\u00bb full_height=\u00a0\u00bbyes\u00a0\u00bb parallax=\u00a0\u00bbcontent-moving\u00a0\u00bb parallax_image=\u00a0\u00bb4447&Prime; css_animation=\u00a0\u00bbfadeIn\u00a0\u00bb css=\u00a0\u00bb.vc_custom_1617191570716{margin-bottom: 75px !important;background-image: url(https:\/\/abilia.eu\/wp-content\/uploads\/2020\/12\/sobre-abilia-header-4.jpg?id=3252) !important;background-position: center;background-repeat: no-repeat !important;background-size: cover !important;}\u00a0\u00bb][vc_column width=\u00a0\u00bb1\/2&Prime;][vc_column_text] Bonjour, je suis Abilia Mart\u00edn Madera [\/vc_column_text][vc_column_text]La cr\u00e9atrice de la marque de cosm\u00e9tique biologique et naturelle certifi\u00e9e ABILIA. Je suis ravie de vous accueillir sur notre page.[\/vc_column_text][\/vc_column][vc_column width=\u00a0\u00bb1\/2&Prime;][\/vc_column][\/vc_row][vc_row][vc_column][vc_column_text] L&rsquo;origine d&rsquo;Abilia [\/vc_column_text][\/vc_column][\/vc_row][vc_row css=\u00a0\u00bb.vc_custom_1484857863227{margin-bottom: 75px !important;}\u00a0\u00bb][vc_column width=\u00a0\u00bb1\/2&Prime;][vc_column_text]Voici quelques points que [&hellip;]<\/p>\n","protected":false},"author":1,"featured_media":0,"parent":0,"menu_order":0,"comment_status":"closed","ping_status":"closed","template":"page-boxed.php","meta":{"inline_featured_image":false,"footnotes":""},"class_list":["post-3561","page","type-page","status-publish","hentry"],"yoast_head":"<!-- This site is optimized with the Yoast SEO plugin v27.3 - https:\/\/yoast.com\/product\/yoast-seo-wordpress\/ -->\n<title>\u00c0 propos d&#039;Abilia Mart\u00edn Madera | Abilia \u00c9COLOGIQUE CERTIFI\u00c9E<\/title>\n<meta name=\"description\" content=\"Bonjour, je suis Abilia Martin Madera, cr\u00e9atrice de la ligne de cosm\u00e9tiques naturels certifi\u00e9s biologiques ABILIA, sachez ici un peu plus sur moi.\" \/>\n<meta name=\"robots\" content=\"index, follow, max-snippet:-1, max-image-preview:large, max-video-preview:-1\" \/>\n<link rel=\"canonical\" href=\"https:\/\/abilia.eu\/sobre-mi\/\" \/>\n<meta property=\"og:locale\" content=\"fr_FR\" \/>\n<meta property=\"og:type\" content=\"article\" \/>\n<meta property=\"og:title\" content=\"\u00c0 propos d&#039;Abilia Mart\u00edn Madera | Abilia \u00c9COLOGIQUE CERTIFI\u00c9E\" \/>\n<meta property=\"og:description\" content=\"Bonjour, je suis Abilia Martin Madera, cr\u00e9atrice de la ligne de cosm\u00e9tiques naturels certifi\u00e9s biologiques ABILIA, sachez ici un peu plus sur moi.\" \/>\n<meta property=\"og:url\" content=\"https:\/\/abilia.eu\/sobre-mi\/\" \/>\n<meta property=\"og:site_name\" content=\"Abilia (LAB)\" \/>\n<meta property=\"article:publisher\" content=\"https:\/\/www.facebook.com\/AbiliaCosmeticaNatural\/\" \/>\n<meta property=\"article:modified_time\" content=\"2021-03-31T11:56:06+00:00\" \/>\n<meta property=\"og:image\" content=\"https:\/\/abilia.eu\/wp-content\/uploads\/2021\/01\/abilia-logo-mundo-1.jpg\" \/>\n\t<meta property=\"og:image:width\" content=\"600\" \/>\n\t<meta property=\"og:image:height\" content=\"182\" \/>\n\t<meta property=\"og:image:type\" content=\"image\/jpeg\" \/>\n<meta name=\"twitter:card\" content=\"summary_large_image\" \/>\n<meta name=\"twitter:label1\" content=\"Dur\u00e9e de lecture estim\u00e9e\" \/>\n\t<meta name=\"twitter:data1\" content=\"5 minutes\" \/>\n<script type=\"application\/ld+json\" class=\"yoast-schema-graph\">{\"@context\":\"https:\\\/\\\/schema.org\",\"@graph\":[{\"@type\":\"WebPage\",\"@id\":\"https:\\\/\\\/abilia.eu\\\/sobre-mi\\\/\",\"url\":\"https:\\\/\\\/abilia.eu\\\/sobre-mi\\\/\",\"name\":\"\u00c0 propos d'Abilia Mart\u00edn Madera | Abilia \u00c9COLOGIQUE CERTIFI\u00c9E\",\"isPartOf\":{\"@id\":\"https:\\\/\\\/abilia.eu\\\/fr\\\/#website\"},\"datePublished\":\"2017-12-04T14:35:48+00:00\",\"dateModified\":\"2021-03-31T11:56:06+00:00\",\"description\":\"Bonjour, je suis Abilia Martin Madera, cr\u00e9atrice de la ligne de cosm\u00e9tiques naturels certifi\u00e9s biologiques ABILIA, sachez ici un peu plus sur moi.\",\"breadcrumb\":{\"@id\":\"https:\\\/\\\/abilia.eu\\\/sobre-mi\\\/#breadcrumb\"},\"inLanguage\":\"fr-FR\",\"potentialAction\":[{\"@type\":\"ReadAction\",\"target\":[\"https:\\\/\\\/abilia.eu\\\/sobre-mi\\\/\"]}]},{\"@type\":\"BreadcrumbList\",\"@id\":\"https:\\\/\\\/abilia.eu\\\/sobre-mi\\\/#breadcrumb\",\"itemListElement\":[{\"@type\":\"ListItem\",\"position\":1,\"name\":\"Portada\",\"item\":\"https:\\\/\\\/abilia.eu\\\/fr\\\/\"},{\"@type\":\"ListItem\",\"position\":2,\"name\":\"\u00c0 propos de moi\"}]},{\"@type\":\"WebSite\",\"@id\":\"https:\\\/\\\/abilia.eu\\\/fr\\\/#website\",\"url\":\"https:\\\/\\\/abilia.eu\\\/fr\\\/\",\"name\":\"Abilia (LAB)\",\"description\":\"Cosm\u00e9tica natural\",\"publisher\":{\"@id\":\"https:\\\/\\\/abilia.eu\\\/fr\\\/#organization\"},\"potentialAction\":[{\"@type\":\"SearchAction\",\"target\":{\"@type\":\"EntryPoint\",\"urlTemplate\":\"https:\\\/\\\/abilia.eu\\\/fr\\\/?s={search_term_string}\"},\"query-input\":{\"@type\":\"PropertyValueSpecification\",\"valueRequired\":true,\"valueName\":\"search_term_string\"}}],\"inLanguage\":\"fr-FR\"},{\"@type\":\"Organization\",\"@id\":\"https:\\\/\\\/abilia.eu\\\/fr\\\/#organization\",\"name\":\"Abilia - Cosm\u00e9tica Natural\",\"url\":\"https:\\\/\\\/abilia.eu\\\/fr\\\/\",\"logo\":{\"@type\":\"ImageObject\",\"inLanguage\":\"fr-FR\",\"@id\":\"https:\\\/\\\/abilia.eu\\\/fr\\\/#\\\/schema\\\/logo\\\/image\\\/\",\"url\":\"https:\\\/\\\/abilia.eu\\\/wp-content\\\/uploads\\\/2020\\\/12\\\/abilia-logo.jpg\",\"contentUrl\":\"https:\\\/\\\/abilia.eu\\\/wp-content\\\/uploads\\\/2020\\\/12\\\/abilia-logo.jpg\",\"width\":300,\"height\":83,\"caption\":\"Abilia - Cosm\u00e9tica Natural\"},\"image\":{\"@id\":\"https:\\\/\\\/abilia.eu\\\/fr\\\/#\\\/schema\\\/logo\\\/image\\\/\"},\"sameAs\":[\"https:\\\/\\\/www.facebook.com\\\/AbiliaCosmeticaNatural\\\/\",\"https:\\\/\\\/www.instagram.com\\\/abilia.cosmetica\\\/\"]}]}<\/script>\n<!-- \/ Yoast SEO plugin. -->","yoast_head_json":{"title":"\u00c0 propos d'Abilia Mart\u00edn Madera | Abilia \u00c9COLOGIQUE CERTIFI\u00c9E","description":"Bonjour, je suis Abilia Martin Madera, cr\u00e9atrice de la ligne de cosm\u00e9tiques naturels certifi\u00e9s biologiques ABILIA, sachez ici un peu plus sur moi.","robots":{"index":"index","follow":"follow","max-snippet":"max-snippet:-1","max-image-preview":"max-image-preview:large","max-video-preview":"max-video-preview:-1"},"canonical":"https:\/\/abilia.eu\/sobre-mi\/","og_locale":"fr_FR","og_type":"article","og_title":"\u00c0 propos d'Abilia Mart\u00edn Madera | Abilia \u00c9COLOGIQUE CERTIFI\u00c9E","og_description":"Bonjour, je suis Abilia Martin Madera, cr\u00e9atrice de la ligne de cosm\u00e9tiques naturels certifi\u00e9s biologiques ABILIA, sachez ici un peu plus sur moi.","og_url":"https:\/\/abilia.eu\/sobre-mi\/","og_site_name":"Abilia (LAB)","article_publisher":"https:\/\/www.facebook.com\/AbiliaCosmeticaNatural\/","article_modified_time":"2021-03-31T11:56:06+00:00","og_image":[{"width":600,"height":182,"url":"https:\/\/abilia.eu\/wp-content\/uploads\/2021\/01\/abilia-logo-mundo-1.jpg","type":"image\/jpeg"}],"twitter_card":"summary_large_image","twitter_misc":{"Dur\u00e9e de lecture estim\u00e9e":"5 minutes"},"schema":{"@context":"https:\/\/schema.org","@graph":[{"@type":"WebPage","@id":"https:\/\/abilia.eu\/sobre-mi\/","url":"https:\/\/abilia.eu\/sobre-mi\/","name":"\u00c0 propos d'Abilia Mart\u00edn Madera | Abilia \u00c9COLOGIQUE CERTIFI\u00c9E","isPartOf":{"@id":"https:\/\/abilia.eu\/fr\/#website"},"datePublished":"2017-12-04T14:35:48+00:00","dateModified":"2021-03-31T11:56:06+00:00","description":"Bonjour, je suis Abilia Martin Madera, cr\u00e9atrice de la ligne de cosm\u00e9tiques naturels certifi\u00e9s biologiques ABILIA, sachez ici un peu plus sur moi.","breadcrumb":{"@id":"https:\/\/abilia.eu\/sobre-mi\/#breadcrumb"},"inLanguage":"fr-FR","potentialAction":[{"@type":"ReadAction","target":["https:\/\/abilia.eu\/sobre-mi\/"]}]},{"@type":"BreadcrumbList","@id":"https:\/\/abilia.eu\/sobre-mi\/#breadcrumb","itemListElement":[{"@type":"ListItem","position":1,"name":"Portada","item":"https:\/\/abilia.eu\/fr\/"},{"@type":"ListItem","position":2,"name":"\u00c0 propos de moi"}]},{"@type":"WebSite","@id":"https:\/\/abilia.eu\/fr\/#website","url":"https:\/\/abilia.eu\/fr\/","name":"Abilia (LAB)","description":"Cosm\u00e9tica natural","publisher":{"@id":"https:\/\/abilia.eu\/fr\/#organization"},"potentialAction":[{"@type":"SearchAction","target":{"@type":"EntryPoint","urlTemplate":"https:\/\/abilia.eu\/fr\/?s={search_term_string}"},"query-input":{"@type":"PropertyValueSpecification","valueRequired":true,"valueName":"search_term_string"}}],"inLanguage":"fr-FR"},{"@type":"Organization","@id":"https:\/\/abilia.eu\/fr\/#organization","name":"Abilia - Cosm\u00e9tica Natural","url":"https:\/\/abilia.eu\/fr\/","logo":{"@type":"ImageObject","inLanguage":"fr-FR","@id":"https:\/\/abilia.eu\/fr\/#\/schema\/logo\/image\/","url":"https:\/\/abilia.eu\/wp-content\/uploads\/2020\/12\/abilia-logo.jpg","contentUrl":"https:\/\/abilia.eu\/wp-content\/uploads\/2020\/12\/abilia-logo.jpg","width":300,"height":83,"caption":"Abilia - Cosm\u00e9tica Natural"},"image":{"@id":"https:\/\/abilia.eu\/fr\/#\/schema\/logo\/image\/"},"sameAs":["https:\/\/www.facebook.com\/AbiliaCosmeticaNatural\/","https:\/\/www.instagram.com\/abilia.cosmetica\/"]}]}},"_links":{"self":[{"href":"https:\/\/abilia.eu\/fr\/wp-json\/wp\/v2\/pages\/3561","targetHints":{"allow":["GET"]}}],"collection":[{"href":"https:\/\/abilia.eu\/fr\/wp-json\/wp\/v2\/pages"}],"about":[{"href":"https:\/\/abilia.eu\/fr\/wp-json\/wp\/v2\/types\/page"}],"author":[{"embeddable":true,"href":"https:\/\/abilia.eu\/fr\/wp-json\/wp\/v2\/users\/1"}],"replies":[{"embeddable":true,"href":"https:\/\/abilia.eu\/fr\/wp-json\/wp\/v2\/comments?post=3561"}],"version-history":[{"count":0,"href":"https:\/\/abilia.eu\/fr\/wp-json\/wp\/v2\/pages\/3561\/revisions"}],"wp:attachment":[{"href":"https:\/\/abilia.eu\/fr\/wp-json\/wp\/v2\/media?parent=3561"}],"curies":[{"name":"wp","href":"https:\/\/api.w.org\/{rel}","templated":true}]}}