{"id":3556,"date":"2015-03-03T02:10:34","date_gmt":"2015-03-03T02:10:34","guid":{"rendered":"https:\/\/lab.abilia.eu\/mundo-abilia\/"},"modified":"2015-03-03T02:10:34","modified_gmt":"2015-03-03T02:10:34","slug":"mundo-abilia","status":"publish","type":"page","link":"https:\/\/abilia.eu\/fr\/mundo-abilia\/","title":{"rendered":"Mundo Abilia"},"content":{"rendered":"<p>[av_slideshow_full size=&rsquo;no scaling&rsquo; min_height=&rsquo;0px&rsquo; stretch=\u00a0\u00bb animation=&rsquo;fade&rsquo; autoplay=&rsquo;true&rsquo; interval=&rsquo;8&prime; control_layout=&rsquo;av-control-hidden&rsquo; src=\u00a0\u00bb attachment=\u00a0\u00bb attachment_size=\u00a0\u00bb position=&rsquo;top left&rsquo; repeat=&rsquo;no-repeat&rsquo; attach=&rsquo;scroll&rsquo; custom_class=\u00a0\u00bb]<br \/>\n[av_slide_full id=&rsquo;1242&prime;][\/av_slide_full]<br \/>\n[av_slide_full id=&rsquo;1241&prime;][\/av_slide_full]<br \/>\n[av_slide_full id=&rsquo;1240&prime;][\/av_slide_full]<br \/>\n[\/av_slideshow_full]<\/p>\n<p>[av_section min_height=\u00a0\u00bb min_height_px=&rsquo;500px&rsquo; padding=&rsquo;no-padding&rsquo; shadow=&rsquo;no-shadow&rsquo; bottom_border=&rsquo;no-border-styling&rsquo; bottom_border_diagonal_color=&rsquo;#333333&prime; bottom_border_diagonal_direction=\u00a0\u00bb bottom_border_style=\u00a0\u00bb custom_arrow_bg=\u00a0\u00bb id=\u00a0\u00bb color=&rsquo;main_color&rsquo; custom_bg=&rsquo;#94a874&prime; src=\u00a0\u00bb attachment=\u00a0\u00bb attachment_size=\u00a0\u00bb attach=&rsquo;scroll&rsquo; position=&rsquo;top left&rsquo; repeat=&rsquo;no-repeat&rsquo; video=\u00a0\u00bb video_ratio=&rsquo;16:9&prime; overlay_opacity=&rsquo;0.5&prime; overlay_color=\u00a0\u00bb overlay_pattern=\u00a0\u00bb overlay_custom_pattern=\u00a0\u00bb av_element_hidden_in_editor=&rsquo;0&prime; custom_class=\u00a0\u00bb]<\/p>\n<p>[av_heading tag=&rsquo;h2&prime; padding=&rsquo;25&rsquo; heading=&rsquo;<\/p>\n<h2 style=\"margin-top: 30px; color: #ffffff; font-size: 30px;\">mundo abilia<\/h2>\n<p>&lsquo; color=&rsquo;custom-color-heading&rsquo; style=&rsquo;blockquote modern-quote modern-centered&rsquo; custom_font=&rsquo;#ffffff&rsquo; size=&rsquo;30&rsquo; subheading_active=&rsquo;subheading_below&rsquo; subheading_size=&rsquo;20&rsquo; custom_class=\u00a0\u00bb admin_preview_bg=\u00a0\u00bb av-desktop-hide=\u00a0\u00bb av-medium-hide=\u00a0\u00bb av-small-hide=\u00a0\u00bb av-mini-hide=\u00a0\u00bb av-medium-font-size-title=\u00a0\u00bb av-small-font-size-title=\u00a0\u00bb av-mini-font-size-title=\u00a0\u00bb av-medium-font-size=\u00a0\u00bb av-small-font-size=\u00a0\u00bb av-mini-font-size=\u00a0\u00bb]<\/p>\n<h3 style=\"margin-bottom: 30px; color: #ffffff; font-size: 20px;\">Cosm\u00e9tica Natural Ecol\u00f3gica hecha con el coraz\u00f3n<\/h3>\n<p>[\/av_heading]<\/p>\n<p>[av_one_half first min_height=\u00a0\u00bb vertical_alignment=\u00a0\u00bb space=\u00a0\u00bb custom_margin=\u00a0\u00bb margin=&rsquo;0px&rsquo; padding=&rsquo;0px&rsquo; border=\u00a0\u00bb border_color=\u00a0\u00bb radius=&rsquo;0px&rsquo; background_color=\u00a0\u00bb src=\u00a0\u00bb background_position=&rsquo;top left&rsquo; background_repeat=&rsquo;no-repeat&rsquo; animation=\u00a0\u00bb mobile_breaking=\u00a0\u00bb mobile_display=\u00a0\u00bb]<\/p>\n<p>[av_heading tag=&rsquo;h1&prime; padding=&rsquo;0&prime; heading=&rsquo;<\/p>\n<h1 style=\"font-weight: 300; color: #666666;\">Cosmeticos bio naturales. Filosof\u00eda<\/h1>\n<p>&lsquo; color=\u00a0\u00bb style=&rsquo;blockquote modern-quote&rsquo; custom_font=\u00a0\u00bb size=&rsquo;30&rsquo; subheading_active=\u00a0\u00bb subheading_size=&rsquo;15&rsquo; custom_class=\u00a0\u00bb admin_preview_bg=\u00a0\u00bb av-desktop-hide=\u00a0\u00bb av-medium-hide=\u00a0\u00bb av-small-hide=\u00a0\u00bb av-mini-hide=\u00a0\u00bb av-medium-font-size-title=\u00a0\u00bb av-small-font-size-title=\u00a0\u00bb av-mini-font-size-title=\u00a0\u00bb av-medium-font-size=\u00a0\u00bb av-small-font-size=\u00a0\u00bb av-mini-font-size=\u00a0\u00bb][\/av_heading]<\/p>\n<p>[av_textblock size=\u00a0\u00bb font_color=\u00a0\u00bb color=\u00a0\u00bb]<\/p>\n<p style=\"text-align: justify;\">Abilia es el resultado del respeto por la naturaleza y la investigaci\u00f3n constante para descubrir lo mejor de cada planta.<\/p>\n<p style=\"text-align: justify;\">Utiliza ingredientes procedentes de la agricultura ecol\u00f3gica certificada, seleccionados y combinados siguiendo f\u00f3rmulas tradicionales redefinidas tras muchos a\u00f1os de experiencia y dedicaci\u00f3n. \u00a0Con el objetivo de sacar lo mejor de tu belleza.<\/p>\n<p>[\/av_textblock]<\/p>\n<p>[\/av_one_half][av_one_half min_height=\u00a0\u00bb vertical_alignment=\u00a0\u00bb space=\u00a0\u00bb custom_margin=\u00a0\u00bb margin=&rsquo;0px&rsquo; padding=&rsquo;0px&rsquo; border=\u00a0\u00bb border_color=\u00a0\u00bb radius=&rsquo;0px&rsquo; background_color=\u00a0\u00bb src=\u00a0\u00bb background_position=&rsquo;top left&rsquo; background_repeat=&rsquo;no-repeat&rsquo; animation=\u00a0\u00bb mobile_breaking=\u00a0\u00bb mobile_display=\u00a0\u00bb]<\/p>\n<p>[av_image src=&rsquo;https:\/\/abilia.eu\/wp-content\/uploads\/2015\/03\/abejita.jpg&rsquo; attachment=&rsquo;1046&prime; attachment_size=&rsquo;full&rsquo; align=&rsquo;center&rsquo; styling=\u00a0\u00bb hover=\u00a0\u00bb link=\u00a0\u00bb target=\u00a0\u00bb caption=\u00a0\u00bb font_size=\u00a0\u00bb appearance=\u00a0\u00bb overlay_opacity=&rsquo;0.4&prime; overlay_color=&rsquo;#000000&prime; overlay_text_color=&rsquo;#ffffff&rsquo; animation=&rsquo;no-animation&rsquo; custom_class=\u00a0\u00bb admin_preview_bg=\u00a0\u00bb][\/av_image]<\/p>\n<p>[\/av_one_half][av_hr class=&rsquo;default&rsquo; height=&rsquo;50&rsquo; shadow=&rsquo;no-shadow&rsquo; position=&rsquo;center&rsquo; custom_border=&rsquo;av-border-thin&rsquo; custom_width=&rsquo;50px&rsquo; custom_border_color=\u00a0\u00bb custom_margin_top=&rsquo;30px&rsquo; custom_margin_bottom=&rsquo;30px&rsquo; icon_select=&rsquo;yes&rsquo; custom_icon_color=\u00a0\u00bb icon=&rsquo;ue808&prime; av-desktop-hide=\u00a0\u00bb av-medium-hide=\u00a0\u00bb av-small-hide=\u00a0\u00bb av-mini-hide=\u00a0\u00bb]<\/p>\n<p>[av_one_half first min_height=\u00a0\u00bb vertical_alignment=\u00a0\u00bb space=\u00a0\u00bb custom_margin=\u00a0\u00bb margin=&rsquo;0px&rsquo; padding=&rsquo;0px&rsquo; border=\u00a0\u00bb border_color=\u00a0\u00bb radius=&rsquo;0px&rsquo; background_color=\u00a0\u00bb src=\u00a0\u00bb background_position=&rsquo;top left&rsquo; background_repeat=&rsquo;no-repeat&rsquo; animation=\u00a0\u00bb mobile_breaking=\u00a0\u00bb mobile_display=\u00a0\u00bb]<\/p>\n<p>[av_image src=&rsquo;https:\/\/abilia.eu\/wp-content\/uploads\/2015\/03\/mundo8.jpg&rsquo; attachment=&rsquo;1055&prime; attachment_size=&rsquo;full&rsquo; align=&rsquo;center&rsquo; styling=\u00a0\u00bb hover=\u00a0\u00bb link=\u00a0\u00bb target=\u00a0\u00bb caption=\u00a0\u00bb font_size=\u00a0\u00bb appearance=\u00a0\u00bb overlay_opacity=&rsquo;0.4&prime; overlay_color=&rsquo;#000000&prime; overlay_text_color=&rsquo;#ffffff&rsquo; animation=&rsquo;no-animation&rsquo; custom_class=\u00a0\u00bb admin_preview_bg=\u00a0\u00bb][\/av_image]<\/p>\n<p>[\/av_one_half][av_one_half min_height=\u00a0\u00bb vertical_alignment=\u00a0\u00bb space=\u00a0\u00bb custom_margin=\u00a0\u00bb margin=&rsquo;0px&rsquo; padding=&rsquo;0px&rsquo; border=\u00a0\u00bb border_color=\u00a0\u00bb radius=&rsquo;0px&rsquo; background_color=\u00a0\u00bb src=\u00a0\u00bb background_position=&rsquo;top left&rsquo; background_repeat=&rsquo;no-repeat&rsquo; animation=\u00a0\u00bb mobile_breaking=\u00a0\u00bb mobile_display=\u00a0\u00bb]<\/p>\n<p>[av_textblock size=\u00a0\u00bb font_color=\u00a0\u00bb color=\u00a0\u00bb]<br \/>\nLa cosm\u00e9tica natural existe desde la civilizaci\u00f3n del antiguo Egipto, un pueblo obsesionado por la b\u00fasqueda de la belleza. Sin embargo, Abilia va mucho m\u00e1s all\u00e1 de la selecci\u00f3n de productos naturales: nuestros productos espec\u00edficos presentan texturas y formatos evolucionados para una aplicaci\u00f3n de absorci\u00f3n r\u00e1pida y con una efectividad probada.<\/p>\n<p>Apostamos por una calidad sin precedentes, una cosm\u00e9tica sin agua, con hidrolatos, elixires y aceites de exquisita calidad con el fin de concentrar todo el poder de la naturaleza. Nuestra cosm\u00e9tica est\u00e1 desarrollada buscando una identidad propia, con aromas naturales con los que te sientas identificada y te puedan hacer sentir bella y cuidada.<br \/>\n[\/av_textblock]<\/p>\n<p>[\/av_one_half][av_one_half first min_height=\u00a0\u00bb vertical_alignment=\u00a0\u00bb space=\u00a0\u00bb custom_margin=\u00a0\u00bb margin=&rsquo;0px&rsquo; padding=&rsquo;0px&rsquo; border=\u00a0\u00bb border_color=\u00a0\u00bb radius=&rsquo;0px&rsquo; background_color=\u00a0\u00bb src=\u00a0\u00bb background_position=&rsquo;top left&rsquo; background_repeat=&rsquo;no-repeat&rsquo; animation=\u00a0\u00bb mobile_breaking=\u00a0\u00bb mobile_display=\u00a0\u00bb]<\/p>\n<p>[av_heading tag=&rsquo;h3&prime; padding=&rsquo;10&rsquo; heading=&rsquo;Mi Taller&rsquo; color=\u00a0\u00bb style=&rsquo;blockquote modern-quote&rsquo; custom_font=\u00a0\u00bb size=&rsquo;30&rsquo; subheading_active=\u00a0\u00bb subheading_size=&rsquo;15&rsquo; custom_class=\u00a0\u00bb admin_preview_bg=\u00a0\u00bb av-desktop-hide=\u00a0\u00bb av-medium-hide=\u00a0\u00bb av-small-hide=\u00a0\u00bb av-mini-hide=\u00a0\u00bb av-medium-font-size-title=\u00a0\u00bb av-small-font-size-title=\u00a0\u00bb av-mini-font-size-title=\u00a0\u00bb av-medium-font-size=\u00a0\u00bb av-small-font-size=\u00a0\u00bb av-mini-font-size=\u00a0\u00bb][\/av_heading]<\/p>\n<p>[av_textblock size=\u00a0\u00bb font_color=\u00a0\u00bb color=\u00a0\u00bb]<br \/>\nDesde peque\u00f1a trabaj\u00e9 con mis padres en el campo, viv\u00ed y crec\u00ed con la energ\u00eda directa de la tierra, las plantas y los animales. Aprend\u00ed de mi padre el amor y el cari\u00f1o a su trabajo, ellos quer\u00edan mucho a sus animales de la misma forma que cuidaban sus plantas; mi madre utilizaba algunas de las medicinales para nuestras dolencias. Ya de adulta conoc\u00ed el yoga, otra de las grandes fortunas que la vida me ha regalado. Despu\u00e9s de a\u00f1os de pr\u00e1ctica, fue saliendo de dentro de m\u00ed el arte amar a trav\u00e9s de las cremas.<\/p>\n<p>En el a\u00f1o 1982, Estudi\u00e9 capataz forestal en Jaca (Huesca) y all\u00ed, tuve la gran suerte de poder colaborar con el Instituto Pirenaico de Ecolog\u00eda del Consejo Superior de Investigaciones Cient\u00edficas (CSIC), clasificando plantas para su herbario. Entr\u00e9 en contacto con el prestigioso bot\u00e1nico Luis Villar y con el Doctor Monserrat, ambos doctores en biolog\u00eda.<\/p>\n<p>Al a\u00f1o siguiente comenc\u00e9 a elaborar m\u00e1s habitualmente cremas que regalaba a los amigos, despu\u00e9s de a\u00f1os recibiendo muy buenas cr\u00edticas. Me atrev\u00ed a participar en ferias de artesan\u00eda, para ense\u00f1ar todo aquello que sab\u00eda y tanto servicio hac\u00eda a los dem\u00e1s. Desde entonces, he dado varios talleres, destilado en p\u00fablico, he expuesto plantas medicinales, he impartido cursos de reconocimiento, uso de plantas medicinales y elaboraci\u00f3n de pomadas<br \/>\n[\/av_textblock]<\/p>\n<p>[\/av_one_half][av_one_half min_height=\u00a0\u00bb vertical_alignment=\u00a0\u00bb space=\u00a0\u00bb custom_margin=\u00a0\u00bb margin=&rsquo;0px&rsquo; padding=&rsquo;0px&rsquo; border=\u00a0\u00bb border_color=\u00a0\u00bb radius=&rsquo;0px&rsquo; background_color=\u00a0\u00bb src=\u00a0\u00bb background_position=&rsquo;top left&rsquo; background_repeat=&rsquo;no-repeat&rsquo; animation=\u00a0\u00bb mobile_breaking=\u00a0\u00bb mobile_display=\u00a0\u00bb]<\/p>\n<p>[av_image src=&rsquo;https:\/\/abilia.eu\/wp-content\/uploads\/2015\/03\/mundo3.jpg&rsquo; attachment=&rsquo;1048&prime; attachment_size=&rsquo;full&rsquo; align=&rsquo;center&rsquo; styling=\u00a0\u00bb hover=\u00a0\u00bb link=\u00a0\u00bb target=\u00a0\u00bb caption=\u00a0\u00bb font_size=\u00a0\u00bb appearance=\u00a0\u00bb overlay_opacity=&rsquo;0.4&prime; overlay_color=&rsquo;#000000&prime; overlay_text_color=&rsquo;#ffffff&rsquo; animation=&rsquo;no-animation&rsquo; custom_class=\u00a0\u00bb admin_preview_bg=\u00a0\u00bb][\/av_image]<\/p>\n<p>[\/av_one_half][av_one_half first min_height=\u00a0\u00bb vertical_alignment=\u00a0\u00bb space=\u00a0\u00bb custom_margin=\u00a0\u00bb margin=&rsquo;0px&rsquo; padding=&rsquo;0px&rsquo; border=\u00a0\u00bb border_color=\u00a0\u00bb radius=&rsquo;0px&rsquo; background_color=\u00a0\u00bb src=\u00a0\u00bb background_position=&rsquo;top left&rsquo; background_repeat=&rsquo;no-repeat&rsquo; animation=\u00a0\u00bb mobile_breaking=\u00a0\u00bb mobile_display=\u00a0\u00bb]<\/p>\n<p>[av_image src=&rsquo;https:\/\/abilia.eu\/wp-content\/uploads\/2015\/03\/planta_crema01.jpg&rsquo; attachment=&rsquo;1051&prime; attachment_size=&rsquo;full&rsquo; align=&rsquo;center&rsquo; styling=\u00a0\u00bb hover=\u00a0\u00bb link=\u00a0\u00bb target=\u00a0\u00bb caption=\u00a0\u00bb font_size=\u00a0\u00bb appearance=\u00a0\u00bb overlay_opacity=&rsquo;0.4&prime; overlay_color=&rsquo;#000000&prime; overlay_text_color=&rsquo;#ffffff&rsquo; animation=&rsquo;no-animation&rsquo; custom_class=\u00a0\u00bb admin_preview_bg=\u00a0\u00bb][\/av_image]<\/p>\n<p>[\/av_one_half][av_one_half min_height=\u00a0\u00bb vertical_alignment=\u00a0\u00bb space=\u00a0\u00bb custom_margin=\u00a0\u00bb margin=&rsquo;0px&rsquo; padding=&rsquo;0px&rsquo; border=\u00a0\u00bb border_color=\u00a0\u00bb radius=&rsquo;0px&rsquo; background_color=\u00a0\u00bb src=\u00a0\u00bb background_position=&rsquo;top left&rsquo; background_repeat=&rsquo;no-repeat&rsquo; animation=\u00a0\u00bb mobile_breaking=\u00a0\u00bb mobile_display=\u00a0\u00bb]<\/p>\n<p>[av_textblock size=\u00a0\u00bb font_color=\u00a0\u00bb color=\u00a0\u00bb]<br \/>\nDesde peque\u00f1a trabaj\u00e9 con mis padres en el campo, viv\u00ed y crec\u00ed con la energ\u00eda directa de la tierra, las plantas y los animales. Aprend\u00ed de mi padre el amor y el cari\u00f1o a su trabajo, ellos quer\u00edan mucho a sus animales de la misma forma que cuidaban sus plantas; mi madre utilizaba algunas de las medicinales para nuestras dolencias. Ya de adulta conoc\u00ed el yoga, otra de las grandes fortunas que la vida me ha regalado. Despu\u00e9s de a\u00f1os de pr\u00e1ctica, fue saliendo de dentro de m\u00ed el arte amar a trav\u00e9s de las cremas.<\/p>\n<p>En el a\u00f1o 1982, Estudi\u00e9 capataz forestal en Jaca (Huesca) y all\u00ed, tuve la gran suerte de poder colaborar con el Instituto Pirenaico de Ecolog\u00eda del Consejo Superior de Investigaciones Cient\u00edficas (CSIC), clasificando plantas para su herbario. Entr\u00e9 en contacto con el prestigioso bot\u00e1nico Luis Villar y con el Doctor Monserrat, ambos doctores en biolog\u00eda.<\/p>\n<p>Al a\u00f1o siguiente comenc\u00e9 a elaborar m\u00e1s habitualmente cremas que regalaba a los amigos, despu\u00e9s de a\u00f1os recibiendo muy buenas cr\u00edticas. Me atrev\u00ed a participar en ferias de artesan\u00eda, para ense\u00f1ar todo aquello que sab\u00eda y tanto servicio hac\u00eda a los dem\u00e1s. Desde entonces, he dado varios talleres, destilado en p\u00fablico, he expuesto plantas medicinales, he impartido cursos de reconocimiento, uso de plantas medicinales y elaboraci\u00f3n de pomadas<br \/>\n[\/av_textblock]<\/p>\n<p>[\/av_one_half][av_hr class=&rsquo;custom&rsquo; height=&rsquo;50&rsquo; shadow=&rsquo;no-shadow&rsquo; position=&rsquo;center&rsquo; custom_border=&rsquo;av-border-thin&rsquo; custom_width=&rsquo;500px&rsquo; custom_border_color=&rsquo;#ffffff&rsquo; custom_margin_top=&rsquo;50px&rsquo; custom_margin_bottom=&rsquo;50px&rsquo; icon_select=&rsquo;no&rsquo; custom_icon_color=\u00a0\u00bb icon=&rsquo;ue808&prime; font=&rsquo;entypo-fontello&rsquo; custom_class=\u00a0\u00bb admin_preview_bg=\u00a0\u00bb]<\/p>\n<p>[\/av_section]<\/p>\n","protected":false},"excerpt":{"rendered":"<p>[av_slideshow_full size=&rsquo;no scaling&rsquo; min_height=&rsquo;0px&rsquo; stretch=\u00a0\u00bb animation=&rsquo;fade&rsquo; autoplay=&rsquo;true&rsquo; interval=&rsquo;8&prime; control_layout=&rsquo;av-control-hidden&rsquo; src=\u00a0\u00bb attachment=\u00a0\u00bb attachment_size=\u00a0\u00bb position=&rsquo;top left&rsquo; repeat=&rsquo;no-repeat&rsquo; attach=&rsquo;scroll&rsquo; custom_class=\u00a0\u00bb] [av_slide_full id=&rsquo;1242&prime;][\/av_slide_full] [av_slide_full id=&rsquo;1241&prime;][\/av_slide_full] [av_slide_full id=&rsquo;1240&prime;][\/av_slide_full] [\/av_slideshow_full] [av_section min_height=\u00a0\u00bb min_height_px=&rsquo;500px&rsquo; padding=&rsquo;no-padding&rsquo; shadow=&rsquo;no-shadow&rsquo; bottom_border=&rsquo;no-border-styling&rsquo; bottom_border_diagonal_color=&rsquo;#333333&prime; bottom_border_diagonal_direction=\u00a0\u00bb bottom_border_style=\u00a0\u00bb custom_arrow_bg=\u00a0\u00bb id=\u00a0\u00bb color=&rsquo;main_color&rsquo; custom_bg=&rsquo;#94a874&prime; src=\u00a0\u00bb attachment=\u00a0\u00bb attachment_size=\u00a0\u00bb attach=&rsquo;scroll&rsquo; position=&rsquo;top left&rsquo; repeat=&rsquo;no-repeat&rsquo; video=\u00a0\u00bb video_ratio=&rsquo;16:9&prime; overlay_opacity=&rsquo;0.5&prime; overlay_color=\u00a0\u00bb overlay_pattern=\u00a0\u00bb overlay_custom_pattern=\u00a0\u00bb av_element_hidden_in_editor=&rsquo;0&prime; custom_class=\u00a0\u00bb] [av_heading tag=&rsquo;h2&prime; padding=&rsquo;25&rsquo; [&hellip;]<\/p>\n","protected":false},"author":1,"featured_media":0,"parent":0,"menu_order":0,"comment_status":"open","ping_status":"open","template":"","meta":{"inline_featured_image":false,"footnotes":""},"class_list":["post-3556","page","type-page","status-publish","hentry"],"yoast_head":"<!-- This site is optimized with the Yoast SEO plugin v27.3 - https:\/\/yoast.com\/product\/yoast-seo-wordpress\/ -->\n<title>Mundo Abilia - Abilia Cosm\u00e9tica Natural<\/title>\n<meta name=\"description\" content=\"Abilia es el resultado del respeto por la naturaleza y la investigaci\u00f3n constante para descubrir lo mejor de cada planta con f\u00f3rmulas tradicionales.\" \/>\n<meta name=\"robots\" content=\"index, follow, max-snippet:-1, max-image-preview:large, max-video-preview:-1\" \/>\n<link rel=\"canonical\" href=\"https:\/\/abilia.eu\/fr\/mundo-abilia\/\" \/>\n<meta property=\"og:locale\" content=\"fr_FR\" \/>\n<meta property=\"og:type\" content=\"article\" \/>\n<meta property=\"og:title\" content=\"Mundo Abilia - Abilia Cosm\u00e9tica Natural\" \/>\n<meta property=\"og:description\" content=\"Abilia es el resultado del respeto por la naturaleza y la investigaci\u00f3n constante para descubrir lo mejor de cada planta con f\u00f3rmulas tradicionales.\" \/>\n<meta property=\"og:url\" content=\"https:\/\/abilia.eu\/fr\/mundo-abilia\/\" \/>\n<meta property=\"og:site_name\" content=\"Abilia (LAB)\" \/>\n<meta property=\"article:publisher\" content=\"https:\/\/www.facebook.com\/AbiliaCosmeticaNatural\/\" \/>\n<meta property=\"og:image\" content=\"https:\/\/abilia.eu\/wp-content\/uploads\/2021\/01\/abilia-logo-mundo-1.jpg\" \/>\n\t<meta property=\"og:image:width\" content=\"600\" \/>\n\t<meta property=\"og:image:height\" content=\"182\" \/>\n\t<meta property=\"og:image:type\" content=\"image\/jpeg\" \/>\n<meta name=\"twitter:card\" content=\"summary_large_image\" \/>\n<meta name=\"twitter:label1\" content=\"Dur\u00e9e de lecture estim\u00e9e\" \/>\n\t<meta name=\"twitter:data1\" content=\"9 minutes\" \/>\n<script type=\"application\/ld+json\" class=\"yoast-schema-graph\">{\"@context\":\"https:\\\/\\\/schema.org\",\"@graph\":[{\"@type\":\"WebPage\",\"@id\":\"https:\\\/\\\/abilia.eu\\\/fr\\\/mundo-abilia\\\/\",\"url\":\"https:\\\/\\\/abilia.eu\\\/fr\\\/mundo-abilia\\\/\",\"name\":\"Mundo Abilia - Abilia Cosm\u00e9tica Natural\",\"isPartOf\":{\"@id\":\"https:\\\/\\\/abilia.eu\\\/fr\\\/#website\"},\"datePublished\":\"2015-03-03T02:10:34+00:00\",\"description\":\"Abilia es el resultado del respeto por la naturaleza y la investigaci\u00f3n constante para descubrir lo mejor de cada planta con f\u00f3rmulas tradicionales.\",\"breadcrumb\":{\"@id\":\"https:\\\/\\\/abilia.eu\\\/fr\\\/mundo-abilia\\\/#breadcrumb\"},\"inLanguage\":\"fr-FR\",\"potentialAction\":[{\"@type\":\"ReadAction\",\"target\":[\"https:\\\/\\\/abilia.eu\\\/fr\\\/mundo-abilia\\\/\"]}]},{\"@type\":\"BreadcrumbList\",\"@id\":\"https:\\\/\\\/abilia.eu\\\/fr\\\/mundo-abilia\\\/#breadcrumb\",\"itemListElement\":[{\"@type\":\"ListItem\",\"position\":1,\"name\":\"Portada\",\"item\":\"https:\\\/\\\/abilia.eu\\\/fr\\\/\"},{\"@type\":\"ListItem\",\"position\":2,\"name\":\"Mundo Abilia\"}]},{\"@type\":\"WebSite\",\"@id\":\"https:\\\/\\\/abilia.eu\\\/fr\\\/#website\",\"url\":\"https:\\\/\\\/abilia.eu\\\/fr\\\/\",\"name\":\"Abilia (LAB)\",\"description\":\"Cosm\u00e9tica natural\",\"publisher\":{\"@id\":\"https:\\\/\\\/abilia.eu\\\/fr\\\/#organization\"},\"potentialAction\":[{\"@type\":\"SearchAction\",\"target\":{\"@type\":\"EntryPoint\",\"urlTemplate\":\"https:\\\/\\\/abilia.eu\\\/fr\\\/?s={search_term_string}\"},\"query-input\":{\"@type\":\"PropertyValueSpecification\",\"valueRequired\":true,\"valueName\":\"search_term_string\"}}],\"inLanguage\":\"fr-FR\"},{\"@type\":\"Organization\",\"@id\":\"https:\\\/\\\/abilia.eu\\\/fr\\\/#organization\",\"name\":\"Abilia - Cosm\u00e9tica Natural\",\"url\":\"https:\\\/\\\/abilia.eu\\\/fr\\\/\",\"logo\":{\"@type\":\"ImageObject\",\"inLanguage\":\"fr-FR\",\"@id\":\"https:\\\/\\\/abilia.eu\\\/fr\\\/#\\\/schema\\\/logo\\\/image\\\/\",\"url\":\"https:\\\/\\\/abilia.eu\\\/wp-content\\\/uploads\\\/2020\\\/12\\\/abilia-logo.jpg\",\"contentUrl\":\"https:\\\/\\\/abilia.eu\\\/wp-content\\\/uploads\\\/2020\\\/12\\\/abilia-logo.jpg\",\"width\":300,\"height\":83,\"caption\":\"Abilia - Cosm\u00e9tica Natural\"},\"image\":{\"@id\":\"https:\\\/\\\/abilia.eu\\\/fr\\\/#\\\/schema\\\/logo\\\/image\\\/\"},\"sameAs\":[\"https:\\\/\\\/www.facebook.com\\\/AbiliaCosmeticaNatural\\\/\",\"https:\\\/\\\/www.instagram.com\\\/abilia.cosmetica\\\/\"]}]}<\/script>\n<!-- \/ Yoast SEO plugin. -->","yoast_head_json":{"title":"Mundo Abilia - Abilia Cosm\u00e9tica Natural","description":"Abilia es el resultado del respeto por la naturaleza y la investigaci\u00f3n constante para descubrir lo mejor de cada planta con f\u00f3rmulas tradicionales.","robots":{"index":"index","follow":"follow","max-snippet":"max-snippet:-1","max-image-preview":"max-image-preview:large","max-video-preview":"max-video-preview:-1"},"canonical":"https:\/\/abilia.eu\/fr\/mundo-abilia\/","og_locale":"fr_FR","og_type":"article","og_title":"Mundo Abilia - Abilia Cosm\u00e9tica Natural","og_description":"Abilia es el resultado del respeto por la naturaleza y la investigaci\u00f3n constante para descubrir lo mejor de cada planta con f\u00f3rmulas tradicionales.","og_url":"https:\/\/abilia.eu\/fr\/mundo-abilia\/","og_site_name":"Abilia (LAB)","article_publisher":"https:\/\/www.facebook.com\/AbiliaCosmeticaNatural\/","og_image":[{"width":600,"height":182,"url":"https:\/\/abilia.eu\/wp-content\/uploads\/2021\/01\/abilia-logo-mundo-1.jpg","type":"image\/jpeg"}],"twitter_card":"summary_large_image","twitter_misc":{"Dur\u00e9e de lecture estim\u00e9e":"9 minutes"},"schema":{"@context":"https:\/\/schema.org","@graph":[{"@type":"WebPage","@id":"https:\/\/abilia.eu\/fr\/mundo-abilia\/","url":"https:\/\/abilia.eu\/fr\/mundo-abilia\/","name":"Mundo Abilia - Abilia Cosm\u00e9tica Natural","isPartOf":{"@id":"https:\/\/abilia.eu\/fr\/#website"},"datePublished":"2015-03-03T02:10:34+00:00","description":"Abilia es el resultado del respeto por la naturaleza y la investigaci\u00f3n constante para descubrir lo mejor de cada planta con f\u00f3rmulas tradicionales.","breadcrumb":{"@id":"https:\/\/abilia.eu\/fr\/mundo-abilia\/#breadcrumb"},"inLanguage":"fr-FR","potentialAction":[{"@type":"ReadAction","target":["https:\/\/abilia.eu\/fr\/mundo-abilia\/"]}]},{"@type":"BreadcrumbList","@id":"https:\/\/abilia.eu\/fr\/mundo-abilia\/#breadcrumb","itemListElement":[{"@type":"ListItem","position":1,"name":"Portada","item":"https:\/\/abilia.eu\/fr\/"},{"@type":"ListItem","position":2,"name":"Mundo Abilia"}]},{"@type":"WebSite","@id":"https:\/\/abilia.eu\/fr\/#website","url":"https:\/\/abilia.eu\/fr\/","name":"Abilia (LAB)","description":"Cosm\u00e9tica natural","publisher":{"@id":"https:\/\/abilia.eu\/fr\/#organization"},"potentialAction":[{"@type":"SearchAction","target":{"@type":"EntryPoint","urlTemplate":"https:\/\/abilia.eu\/fr\/?s={search_term_string}"},"query-input":{"@type":"PropertyValueSpecification","valueRequired":true,"valueName":"search_term_string"}}],"inLanguage":"fr-FR"},{"@type":"Organization","@id":"https:\/\/abilia.eu\/fr\/#organization","name":"Abilia - Cosm\u00e9tica Natural","url":"https:\/\/abilia.eu\/fr\/","logo":{"@type":"ImageObject","inLanguage":"fr-FR","@id":"https:\/\/abilia.eu\/fr\/#\/schema\/logo\/image\/","url":"https:\/\/abilia.eu\/wp-content\/uploads\/2020\/12\/abilia-logo.jpg","contentUrl":"https:\/\/abilia.eu\/wp-content\/uploads\/2020\/12\/abilia-logo.jpg","width":300,"height":83,"caption":"Abilia - Cosm\u00e9tica Natural"},"image":{"@id":"https:\/\/abilia.eu\/fr\/#\/schema\/logo\/image\/"},"sameAs":["https:\/\/www.facebook.com\/AbiliaCosmeticaNatural\/","https:\/\/www.instagram.com\/abilia.cosmetica\/"]}]}},"_links":{"self":[{"href":"https:\/\/abilia.eu\/fr\/wp-json\/wp\/v2\/pages\/3556","targetHints":{"allow":["GET"]}}],"collection":[{"href":"https:\/\/abilia.eu\/fr\/wp-json\/wp\/v2\/pages"}],"about":[{"href":"https:\/\/abilia.eu\/fr\/wp-json\/wp\/v2\/types\/page"}],"author":[{"embeddable":true,"href":"https:\/\/abilia.eu\/fr\/wp-json\/wp\/v2\/users\/1"}],"replies":[{"embeddable":true,"href":"https:\/\/abilia.eu\/fr\/wp-json\/wp\/v2\/comments?post=3556"}],"version-history":[{"count":0,"href":"https:\/\/abilia.eu\/fr\/wp-json\/wp\/v2\/pages\/3556\/revisions"}],"wp:attachment":[{"href":"https:\/\/abilia.eu\/fr\/wp-json\/wp\/v2\/media?parent=3556"}],"curies":[{"name":"wp","href":"https:\/\/api.w.org\/{rel}","templated":true}]}}