{"id":3576,"date":"2016-02-29T19:56:49","date_gmt":"2016-02-29T19:56:49","guid":{"rendered":"https:\/\/lab.abilia.eu\/contacta\/"},"modified":"2021-01-21T15:55:30","modified_gmt":"2021-01-21T15:55:30","slug":"contact-us","status":"publish","type":"page","link":"https:\/\/abilia.eu\/en\/contact-us\/","title":{"rendered":"Contact us"},"content":{"rendered":"<div class=\"wpb-content-wrapper\"><p>[vc_row][vc_column][vc_empty_space height=&#8221;60px&#8221;][\/vc_column][\/vc_row][vc_row el_id=&#8221;contacto&#8221;][vc_column width=&#8221;1\/2&#8243;][vc_single_image image=&#8221;3517&#8243; img_size=&#8221;large&#8221;][vc_column_text]<\/p>\n<h4>Because nature is the essence of beauty<\/h4>\n<p>[\/vc_column_text][vc_column_text]<\/p>\n<h2>Contact us<\/h2>\n<p>[\/vc_column_text][vc_column_text]<\/p>\n<p style=\"margin-bottom: 7px;\"><strong>Phone<\/strong>: +34 683 543 776<br \/>\nFrom Monday to Friday, from 9:00 am to 5:00 pm<br \/>\n<strong>Email<\/strong>: <a href=\"mailto:contacto@abilia.eu\">contacto@abilia.eu<\/a><\/p>\n<p style=\"margin-bottom: 7px;\">If you have any questions or queries directly to Abilia, you can contact her personally through the email account: <a href=\"mailto:abilia@abilia.eu\">abilia@abilia.eu<\/a><\/p>\n<p style=\"margin-bottom: 7px;\"><strong>Brands, products and contents managed by: <\/strong><br \/>\nNexus Internet Cosmetics Services sl<br \/>\nMila y Fontanals, 141-145<br \/>\n08205 Sabadell (Spain)<br \/>\nNIF: B66967514<\/p>\n<p>[\/vc_column_text][\/vc_column][vc_column width=&#8221;1\/2&#8243;]\n<div class=\"wpcf7 no-js\" id=\"wpcf7-f4001-o1\" lang=\"es-ES\" dir=\"ltr\" data-wpcf7-id=\"4001\">\n<div class=\"screen-reader-response\"><p role=\"status\" aria-live=\"polite\" aria-atomic=\"true\"><\/p> <ul><\/ul><\/div>\n<form action=\"\/en\/wp-json\/wp\/v2\/pages\/3576#wpcf7-f4001-o1\" method=\"post\" class=\"wpcf7-form init\" aria-label=\"Formulario de contacto\" novalidate=\"novalidate\" data-status=\"init\">\n<fieldset class=\"hidden-fields-container\"><input type=\"hidden\" name=\"_wpcf7\" value=\"4001\" \/><input type=\"hidden\" name=\"_wpcf7_version\" value=\"6.1.5\" \/><input type=\"hidden\" name=\"_wpcf7_locale\" value=\"es_ES\" \/><input type=\"hidden\" name=\"_wpcf7_unit_tag\" value=\"wpcf7-f4001-o1\" \/><input type=\"hidden\" name=\"_wpcf7_container_post\" value=\"0\" \/><input type=\"hidden\" name=\"_wpcf7_posted_data_hash\" value=\"\" \/><input type=\"hidden\" name=\"_wpcf7_recaptcha_response\" value=\"\" \/>\n<\/fieldset>\n<p><label><span class=\"wpcf7-form-control-wrap\" data-name=\"your-name\"><input size=\"40\" maxlength=\"400\" class=\"wpcf7-form-control wpcf7-text wpcf7-validates-as-required\" aria-required=\"true\" aria-invalid=\"false\" placeholder=\"Your name\" value=\"\" type=\"text\" name=\"your-name\" \/><\/span><\/label><br \/>\n<label><span class=\"wpcf7-form-control-wrap\" data-name=\"your-email\"><input size=\"40\" maxlength=\"400\" class=\"wpcf7-form-control wpcf7-email wpcf7-validates-as-required wpcf7-text wpcf7-validates-as-email\" aria-required=\"true\" aria-invalid=\"false\" placeholder=\"Your email address\" value=\"\" type=\"email\" name=\"your-email\" \/><\/span><\/label><br \/>\n<label><span class=\"wpcf7-form-control-wrap\" data-name=\"your-subject\"><input size=\"40\" maxlength=\"400\" class=\"wpcf7-form-control wpcf7-text wpcf7-validates-as-required\" aria-required=\"true\" aria-invalid=\"false\" placeholder=\"Subject\" value=\"\" type=\"text\" name=\"your-subject\" \/><\/span><\/label><br \/>\n<label><span class=\"wpcf7-form-control-wrap\" data-name=\"your-message\"><textarea cols=\"40\" rows=\"10\" maxlength=\"2000\" class=\"wpcf7-form-control wpcf7-textarea wpcf7-validates-as-required\" aria-required=\"true\" aria-invalid=\"false\" placeholder=\"Your message\" name=\"your-message\"><\/textarea><\/span><\/label><br \/>\n<label style=\"margin-bottom:30px;\"><span class=\"wpcf7-form-control-wrap\" data-name=\"acceptance-230\"><span class=\"wpcf7-form-control wpcf7-acceptance\"><span class=\"wpcf7-list-item\"><label><input type=\"checkbox\" name=\"acceptance-230\" value=\"1\" aria-invalid=\"false\" \/><span class=\"wpcf7-list-item-label\">I have read and accept the privacy policy of Abilia.eu by using this form.<\/span><\/label><\/span><\/span><\/span><\/label>\n<\/p>\n<p><label><input class=\"wpcf7-form-control wpcf7-submit has-spinner\" type=\"submit\" value=\"Send\" \/><\/label>\n<\/p><div class=\"wpcf7-response-output\" aria-hidden=\"true\"><\/div>\n<\/form>\n<\/div>\n[\/vc_column][\/vc_row][vc_row][vc_column][vc_empty_space height=&#8221;60&#8243;][vc_column_text]Our lab works exclusively with natural and ecological cosmetics. It has all the audits, standards and licences to elaborate and package our products in the most impeccable, safe way and with a rigorous ecological certification. We have the advances and techniques necessary for the elaboration of our products, and we have highly qualified personnel as well as an important collaboration with leading companies in R+D+I. All this results in unique, highly elaborated formulas and a safe final product, with a tangible efficiency and high quality.[\/vc_column_text][\/vc_column][\/vc_row]<\/p>\n<\/div>","protected":false},"excerpt":{"rendered":"<p>[vc_row][vc_column][vc_empty_space height=&#8221;60px&#8221;][\/vc_column][\/vc_row][vc_row el_id=&#8221;contacto&#8221;][vc_column width=&#8221;1\/2&#8243;][vc_single_image image=&#8221;3517&#8243; img_size=&#8221;large&#8221;][vc_column_text] Because nature is the essence of beauty [\/vc_column_text][vc_column_text] Contact us [\/vc_column_text][vc_column_text] Phone: +34 683 543 776 From Monday to Friday, from 9:00 am to 5:00 pm Email: contacto@abilia.eu If you have any questions or queries directly to Abilia, you can contact her personally through the email account: abilia@abilia.eu Brands, [&hellip;]<\/p>\n","protected":false},"author":1,"featured_media":0,"parent":0,"menu_order":0,"comment_status":"open","ping_status":"closed","template":"page-boxed.php","meta":{"inline_featured_image":false,"footnotes":""},"class_list":["post-3576","page","type-page","status-publish","hentry"],"yoast_head":"<!-- This site is optimized with the Yoast SEO plugin v27.4 - https:\/\/yoast.com\/product\/yoast-seo-wordpress\/ -->\n<title>Contact us | Abilia Natural Cosmetics<\/title>\n<meta name=\"description\" content=\"Si deseas formular alguna consulta o pregunta puedes contactar con nosotros mediante tel\u00e9fono o correo electr\u00f3nico en est\u00e1 p\u00e1gina.\" \/>\n<meta name=\"robots\" content=\"index, follow, max-snippet:-1, max-image-preview:large, max-video-preview:-1\" \/>\n<link rel=\"canonical\" href=\"https:\/\/abilia.eu\/contacta\/\" \/>\n<meta property=\"og:locale\" content=\"en_US\" \/>\n<meta property=\"og:type\" content=\"article\" \/>\n<meta property=\"og:title\" content=\"Contact us | Abilia Natural Cosmetics\" \/>\n<meta property=\"og:description\" content=\"Si deseas formular alguna consulta o pregunta puedes contactar con nosotros mediante tel\u00e9fono o correo electr\u00f3nico en est\u00e1 p\u00e1gina.\" \/>\n<meta property=\"og:url\" content=\"https:\/\/abilia.eu\/contacta\/\" \/>\n<meta property=\"og:site_name\" content=\"Abilia\" \/>\n<meta property=\"article:publisher\" content=\"https:\/\/www.facebook.com\/AbiliaCosmeticaNatural\/\" \/>\n<meta property=\"article:modified_time\" content=\"2021-01-21T15:55:30+00:00\" \/>\n<meta property=\"og:image\" content=\"https:\/\/abilia.eu\/wp-content\/uploads\/2021\/01\/abilia-logo-mundo-1.jpg\" \/>\n\t<meta property=\"og:image:width\" content=\"600\" \/>\n\t<meta property=\"og:image:height\" content=\"182\" \/>\n\t<meta property=\"og:image:type\" content=\"image\/jpeg\" \/>\n<meta name=\"twitter:card\" content=\"summary_large_image\" \/>\n<meta name=\"twitter:label1\" content=\"Est. reading time\" \/>\n\t<meta name=\"twitter:data1\" content=\"1 minute\" \/>\n<script type=\"application\/ld+json\" class=\"yoast-schema-graph\">{\"@context\":\"https:\\\/\\\/schema.org\",\"@graph\":[{\"@type\":\"WebPage\",\"@id\":\"https:\\\/\\\/abilia.eu\\\/contacta\\\/\",\"url\":\"https:\\\/\\\/abilia.eu\\\/contacta\\\/\",\"name\":\"Contact us | Abilia Natural Cosmetics\",\"isPartOf\":{\"@id\":\"https:\\\/\\\/abilia.eu\\\/fr\\\/#website\"},\"datePublished\":\"2016-02-29T19:56:49+00:00\",\"dateModified\":\"2021-01-21T15:55:30+00:00\",\"description\":\"Si deseas formular alguna consulta o pregunta puedes contactar con nosotros mediante tel\u00e9fono o correo electr\u00f3nico en est\u00e1 p\u00e1gina.\",\"breadcrumb\":{\"@id\":\"https:\\\/\\\/abilia.eu\\\/contacta\\\/#breadcrumb\"},\"inLanguage\":\"en-US\",\"potentialAction\":[{\"@type\":\"ReadAction\",\"target\":[\"https:\\\/\\\/abilia.eu\\\/contacta\\\/\"]}]},{\"@type\":\"BreadcrumbList\",\"@id\":\"https:\\\/\\\/abilia.eu\\\/contacta\\\/#breadcrumb\",\"itemListElement\":[{\"@type\":\"ListItem\",\"position\":1,\"name\":\"Portada\",\"item\":\"https:\\\/\\\/abilia.eu\\\/en\\\/\"},{\"@type\":\"ListItem\",\"position\":2,\"name\":\"Contact us\"}]},{\"@type\":\"WebSite\",\"@id\":\"https:\\\/\\\/abilia.eu\\\/fr\\\/#website\",\"url\":\"https:\\\/\\\/abilia.eu\\\/fr\\\/\",\"name\":\"Abilia\",\"description\":\"Cosm\u00e9tica natural\",\"publisher\":{\"@id\":\"https:\\\/\\\/abilia.eu\\\/fr\\\/#organization\"},\"potentialAction\":[{\"@type\":\"SearchAction\",\"target\":{\"@type\":\"EntryPoint\",\"urlTemplate\":\"https:\\\/\\\/abilia.eu\\\/fr\\\/?s={search_term_string}\"},\"query-input\":{\"@type\":\"PropertyValueSpecification\",\"valueRequired\":true,\"valueName\":\"search_term_string\"}}],\"inLanguage\":\"en-US\"},{\"@type\":\"Organization\",\"@id\":\"https:\\\/\\\/abilia.eu\\\/fr\\\/#organization\",\"name\":\"Abilia - Cosm\u00e9tica Natural\",\"url\":\"https:\\\/\\\/abilia.eu\\\/fr\\\/\",\"logo\":{\"@type\":\"ImageObject\",\"inLanguage\":\"en-US\",\"@id\":\"https:\\\/\\\/abilia.eu\\\/fr\\\/#\\\/schema\\\/logo\\\/image\\\/\",\"url\":\"https:\\\/\\\/abilia.eu\\\/wp-content\\\/uploads\\\/2020\\\/12\\\/abilia-logo.jpg\",\"contentUrl\":\"https:\\\/\\\/abilia.eu\\\/wp-content\\\/uploads\\\/2020\\\/12\\\/abilia-logo.jpg\",\"width\":300,\"height\":83,\"caption\":\"Abilia - Cosm\u00e9tica Natural\"},\"image\":{\"@id\":\"https:\\\/\\\/abilia.eu\\\/fr\\\/#\\\/schema\\\/logo\\\/image\\\/\"},\"sameAs\":[\"https:\\\/\\\/www.facebook.com\\\/AbiliaCosmeticaNatural\\\/\",\"https:\\\/\\\/www.instagram.com\\\/abilia.cosmetica\\\/\"]}]}<\/script>\n<!-- \/ Yoast SEO plugin. -->","yoast_head_json":{"title":"Contact us | Abilia Natural Cosmetics","description":"Si deseas formular alguna consulta o pregunta puedes contactar con nosotros mediante tel\u00e9fono o correo electr\u00f3nico en est\u00e1 p\u00e1gina.","robots":{"index":"index","follow":"follow","max-snippet":"max-snippet:-1","max-image-preview":"max-image-preview:large","max-video-preview":"max-video-preview:-1"},"canonical":"https:\/\/abilia.eu\/contacta\/","og_locale":"en_US","og_type":"article","og_title":"Contact us | Abilia Natural Cosmetics","og_description":"Si deseas formular alguna consulta o pregunta puedes contactar con nosotros mediante tel\u00e9fono o correo electr\u00f3nico en est\u00e1 p\u00e1gina.","og_url":"https:\/\/abilia.eu\/contacta\/","og_site_name":"Abilia","article_publisher":"https:\/\/www.facebook.com\/AbiliaCosmeticaNatural\/","article_modified_time":"2021-01-21T15:55:30+00:00","og_image":[{"width":600,"height":182,"url":"https:\/\/abilia.eu\/wp-content\/uploads\/2021\/01\/abilia-logo-mundo-1.jpg","type":"image\/jpeg"}],"twitter_card":"summary_large_image","twitter_misc":{"Est. reading time":"1 minute"},"schema":{"@context":"https:\/\/schema.org","@graph":[{"@type":"WebPage","@id":"https:\/\/abilia.eu\/contacta\/","url":"https:\/\/abilia.eu\/contacta\/","name":"Contact us | Abilia Natural Cosmetics","isPartOf":{"@id":"https:\/\/abilia.eu\/fr\/#website"},"datePublished":"2016-02-29T19:56:49+00:00","dateModified":"2021-01-21T15:55:30+00:00","description":"Si deseas formular alguna consulta o pregunta puedes contactar con nosotros mediante tel\u00e9fono o correo electr\u00f3nico en est\u00e1 p\u00e1gina.","breadcrumb":{"@id":"https:\/\/abilia.eu\/contacta\/#breadcrumb"},"inLanguage":"en-US","potentialAction":[{"@type":"ReadAction","target":["https:\/\/abilia.eu\/contacta\/"]}]},{"@type":"BreadcrumbList","@id":"https:\/\/abilia.eu\/contacta\/#breadcrumb","itemListElement":[{"@type":"ListItem","position":1,"name":"Portada","item":"https:\/\/abilia.eu\/en\/"},{"@type":"ListItem","position":2,"name":"Contact us"}]},{"@type":"WebSite","@id":"https:\/\/abilia.eu\/fr\/#website","url":"https:\/\/abilia.eu\/fr\/","name":"Abilia","description":"Cosm\u00e9tica natural","publisher":{"@id":"https:\/\/abilia.eu\/fr\/#organization"},"potentialAction":[{"@type":"SearchAction","target":{"@type":"EntryPoint","urlTemplate":"https:\/\/abilia.eu\/fr\/?s={search_term_string}"},"query-input":{"@type":"PropertyValueSpecification","valueRequired":true,"valueName":"search_term_string"}}],"inLanguage":"en-US"},{"@type":"Organization","@id":"https:\/\/abilia.eu\/fr\/#organization","name":"Abilia - Cosm\u00e9tica Natural","url":"https:\/\/abilia.eu\/fr\/","logo":{"@type":"ImageObject","inLanguage":"en-US","@id":"https:\/\/abilia.eu\/fr\/#\/schema\/logo\/image\/","url":"https:\/\/abilia.eu\/wp-content\/uploads\/2020\/12\/abilia-logo.jpg","contentUrl":"https:\/\/abilia.eu\/wp-content\/uploads\/2020\/12\/abilia-logo.jpg","width":300,"height":83,"caption":"Abilia - Cosm\u00e9tica Natural"},"image":{"@id":"https:\/\/abilia.eu\/fr\/#\/schema\/logo\/image\/"},"sameAs":["https:\/\/www.facebook.com\/AbiliaCosmeticaNatural\/","https:\/\/www.instagram.com\/abilia.cosmetica\/"]}]}},"_links":{"self":[{"href":"https:\/\/abilia.eu\/en\/wp-json\/wp\/v2\/pages\/3576","targetHints":{"allow":["GET"]}}],"collection":[{"href":"https:\/\/abilia.eu\/en\/wp-json\/wp\/v2\/pages"}],"about":[{"href":"https:\/\/abilia.eu\/en\/wp-json\/wp\/v2\/types\/page"}],"author":[{"embeddable":true,"href":"https:\/\/abilia.eu\/en\/wp-json\/wp\/v2\/users\/1"}],"replies":[{"embeddable":true,"href":"https:\/\/abilia.eu\/en\/wp-json\/wp\/v2\/comments?post=3576"}],"version-history":[{"count":0,"href":"https:\/\/abilia.eu\/en\/wp-json\/wp\/v2\/pages\/3576\/revisions"}],"wp:attachment":[{"href":"https:\/\/abilia.eu\/en\/wp-json\/wp\/v2\/media?parent=3576"}],"curies":[{"name":"wp","href":"https:\/\/api.w.org\/{rel}","templated":true}]}}