{"id":3554,"date":"2015-03-03T02:10:34","date_gmt":"2015-03-03T02:10:34","guid":{"rendered":"https:\/\/lab.abilia.eu\/mundo-abilia\/"},"modified":"2015-03-03T02:10:34","modified_gmt":"2015-03-03T02:10:34","slug":"mundo-abilia","status":"publish","type":"page","link":"https:\/\/abilia.eu\/en\/mundo-abilia\/","title":{"rendered":"Mundo Abilia"},"content":{"rendered":"<p>[av_slideshow_full size=&#8217;no scaling&#8217; min_height=&#8217;0px&#8217; stretch=&#8221; animation=&#8217;fade&#8217; autoplay=&#8217;true&#8217; interval=&#8217;8&#8242; control_layout=&#8217;av-control-hidden&#8217; src=&#8221; attachment=&#8221; attachment_size=&#8221; position=&#8217;top left&#8217; repeat=&#8217;no-repeat&#8217; attach=&#8217;scroll&#8217; custom_class=&#8221;]<br \/>\n[av_slide_full id=&#8217;1242&#8242;][\/av_slide_full]<br \/>\n[av_slide_full id=&#8217;1241&#8242;][\/av_slide_full]<br \/>\n[av_slide_full id=&#8217;1240&#8242;][\/av_slide_full]<br \/>\n[\/av_slideshow_full]<\/p>\n<p>[av_section min_height=&#8221; min_height_px=&#8217;500px&#8217; padding=&#8217;no-padding&#8217; shadow=&#8217;no-shadow&#8217; bottom_border=&#8217;no-border-styling&#8217; bottom_border_diagonal_color=&#8217;#333333&#8242; bottom_border_diagonal_direction=&#8221; bottom_border_style=&#8221; custom_arrow_bg=&#8221; id=&#8221; color=&#8217;main_color&#8217; custom_bg=&#8217;#94a874&#8242; src=&#8221; attachment=&#8221; attachment_size=&#8221; attach=&#8217;scroll&#8217; position=&#8217;top left&#8217; repeat=&#8217;no-repeat&#8217; video=&#8221; video_ratio=&#8217;16:9&#8242; overlay_opacity=&#8217;0.5&#8242; overlay_color=&#8221; overlay_pattern=&#8221; overlay_custom_pattern=&#8221; av_element_hidden_in_editor=&#8217;0&#8242; custom_class=&#8221;]<\/p>\n<p>[av_heading tag=&#8217;h2&#8242; padding=&#8217;25&#8217; heading=&#8217;<\/p>\n<h2 style=\"margin-top: 30px; color: #ffffff; font-size: 30px;\">mundo abilia<\/h2>\n<p>&#8216; color=&#8217;custom-color-heading&#8217; style=&#8217;blockquote modern-quote modern-centered&#8217; custom_font=&#8217;#ffffff&#8217; size=&#8217;30&#8217; subheading_active=&#8217;subheading_below&#8217; subheading_size=&#8217;20&#8217; custom_class=&#8221; admin_preview_bg=&#8221; av-desktop-hide=&#8221; av-medium-hide=&#8221; av-small-hide=&#8221; av-mini-hide=&#8221; av-medium-font-size-title=&#8221; av-small-font-size-title=&#8221; av-mini-font-size-title=&#8221; av-medium-font-size=&#8221; av-small-font-size=&#8221; av-mini-font-size=&#8221;]<\/p>\n<h3 style=\"margin-bottom: 30px; color: #ffffff; font-size: 20px;\">Cosm\u00e9tica Natural Ecol\u00f3gica hecha con el coraz\u00f3n<\/h3>\n<p>[\/av_heading]<\/p>\n<p>[av_one_half first min_height=&#8221; vertical_alignment=&#8221; space=&#8221; custom_margin=&#8221; margin=&#8217;0px&#8217; padding=&#8217;0px&#8217; border=&#8221; border_color=&#8221; radius=&#8217;0px&#8217; background_color=&#8221; src=&#8221; background_position=&#8217;top left&#8217; background_repeat=&#8217;no-repeat&#8217; animation=&#8221; mobile_breaking=&#8221; mobile_display=&#8221;]<\/p>\n<p>[av_heading tag=&#8217;h1&#8242; padding=&#8217;0&#8242; heading=&#8217;<\/p>\n<h1 style=\"font-weight: 300; color: #666666;\">Cosmeticos bio naturales. Filosof\u00eda<\/h1>\n<p>&#8216; color=&#8221; style=&#8217;blockquote modern-quote&#8217; custom_font=&#8221; size=&#8217;30&#8217; subheading_active=&#8221; subheading_size=&#8217;15&#8217; custom_class=&#8221; admin_preview_bg=&#8221; av-desktop-hide=&#8221; av-medium-hide=&#8221; av-small-hide=&#8221; av-mini-hide=&#8221; av-medium-font-size-title=&#8221; av-small-font-size-title=&#8221; av-mini-font-size-title=&#8221; av-medium-font-size=&#8221; av-small-font-size=&#8221; av-mini-font-size=&#8221;][\/av_heading]<\/p>\n<p>[av_textblock size=&#8221; font_color=&#8221; color=&#8221;]<\/p>\n<p style=\"text-align: justify;\">Abilia es el resultado del respeto por la naturaleza y la investigaci\u00f3n constante para descubrir lo mejor de cada planta.<\/p>\n<p style=\"text-align: justify;\">Utiliza ingredientes procedentes de la agricultura ecol\u00f3gica certificada, seleccionados y combinados siguiendo f\u00f3rmulas tradicionales redefinidas tras muchos a\u00f1os de experiencia y dedicaci\u00f3n. \u00a0Con el objetivo de sacar lo mejor de tu belleza.<\/p>\n<p>[\/av_textblock]<\/p>\n<p>[\/av_one_half][av_one_half min_height=&#8221; vertical_alignment=&#8221; space=&#8221; custom_margin=&#8221; margin=&#8217;0px&#8217; padding=&#8217;0px&#8217; border=&#8221; border_color=&#8221; radius=&#8217;0px&#8217; background_color=&#8221; src=&#8221; background_position=&#8217;top left&#8217; background_repeat=&#8217;no-repeat&#8217; animation=&#8221; mobile_breaking=&#8221; mobile_display=&#8221;]<\/p>\n<p>[av_image src=&#8217;https:\/\/abilia.eu\/wp-content\/uploads\/2015\/03\/abejita.jpg&#8217; attachment=&#8217;1046&#8242; attachment_size=&#8217;full&#8217; align=&#8217;center&#8217; styling=&#8221; hover=&#8221; link=&#8221; target=&#8221; caption=&#8221; font_size=&#8221; appearance=&#8221; overlay_opacity=&#8217;0.4&#8242; overlay_color=&#8217;#000000&#8242; overlay_text_color=&#8217;#ffffff&#8217; animation=&#8217;no-animation&#8217; custom_class=&#8221; admin_preview_bg=&#8221;][\/av_image]<\/p>\n<p>[\/av_one_half][av_hr class=&#8217;default&#8217; height=&#8217;50&#8217; shadow=&#8217;no-shadow&#8217; position=&#8217;center&#8217; custom_border=&#8217;av-border-thin&#8217; custom_width=&#8217;50px&#8217; custom_border_color=&#8221; custom_margin_top=&#8217;30px&#8217; custom_margin_bottom=&#8217;30px&#8217; icon_select=&#8217;yes&#8217; custom_icon_color=&#8221; icon=&#8217;ue808&#8242; av-desktop-hide=&#8221; av-medium-hide=&#8221; av-small-hide=&#8221; av-mini-hide=&#8221;]<\/p>\n<p>[av_one_half first min_height=&#8221; vertical_alignment=&#8221; space=&#8221; custom_margin=&#8221; margin=&#8217;0px&#8217; padding=&#8217;0px&#8217; border=&#8221; border_color=&#8221; radius=&#8217;0px&#8217; background_color=&#8221; src=&#8221; background_position=&#8217;top left&#8217; background_repeat=&#8217;no-repeat&#8217; animation=&#8221; mobile_breaking=&#8221; mobile_display=&#8221;]<\/p>\n<p>[av_image src=&#8217;https:\/\/abilia.eu\/wp-content\/uploads\/2015\/03\/mundo8.jpg&#8217; attachment=&#8217;1055&#8242; attachment_size=&#8217;full&#8217; align=&#8217;center&#8217; styling=&#8221; hover=&#8221; link=&#8221; target=&#8221; caption=&#8221; font_size=&#8221; appearance=&#8221; overlay_opacity=&#8217;0.4&#8242; overlay_color=&#8217;#000000&#8242; overlay_text_color=&#8217;#ffffff&#8217; animation=&#8217;no-animation&#8217; custom_class=&#8221; admin_preview_bg=&#8221;][\/av_image]<\/p>\n<p>[\/av_one_half][av_one_half min_height=&#8221; vertical_alignment=&#8221; space=&#8221; custom_margin=&#8221; margin=&#8217;0px&#8217; padding=&#8217;0px&#8217; border=&#8221; border_color=&#8221; radius=&#8217;0px&#8217; background_color=&#8221; src=&#8221; background_position=&#8217;top left&#8217; background_repeat=&#8217;no-repeat&#8217; animation=&#8221; mobile_breaking=&#8221; mobile_display=&#8221;]<\/p>\n<p>[av_textblock size=&#8221; font_color=&#8221; color=&#8221;]<br \/>\nLa cosm\u00e9tica natural existe desde la civilizaci\u00f3n del antiguo Egipto, un pueblo obsesionado por la b\u00fasqueda de la belleza. Sin embargo, Abilia va mucho m\u00e1s all\u00e1 de la selecci\u00f3n de productos naturales: nuestros productos espec\u00edficos presentan texturas y formatos evolucionados para una aplicaci\u00f3n de absorci\u00f3n r\u00e1pida y con una efectividad probada.<\/p>\n<p>Apostamos por una calidad sin precedentes, una cosm\u00e9tica sin agua, con hidrolatos, elixires y aceites de exquisita calidad con el fin de concentrar todo el poder de la naturaleza. Nuestra cosm\u00e9tica est\u00e1 desarrollada buscando una identidad propia, con aromas naturales con los que te sientas identificada y te puedan hacer sentir bella y cuidada.<br \/>\n[\/av_textblock]<\/p>\n<p>[\/av_one_half][av_one_half first min_height=&#8221; vertical_alignment=&#8221; space=&#8221; custom_margin=&#8221; margin=&#8217;0px&#8217; padding=&#8217;0px&#8217; border=&#8221; border_color=&#8221; radius=&#8217;0px&#8217; background_color=&#8221; src=&#8221; background_position=&#8217;top left&#8217; background_repeat=&#8217;no-repeat&#8217; animation=&#8221; mobile_breaking=&#8221; mobile_display=&#8221;]<\/p>\n<p>[av_heading tag=&#8217;h3&#8242; padding=&#8217;10&#8217; heading=&#8217;Mi Taller&#8217; color=&#8221; style=&#8217;blockquote modern-quote&#8217; custom_font=&#8221; size=&#8217;30&#8217; subheading_active=&#8221; subheading_size=&#8217;15&#8217; custom_class=&#8221; admin_preview_bg=&#8221; av-desktop-hide=&#8221; av-medium-hide=&#8221; av-small-hide=&#8221; av-mini-hide=&#8221; av-medium-font-size-title=&#8221; av-small-font-size-title=&#8221; av-mini-font-size-title=&#8221; av-medium-font-size=&#8221; av-small-font-size=&#8221; av-mini-font-size=&#8221;][\/av_heading]<\/p>\n<p>[av_textblock size=&#8221; font_color=&#8221; color=&#8221;]<br \/>\nDesde peque\u00f1a trabaj\u00e9 con mis padres en el campo, viv\u00ed y crec\u00ed con la energ\u00eda directa de la tierra, las plantas y los animales. Aprend\u00ed de mi padre el amor y el cari\u00f1o a su trabajo, ellos quer\u00edan mucho a sus animales de la misma forma que cuidaban sus plantas; mi madre utilizaba algunas de las medicinales para nuestras dolencias. Ya de adulta conoc\u00ed el yoga, otra de las grandes fortunas que la vida me ha regalado. Despu\u00e9s de a\u00f1os de pr\u00e1ctica, fue saliendo de dentro de m\u00ed el arte amar a trav\u00e9s de las cremas.<\/p>\n<p>En el a\u00f1o 1982, Estudi\u00e9 capataz forestal en Jaca (Huesca) y all\u00ed, tuve la gran suerte de poder colaborar con el Instituto Pirenaico de Ecolog\u00eda del Consejo Superior de Investigaciones Cient\u00edficas (CSIC), clasificando plantas para su herbario. Entr\u00e9 en contacto con el prestigioso bot\u00e1nico Luis Villar y con el Doctor Monserrat, ambos doctores en biolog\u00eda.<\/p>\n<p>Al a\u00f1o siguiente comenc\u00e9 a elaborar m\u00e1s habitualmente cremas que regalaba a los amigos, despu\u00e9s de a\u00f1os recibiendo muy buenas cr\u00edticas. Me atrev\u00ed a participar en ferias de artesan\u00eda, para ense\u00f1ar todo aquello que sab\u00eda y tanto servicio hac\u00eda a los dem\u00e1s. Desde entonces, he dado varios talleres, destilado en p\u00fablico, he expuesto plantas medicinales, he impartido cursos de reconocimiento, uso de plantas medicinales y elaboraci\u00f3n de pomadas<br \/>\n[\/av_textblock]<\/p>\n<p>[\/av_one_half][av_one_half min_height=&#8221; vertical_alignment=&#8221; space=&#8221; custom_margin=&#8221; margin=&#8217;0px&#8217; padding=&#8217;0px&#8217; border=&#8221; border_color=&#8221; radius=&#8217;0px&#8217; background_color=&#8221; src=&#8221; background_position=&#8217;top left&#8217; background_repeat=&#8217;no-repeat&#8217; animation=&#8221; mobile_breaking=&#8221; mobile_display=&#8221;]<\/p>\n<p>[av_image src=&#8217;https:\/\/abilia.eu\/wp-content\/uploads\/2015\/03\/mundo3.jpg&#8217; attachment=&#8217;1048&#8242; attachment_size=&#8217;full&#8217; align=&#8217;center&#8217; styling=&#8221; hover=&#8221; link=&#8221; target=&#8221; caption=&#8221; font_size=&#8221; appearance=&#8221; overlay_opacity=&#8217;0.4&#8242; overlay_color=&#8217;#000000&#8242; overlay_text_color=&#8217;#ffffff&#8217; animation=&#8217;no-animation&#8217; custom_class=&#8221; admin_preview_bg=&#8221;][\/av_image]<\/p>\n<p>[\/av_one_half][av_one_half first min_height=&#8221; vertical_alignment=&#8221; space=&#8221; custom_margin=&#8221; margin=&#8217;0px&#8217; padding=&#8217;0px&#8217; border=&#8221; border_color=&#8221; radius=&#8217;0px&#8217; background_color=&#8221; src=&#8221; background_position=&#8217;top left&#8217; background_repeat=&#8217;no-repeat&#8217; animation=&#8221; mobile_breaking=&#8221; mobile_display=&#8221;]<\/p>\n<p>[av_image src=&#8217;https:\/\/abilia.eu\/wp-content\/uploads\/2015\/03\/planta_crema01.jpg&#8217; attachment=&#8217;1051&#8242; attachment_size=&#8217;full&#8217; align=&#8217;center&#8217; styling=&#8221; hover=&#8221; link=&#8221; target=&#8221; caption=&#8221; font_size=&#8221; appearance=&#8221; overlay_opacity=&#8217;0.4&#8242; overlay_color=&#8217;#000000&#8242; overlay_text_color=&#8217;#ffffff&#8217; animation=&#8217;no-animation&#8217; custom_class=&#8221; admin_preview_bg=&#8221;][\/av_image]<\/p>\n<p>[\/av_one_half][av_one_half min_height=&#8221; vertical_alignment=&#8221; space=&#8221; custom_margin=&#8221; margin=&#8217;0px&#8217; padding=&#8217;0px&#8217; border=&#8221; border_color=&#8221; radius=&#8217;0px&#8217; background_color=&#8221; src=&#8221; background_position=&#8217;top left&#8217; background_repeat=&#8217;no-repeat&#8217; animation=&#8221; mobile_breaking=&#8221; mobile_display=&#8221;]<\/p>\n<p>[av_textblock size=&#8221; font_color=&#8221; color=&#8221;]<br \/>\nDesde peque\u00f1a trabaj\u00e9 con mis padres en el campo, viv\u00ed y crec\u00ed con la energ\u00eda directa de la tierra, las plantas y los animales. Aprend\u00ed de mi padre el amor y el cari\u00f1o a su trabajo, ellos quer\u00edan mucho a sus animales de la misma forma que cuidaban sus plantas; mi madre utilizaba algunas de las medicinales para nuestras dolencias. Ya de adulta conoc\u00ed el yoga, otra de las grandes fortunas que la vida me ha regalado. Despu\u00e9s de a\u00f1os de pr\u00e1ctica, fue saliendo de dentro de m\u00ed el arte amar a trav\u00e9s de las cremas.<\/p>\n<p>En el a\u00f1o 1982, Estudi\u00e9 capataz forestal en Jaca (Huesca) y all\u00ed, tuve la gran suerte de poder colaborar con el Instituto Pirenaico de Ecolog\u00eda del Consejo Superior de Investigaciones Cient\u00edficas (CSIC), clasificando plantas para su herbario. Entr\u00e9 en contacto con el prestigioso bot\u00e1nico Luis Villar y con el Doctor Monserrat, ambos doctores en biolog\u00eda.<\/p>\n<p>Al a\u00f1o siguiente comenc\u00e9 a elaborar m\u00e1s habitualmente cremas que regalaba a los amigos, despu\u00e9s de a\u00f1os recibiendo muy buenas cr\u00edticas. Me atrev\u00ed a participar en ferias de artesan\u00eda, para ense\u00f1ar todo aquello que sab\u00eda y tanto servicio hac\u00eda a los dem\u00e1s. Desde entonces, he dado varios talleres, destilado en p\u00fablico, he expuesto plantas medicinales, he impartido cursos de reconocimiento, uso de plantas medicinales y elaboraci\u00f3n de pomadas<br \/>\n[\/av_textblock]<\/p>\n<p>[\/av_one_half][av_hr class=&#8217;custom&#8217; height=&#8217;50&#8217; shadow=&#8217;no-shadow&#8217; position=&#8217;center&#8217; custom_border=&#8217;av-border-thin&#8217; custom_width=&#8217;500px&#8217; custom_border_color=&#8217;#ffffff&#8217; custom_margin_top=&#8217;50px&#8217; custom_margin_bottom=&#8217;50px&#8217; icon_select=&#8217;no&#8217; custom_icon_color=&#8221; icon=&#8217;ue808&#8242; font=&#8217;entypo-fontello&#8217; custom_class=&#8221; admin_preview_bg=&#8221;]<\/p>\n<p>[\/av_section]<\/p>\n","protected":false},"excerpt":{"rendered":"<p>[av_slideshow_full size=&#8217;no scaling&#8217; min_height=&#8217;0px&#8217; stretch=&#8221; animation=&#8217;fade&#8217; autoplay=&#8217;true&#8217; interval=&#8217;8&#8242; control_layout=&#8217;av-control-hidden&#8217; src=&#8221; attachment=&#8221; attachment_size=&#8221; position=&#8217;top left&#8217; repeat=&#8217;no-repeat&#8217; attach=&#8217;scroll&#8217; custom_class=&#8221;] [av_slide_full id=&#8217;1242&#8242;][\/av_slide_full] [av_slide_full id=&#8217;1241&#8242;][\/av_slide_full] [av_slide_full id=&#8217;1240&#8242;][\/av_slide_full] [\/av_slideshow_full] [av_section min_height=&#8221; min_height_px=&#8217;500px&#8217; padding=&#8217;no-padding&#8217; shadow=&#8217;no-shadow&#8217; bottom_border=&#8217;no-border-styling&#8217; bottom_border_diagonal_color=&#8217;#333333&#8242; bottom_border_diagonal_direction=&#8221; bottom_border_style=&#8221; custom_arrow_bg=&#8221; id=&#8221; color=&#8217;main_color&#8217; custom_bg=&#8217;#94a874&#8242; src=&#8221; attachment=&#8221; attachment_size=&#8221; attach=&#8217;scroll&#8217; position=&#8217;top left&#8217; repeat=&#8217;no-repeat&#8217; video=&#8221; video_ratio=&#8217;16:9&#8242; overlay_opacity=&#8217;0.5&#8242; overlay_color=&#8221; overlay_pattern=&#8221; overlay_custom_pattern=&#8221; av_element_hidden_in_editor=&#8217;0&#8242; custom_class=&#8221;] [av_heading tag=&#8217;h2&#8242; padding=&#8217;25&#8217; [&hellip;]<\/p>\n","protected":false},"author":1,"featured_media":0,"parent":0,"menu_order":0,"comment_status":"open","ping_status":"open","template":"","meta":{"inline_featured_image":false,"footnotes":""},"class_list":["post-3554","page","type-page","status-publish","hentry"],"yoast_head":"<!-- This site is optimized with the Yoast SEO plugin v27.3 - https:\/\/yoast.com\/product\/yoast-seo-wordpress\/ -->\n<title>Mundo Abilia - Abilia Cosm\u00e9tica Natural<\/title>\n<meta name=\"description\" content=\"Abilia es el resultado del respeto por la naturaleza y la investigaci\u00f3n constante para descubrir lo mejor de cada planta con f\u00f3rmulas tradicionales.\" \/>\n<meta name=\"robots\" content=\"index, follow, max-snippet:-1, max-image-preview:large, max-video-preview:-1\" \/>\n<link rel=\"canonical\" href=\"https:\/\/abilia.eu\/mundo-abilia\/\" \/>\n<meta property=\"og:locale\" content=\"en_US\" \/>\n<meta property=\"og:type\" content=\"article\" \/>\n<meta property=\"og:title\" content=\"Mundo Abilia - Abilia Cosm\u00e9tica Natural\" \/>\n<meta property=\"og:description\" content=\"Abilia es el resultado del respeto por la naturaleza y la investigaci\u00f3n constante para descubrir lo mejor de cada planta con f\u00f3rmulas tradicionales.\" \/>\n<meta property=\"og:url\" content=\"https:\/\/abilia.eu\/mundo-abilia\/\" \/>\n<meta property=\"og:site_name\" content=\"Abilia\" \/>\n<meta property=\"article:publisher\" content=\"https:\/\/www.facebook.com\/AbiliaCosmeticaNatural\/\" \/>\n<meta property=\"og:image\" content=\"https:\/\/abilia.eu\/wp-content\/uploads\/2021\/01\/abilia-logo-mundo-1.jpg\" \/>\n\t<meta property=\"og:image:width\" content=\"600\" \/>\n\t<meta property=\"og:image:height\" content=\"182\" \/>\n\t<meta property=\"og:image:type\" content=\"image\/jpeg\" \/>\n<meta name=\"twitter:card\" content=\"summary_large_image\" \/>\n<meta name=\"twitter:label1\" content=\"Est. reading time\" \/>\n\t<meta name=\"twitter:data1\" content=\"9 minutes\" \/>\n<script type=\"application\/ld+json\" class=\"yoast-schema-graph\">{\"@context\":\"https:\\\/\\\/schema.org\",\"@graph\":[{\"@type\":\"WebPage\",\"@id\":\"https:\\\/\\\/abilia.eu\\\/mundo-abilia\\\/\",\"url\":\"https:\\\/\\\/abilia.eu\\\/mundo-abilia\\\/\",\"name\":\"Mundo Abilia - Abilia Cosm\u00e9tica Natural\",\"isPartOf\":{\"@id\":\"https:\\\/\\\/abilia.eu\\\/fr\\\/#website\"},\"datePublished\":\"2015-03-03T02:10:34+00:00\",\"description\":\"Abilia es el resultado del respeto por la naturaleza y la investigaci\u00f3n constante para descubrir lo mejor de cada planta con f\u00f3rmulas tradicionales.\",\"breadcrumb\":{\"@id\":\"https:\\\/\\\/abilia.eu\\\/mundo-abilia\\\/#breadcrumb\"},\"inLanguage\":\"en-US\",\"potentialAction\":[{\"@type\":\"ReadAction\",\"target\":[\"https:\\\/\\\/abilia.eu\\\/mundo-abilia\\\/\"]}]},{\"@type\":\"BreadcrumbList\",\"@id\":\"https:\\\/\\\/abilia.eu\\\/mundo-abilia\\\/#breadcrumb\",\"itemListElement\":[{\"@type\":\"ListItem\",\"position\":1,\"name\":\"Portada\",\"item\":\"https:\\\/\\\/abilia.eu\\\/en\\\/\"},{\"@type\":\"ListItem\",\"position\":2,\"name\":\"Mundo Abilia\"}]},{\"@type\":\"WebSite\",\"@id\":\"https:\\\/\\\/abilia.eu\\\/fr\\\/#website\",\"url\":\"https:\\\/\\\/abilia.eu\\\/fr\\\/\",\"name\":\"Abilia\",\"description\":\"Cosm\u00e9tica natural\",\"publisher\":{\"@id\":\"https:\\\/\\\/abilia.eu\\\/fr\\\/#organization\"},\"potentialAction\":[{\"@type\":\"SearchAction\",\"target\":{\"@type\":\"EntryPoint\",\"urlTemplate\":\"https:\\\/\\\/abilia.eu\\\/fr\\\/?s={search_term_string}\"},\"query-input\":{\"@type\":\"PropertyValueSpecification\",\"valueRequired\":true,\"valueName\":\"search_term_string\"}}],\"inLanguage\":\"en-US\"},{\"@type\":\"Organization\",\"@id\":\"https:\\\/\\\/abilia.eu\\\/fr\\\/#organization\",\"name\":\"Abilia - Cosm\u00e9tica Natural\",\"url\":\"https:\\\/\\\/abilia.eu\\\/fr\\\/\",\"logo\":{\"@type\":\"ImageObject\",\"inLanguage\":\"en-US\",\"@id\":\"https:\\\/\\\/abilia.eu\\\/fr\\\/#\\\/schema\\\/logo\\\/image\\\/\",\"url\":\"https:\\\/\\\/abilia.eu\\\/wp-content\\\/uploads\\\/2020\\\/12\\\/abilia-logo.jpg\",\"contentUrl\":\"https:\\\/\\\/abilia.eu\\\/wp-content\\\/uploads\\\/2020\\\/12\\\/abilia-logo.jpg\",\"width\":300,\"height\":83,\"caption\":\"Abilia - Cosm\u00e9tica Natural\"},\"image\":{\"@id\":\"https:\\\/\\\/abilia.eu\\\/fr\\\/#\\\/schema\\\/logo\\\/image\\\/\"},\"sameAs\":[\"https:\\\/\\\/www.facebook.com\\\/AbiliaCosmeticaNatural\\\/\",\"https:\\\/\\\/www.instagram.com\\\/abilia.cosmetica\\\/\"]}]}<\/script>\n<!-- \/ Yoast SEO plugin. -->","yoast_head_json":{"title":"Mundo Abilia - Abilia Cosm\u00e9tica Natural","description":"Abilia es el resultado del respeto por la naturaleza y la investigaci\u00f3n constante para descubrir lo mejor de cada planta con f\u00f3rmulas tradicionales.","robots":{"index":"index","follow":"follow","max-snippet":"max-snippet:-1","max-image-preview":"max-image-preview:large","max-video-preview":"max-video-preview:-1"},"canonical":"https:\/\/abilia.eu\/mundo-abilia\/","og_locale":"en_US","og_type":"article","og_title":"Mundo Abilia - Abilia Cosm\u00e9tica Natural","og_description":"Abilia es el resultado del respeto por la naturaleza y la investigaci\u00f3n constante para descubrir lo mejor de cada planta con f\u00f3rmulas tradicionales.","og_url":"https:\/\/abilia.eu\/mundo-abilia\/","og_site_name":"Abilia","article_publisher":"https:\/\/www.facebook.com\/AbiliaCosmeticaNatural\/","og_image":[{"width":600,"height":182,"url":"https:\/\/abilia.eu\/wp-content\/uploads\/2021\/01\/abilia-logo-mundo-1.jpg","type":"image\/jpeg"}],"twitter_card":"summary_large_image","twitter_misc":{"Est. reading time":"9 minutes"},"schema":{"@context":"https:\/\/schema.org","@graph":[{"@type":"WebPage","@id":"https:\/\/abilia.eu\/mundo-abilia\/","url":"https:\/\/abilia.eu\/mundo-abilia\/","name":"Mundo Abilia - Abilia Cosm\u00e9tica Natural","isPartOf":{"@id":"https:\/\/abilia.eu\/fr\/#website"},"datePublished":"2015-03-03T02:10:34+00:00","description":"Abilia es el resultado del respeto por la naturaleza y la investigaci\u00f3n constante para descubrir lo mejor de cada planta con f\u00f3rmulas tradicionales.","breadcrumb":{"@id":"https:\/\/abilia.eu\/mundo-abilia\/#breadcrumb"},"inLanguage":"en-US","potentialAction":[{"@type":"ReadAction","target":["https:\/\/abilia.eu\/mundo-abilia\/"]}]},{"@type":"BreadcrumbList","@id":"https:\/\/abilia.eu\/mundo-abilia\/#breadcrumb","itemListElement":[{"@type":"ListItem","position":1,"name":"Portada","item":"https:\/\/abilia.eu\/en\/"},{"@type":"ListItem","position":2,"name":"Mundo Abilia"}]},{"@type":"WebSite","@id":"https:\/\/abilia.eu\/fr\/#website","url":"https:\/\/abilia.eu\/fr\/","name":"Abilia","description":"Cosm\u00e9tica natural","publisher":{"@id":"https:\/\/abilia.eu\/fr\/#organization"},"potentialAction":[{"@type":"SearchAction","target":{"@type":"EntryPoint","urlTemplate":"https:\/\/abilia.eu\/fr\/?s={search_term_string}"},"query-input":{"@type":"PropertyValueSpecification","valueRequired":true,"valueName":"search_term_string"}}],"inLanguage":"en-US"},{"@type":"Organization","@id":"https:\/\/abilia.eu\/fr\/#organization","name":"Abilia - Cosm\u00e9tica Natural","url":"https:\/\/abilia.eu\/fr\/","logo":{"@type":"ImageObject","inLanguage":"en-US","@id":"https:\/\/abilia.eu\/fr\/#\/schema\/logo\/image\/","url":"https:\/\/abilia.eu\/wp-content\/uploads\/2020\/12\/abilia-logo.jpg","contentUrl":"https:\/\/abilia.eu\/wp-content\/uploads\/2020\/12\/abilia-logo.jpg","width":300,"height":83,"caption":"Abilia - Cosm\u00e9tica Natural"},"image":{"@id":"https:\/\/abilia.eu\/fr\/#\/schema\/logo\/image\/"},"sameAs":["https:\/\/www.facebook.com\/AbiliaCosmeticaNatural\/","https:\/\/www.instagram.com\/abilia.cosmetica\/"]}]}},"_links":{"self":[{"href":"https:\/\/abilia.eu\/en\/wp-json\/wp\/v2\/pages\/3554","targetHints":{"allow":["GET"]}}],"collection":[{"href":"https:\/\/abilia.eu\/en\/wp-json\/wp\/v2\/pages"}],"about":[{"href":"https:\/\/abilia.eu\/en\/wp-json\/wp\/v2\/types\/page"}],"author":[{"embeddable":true,"href":"https:\/\/abilia.eu\/en\/wp-json\/wp\/v2\/users\/1"}],"replies":[{"embeddable":true,"href":"https:\/\/abilia.eu\/en\/wp-json\/wp\/v2\/comments?post=3554"}],"version-history":[{"count":0,"href":"https:\/\/abilia.eu\/en\/wp-json\/wp\/v2\/pages\/3554\/revisions"}],"wp:attachment":[{"href":"https:\/\/abilia.eu\/en\/wp-json\/wp\/v2\/media?parent=3554"}],"curies":[{"name":"wp","href":"https:\/\/api.w.org\/{rel}","templated":true}]}}